{"id":178,"date":"2022-05-31T11:04:12","date_gmt":"2022-05-31T09:04:12","guid":{"rendered":"https:\/\/site.educa.madrid.org\/cp.alfonsodecimo.madrid\/?page_id=178"},"modified":"2025-03-08T22:28:09","modified_gmt":"2025-03-08T21:28:09","slug":"servicios","status":"publish","type":"page","link":"https:\/\/site.educa.madrid.org\/cp.alfonsodecimo.madrid\/index.php\/servicios-y-actividades\/servicios\/","title":{"rendered":"Servicios"},"content":{"rendered":"\n<h2 class=\"wp-block-heading\">Los primeros del cole<\/h2>\n\n\n\n<p>Este servicio acoge a los primeros ni\u00f1os y ni\u00f1as<strong> a partir de las 07:30h. de la ma\u00f1ana.<\/strong><\/p>\n\n\n\n<p>El servicio consiste en un periodo de tiempo en el que los alumnos\/as  realizan actividades recreativas o motrices hasta que se inician las clases.<\/p>\n\n\n\n<p>Este servicio es <strong>gratuito<\/strong>.<\/p>\n\n\n\n<p>Hoja de inscripci\u00f3n: hay que dirigirse a secretar\u00eda.<\/p>\n\n\n\n<h2 class=\"wp-block-heading\">Comedor Escolar<\/h2>\n\n\n\n<p>El comedor escolar es un <strong>servicio complementario<\/strong> y, como tal, no obligatorio. Tiene como finalidad cubrir las necesidades de aquellas familias que no puedan atender a sus hijos en esos periodos y<strong> facilitar, de ese modo, la compatibilidad entre los horarios laborales y escolares.<\/strong> El comedor escolar es un lugar para el aprendizaje, a la vez que un espacio en el que poner de manifiesto las buenas maneras personales y colectivas. Proporcionar\u00e1 una alimentaci\u00f3n correcta y adecuada desde el punto de vista sanitario y nutricional, que permita al alumno usuario afrontar con garant\u00edas la jornada escolar.<\/p>\n\n\n\n<p>El precio de los servicios del comedor var\u00eda cada a\u00f1o seg\u00fan el IPC.<\/p>\n\n\n\n<ul class=\"wp-block-list\">\n<li>Comida completa : <strong>5,50\u20ac<\/strong><\/li>\n\n\n\n<li>Comida eventual: <strong>6\u20ac<\/strong><\/li>\n<\/ul>\n\n\n\n<p>En los casos en los que haya concedida beca de comedor, se calcular\u00e1 una cuota reducida de acuerdo con el importe de la beca o ayuda.<\/p>\n\n\n\n<p><strong><a href=\"https:\/\/site.educa.madrid.org\/cp.alfonsodecimo.madrid\/index.php\/servicios-y-actividades\/comedor\/\" target=\"_blank\" rel=\"noreferrer noopener\">CUOTAS DE COMEDOR<\/a><\/strong><\/p>\n\n\n\n<h2 class=\"wp-block-heading\">Programa PAAE (Programa de Acompa\u00f1amiento y Apoyo Escolar)<\/h2>\n\n\n\n<p><strong>\u00bfA qui\u00e9n va dirigido?<\/strong><\/p>\n\n\n\n<p>A los alumnos de&nbsp; Primaria que presenten <strong>retrasos curriculares importantes<\/strong> en diferentes \u00e1reas, <strong>dificultades y problemas de aprendizaje<\/strong>, a<strong>usencia de h\u00e1bitos<\/strong> de trabajo y estudio y <strong>bajas expectativas<\/strong> sobre su \u00e9xito escolar.<\/p>\n\n\n\n<p><strong>\u00bfEn qu\u00e9 consiste?<\/strong><\/p>\n\n\n\n<p>Las actividades que se desarrollar\u00e1n en este programa se centrar\u00e1n en:<\/p>\n\n\n\n<ul class=\"wp-block-list\">\n<li>El aprendizaje de contenidos b\u00e1sicos de las materias instrumentales.<\/li>\n\n\n\n<li>Lectura guiada.<\/li>\n\n\n\n<li>Trabajo de las actividades propuestas en clase.<\/li>\n\n\n\n<li>Resoluci\u00f3n de dudas.<\/li>\n\n\n\n<li>Adquisici\u00f3n de h\u00e1bitos y t\u00e9cnicas de estudio eficaces.<\/li>\n\n\n\n<li>Recuperaci\u00f3n de desfases respecto al grupo de referencia.<\/li>\n<\/ul>\n\n\n\n<p><strong>\u00bfD\u00f3nde y cu\u00e1ndo?<\/strong><\/p>\n\n\n\n<p>El programa se desarrollar\u00e1 de octubre a junio, de <strong>lunes a jueves de 16:00 a 17:00 en el centro escolar.<\/strong><\/p>\n\n\n\n<p>Es un <strong>programa gratuito<\/strong> concedido por la Consejer\u00eda de Educaci\u00f3n.<\/p>\n\n\n\n<p>Las actividades del programa se desarrollar\u00e1n durante cuatro tardes a la semana en el propio centro, y ser\u00e1 impartido por monitores especializados.<\/p>\n\n\n\n<p>Descargar la solicitud: hay que dirigirse a jefatura de estudios.<\/p>\n","protected":false},"excerpt":{"rendered":"<p>Los primeros del cole Este servicio acoge a los primeros ni\u00f1os y ni\u00f1as a partir de las 07:30h. de la ma\u00f1ana. El servicio consiste en un periodo de tiempo en el que los alumnos\/as realizan actividades recreativas o motrices hasta que se inician las clases. Este servicio es gratuito. Hoja de inscripci\u00f3n: hay que dirigirse &hellip; <\/p>\n<p class=\"link-more\"><a href=\"https:\/\/site.educa.madrid.org\/cp.alfonsodecimo.madrid\/index.php\/servicios-y-actividades\/servicios\/\" class=\"more-link\">Continuar leyendo<span class=\"screen-reader-text\"> \u00abServicios\u00bb<\/span><\/a><\/p>\n","protected":false},"author":6,"featured_media":0,"parent":300,"menu_order":0,"comment_status":"closed","ping_status":"closed","template":"page-with-siblings-submenu.php","meta":{"footnotes":""},"folder":[],"class_list":["post-178","page","type-page","status-publish","hentry"],"rttpg_featured_image_url":null,"rttpg_author":{"display_name":"Cuenta Admin-educamadrid","author_link":"https:\/\/site.educa.madrid.org\/cp.alfonsodecimo.madrid\/index.php\/author\/cuenta_admin-educamadrid\/"},"rttpg_comment":0,"rttpg_category":false,"rttpg_excerpt":"Los primeros del cole Este servicio acoge a los primeros ni\u00f1os y ni\u00f1as a partir de las 07:30h. de la ma\u00f1ana. El servicio consiste en un periodo de tiempo en el que los alumnos\/as realizan actividades recreativas o motrices hasta que se inician las clases. Este servicio es gratuito. Hoja de inscripci\u00f3n: hay que dirigirse&hellip;","post_mailing_queue_ids":[],"_links":{"self":[{"href":"https:\/\/site.educa.madrid.org\/cp.alfonsodecimo.madrid\/index.php\/wp-json\/wp\/v2\/pages\/178","targetHints":{"allow":["GET"]}}],"collection":[{"href":"https:\/\/site.educa.madrid.org\/cp.alfonsodecimo.madrid\/index.php\/wp-json\/wp\/v2\/pages"}],"about":[{"href":"https:\/\/site.educa.madrid.org\/cp.alfonsodecimo.madrid\/index.php\/wp-json\/wp\/v2\/types\/page"}],"author":[{"embeddable":true,"href":"https:\/\/site.educa.madrid.org\/cp.alfonsodecimo.madrid\/index.php\/wp-json\/wp\/v2\/users\/6"}],"replies":[{"embeddable":true,"href":"https:\/\/site.educa.madrid.org\/cp.alfonsodecimo.madrid\/index.php\/wp-json\/wp\/v2\/comments?post=178"}],"version-history":[{"count":19,"href":"https:\/\/site.educa.madrid.org\/cp.alfonsodecimo.madrid\/index.php\/wp-json\/wp\/v2\/pages\/178\/revisions"}],"predecessor-version":[{"id":2745,"href":"https:\/\/site.educa.madrid.org\/cp.alfonsodecimo.madrid\/index.php\/wp-json\/wp\/v2\/pages\/178\/revisions\/2745"}],"up":[{"embeddable":true,"href":"https:\/\/site.educa.madrid.org\/cp.alfonsodecimo.madrid\/index.php\/wp-json\/wp\/v2\/pages\/300"}],"wp:attachment":[{"href":"https:\/\/site.educa.madrid.org\/cp.alfonsodecimo.madrid\/index.php\/wp-json\/wp\/v2\/media?parent=178"}],"wp:term":[{"taxonomy":"folder","embeddable":true,"href":"https:\/\/site.educa.madrid.org\/cp.alfonsodecimo.madrid\/index.php\/wp-json\/wp\/v2\/folder?post=178"}],"curies":[{"name":"wp","href":"https:\/\/api.w.org\/{rel}","templated":true}]}}