{"id":179,"date":"2022-05-31T11:04:12","date_gmt":"2022-05-31T09:04:12","guid":{"rendered":"https:\/\/site.educa.madrid.org\/cp.alfonsodecimo.madrid\/?page_id=179"},"modified":"2026-01-15T00:16:52","modified_gmt":"2026-01-14T23:16:52","slug":"actividades","status":"publish","type":"page","link":"https:\/\/site.educa.madrid.org\/cp.alfonsodecimo.madrid\/index.php\/servicios-y-actividades\/actividades\/","title":{"rendered":"Actividades"},"content":{"rendered":"\n<p>A lo largo del curso el colegio en colaboraci\u00f3n con la Asociaci\u00f3n de Madres y Padres organizan <strong>actividades complementarias y extraescolares,<\/strong> cuyo fin es completar la formaci\u00f3n de los alumnos y ampliar la oferta educativa fuera del horario lectivo. Las actividades complementarias est\u00e1n integradas en el curr\u00edculo escolar, detalladas en la Programaci\u00f3n General Anual y aprobadas por el Consejo Escolar. <strong>Se realizan generalmente fuera del centro escolar y en horario lectivo. <\/strong>Tambi\u00e9n se planifican actividades colegiadas para conmemorar efem\u00e9rides y festividades en las que intervienen todos los alumnos. La AMPA del centro promueve actividades extraescolares. <strong>Buena parte de ellas se realizan en el propio centro, en horario de comedor y al finalizar las clases, entre las 16:00 y las 17:00 horas.<\/strong><\/p>\n\n\n\n<h2 class=\"wp-block-heading\">Actividades complementarias<\/h2>\n\n\n\n<p>Las actividades complementarias est\u00e1n<strong> integradas en el curr\u00edculo escolar<\/strong>, detalladas en la Programaci\u00f3n General Anual y aprobadas por el Consejo Escolar. Se realizan generalmente <strong>fuera del centro escolar y en horario lectivo. <\/strong>Tambi\u00e9n se planifican actividades colegiadas para conmemorar efem\u00e9rides y festividades en las que intervienen todos los alumnos.<\/p>\n\n\n\n<p><strong>Complementarias (por ciclos o niveles)<\/strong><\/p>\n\n\n\n<ul class=\"wp-block-list\">\n<li>Salidas<\/li>\n\n\n\n<li>Excursiones<\/li>\n\n\n\n<li>Granja<\/li>\n\n\n\n<li>Museos<\/li>\n\n\n\n<li>Teatro<\/li>\n\n\n\n<li>Visitas<\/li>\n\n\n\n<li>Conciertos<\/li>\n\n\n\n<li>Animaciones<\/li>\n<\/ul>\n\n\n\n<p><strong>Colegiadas (todo el centro)<\/strong><\/p>\n\n\n\n<ul class=\"wp-block-list\">\n<li>Fiesta de acogida<\/li>\n\n\n\n<li>Halloween<\/li>\n\n\n\n<li>Fiesta de Navidad<\/li>\n\n\n\n<li>D\u00eda de la Paz<\/li>\n\n\n\n<li>Carnaval<\/li>\n\n\n\n<li>D\u00eda del Autismo<\/li>\n\n\n\n<li>D\u00eda del libro<\/li>\n\n\n\n<li>San Isidro<\/li>\n\n\n\n<li>Semana Cultural<\/li>\n\n\n\n<li>Fin de curso<\/li>\n<\/ul>\n\n\n\n<p><a href=\"https:\/\/site.educa.madrid.org\/cp.alfonsodecimo.madrid\/index.php\/inicio\/el-centro\/actividades-complementarias\/\">Enlace para ver las actividades complementarias de este curso escolar 2025-202<\/a>6<\/p>\n\n\n\n<h2 class=\"wp-block-heading\">Actividades extraescolares<\/h2>\n\n\n\n<p>Se trata de actividades <strong>gestionadas por  el Ayuntamiento, el Club de Baloncesto Vic\u00e1lvaro, Escuelas Municipales de promoci\u00f3n deportiva o el propio centro<\/strong>, que van dirigidas a todos los alumnos desde Infantil (tres a\u00f1os) hasta el \u00faltimo curso de Primaria.<strong> <\/strong><\/p>\n\n\n\n<p><strong>El coste de las mismas es gratuito. <\/strong><\/p>\n\n\n\n<p>Para la inscripci\u00f3n y cualquier informaci\u00f3n,<strong> las familias deber\u00e1n dirigirse a la secretar\u00eda del centro.<\/strong><\/p>\n\n\n\n<figure class=\"wp-block-image size-large\"><a href=\"https:\/\/site.educa.madrid.org\/cp.alfonsodecimo.madrid\/\/wp-content\/uploads\/cp.alfonsodecimo.madrid\/2026\/01\/ACTIVIDADES-EXTRAESCOLARES-25-26.png\" target=\"_blank\" rel=\" noreferrer noopener\"><img loading=\"lazy\" decoding=\"async\" width=\"1024\" height=\"609\" src=\"https:\/\/site.educa.madrid.org\/cp.alfonsodecimo.madrid\/\/wp-content\/uploads\/cp.alfonsodecimo.madrid\/2026\/01\/ACTIVIDADES-EXTRAESCOLARES-25-26-1024x609.png\" alt=\"\" class=\"wp-image-3001\" srcset=\"https:\/\/site.educa.madrid.org\/cp.alfonsodecimo.madrid\/\/wp-content\/uploads\/cp.alfonsodecimo.madrid\/2026\/01\/ACTIVIDADES-EXTRAESCOLARES-25-26-1024x609.png 1024w, https:\/\/site.educa.madrid.org\/cp.alfonsodecimo.madrid\/\/wp-content\/uploads\/cp.alfonsodecimo.madrid\/2026\/01\/ACTIVIDADES-EXTRAESCOLARES-25-26-300x178.png 300w, https:\/\/site.educa.madrid.org\/cp.alfonsodecimo.madrid\/\/wp-content\/uploads\/cp.alfonsodecimo.madrid\/2026\/01\/ACTIVIDADES-EXTRAESCOLARES-25-26-768x456.png 768w, https:\/\/site.educa.madrid.org\/cp.alfonsodecimo.madrid\/\/wp-content\/uploads\/cp.alfonsodecimo.madrid\/2026\/01\/ACTIVIDADES-EXTRAESCOLARES-25-26.png 1183w\" sizes=\"auto, (max-width: 767px) 89vw, (max-width: 1000px) 54vw, (max-width: 1071px) 543px, 580px\" \/><\/a><\/figure>\n\n\n\n<h2 class=\"wp-block-heading\"><\/h2>\n\n\n\n<p><\/p>\n\n\n\n<p><\/p>\n","protected":false},"excerpt":{"rendered":"<p>A lo largo del curso el colegio en colaboraci\u00f3n con la Asociaci\u00f3n de Madres y Padres organizan actividades complementarias y extraescolares, cuyo fin es completar la formaci\u00f3n de los alumnos y ampliar la oferta educativa fuera del horario lectivo. Las actividades complementarias est\u00e1n integradas en el curr\u00edculo escolar, detalladas en la Programaci\u00f3n General Anual y &hellip; <\/p>\n<p class=\"link-more\"><a href=\"https:\/\/site.educa.madrid.org\/cp.alfonsodecimo.madrid\/index.php\/servicios-y-actividades\/actividades\/\" class=\"more-link\">Continuar leyendo<span class=\"screen-reader-text\"> \u00abActividades\u00bb<\/span><\/a><\/p>\n","protected":false},"author":6,"featured_media":0,"parent":300,"menu_order":0,"comment_status":"closed","ping_status":"closed","template":"page-with-siblings-submenu.php","meta":{"footnotes":""},"folder":[],"class_list":["post-179","page","type-page","status-publish","hentry"],"rttpg_featured_image_url":null,"rttpg_author":{"display_name":"Cuenta Admin-educamadrid","author_link":"https:\/\/site.educa.madrid.org\/cp.alfonsodecimo.madrid\/index.php\/author\/cuenta_admin-educamadrid\/"},"rttpg_comment":0,"rttpg_category":false,"rttpg_excerpt":"A lo largo del curso el colegio en colaboraci\u00f3n con la Asociaci\u00f3n de Madres y Padres organizan actividades complementarias y extraescolares, cuyo fin es completar la formaci\u00f3n de los alumnos y ampliar la oferta educativa fuera del horario lectivo. Las actividades complementarias est\u00e1n integradas en el curr\u00edculo escolar, detalladas en la Programaci\u00f3n General Anual y&hellip;","post_mailing_queue_ids":[],"_links":{"self":[{"href":"https:\/\/site.educa.madrid.org\/cp.alfonsodecimo.madrid\/index.php\/wp-json\/wp\/v2\/pages\/179","targetHints":{"allow":["GET"]}}],"collection":[{"href":"https:\/\/site.educa.madrid.org\/cp.alfonsodecimo.madrid\/index.php\/wp-json\/wp\/v2\/pages"}],"about":[{"href":"https:\/\/site.educa.madrid.org\/cp.alfonsodecimo.madrid\/index.php\/wp-json\/wp\/v2\/types\/page"}],"author":[{"embeddable":true,"href":"https:\/\/site.educa.madrid.org\/cp.alfonsodecimo.madrid\/index.php\/wp-json\/wp\/v2\/users\/6"}],"replies":[{"embeddable":true,"href":"https:\/\/site.educa.madrid.org\/cp.alfonsodecimo.madrid\/index.php\/wp-json\/wp\/v2\/comments?post=179"}],"version-history":[{"count":24,"href":"https:\/\/site.educa.madrid.org\/cp.alfonsodecimo.madrid\/index.php\/wp-json\/wp\/v2\/pages\/179\/revisions"}],"predecessor-version":[{"id":3027,"href":"https:\/\/site.educa.madrid.org\/cp.alfonsodecimo.madrid\/index.php\/wp-json\/wp\/v2\/pages\/179\/revisions\/3027"}],"up":[{"embeddable":true,"href":"https:\/\/site.educa.madrid.org\/cp.alfonsodecimo.madrid\/index.php\/wp-json\/wp\/v2\/pages\/300"}],"wp:attachment":[{"href":"https:\/\/site.educa.madrid.org\/cp.alfonsodecimo.madrid\/index.php\/wp-json\/wp\/v2\/media?parent=179"}],"wp:term":[{"taxonomy":"folder","embeddable":true,"href":"https:\/\/site.educa.madrid.org\/cp.alfonsodecimo.madrid\/index.php\/wp-json\/wp\/v2\/folder?post=179"}],"curies":[{"name":"wp","href":"https:\/\/api.w.org\/{rel}","templated":true}]}}