{"id":181,"date":"2022-05-31T11:04:12","date_gmt":"2022-05-31T09:04:12","guid":{"rendered":"https:\/\/site.educa.madrid.org\/cp.alfonsodecimo.madrid\/?page_id=181"},"modified":"2024-10-22T21:58:08","modified_gmt":"2024-10-22T19:58:08","slug":"horario-contacto","status":"publish","type":"page","link":"https:\/\/site.educa.madrid.org\/cp.alfonsodecimo.madrid\/index.php\/secretaria\/horario-contacto\/","title":{"rendered":"Horario y Contacto"},"content":{"rendered":"\n<p class=\"has-vivid-red-color has-text-color has-medium-font-size\"><sub>Clases<\/sub><\/p>\n\n\n\n<p class=\"has-vivid-cyan-blue-color has-text-color\">0-3 a\u00f1os (Primer ciclo de Infantil):<\/p>\n\n\n\n<ul class=\"wp-block-list\">\n<li> 9:00 a 16.00<\/li>\n<\/ul>\n\n\n\n<p class=\"has-vivid-cyan-blue-color has-text-color\">Segundo ciclo de Infantil y Educaci\u00f3n Primaria:<\/p>\n\n\n\n<ul class=\"wp-block-list\">\n<li><strong>Septiembre &amp; junio<\/strong> de 9.00 a 13.00<\/li>\n\n\n\n<li>De <strong>octubre a mayo<\/strong> de 9.00 a 14.00<\/li>\n<\/ul>\n\n\n\n<h2 class=\"wp-block-heading has-vivid-red-color has-text-color\">Horario de Secretar\u00eda<\/h2>\n\n\n\n<p><strong>De lunes a viernes<\/strong> de 9.30 a 10.30 y <strong>los jueves<\/strong> tambi\u00e9n  14.30 a 15:30 de octubre a mayo.<\/p>\n\n\n\n<p><strong>De lunes a viernes<\/strong> de 9.30 a 10.30 y <strong>los jueves<\/strong> tambi\u00e9n de 13.30 a 14.30 septiembre y junio.<\/p>\n\n\n\n<div style=\"height:25px\" aria-hidden=\"true\" class=\"wp-block-spacer\"><\/div>\n\n\n\n<p><em>Por el buen funcionamiento del Centro y la seguridad de los alumnos, los padres no podr\u00e1n<\/em> <em>acceder al centro fuera de este horario, a no ser que hayan sido citados previamente por un profesor.<\/em><\/p>\n\n\n\n<h2 class=\"wp-block-heading has-vivid-red-color has-text-color\">Servicios de la Secretar\u00eda<\/h2>\n\n\n\n<p>Los servicios de la Secretar\u00eda son los siguientes:<br>&#8211; Elaborar certificados a instancias de los padres para becas, documentos personales, etc.<br>&#8211; Tramitar las bajas que se producen en centro al igual que matricular nuevos alumnos\/as.<br>&#8211; Informar a los padres sobre requisitos y fechas de las diferentes becas, ayudas o pr\u00e9stamos.<br>&#8211; Tramitar expedientes personales, historiales, etc..<br>&#8211; Cualquier tr\u00e1mite relacionado con el COMEDOR ESCOLAR.<\/p>\n\n\n\n<div class=\"wp-block-cover alignfull is-light\"><span aria-hidden=\"true\" class=\"wp-block-cover__background has-background-dim-100 has-background-dim\" style=\"background-color:#ffffff\"><\/span><div class=\"wp-block-cover__inner-container is-layout-flow wp-block-cover-is-layout-flow\">\n<div class=\"wp-block-media-text alignwide is-stacked-on-mobile is-vertically-aligned-center is-image-fill\" style=\"grid-template-columns:39% auto\"><figure class=\"wp-block-media-text__media\" style=\"background-image:url(https:\/\/site.educa.madrid.org\/cp.alfonsodecimo.madrid\/\/wp-content\/uploads\/cp.alfonsodecimo.madrid\/2022\/06\/19739-890x1024.png);background-position:50% 50%\"><img loading=\"lazy\" decoding=\"async\" width=\"890\" height=\"1024\" src=\"https:\/\/site.educa.madrid.org\/cp.alfonsodecimo.madrid\/\/wp-content\/uploads\/cp.alfonsodecimo.madrid\/2022\/06\/19739-890x1024.png\" alt=\"\" class=\"wp-image-638 size-full\" srcset=\"https:\/\/site.educa.madrid.org\/cp.alfonsodecimo.madrid\/\/wp-content\/uploads\/cp.alfonsodecimo.madrid\/2022\/06\/19739-890x1024.png 890w, https:\/\/site.educa.madrid.org\/cp.alfonsodecimo.madrid\/\/wp-content\/uploads\/cp.alfonsodecimo.madrid\/2022\/06\/19739-261x300.png 261w, https:\/\/site.educa.madrid.org\/cp.alfonsodecimo.madrid\/\/wp-content\/uploads\/cp.alfonsodecimo.madrid\/2022\/06\/19739-768x883.png 768w, https:\/\/site.educa.madrid.org\/cp.alfonsodecimo.madrid\/\/wp-content\/uploads\/cp.alfonsodecimo.madrid\/2022\/06\/19739-1335x1536.png 1335w, https:\/\/site.educa.madrid.org\/cp.alfonsodecimo.madrid\/\/wp-content\/uploads\/cp.alfonsodecimo.madrid\/2022\/06\/19739-1781x2048.png 1781w\" sizes=\"auto, (max-width: 767px) 89vw, (max-width: 1000px) 54vw, (max-width: 1071px) 543px, 580px\" \/><\/figure><div class=\"wp-block-media-text__content\">\n<h2 class=\"wp-block-heading has-text-color\" style=\"color:#000000;font-size:32px\"><strong>Secretar\u00eda Virtual<\/strong><\/h2>\n\n\n\n<p>Acceso a la&nbsp;<em>Secretar\u00eda Virtual<\/em>&nbsp;de Centros Docentes. Enlace d\u00f3nde encontrar\u00e1s toda la informaci\u00f3n y requisitos para matricularte en cualquiera de las opciones de nuestra oferta educativa.<\/p>\n\n\n\n<div class=\"wp-block-buttons is-layout-flex wp-block-buttons-is-layout-flex\">\n<div class=\"wp-block-button is-style-fill\"><a class=\"wp-block-button__link wp-element-button\" href=\"https:\/\/raices.madrid.org\/secretariavirtual\/\" target=\"_blank\" rel=\"noreferrer noopener\">Ir a Secretar\u00eda Virtual<\/a><\/div>\n<\/div>\n<\/div><\/div>\n<\/div><\/div>\n\n\n\n<h2 class=\"wp-block-heading has-vivid-red-color has-text-color\">Contacto:<\/h2>\n\n\n\n<p>Tel\u00e9fono: <strong>913719661 \/ 629709295<\/strong><\/p>\n\n\n\n<p class=\"has-vivid-cyan-blue-color has-text-color\">Direcciones de correo electr\u00f3nico:<\/p>\n\n\n\n<ul class=\"wp-block-list\">\n<li><em>Direcci\u00f3n <\/em>att. Mar\u00eda Jos\u00e9 Fern\u00e1ndez Enciso: <strong>cp.alfonsodecimo.madrid@educa.madrid.org<\/strong><\/li>\n\n\n\n<li><em>Jefatura de estudios<\/em> att. Mayte Mor\u00f3n Garrido: <strong>jestudios.cp.alfonsodecimo.madrid@educa.madrid.org <\/strong><\/li>\n\n\n\n<li><em>Secretar\u00eda <\/em>att. Mar\u00eda Jes\u00fas Merino Ant\u00fanez: <strong>secretaria.cp.alfonsodecimo.madrid@educa.madrid.org<\/strong><\/li>\n<\/ul>\n\n\n\n<h2 class=\"wp-block-heading has-vivid-red-color has-text-color\">Contacto con Direcci\u00f3n y Jefatura de Estudios<\/h2>\n\n\n\n<p>Para hablar con la Direcci\u00f3n y la Jefatura de Estudios<strong> habr\u00e1 que pedir cita previa<\/strong>.<\/p>\n","protected":false},"excerpt":{"rendered":"<p>Clases 0-3 a\u00f1os (Primer ciclo de Infantil): Segundo ciclo de Infantil y Educaci\u00f3n Primaria: Horario de Secretar\u00eda De lunes a viernes de 9.30 a 10.30 y los jueves tambi\u00e9n 14.30 a 15:30 de octubre a mayo. De lunes a viernes de 9.30 a 10.30 y los jueves tambi\u00e9n de 13.30 a 14.30 septiembre y junio. &hellip; <\/p>\n<p class=\"link-more\"><a href=\"https:\/\/site.educa.madrid.org\/cp.alfonsodecimo.madrid\/index.php\/secretaria\/horario-contacto\/\" class=\"more-link\">Continuar leyendo<span class=\"screen-reader-text\"> \u00abHorario y Contacto\u00bb<\/span><\/a><\/p>\n","protected":false},"author":6,"featured_media":0,"parent":1187,"menu_order":1,"comment_status":"closed","ping_status":"closed","template":"page-with-siblings-submenu.php","meta":{"footnotes":""},"folder":[],"class_list":["post-181","page","type-page","status-publish","hentry"],"rttpg_featured_image_url":null,"rttpg_author":{"display_name":"Cuenta Admin-educamadrid","author_link":"https:\/\/site.educa.madrid.org\/cp.alfonsodecimo.madrid\/index.php\/author\/cuenta_admin-educamadrid\/"},"rttpg_comment":0,"rttpg_category":false,"rttpg_excerpt":"Clases 0-3 a\u00f1os (Primer ciclo de Infantil): Segundo ciclo de Infantil y Educaci\u00f3n Primaria: Horario de Secretar\u00eda De lunes a viernes de 9.30 a 10.30 y los jueves tambi\u00e9n 14.30 a 15:30 de octubre a mayo. De lunes a viernes de 9.30 a 10.30 y los jueves tambi\u00e9n de 13.30 a 14.30 septiembre y junio.&hellip;","post_mailing_queue_ids":[],"_links":{"self":[{"href":"https:\/\/site.educa.madrid.org\/cp.alfonsodecimo.madrid\/index.php\/wp-json\/wp\/v2\/pages\/181","targetHints":{"allow":["GET"]}}],"collection":[{"href":"https:\/\/site.educa.madrid.org\/cp.alfonsodecimo.madrid\/index.php\/wp-json\/wp\/v2\/pages"}],"about":[{"href":"https:\/\/site.educa.madrid.org\/cp.alfonsodecimo.madrid\/index.php\/wp-json\/wp\/v2\/types\/page"}],"author":[{"embeddable":true,"href":"https:\/\/site.educa.madrid.org\/cp.alfonsodecimo.madrid\/index.php\/wp-json\/wp\/v2\/users\/6"}],"replies":[{"embeddable":true,"href":"https:\/\/site.educa.madrid.org\/cp.alfonsodecimo.madrid\/index.php\/wp-json\/wp\/v2\/comments?post=181"}],"version-history":[{"count":29,"href":"https:\/\/site.educa.madrid.org\/cp.alfonsodecimo.madrid\/index.php\/wp-json\/wp\/v2\/pages\/181\/revisions"}],"predecessor-version":[{"id":2532,"href":"https:\/\/site.educa.madrid.org\/cp.alfonsodecimo.madrid\/index.php\/wp-json\/wp\/v2\/pages\/181\/revisions\/2532"}],"up":[{"embeddable":true,"href":"https:\/\/site.educa.madrid.org\/cp.alfonsodecimo.madrid\/index.php\/wp-json\/wp\/v2\/pages\/1187"}],"wp:attachment":[{"href":"https:\/\/site.educa.madrid.org\/cp.alfonsodecimo.madrid\/index.php\/wp-json\/wp\/v2\/media?parent=181"}],"wp:term":[{"taxonomy":"folder","embeddable":true,"href":"https:\/\/site.educa.madrid.org\/cp.alfonsodecimo.madrid\/index.php\/wp-json\/wp\/v2\/folder?post=181"}],"curies":[{"name":"wp","href":"https:\/\/api.w.org\/{rel}","templated":true}]}}