{"id":185,"date":"2022-05-31T11:04:12","date_gmt":"2022-05-31T09:04:12","guid":{"rendered":"https:\/\/site.educa.madrid.org\/cp.alfonsodecimo.madrid\/?page_id=185"},"modified":"2024-06-11T23:58:40","modified_gmt":"2024-06-11T21:58:40","slug":"matricula","status":"publish","type":"page","link":"https:\/\/site.educa.madrid.org\/cp.alfonsodecimo.madrid\/index.php\/secretaria\/matricula\/","title":{"rendered":"Matr\u00edcula"},"content":{"rendered":"\n<p>El <strong>periodo ordinario<\/strong> de matriculaci\u00f3n tendr\u00e1 lugar:<\/p>\n\n\n\n<ul class=\"wp-block-list\">\n<li><strong>Del 13 al 28 de junio de 202<\/strong>4 para el segundo ciclo de Educaci\u00f3n Infantil y Educaci\u00f3n. Primaria.<\/li>\n\n\n\n<li><strong>Del 13 al 28 de junio de 202<\/strong>4 para el primer ciclo de Educaci\u00f3n Infantil.<\/li>\n<\/ul>\n\n\n\n<p>Para formalizar la matr\u00edcula en el centro, <strong>ser\u00e1 necesario presentar la siguiente documentaci\u00f3n e impresos <\/strong>de forma presencial. <\/p>\n\n\n\n<p>Puede descargar <strong>los impresos y rellenarlos<\/strong> o recogerlos presencialmente en el centro:<\/p>\n\n\n\n<p><strong>DOCUMENTOS PARA LA MATRICULACI\u00d3N DEL SEGUNDO CICLO DE EDUCACI\u00d3N INFANTIL Y PRIMARIA:<\/strong><\/p>\n\n\n\n<ul class=\"wp-block-list\">\n<li><a rel=\"noreferrer noopener\" href=\"https:\/\/site.educa.madrid.org\/cp.alfonsodecimo.madrid\/\/wp-content\/uploads\/cp.alfonsodecimo.madrid\/2023\/06\/HOJA-CHEQUEO-MATRICULA.pdf\" target=\"_blank\">Hoja de relaci\u00f3n de documentos a presentar.<\/a><\/li>\n\n\n\n<li><a rel=\"noreferrer noopener\" href=\"https:\/\/site.educa.madrid.org\/cp.alfonsodecimo.madrid\/\/wp-content\/uploads\/cp.alfonsodecimo.madrid\/2023\/06\/HOJA-MATRICULA-ACTUALIZADA.pdf\" target=\"_blank\">Ficha personal del alumno.<\/a><\/li>\n\n\n\n<li><a rel=\"noreferrer noopener\" href=\"https:\/\/site.educa.madrid.org\/cp.alfonsodecimo.madrid\/\/wp-content\/uploads\/cp.alfonsodecimo.madrid\/2023\/06\/OPCION-RELIGION-O-VALORES.pdf\" target=\"_blank\">Opci\u00f3n de religi\u00f3n o valores.<\/a><\/li>\n\n\n\n<li><a rel=\"noreferrer noopener\" href=\"https:\/\/site.educa.madrid.org\/cp.alfonsodecimo.madrid\/\/wp-content\/uploads\/cp.alfonsodecimo.madrid\/2023\/06\/MODELO-AUTORIZACION-RECOGIDA.pdf\" target=\"_blank\">Personas autorizadas a recoger alumnos.<\/a><\/li>\n\n\n\n<li><a href=\"https:\/\/site.educa.madrid.org\/cp.alfonsodecimo.madrid\/\/wp-content\/uploads\/cp.alfonsodecimo.madrid\/2023\/06\/CONSENTIMIENTO-DE-IMAGENES.pdf\" target=\"_blank\" rel=\"noreferrer noopener\">Consentimiento toma de im\u00e1genes en el Centro.<\/a><\/li>\n\n\n\n<li><a rel=\"noreferrer noopener\" href=\"https:\/\/site.educa.madrid.org\/cp.alfonsodecimo.madrid\/\/wp-content\/uploads\/cp.alfonsodecimo.madrid\/2023\/06\/SOLICITUD-COMEDOR-GENERICA-RELLENABLE.pdf\" target=\"_blank\">Inscripci\u00f3n servicio de comedor.<\/a><\/li>\n\n\n\n<li><a rel=\"noreferrer noopener\" href=\"https:\/\/site.educa.madrid.org\/cp.alfonsodecimo.madrid\/\/wp-content\/uploads\/cp.alfonsodecimo.madrid\/2023\/06\/NORMAS-COMEDOR-2-CICLO-EI-Y-PRIMARIA.pdf\" target=\"_blank\">Normas de Comedor.<\/a><\/li>\n\n\n\n<li><a rel=\"noreferrer noopener\" href=\"https:\/\/site.educa.madrid.org\/cp.alfonsodecimo.madrid\/\/wp-content\/uploads\/cp.alfonsodecimo.madrid\/2023\/06\/POLITICA-DE-PRIVACIDAD.pdf\" target=\"_blank\">Pol\u00edtica de privacidad.<\/a><\/li>\n\n\n\n<li><a href=\"https:\/\/site.educa.madrid.org\/cp.alfonsodecimo.madrid\/\/wp-content\/uploads\/cp.alfonsodecimo.madrid\/2023\/06\/ALTA-ACCEDE.pdf\" target=\"_blank\" rel=\"noreferrer noopener\">Solicitud programa ACCEDE-libros.<\/a><\/li>\n\n\n\n<li><a rel=\"noreferrer noopener\" href=\"https:\/\/site.educa.madrid.org\/cp.alfonsodecimo.madrid\/\/wp-content\/uploads\/cp.alfonsodecimo.madrid\/2023\/06\/SOLICITUD-CORREO-EDUCAMADRID.pdf\" target=\"_blank\">Solicitud correo Educa-Madrid alumnos.<\/a><\/li>\n<\/ul>\n\n\n\n<p><strong>DOCUMENTACI\u00d3N PARA LA MATRICULACI\u00d3N DEL PRIMER CICLO DE EDUCACI\u00d3N INFANTIL Y PRIMARIA:<\/strong><\/p>\n\n\n\n<ul class=\"wp-block-list\">\n<li><a rel=\"noreferrer noopener\" href=\"https:\/\/site.educa.madrid.org\/cp.alfonsodecimo.madrid\/\/wp-content\/uploads\/cp.alfonsodecimo.madrid\/2023\/06\/HOJA-CHEQUEO-MATRICULA-0-3.pdf\" target=\"_blank\">Hoja de relaci\u00f3n de documentos a presentar.<\/a><\/li>\n\n\n\n<li><a rel=\"noreferrer noopener\" href=\"https:\/\/site.educa.madrid.org\/cp.alfonsodecimo.madrid\/\/wp-content\/uploads\/cp.alfonsodecimo.madrid\/2023\/06\/HOJA-MATRICULA-ACTUALIZADA-1o-C-INF.pdf\" target=\"_blank\">Ficha personal del alumno.<\/a><\/li>\n\n\n\n<li><a rel=\"noreferrer noopener\" href=\"https:\/\/site.educa.madrid.org\/cp.alfonsodecimo.madrid\/\/wp-content\/uploads\/cp.alfonsodecimo.madrid\/2023\/06\/MODELO-AUTORIZACION-RECOGIDA-1.pdf\" target=\"_blank\">Personas autorizadas a recoger alumnos.<\/a><\/li>\n\n\n\n<li><a rel=\"noreferrer noopener\" href=\"https:\/\/site.educa.madrid.org\/cp.alfonsodecimo.madrid\/\/wp-content\/uploads\/cp.alfonsodecimo.madrid\/2023\/06\/CONSENTIMIENTO-DE-IMAGENES-1.pdf\" target=\"_blank\">Consentimiento toma de im\u00e1genes en el Centro.<\/a><\/li>\n\n\n\n<li><a rel=\"noreferrer noopener\" href=\"https:\/\/site.educa.madrid.org\/cp.alfonsodecimo.madrid\/\/wp-content\/uploads\/cp.alfonsodecimo.madrid\/2023\/06\/MODELO-DOMICILIACION-SEPA-0-3.pdf\" target=\"_blank\">Impreso de domiciliaci\u00f3n bancaria.<\/a><\/li>\n\n\n\n<li><a rel=\"noreferrer noopener\" href=\"https:\/\/site.educa.madrid.org\/cp.alfonsodecimo.madrid\/\/wp-content\/uploads\/cp.alfonsodecimo.madrid\/2023\/06\/NORMAS-COMEDOR-1ER-CICLO-EI.pdf\" target=\"_blank\">Normas de comedor.<\/a><\/li>\n\n\n\n<li><a rel=\"noreferrer noopener\" href=\"https:\/\/site.educa.madrid.org\/cp.alfonsodecimo.madrid\/\/wp-content\/uploads\/cp.alfonsodecimo.madrid\/2023\/06\/POLITICA-DE-PRIVACIDAD-1.pdf\" target=\"_blank\">Pol\u00edtica de privacidad.<\/a><\/li>\n\n\n\n<li>S<a href=\"https:\/\/site.educa.madrid.org\/cp.alfonsodecimo.madrid\/\/wp-content\/uploads\/cp.alfonsodecimo.madrid\/2023\/06\/SOLICITUD-DE-HORARIO-AMPLIADO.pdf\" target=\"_blank\" rel=\"noreferrer noopener\">olicitud de horario ampliado.<\/a><\/li>\n<\/ul>\n\n\n\n<p class=\"has-black-color has-pale-cyan-blue-background-color has-text-color has-background\"><strong>Matriculaci\u00f3n a trav\u00e9s de la Secretar\u00eda Virtual de los centros docentes.<\/strong><\/p>\n\n\n\n<ul class=\"wp-block-list\">\n<li><a href=\"https:\/\/raices.madrid.org\/secretariavirtual\/accesoTramite\/405\/\" target=\"_blank\" rel=\"noreferrer noopener\">Acceso a&nbsp;<strong>Matriculaci\u00f3n<\/strong>&nbsp;en centros docentes sostenidos con fondos p\u00fablicos que imparten&nbsp;<strong>primer ciclo de educaci\u00f3n infantil<\/strong>.<\/a><\/li>\n\n\n\n<li>Acceso a&nbsp;<strong>Matriculaci\u00f3n<\/strong>&nbsp;en centros docentes sostenidos con fondos p\u00fablicos que i<a href=\"https:\/\/raices.madrid.org\/secretariavirtual\/accesoTramite\/406\/\" target=\"_blank\" rel=\"noreferrer noopener\">mparten&nbsp;<strong>segundo ciclo de educaci\u00f3n infantil<\/strong>.<\/a><\/li>\n\n\n\n<li><a href=\"https:\/\/raices.madrid.org\/secretariavirtual\/accesoTramite\/407\/\" target=\"_blank\" rel=\"noreferrer noopener\">Acceso a&nbsp;<strong>Matriculaci\u00f3n<\/strong>&nbsp;en centros docentes sostenidos con fondos p\u00fablicos que imparten&nbsp;<strong>educaci\u00f3n primaria<\/strong>.<\/a><\/li>\n<\/ul>\n\n\n\n<p><\/p>\n","protected":false},"excerpt":{"rendered":"<p>El periodo ordinario de matriculaci\u00f3n tendr\u00e1 lugar: Para formalizar la matr\u00edcula en el centro, ser\u00e1 necesario presentar la siguiente documentaci\u00f3n e impresos de forma presencial. Puede descargar los impresos y rellenarlos o recogerlos presencialmente en el centro: DOCUMENTOS PARA LA MATRICULACI\u00d3N DEL SEGUNDO CICLO DE EDUCACI\u00d3N INFANTIL Y PRIMARIA: DOCUMENTACI\u00d3N PARA LA MATRICULACI\u00d3N DEL PRIMER &hellip; <\/p>\n<p class=\"link-more\"><a href=\"https:\/\/site.educa.madrid.org\/cp.alfonsodecimo.madrid\/index.php\/secretaria\/matricula\/\" class=\"more-link\">Continuar leyendo<span class=\"screen-reader-text\"> \u00abMatr\u00edcula\u00bb<\/span><\/a><\/p>\n","protected":false},"author":6,"featured_media":0,"parent":1187,"menu_order":7,"comment_status":"closed","ping_status":"closed","template":"page-with-siblings-submenu.php","meta":{"footnotes":""},"folder":[],"class_list":["post-185","page","type-page","status-publish","hentry"],"rttpg_featured_image_url":null,"rttpg_author":{"display_name":"Cuenta Admin-educamadrid","author_link":"https:\/\/site.educa.madrid.org\/cp.alfonsodecimo.madrid\/index.php\/author\/cuenta_admin-educamadrid\/"},"rttpg_comment":0,"rttpg_category":false,"rttpg_excerpt":"El periodo ordinario de matriculaci\u00f3n tendr\u00e1 lugar: Para formalizar la matr\u00edcula en el centro, ser\u00e1 necesario presentar la siguiente documentaci\u00f3n e impresos de forma presencial. Puede descargar los impresos y rellenarlos o recogerlos presencialmente en el centro: DOCUMENTOS PARA LA MATRICULACI\u00d3N DEL SEGUNDO CICLO DE EDUCACI\u00d3N INFANTIL Y PRIMARIA: DOCUMENTACI\u00d3N PARA LA MATRICULACI\u00d3N DEL PRIMER&hellip;","post_mailing_queue_ids":[],"_links":{"self":[{"href":"https:\/\/site.educa.madrid.org\/cp.alfonsodecimo.madrid\/index.php\/wp-json\/wp\/v2\/pages\/185","targetHints":{"allow":["GET"]}}],"collection":[{"href":"https:\/\/site.educa.madrid.org\/cp.alfonsodecimo.madrid\/index.php\/wp-json\/wp\/v2\/pages"}],"about":[{"href":"https:\/\/site.educa.madrid.org\/cp.alfonsodecimo.madrid\/index.php\/wp-json\/wp\/v2\/types\/page"}],"author":[{"embeddable":true,"href":"https:\/\/site.educa.madrid.org\/cp.alfonsodecimo.madrid\/index.php\/wp-json\/wp\/v2\/users\/6"}],"replies":[{"embeddable":true,"href":"https:\/\/site.educa.madrid.org\/cp.alfonsodecimo.madrid\/index.php\/wp-json\/wp\/v2\/comments?post=185"}],"version-history":[{"count":11,"href":"https:\/\/site.educa.madrid.org\/cp.alfonsodecimo.madrid\/index.php\/wp-json\/wp\/v2\/pages\/185\/revisions"}],"predecessor-version":[{"id":2414,"href":"https:\/\/site.educa.madrid.org\/cp.alfonsodecimo.madrid\/index.php\/wp-json\/wp\/v2\/pages\/185\/revisions\/2414"}],"up":[{"embeddable":true,"href":"https:\/\/site.educa.madrid.org\/cp.alfonsodecimo.madrid\/index.php\/wp-json\/wp\/v2\/pages\/1187"}],"wp:attachment":[{"href":"https:\/\/site.educa.madrid.org\/cp.alfonsodecimo.madrid\/index.php\/wp-json\/wp\/v2\/media?parent=185"}],"wp:term":[{"taxonomy":"folder","embeddable":true,"href":"https:\/\/site.educa.madrid.org\/cp.alfonsodecimo.madrid\/index.php\/wp-json\/wp\/v2\/folder?post=185"}],"curies":[{"name":"wp","href":"https:\/\/api.w.org\/{rel}","templated":true}]}}