{"id":189,"date":"2022-05-31T11:04:12","date_gmt":"2022-05-31T09:04:12","guid":{"rendered":"https:\/\/site.educa.madrid.org\/cp.alfonsodecimo.madrid\/?page_id=189"},"modified":"2023-09-27T18:41:26","modified_gmt":"2023-09-27T16:41:26","slug":"biblioteca","status":"publish","type":"page","link":"https:\/\/site.educa.madrid.org\/cp.alfonsodecimo.madrid\/index.php\/proyectos\/otros-programas\/biblioteca\/","title":{"rendered":"Biblioteca"},"content":{"rendered":"\n<figure class=\"wp-block-gallery has-nested-images columns-default is-cropped wp-block-gallery-1 is-layout-flex wp-block-gallery-is-layout-flex\">\n<figure class=\"wp-block-image size-large\"><img loading=\"lazy\" decoding=\"async\" width=\"1024\" height=\"683\" data-id=\"355\" src=\"https:\/\/site.educa.madrid.org\/cp.alfonsodecimo.madrid\/\/wp-content\/uploads\/cp.alfonsodecimo.madrid\/2022\/05\/eliott-reyna-kcT-7cirBEw-unsplash-1024x683.jpg\" alt=\"Alumna leyendo sentada en el suelo y apoyada sobre una estanter\u00eda de libros\" class=\"wp-image-355\" srcset=\"https:\/\/site.educa.madrid.org\/cp.alfonsodecimo.madrid\/\/wp-content\/uploads\/cp.alfonsodecimo.madrid\/2022\/05\/eliott-reyna-kcT-7cirBEw-unsplash-1024x683.jpg 1024w, https:\/\/site.educa.madrid.org\/cp.alfonsodecimo.madrid\/\/wp-content\/uploads\/cp.alfonsodecimo.madrid\/2022\/05\/eliott-reyna-kcT-7cirBEw-unsplash-300x200.jpg 300w, https:\/\/site.educa.madrid.org\/cp.alfonsodecimo.madrid\/\/wp-content\/uploads\/cp.alfonsodecimo.madrid\/2022\/05\/eliott-reyna-kcT-7cirBEw-unsplash-768x512.jpg 768w, https:\/\/site.educa.madrid.org\/cp.alfonsodecimo.madrid\/\/wp-content\/uploads\/cp.alfonsodecimo.madrid\/2022\/05\/eliott-reyna-kcT-7cirBEw-unsplash-391x260.jpg 391w, https:\/\/site.educa.madrid.org\/cp.alfonsodecimo.madrid\/\/wp-content\/uploads\/cp.alfonsodecimo.madrid\/2022\/05\/eliott-reyna-kcT-7cirBEw-unsplash-1536x1024.jpg 1536w, https:\/\/site.educa.madrid.org\/cp.alfonsodecimo.madrid\/\/wp-content\/uploads\/cp.alfonsodecimo.madrid\/2022\/05\/eliott-reyna-kcT-7cirBEw-unsplash-272x182.jpg 272w, https:\/\/site.educa.madrid.org\/cp.alfonsodecimo.madrid\/\/wp-content\/uploads\/cp.alfonsodecimo.madrid\/2022\/05\/eliott-reyna-kcT-7cirBEw-unsplash.jpg 1920w\" sizes=\"auto, (max-width: 767px) 89vw, (max-width: 1000px) 54vw, (max-width: 1071px) 543px, 580px\" \/><\/figure>\n\n\n\n<figure class=\"wp-block-image size-large\"><img loading=\"lazy\" decoding=\"async\" width=\"1024\" height=\"683\" data-id=\"354\" src=\"https:\/\/site.educa.madrid.org\/cp.alfonsodecimo.madrid\/\/wp-content\/uploads\/cp.alfonsodecimo.madrid\/2022\/05\/johnny-mcclung-RjdoQxJ7-5k-unsplash-1024x683.jpg\" alt=\"Ni\u00f1a leyendo, s\u00f3lo se ve la cara y un libro difuminado\" class=\"wp-image-354\" srcset=\"https:\/\/site.educa.madrid.org\/cp.alfonsodecimo.madrid\/\/wp-content\/uploads\/cp.alfonsodecimo.madrid\/2022\/05\/johnny-mcclung-RjdoQxJ7-5k-unsplash-1024x683.jpg 1024w, https:\/\/site.educa.madrid.org\/cp.alfonsodecimo.madrid\/\/wp-content\/uploads\/cp.alfonsodecimo.madrid\/2022\/05\/johnny-mcclung-RjdoQxJ7-5k-unsplash-300x200.jpg 300w, https:\/\/site.educa.madrid.org\/cp.alfonsodecimo.madrid\/\/wp-content\/uploads\/cp.alfonsodecimo.madrid\/2022\/05\/johnny-mcclung-RjdoQxJ7-5k-unsplash-768x512.jpg 768w, https:\/\/site.educa.madrid.org\/cp.alfonsodecimo.madrid\/\/wp-content\/uploads\/cp.alfonsodecimo.madrid\/2022\/05\/johnny-mcclung-RjdoQxJ7-5k-unsplash-391x260.jpg 391w, https:\/\/site.educa.madrid.org\/cp.alfonsodecimo.madrid\/\/wp-content\/uploads\/cp.alfonsodecimo.madrid\/2022\/05\/johnny-mcclung-RjdoQxJ7-5k-unsplash-1536x1024.jpg 1536w, https:\/\/site.educa.madrid.org\/cp.alfonsodecimo.madrid\/\/wp-content\/uploads\/cp.alfonsodecimo.madrid\/2022\/05\/johnny-mcclung-RjdoQxJ7-5k-unsplash-272x182.jpg 272w, https:\/\/site.educa.madrid.org\/cp.alfonsodecimo.madrid\/\/wp-content\/uploads\/cp.alfonsodecimo.madrid\/2022\/05\/johnny-mcclung-RjdoQxJ7-5k-unsplash.jpg 1920w\" sizes=\"auto, (max-width: 767px) 89vw, (max-width: 1000px) 54vw, (max-width: 1071px) 543px, 580px\" \/><\/figure>\n<\/figure>\n\n\n\n<p>La biblioteca escolar ofrece un<strong> servicio de pr\u00e9stamo de libros <\/strong>con el que se pretende el fomento de la lectura. El servicio de pr\u00e9stamo se realiza en horario lectivo<strong>.<\/strong> Los tutores de cada grupo podr\u00e1n organizar actividades relacionadas con el Plan Lector y utilizar el servicio de biblioteca una vez a la semana.<\/p>\n\n\n\n<p>El centro procura aumentar cada a\u00f1o la dotaci\u00f3n de libros de pr\u00e9stamo a trav\u00e9s de la adquisici\u00f3n de nuevos libros y de las donaciones que hacen algunas familias.<\/p>\n\n\n\n<p><strong>RECURSOS<\/strong><\/p>\n\n\n\n<ul class=\"wp-block-list\">\n<li><a href=\"https:\/\/cvc.cervantes.es\/aula\/lecturas\/default.htm\">Centro Virtual Cervantes. Lectura paso a paso.<\/a><\/li>\n\n\n\n<li><a href=\"https:\/\/leer.es\/\">Leer.es. Portal de recursos educativos.<\/a><\/li>\n\n\n\n<li><a href=\"https:\/\/www.cervantesvirtual.com\/portales\/biblioteca_literatura_infantil_juvenil\/\">Biblioteca Virtual \u201cMiguel de Cervantes\u201d. Literatura Infantil y Juvenil.<\/a><\/li>\n\n\n\n<li><a href=\"https:\/\/www.leemeuncuento.com.ar\/cuentos.html\">L\u00e9eme un cuento. <\/a><\/li>\n\n\n\n<li><a href=\"https:\/\/www.rae.es\/\">Diccionario de la Real Academia Espa\u00f1ola. <\/a><\/li>\n\n\n\n<li><a href=\"https:\/\/www.wordreference.com\/sinonimos\/\">Diccionario de sin\u00f3nimos y ant\u00f3nimos. <\/a><\/li>\n<\/ul>\n","protected":false},"excerpt":{"rendered":"<p>La biblioteca escolar ofrece un servicio de pr\u00e9stamo de libros con el que se pretende el fomento de la lectura. El servicio de pr\u00e9stamo se realiza en horario lectivo. Los tutores de cada grupo podr\u00e1n organizar actividades relacionadas con el Plan Lector y utilizar el servicio de biblioteca una vez a la semana. El centro &hellip; <\/p>\n<p class=\"link-more\"><a href=\"https:\/\/site.educa.madrid.org\/cp.alfonsodecimo.madrid\/index.php\/proyectos\/otros-programas\/biblioteca\/\" class=\"more-link\">Continuar leyendo<span class=\"screen-reader-text\"> \u00abBiblioteca\u00bb<\/span><\/a><\/p>\n","protected":false},"author":6,"featured_media":0,"parent":840,"menu_order":2,"comment_status":"closed","ping_status":"closed","template":"page-with-siblings-submenu.php","meta":{"footnotes":""},"folder":[],"class_list":["post-189","page","type-page","status-publish","hentry"],"rttpg_featured_image_url":null,"rttpg_author":{"display_name":"Cuenta Admin-educamadrid","author_link":"https:\/\/site.educa.madrid.org\/cp.alfonsodecimo.madrid\/index.php\/author\/cuenta_admin-educamadrid\/"},"rttpg_comment":0,"rttpg_category":false,"rttpg_excerpt":"La biblioteca escolar ofrece un servicio de pr\u00e9stamo de libros con el que se pretende el fomento de la lectura. El servicio de pr\u00e9stamo se realiza en horario lectivo. Los tutores de cada grupo podr\u00e1n organizar actividades relacionadas con el Plan Lector y utilizar el servicio de biblioteca una vez a la semana. El centro&hellip;","post_mailing_queue_ids":[],"_links":{"self":[{"href":"https:\/\/site.educa.madrid.org\/cp.alfonsodecimo.madrid\/index.php\/wp-json\/wp\/v2\/pages\/189","targetHints":{"allow":["GET"]}}],"collection":[{"href":"https:\/\/site.educa.madrid.org\/cp.alfonsodecimo.madrid\/index.php\/wp-json\/wp\/v2\/pages"}],"about":[{"href":"https:\/\/site.educa.madrid.org\/cp.alfonsodecimo.madrid\/index.php\/wp-json\/wp\/v2\/types\/page"}],"author":[{"embeddable":true,"href":"https:\/\/site.educa.madrid.org\/cp.alfonsodecimo.madrid\/index.php\/wp-json\/wp\/v2\/users\/6"}],"replies":[{"embeddable":true,"href":"https:\/\/site.educa.madrid.org\/cp.alfonsodecimo.madrid\/index.php\/wp-json\/wp\/v2\/comments?post=189"}],"version-history":[{"count":9,"href":"https:\/\/site.educa.madrid.org\/cp.alfonsodecimo.madrid\/index.php\/wp-json\/wp\/v2\/pages\/189\/revisions"}],"predecessor-version":[{"id":1921,"href":"https:\/\/site.educa.madrid.org\/cp.alfonsodecimo.madrid\/index.php\/wp-json\/wp\/v2\/pages\/189\/revisions\/1921"}],"up":[{"embeddable":true,"href":"https:\/\/site.educa.madrid.org\/cp.alfonsodecimo.madrid\/index.php\/wp-json\/wp\/v2\/pages\/840"}],"wp:attachment":[{"href":"https:\/\/site.educa.madrid.org\/cp.alfonsodecimo.madrid\/index.php\/wp-json\/wp\/v2\/media?parent=189"}],"wp:term":[{"taxonomy":"folder","embeddable":true,"href":"https:\/\/site.educa.madrid.org\/cp.alfonsodecimo.madrid\/index.php\/wp-json\/wp\/v2\/folder?post=189"}],"curies":[{"name":"wp","href":"https:\/\/api.w.org\/{rel}","templated":true}]}}