{"id":2023,"date":"2023-11-28T09:52:45","date_gmt":"2023-11-28T08:52:45","guid":{"rendered":"https:\/\/site.educa.madrid.org\/cp.alfonsodecimo.madrid\/?page_id=2023"},"modified":"2023-12-14T13:21:14","modified_gmt":"2023-12-14T12:21:14","slug":"educacion-fisica","status":"publish","type":"page","link":"https:\/\/site.educa.madrid.org\/cp.alfonsodecimo.madrid\/index.php\/ensenanzas\/educacion-fisica\/","title":{"rendered":"Educaci\u00f3n F\u00edsica"},"content":{"rendered":"\n<p class=\"has-vivid-red-color has-text-color\"><strong>GOUBAK-DEPORTE ALTERNATIVO E INCLUSIVO.<\/strong><\/p>\n\n\n\n<p>Durante este trimestre los alumnos\/as del tercer ciclo (5\u00ba y 6\u00ba) han estado trabajando este nuevo deporte alternativo.<\/p>\n\n\n\n<ul class=\"wp-block-list\">\n<li><strong>Origen y evoluci\u00f3n:<\/strong><\/li>\n<\/ul>\n\n\n\n<p><strong>El Goubak fue creado por V\u00edctor Manso-Lorenzo<\/strong>, maestro de Educaci\u00f3n F\u00edsica en la Comunidad de Madrid. Fue en 2016, y su objetivo era aumentar las experiencias l\u00fadico-deportivas del alumnado mediante nuevos elementos t\u00e1cticos\/t\u00e9cnicos y estrat\u00e9gicos que enriquecieran su bagaje y competencia motriz.<\/p>\n\n\n\n<p>Han realizado infograf\u00edas donde han plasmado el origen del deporte, las reglas b\u00e1sicas, los elementos estructurales y funcionales, caracter\u00edsticas&#8230;<\/p>\n\n\n\n<p>Despu\u00e9s nos hemos divertido mucho practic\u00e1ndolo. Aqu\u00ed os dejo este maravilloso trabajo.<\/p>\n\n\n\n<p><a href=\"https:\/\/site.educa.madrid.org\/cp.alfonsodecimo.madrid\/\/wp-content\/uploads\/cp.alfonsodecimo.madrid\/2023\/12\/Goubak.-Web.pdf\" target=\"_blank\" rel=\"noreferrer noopener\">FOTOS ADJUNTAS<\/a><\/p>\n\n\n\n<p>Si quer\u00e9is conocer m\u00e1s sobre este deporte, echar un vistazo al siguiente link:<\/p>\n\n\n\n<p><a href=\"https:\/\/elsuperhincha.com\/que-es-goubak-reglas\/\">https:\/\/elsuperhincha.com\/que-es-goubak-reglas\/<\/a><\/p>\n\n\n\n<p><em>Beatriz Lucio (Especialista de Educaci\u00f3n F\u00edsica).<\/em><\/p>\n","protected":false},"excerpt":{"rendered":"<p>GOUBAK-DEPORTE ALTERNATIVO E INCLUSIVO. Durante este trimestre los alumnos\/as del tercer ciclo (5\u00ba y 6\u00ba) han estado trabajando este nuevo deporte alternativo. El Goubak fue creado por V\u00edctor Manso-Lorenzo, maestro de Educaci\u00f3n F\u00edsica en la Comunidad de Madrid. Fue en 2016, y su objetivo era aumentar las experiencias l\u00fadico-deportivas del alumnado mediante nuevos elementos t\u00e1cticos\/t\u00e9cnicos &hellip; <\/p>\n<p class=\"link-more\"><a href=\"https:\/\/site.educa.madrid.org\/cp.alfonsodecimo.madrid\/index.php\/ensenanzas\/educacion-fisica\/\" class=\"more-link\">Continuar leyendo<span class=\"screen-reader-text\"> \u00abEducaci\u00f3n F\u00edsica\u00bb<\/span><\/a><\/p>\n","protected":false},"author":2,"featured_media":0,"parent":117,"menu_order":0,"comment_status":"closed","ping_status":"closed","template":"","meta":{"footnotes":""},"folder":[],"class_list":["post-2023","page","type-page","status-publish","hentry"],"rttpg_featured_image_url":null,"rttpg_author":{"display_name":"tic.cp.alfonsodecimo.madrid","author_link":"https:\/\/site.educa.madrid.org\/cp.alfonsodecimo.madrid\/index.php\/author\/cuenta_tic-cp-alfonsodecimo-madrid\/"},"rttpg_comment":0,"rttpg_category":false,"rttpg_excerpt":"GOUBAK-DEPORTE ALTERNATIVO E INCLUSIVO. Durante este trimestre los alumnos\/as del tercer ciclo (5\u00ba y 6\u00ba) han estado trabajando este nuevo deporte alternativo. El Goubak fue creado por V\u00edctor Manso-Lorenzo, maestro de Educaci\u00f3n F\u00edsica en la Comunidad de Madrid. Fue en 2016, y su objetivo era aumentar las experiencias l\u00fadico-deportivas del alumnado mediante nuevos elementos t\u00e1cticos\/t\u00e9cnicos&hellip;","post_mailing_queue_ids":[],"_links":{"self":[{"href":"https:\/\/site.educa.madrid.org\/cp.alfonsodecimo.madrid\/index.php\/wp-json\/wp\/v2\/pages\/2023","targetHints":{"allow":["GET"]}}],"collection":[{"href":"https:\/\/site.educa.madrid.org\/cp.alfonsodecimo.madrid\/index.php\/wp-json\/wp\/v2\/pages"}],"about":[{"href":"https:\/\/site.educa.madrid.org\/cp.alfonsodecimo.madrid\/index.php\/wp-json\/wp\/v2\/types\/page"}],"author":[{"embeddable":true,"href":"https:\/\/site.educa.madrid.org\/cp.alfonsodecimo.madrid\/index.php\/wp-json\/wp\/v2\/users\/2"}],"replies":[{"embeddable":true,"href":"https:\/\/site.educa.madrid.org\/cp.alfonsodecimo.madrid\/index.php\/wp-json\/wp\/v2\/comments?post=2023"}],"version-history":[{"count":3,"href":"https:\/\/site.educa.madrid.org\/cp.alfonsodecimo.madrid\/index.php\/wp-json\/wp\/v2\/pages\/2023\/revisions"}],"predecessor-version":[{"id":2049,"href":"https:\/\/site.educa.madrid.org\/cp.alfonsodecimo.madrid\/index.php\/wp-json\/wp\/v2\/pages\/2023\/revisions\/2049"}],"up":[{"embeddable":true,"href":"https:\/\/site.educa.madrid.org\/cp.alfonsodecimo.madrid\/index.php\/wp-json\/wp\/v2\/pages\/117"}],"wp:attachment":[{"href":"https:\/\/site.educa.madrid.org\/cp.alfonsodecimo.madrid\/index.php\/wp-json\/wp\/v2\/media?parent=2023"}],"wp:term":[{"taxonomy":"folder","embeddable":true,"href":"https:\/\/site.educa.madrid.org\/cp.alfonsodecimo.madrid\/index.php\/wp-json\/wp\/v2\/folder?post=2023"}],"curies":[{"name":"wp","href":"https:\/\/api.w.org\/{rel}","templated":true}]}}