{"id":2128,"date":"2024-02-03T18:59:02","date_gmt":"2024-02-03T17:59:02","guid":{"rendered":"https:\/\/site.educa.madrid.org\/cp.alfonsodecimo.madrid\/?page_id=2128"},"modified":"2026-03-01T22:49:28","modified_gmt":"2026-03-01T21:49:28","slug":"informacion-a-las-familias","status":"publish","type":"page","link":"https:\/\/site.educa.madrid.org\/cp.alfonsodecimo.madrid\/index.php\/informacion-a-las-familias\/","title":{"rendered":"Informaci\u00f3n a las familias"},"content":{"rendered":"<div class=\"wp-block-image\">\n<figure class=\"aligncenter is-resized\"><a href=\"https:\/\/site.educa.madrid.org\/cp.alfonsodecimo.madrid\/\/wp-content\/uploads\/cp.alfonsodecimo.madrid\/2026\/01\/VIDEO-PRESENTACION-COLEGIO.mp4\" target=\"_blank\" rel=\" noreferrer noopener\"><img loading=\"lazy\" decoding=\"async\" width=\"284\" height=\"300\" src=\"https:\/\/site.educa.madrid.org\/cp.alfonsodecimo.madrid\/\/wp-content\/uploads\/cp.alfonsodecimo.madrid\/2024\/02\/ARBOL-TEA-284x300.jpg\" alt=\"\" class=\"wp-image-2129\" style=\"width:284px;height:300px\" srcset=\"https:\/\/site.educa.madrid.org\/cp.alfonsodecimo.madrid\/\/wp-content\/uploads\/cp.alfonsodecimo.madrid\/2024\/02\/ARBOL-TEA-284x300.jpg 284w, https:\/\/site.educa.madrid.org\/cp.alfonsodecimo.madrid\/\/wp-content\/uploads\/cp.alfonsodecimo.madrid\/2024\/02\/ARBOL-TEA.jpg 441w\" sizes=\"auto, (max-width: 284px) 100vw, 284px\" \/><\/a><figcaption class=\"wp-element-caption\"><a href=\"https:\/\/site.educa.madrid.org\/cp.alfonsodecimo.madrid\/\/wp-content\/uploads\/cp.alfonsodecimo.madrid\/2026\/01\/VIDEO-PRESENTACION-COLEGIO.mp4\" target=\"_blank\" rel=\"noreferrer noopener\">V\u00cdDEO PRESENTACI\u00d3N CEIP ALOFNSO X EL SABIO<\/a><\/figcaption><\/figure>\n<\/div>\n\n\n<p><a href=\"https:\/\/site.educa.madrid.org\/cp.alfonsodecimo.madrid\/index.php\/ensenanzas\/\">OFERTA EDUCATIVA<\/a><\/p>\n\n\n\n<p><a href=\"https:\/\/site.educa.madrid.org\/cp.alfonsodecimo.madrid\/index.php\/servicios-y-actividades\/servicios\/\">SERVICIOS COMPLEMENTARIOS<\/a><\/p>\n\n\n\n<p><a href=\"https:\/\/site.educa.madrid.org\/cp.alfonsodecimo.madrid\/index.php\/proyectos\/\">PROGRAMAS Y PROYECTOS EDUCATIVOS<\/a><\/p>\n\n\n\n<p><a href=\"https:\/\/site.educa.madrid.org\/cp.alfonsodecimo.madrid\/\/wp-content\/uploads\/cp.alfonsodecimo.madrid\/2025\/12\/PLAN-DE-CONVIVENCIA.pdf\" target=\"_blank\" rel=\"noreferrer noopener\">NORMAS DE ORGANIZACI\u00d3N Y FUNCIONAMIENTO<\/a><\/p>\n\n\n\n<p><a href=\"https:\/\/site.educa.madrid.org\/cp.alfonsodecimo.madrid\/\">TEL\u00c9FONOS Y CORREOS DE CONTACTO<\/a><\/p>\n\n\n\n<p><a href=\"https:\/\/site.educa.madrid.org\/cp.alfonsodecimo.madrid\/index.php\/servicios-y-actividades\/actividades\/\">ACTIVIDADES COMPLEMENTARIAS Y EXTRAESCOLARES<\/a><\/p>\n\n\n\n<p><a href=\"https:\/\/site.educa.madrid.org\/cp.alfonsodecimo.madrid\/\/wp-content\/uploads\/cp.alfonsodecimo.madrid\/2026\/01\/PRUEBAS-EXTERNAS.pdf\" target=\"_blank\" rel=\"noreferrer noopener\">RESULTADO DE LAS PRUEBAS DE EVALUACI\u00d3N EXTERNAS<\/a><\/p>\n\n\n\n<h2 class=\"wp-block-heading has-vivid-red-color has-text-color has-link-color wp-elements-053c25a7df0a3ce34cbb7d536931b815\"><strong>Otras informaciones relevantes:<\/strong><\/h2>\n\n\n\n<p><strong>Ubicaci\u00f3n del SAE asignado<\/strong>:<\/p>\n\n\n\n<p>SAE Madrid-Capital (escolarizaci\u00f3n ordinaria y NEE)<br>Calle Vitruvio n\u00ba 2<br>28006 Madrid 3\u00aa Planta<\/p>\n\n\n\n<p>Toda la informaci\u00f3n relativa al proceso de admisi\u00f3n del curso 2026\/27 la pueden encontrar en el siguiente enlace: <a href=\"https:\/\/site.educa.madrid.org\/cp.alfonsodecimo.madrid\/index.php\/secretaria\/proceso-de-admision\/\" target=\"_blank\" rel=\"noreferrer noopener\">ADMISI\u00d3N 2026\/2027<\/a><\/p>\n\n\n\n<p><\/p>\n","protected":false},"excerpt":{"rendered":"<p>OFERTA EDUCATIVA SERVICIOS COMPLEMENTARIOS PROGRAMAS Y PROYECTOS EDUCATIVOS NORMAS DE ORGANIZACI\u00d3N Y FUNCIONAMIENTO TEL\u00c9FONOS Y CORREOS DE CONTACTO ACTIVIDADES COMPLEMENTARIAS Y EXTRAESCOLARES RESULTADO DE LAS PRUEBAS DE EVALUACI\u00d3N EXTERNAS Otras informaciones relevantes: Ubicaci\u00f3n del SAE asignado: SAE Madrid-Capital (escolarizaci\u00f3n ordinaria y NEE)Calle Vitruvio n\u00ba 228006 Madrid 3\u00aa Planta Toda la informaci\u00f3n relativa al proceso de &hellip; <\/p>\n<p class=\"link-more\"><a href=\"https:\/\/site.educa.madrid.org\/cp.alfonsodecimo.madrid\/index.php\/informacion-a-las-familias\/\" class=\"more-link\">Continuar leyendo<span class=\"screen-reader-text\"> \u00abInformaci\u00f3n a las familias\u00bb<\/span><\/a><\/p>\n","protected":false},"author":3,"featured_media":0,"parent":0,"menu_order":0,"comment_status":"closed","ping_status":"closed","template":"","meta":{"footnotes":""},"folder":[],"class_list":["post-2128","page","type-page","status-publish","hentry"],"rttpg_featured_image_url":null,"rttpg_author":{"display_name":"cp.alfonsodecimo.madrid","author_link":"https:\/\/site.educa.madrid.org\/cp.alfonsodecimo.madrid\/index.php\/author\/cuenta_cp-alfonsodecimo-madrid\/"},"rttpg_comment":0,"rttpg_category":false,"rttpg_excerpt":"OFERTA EDUCATIVA SERVICIOS COMPLEMENTARIOS PROGRAMAS Y PROYECTOS EDUCATIVOS NORMAS DE ORGANIZACI\u00d3N Y FUNCIONAMIENTO TEL\u00c9FONOS Y CORREOS DE CONTACTO ACTIVIDADES COMPLEMENTARIAS Y EXTRAESCOLARES RESULTADO DE LAS PRUEBAS DE EVALUACI\u00d3N EXTERNAS Otras informaciones relevantes: Ubicaci\u00f3n del SAE asignado: SAE Madrid-Capital (escolarizaci\u00f3n ordinaria y NEE)Calle Vitruvio n\u00ba 228006 Madrid 3\u00aa Planta Toda la informaci\u00f3n relativa al proceso de&hellip;","post_mailing_queue_ids":[],"_links":{"self":[{"href":"https:\/\/site.educa.madrid.org\/cp.alfonsodecimo.madrid\/index.php\/wp-json\/wp\/v2\/pages\/2128","targetHints":{"allow":["GET"]}}],"collection":[{"href":"https:\/\/site.educa.madrid.org\/cp.alfonsodecimo.madrid\/index.php\/wp-json\/wp\/v2\/pages"}],"about":[{"href":"https:\/\/site.educa.madrid.org\/cp.alfonsodecimo.madrid\/index.php\/wp-json\/wp\/v2\/types\/page"}],"author":[{"embeddable":true,"href":"https:\/\/site.educa.madrid.org\/cp.alfonsodecimo.madrid\/index.php\/wp-json\/wp\/v2\/users\/3"}],"replies":[{"embeddable":true,"href":"https:\/\/site.educa.madrid.org\/cp.alfonsodecimo.madrid\/index.php\/wp-json\/wp\/v2\/comments?post=2128"}],"version-history":[{"count":15,"href":"https:\/\/site.educa.madrid.org\/cp.alfonsodecimo.madrid\/index.php\/wp-json\/wp\/v2\/pages\/2128\/revisions"}],"predecessor-version":[{"id":3133,"href":"https:\/\/site.educa.madrid.org\/cp.alfonsodecimo.madrid\/index.php\/wp-json\/wp\/v2\/pages\/2128\/revisions\/3133"}],"wp:attachment":[{"href":"https:\/\/site.educa.madrid.org\/cp.alfonsodecimo.madrid\/index.php\/wp-json\/wp\/v2\/media?parent=2128"}],"wp:term":[{"taxonomy":"folder","embeddable":true,"href":"https:\/\/site.educa.madrid.org\/cp.alfonsodecimo.madrid\/index.php\/wp-json\/wp\/v2\/folder?post=2128"}],"curies":[{"name":"wp","href":"https:\/\/api.w.org\/{rel}","templated":true}]}}