{"id":2264,"date":"2024-04-03T22:48:47","date_gmt":"2024-04-03T20:48:47","guid":{"rendered":"https:\/\/site.educa.madrid.org\/cp.alfonsodecimo.madrid\/?page_id=2264"},"modified":"2026-05-03T22:52:35","modified_gmt":"2026-05-03T20:52:35","slug":"proceso-de-admision-3-12-anos","status":"publish","type":"page","link":"https:\/\/site.educa.madrid.org\/cp.alfonsodecimo.madrid\/index.php\/secretaria\/proceso-de-admision\/proceso-de-admision-3-12-anos\/","title":{"rendered":"Proceso de admisi\u00f3n 2\u00ba ciclo Infantil, Primaria y 1\u00ba ESO (3-14 a\u00f1os)"},"content":{"rendered":"\n<p class=\"has-vivid-red-color has-cyan-bluish-gray-background-color has-text-color has-background has-link-color wp-elements-b18851787401bb34d54744153725813a\"><strong>PROCESO DE ADMISI\u00d3N EXTRAORDINARIO<\/strong><\/p>\n\n\n\n<p>La solicitud&nbsp;podr\u00e1 presentarse de forma presencial o telem\u00e1tica&nbsp;<strong>hasta el 14&nbsp;de mayo de 2026,<\/strong>&nbsp;en alguno de los centros en los que existan plazas vacantes para el curso de la etapa solicitado o, presencialmente, en el Servicio de Apoyo a la Escolarizaci\u00f3n&nbsp;que corresponda.<\/p>\n\n\n\n<p>Acceso al proceso de admisi\u00f3n extraordinario para el curso 2025-2026: <a href=\"https:\/\/www.comunidad.madrid\/servicios\/educacion\/solicita-tu-admision-educacion-infantil-obligatoria-bachillerato\">https:\/\/www.comunidad.madrid\/servicios\/educacion\/solicita-tu-admision-educacion-infantil-obligatoria-bachillerato<\/a><\/p>\n\n\n\n<p class=\"has-vivid-red-color has-cyan-bluish-gray-background-color has-text-color has-background\"><strong>PROCESO DE ADMISI\u00d3N ORDINARIO<\/strong><\/p>\n\n\n\n<p><strong>INFORMACI\u00d3N PROCESO DE ADMISI\u00d3N 2026-2027 R\u00c9GIMEN GENERAL<\/strong><\/p>\n\n\n\n<p>Se abre el plazo de presentaci\u00f3n de solicitudes para participar en el proceso de admisi\u00f3n para el curso 2026\/2027. El plazo para la presentaci\u00f3n de solicitudes para el curso 2026\/2027 comprender\u00e1<strong>&nbsp;del 11 al 25 de marzo de 2026, ambas fechas inclusive.<\/strong><\/p>\n\n\n\n<p>Deben participar en el proceso de admisi\u00f3n y presentar solicitud para el curso 2026\/2027 los siguientes alumnos:<\/p>\n\n\n\n<ul class=\"wp-block-list\">\n<li>Los&nbsp;<strong>que deseen acceder por primera vez a centros que imparten Educaci\u00f3n Infantil (3-6 a\u00f1os) o Educaci\u00f3n Primaria  y Educaci\u00f3n Secundaria o a centros de Educaci\u00f3n Especial sostenidos con fondos p\u00fablicos<\/strong>&nbsp;en el curso 2026\/2027.<\/li>\n\n\n\n<li>Los<strong>&nbsp;alumnos que deseen cambiar de centro&nbsp;<\/strong>en cualquiera de los niveles y ense\u00f1anzas.<\/li>\n<\/ul>\n\n\n\n<p>Se podr\u00e1n utilizar dos v\u00edas para presentar la solicitud:<\/p>\n\n\n\n<ul class=\"wp-block-list\">\n<li><strong>Entrega telem\u00e1tica<\/strong>, a trav\u00e9s de la Secretaria virtual del sistema de gesti\u00f3n RA\u00cdCES&nbsp;<a href=\"https:\/\/raices.madrid.org\/secretariavirtual\/\">https:\/\/raices.madrid.org\/secretariavirtual\/<\/a>&nbsp;o p\u00e1gina web de la Comunidad de Madrid,&nbsp;<a href=\"http:\/\/comunidad.madrid\/url\/admision-educacion\">comunidad.madrid\/url\/admision-educacion<\/a>.<\/li>\n<\/ul>\n\n\n\n<p>Para entregar la documentaci\u00f3n telem\u00e1ticamente se necesita:<br>\u2013 disponer de&nbsp;<strong>certificado digital;<\/strong><br>\u2013 entrar en el sistema de<strong>&nbsp;identificaci\u00f3n electr\u00f3nica cl@ve;<\/strong><br>\u2013 o&nbsp;<strong>registrarse en el sistema inform\u00e1tico;<\/strong><br>\u2013 o a trav\u00e9s de la&nbsp;<strong>validaci\u00f3n de credenciales de la aplicaci\u00f3n Roble\/Ra\u00edces.<\/strong><\/p>\n\n\n\n<p>Las solicitudes&nbsp;<strong>ir\u00e1n dirigidas al centro elegido en primer lugar. \u00danicamente podr\u00e1 presentarse una solicitud de admisi\u00f3n por cada alumno.<\/strong><\/p>\n\n\n\n<ul class=\"wp-block-list\">\n<li><strong>Entrega presencial<\/strong>:<\/li>\n<\/ul>\n\n\n\n<p>Este medio de presentaci\u00f3n<strong>&nbsp;se utilizar\u00e1 solo cuando sea imposible realizarse de forma telem\u00e1tica.&nbsp;<\/strong>La entrega se har\u00e1&nbsp;<strong>en soporte papel<\/strong>&nbsp;(impreso de)&nbsp;<strong>acudiendo al colegio solicitud elegido en primer lugar. \u00danicamente podr\u00e1 presentarse una solicitud de admisi\u00f3n por cada alumno.<\/strong><\/p>\n\n\n\n<h1 class=\"wp-block-heading has-vivid-red-color has-text-color\">Vacantes<\/h1>\n\n\n\n<p>Las vacantes se publicar\u00e1n&nbsp;<em>el 9 de marzo de 2026:<\/em><\/p>\n\n\n\n<figure class=\"wp-block-table is-style-stripes\"><table><tbody><tr><td><strong>INFANTIL-PRIMARIA<\/strong><\/td><td class=\"has-text-align-center\" data-align=\"center\"><strong>VACANTES ORDINARIAS<\/strong><\/td><td><strong>NCE<\/strong><\/td><td><\/td><td class=\"has-text-align-center\" data-align=\"center\"><strong>N.E.E<\/strong><\/td><td><\/td><\/tr><tr><td>TRES A\u00d1OS<\/td><td class=\"has-text-align-center\" data-align=\"center\">7<\/td><td>0<\/td><td><\/td><td class=\"has-text-align-center\" data-align=\"center\">1<\/td><td><\/td><\/tr><tr><td>CUATRO A\u00d1OS<\/td><td class=\"has-text-align-center\" data-align=\"center\">7<\/td><td>0<\/td><td><\/td><td class=\"has-text-align-center\" data-align=\"center\">1<\/td><td><\/td><\/tr><tr><td>CINCO A\u00d1OS<\/td><td class=\"has-text-align-center\" data-align=\"center\">0<\/td><td>0<\/td><td><\/td><td class=\"has-text-align-center\" data-align=\"center\">0<\/td><td><\/td><\/tr><tr><td>1\u00ba EDUCACI\u00d3N PRIMARIA<\/td><td class=\"has-text-align-center\" data-align=\"center\">0<\/td><td>0<\/td><td><\/td><td class=\"has-text-align-center\" data-align=\"center\">0<\/td><td><\/td><\/tr><tr><td>2\u00ba EDUCACI\u00d3N PRIMARIA<\/td><td class=\"has-text-align-center\" data-align=\"center\">0<\/td><td>0<\/td><td><\/td><td class=\"has-text-align-center\" data-align=\"center\">0<\/td><td><\/td><\/tr><tr><td>3\u00ba EDUCACI\u00d3N PRIMARIA<\/td><td class=\"has-text-align-center\" data-align=\"center\">0<\/td><td>0<\/td><td><\/td><td class=\"has-text-align-center\" data-align=\"center\">0<\/td><\/tr><tr><td>4\u00ba EDUCACI\u00d3N PRIMARIA<\/td><td class=\"has-text-align-center\" data-align=\"center\">1<\/td><td>0<\/td><td><\/td><td class=\"has-text-align-center\" data-align=\"center\">0<\/td><td><\/td><\/tr><tr><td>5\u00ba EDUCACI\u00d3N PRIMARIA<\/td><td class=\"has-text-align-center\" data-align=\"center\">0<\/td><td>0<\/td><td><\/td><td class=\"has-text-align-center\" data-align=\"center\">0<\/td><td><\/td><\/tr><tr><td>6\u00ba EDUCACI\u00d3N PRIMARIA<\/td><td class=\"has-text-align-center\" data-align=\"center\">0<\/td><td>0<\/td><td><\/td><td class=\"has-text-align-center\" data-align=\"center\">0<\/td><td><\/td><\/tr><tr><td>1\u00ba ESO<\/td><td class=\"has-text-align-center\" data-align=\"center\">6<\/td><td>0<\/td><td><\/td><td class=\"has-text-align-center\" data-align=\"center\">2<\/td><td><\/td><\/tr><\/tbody><\/table><figcaption class=\"wp-element-caption\"><a href=\"https:\/\/site.educa.madrid.org\/cp.alfonsodecimo.madrid\/\/wp-content\/uploads\/cp.alfonsodecimo.madrid\/2026\/05\/Anexo_I._Plazas_vacantes_ofertadas_Trabajo-3.pdf\" target=\"_blank\" rel=\"noreferrer noopener\">Anexo I Plazas vacantes ofertadas<\/a> <a href=\"https:\/\/site.educa.madrid.org\/cp.alfonsodecimo.madrid\/\/wp-content\/uploads\/cp.alfonsodecimo.madrid\/2026\/05\/DILIGENCIA.pdf\" target=\"_blank\" rel=\"noreferrer noopener\">Diligencia<\/a><\/figcaption><\/figure>\n\n\n\n<h1 class=\"wp-block-heading has-vivid-red-color has-text-color\">Proceso de admisi\u00f3n<\/h1>\n\n\n\n<p>Se adjunta la Resoluci\u00f3n conjunta de las Viceconsejer\u00edas de Pol\u00edtica educativa y de Organizaci\u00f3n educativa por la que se dictan instrucciones sobre la participaci\u00f3n en el&nbsp;proceso de admisi\u00f3n de alumnos en centros docentes sostenidos con fondos p\u00fablicos que imparten segundo ciclo de educaci\u00f3n infantil, educaci\u00f3n primaria, educaci\u00f3n especial, educaci\u00f3n secundaria obligatoria y bachillerato&nbsp;de la Comunidad de Madrid para el curso 2026\/2027.<\/p>\n\n\n\n<p><strong>CALENDARIO DE ACTUACIONES PARA EL PROCESO ORDINARIO DE ADMISI\u00d3N DE ALUMNOS PARA EL CURSO 2025\/2026<\/strong><\/p>\n\n\n\n<figure class=\"wp-block-table is-style-stripes\"><table><tbody><tr><td><strong>ACTUACIONES A REALIZAR, PERFILES Y RESPONSABLES<\/strong><\/td><td><strong>Fecha<\/strong><\/td><td><\/td><\/tr><tr><td>Plazo de presentaci\u00f3n de solicitudes para el proceso de admisi\u00f3n. Las solicitudes se presentar\u00e1n telem\u00e1ticamente salvo caso de imposibilidad t\u00e9cnica por parte de las familias en cuyo caso se presentar\u00e1n en el primer centro incluido en la solicitud.<\/td><td>Del 11 al 25 de marzo de 2026<\/td><td><\/td><\/tr><tr><td>Celebraci\u00f3n del sorteo para resolver empates por la Consejer\u00eda de&nbsp;Educaci\u00f3n y Juventud<\/td><td>8 de abril de 2026<\/td><td><\/td><\/tr><tr><td>Se hacen p\u00fablicos a trav\u00e9s de la Secretar\u00eda Virtual y la p\u00e1gina web de los centros los listados provisionales de todos los alumnos que han solicitado el centro en primera opci\u00f3n. Los SAE responsables de la escolarizaci\u00f3n de los alumnos con NEE elaboran el listado de solicitudes de admisi\u00f3n recibidas para dicho perfil.<\/td><td>14 abril de 2026<\/td><td><\/td><\/tr><tr><td>Plazo de reclamaciones a trav\u00e9s de la Secretar\u00eda Virtual a los listados provisionales de alumnos solicitantes presentados por v\u00eda telem\u00e1tica. Las&nbsp;reclamaciones surtir\u00e1n efecto a trav\u00e9s de la publicaci\u00f3n del listado provisional de solicitudes baremadas.<\/td><td>15, 16 y 17 de abril de 2026<\/td><td><\/td><\/tr><tr><td>Se hace p\u00fablica a trav\u00e9s de la Secretar\u00eda Virtual y la p\u00e1gina web de los centros la informaci\u00f3n provisional con la puntuaci\u00f3n obtenida por los solicitantes de plazas ordinarias que incluir\u00e1 el resultado de las reclamaciones presentadas al listado de solicitantes. La puntuaci\u00f3n de cada solicitud incluir\u00e1 la correspondiente al centro solicitado en primera&nbsp;opci\u00f3n as\u00ed como en otras opciones.<\/td><td>23 de abril de 2026<\/td><td><\/td><\/tr><tr><td>Plazo de reclamaciones a trav\u00e9s de la Secretar\u00eda Virtual o de forma presencial, a las puntuaciones provisionales obtenidas en cada centro incluido en las solicitudes ordinarias&nbsp;de admisi\u00f3n.<\/td><td>24, 27 y 28 de abril de 2026<\/td><td><\/td><\/tr><tr><td>Publicaci\u00f3n del listado definitivo de puntuaci\u00f3n de solicitudes ordinarias baremadas una vez revisadas las reclamaciones recibidas<\/td><td>7 de mayo de 2026<\/td><td><\/td><\/tr><tr><td>Se hace p\u00fablica a trav\u00e9s de la Secretar\u00eda Virtual la informaci\u00f3n<br>sobre los alumnos admitidos en cada centro, ya sean solicitantes de<br>primera opci\u00f3n o solicitantes en otras opciones que hayan obtenido<br>plaza en el mismo.<\/td><td>27 de mayo de 2026<\/td><td><\/td><\/tr><tr><td>Plazo de matriculaci\u00f3n&nbsp;2\u00ba ciclo de Infantil y Primaria<\/td><td>11 al 25 de junio de 2026<\/td><td><\/td><\/tr><tr><td>Plazo de matriculaci\u00f3n 1\u00ba ESO <\/td><td>11 de junio al 3 de julio de 2026<\/td><td><\/td><\/tr><tr><td>Periodo extraordinario 2\u00ba ciclo de Infantil y Primaria<\/td><td>desde el 25 de junio de 2026<\/td><td><\/td><\/tr><tr><td>Periodo extraordinario 1\u00ba ESO<\/td><td>desde el 3 de julio de 2026<\/td><td><\/td><\/tr><\/tbody><\/table><\/figure>\n\n\n\n<p><strong>Ficheros adicionales:<\/strong><br><a href=\"https:\/\/site.educa.madrid.org\/cp.alfonsodecimo.madrid\/\/wp-content\/uploads\/cp.alfonsodecimo.madrid\/2026\/03\/BOCM-20251209-19.pdf\" target=\"_blank\" rel=\"noreferrer noopener\">Resoluci\u00f3n conjunta admisi\u00f3n r\u00e9gimen general segundo ciclo de Educaci\u00f3n Infantil y Educaci\u00f3n Primaria 2026-2027<\/a><\/p>\n\n\n\n<h1 class=\"wp-block-heading has-vivid-red-color has-text-color\">Adscripci\u00f3n a efectos de escolarizaci\u00f3n<\/h1>\n\n\n\n<p>Nos acaban de comunicar desde la DAT Madrid Capital la&nbsp;<strong>adscripci\u00f3n y grupos del curso escolar 2026\/2027<\/strong><\/p>\n\n\n\n<figure class=\"wp-block-table is-style-stripes\"><table><tbody><tr><td><strong>28005003&nbsp; <\/strong> CEIP ALFONSO X EL SABIO<\/td><\/tr><\/tbody><\/table><\/figure>\n\n\n\n<p><strong>Adscripci\u00f3n a efectos de escolarizaci\u00f3n a los siguientes Institutos<\/strong><\/p>\n\n\n\n<figure class=\"wp-block-table is-style-stripes\"><table><tbody><tr><td><strong>28037041<\/strong><\/td><td>IES JOAQUIN RODRIGO<\/td><td><strong>28039891<\/strong><\/td><td>IES VILLABLANCA<\/td><\/tr><\/tbody><\/table><\/figure>\n\n\n\n<p><strong>Unidades funcionales previstas curso 2026\/2027<\/strong><\/p>\n\n\n\n<figure class=\"wp-block-table is-style-stripes\"><table><tbody><tr><td>INFANTIL       <\/td><td><\/td><td><\/td><td>PRIMARIA<\/td><td><\/td><td><\/td><td><\/td><td><\/td><td><\/td><td>SECUNDARIA<\/td><\/tr><tr><td><\/td><td><strong>3A<\/strong><\/td><td><strong>4A<\/strong>&nbsp; &nbsp;&nbsp;<\/td><td><strong>5A<\/strong><\/td><td><strong>1\u00ba<\/strong><\/td><td><strong>2\u00ba<\/strong><\/td><td><strong>3\u00ba<\/strong><\/td><td><strong>4\u00ba<\/strong><\/td><td><strong>5\u00ba<\/strong><\/td><td><strong>6\u00ba<\/strong>                <strong>1\u00baESO<\/strong><\/td><\/tr><tr><td>Unidades funcionales<\/td><td>1<\/td><td>1<\/td><td>1<\/td><td>1<\/td><td>1<\/td><td>1<\/td><td>1<\/td><td>1<\/td><td>1                          1<\/td><\/tr><tr><td><\/td><td><\/td><td><\/td><td><\/td><td><\/td><td><\/td><td><\/td><td><\/td><td><\/td><td><\/td><\/tr><\/tbody><\/table><\/figure>\n\n\n\n<h1 class=\"wp-block-heading has-vivid-red-color has-text-color\">Sorteo de desempate<\/h1>\n\n\n\n<p>En el adjunto pod\u00e9is consultar el&nbsp;RESULTADO DEL SORTEO P\u00daBLICO<br>(Se realizar\u00e1 el 8  de abril de 2026)<\/p>\n\n\n\n<p><a href=\"https:\/\/site.educa.madrid.org\/cp.alfonsodecimo.madrid\/\/wp-content\/uploads\/cp.alfonsodecimo.madrid\/2026\/04\/Resultado_del_sorteo-2.pdf\" target=\"_blank\" rel=\"noreferrer noopener\">Resultado del sorteo<\/a><\/p>\n\n\n\n<h1 class=\"wp-block-heading has-vivid-red-color has-text-color\">Punto complementario del Centro<\/h1>\n\n\n\n<p><strong>Se publicar\u00e1 antes del&nbsp; 11 de&nbsp; marzo del 2026 &nbsp;<\/strong><\/p>\n\n\n\n<p>El d\u00eda 17 de febrero, se celebr\u00f3 el Consejo Escolar para votar el punto adicional para el proceso de admisi\u00f3n para el curso escolar 2026\/2027.<\/p>\n\n\n\n<p><strong>\u00abSe asignar\u00e1 3 puntos complementarios por elegir este centro como primera opci\u00f3n\u00bb<\/strong><\/p>\n\n\n\n<p><a href=\"https:\/\/site.educa.madrid.org\/cp.alfonsodecimo.madrid\/\/wp-content\/uploads\/cp.alfonsodecimo.madrid\/2026\/03\/Documento_de_informacion_basica_sobre_el_proceso_de_admision.pdf\" target=\"_blank\" rel=\"noreferrer noopener\">Circunstancias\/requisitos aprobados por el centro para el criterio complementario de admisi\u00f3n.<\/a><\/p>\n\n\n\n<h1 class=\"wp-block-heading has-vivid-red-color has-text-color\">SAE \u2013 2\u00ba Ciclo Ed. Infantil (3-6 A\u00f1os), Ed. Primaria y Ed. Secundaria<\/h1>\n\n\n\n<p>Este curso 2025\/26, el SAE encargado del segundo ciclo de Ed. Infantil , de la Ed. Primaria y de la Ed. Secundaria es:<\/p>\n\n\n\n<p><strong>SAE Madrid-Capital <\/strong>(escolarizaci\u00f3n ordinaria y NEE)<\/p>\n\n\n\n<p><strong>Calle Vitruvio , n\u00ba 2,<\/strong> <strong>3\u00aa planta<\/strong><\/p>\n\n\n\n<p><strong>28006 \u2013 Madrid<\/strong><\/p>\n\n\n\n<h1 class=\"wp-block-heading has-vivid-red-color has-text-color\">Listado de solicitudes admitidas<\/h1>\n\n\n\n<p>Podr\u00e9is consultar los listados en referencia a las solicitudes presentadas en los centros el d\u00eda&nbsp;14 de abril de 2026 para 2\u00ba ciclo de Educaci\u00f3n Infantil , Primaria y 1\u00baESO.<\/p>\n\n\n\n<p>Para ello pod\u00e9is verlo en la&nbsp;<a href=\"https:\/\/raices.madrid.org\/secretariavirtual\/\">SECRETAR\u00cdA VIRTUAL<\/a>&nbsp;o llamando al centro.<\/p>\n\n\n\n<p>Recordad que si no aparece vuestro hijo\/a ten\u00e9is tres d\u00edas para reclamarlo.<\/p>\n\n\n\n<h1 class=\"wp-block-heading has-vivid-red-color has-text-color\">Baremo CEIP Infantil , Primaria y Secundaria 3 a 14 a\u00f1os<br><\/h1>\n\n\n\n<p>El Decreto 29\/2013 de libertad de elecci\u00f3n de centro escolar en la Comunidad de Madrid modificado por el Decreto 244\/2021 y la Orden 1240\/2013, modificada por la Orden 595\/2022, establecen el maro y el procedimiento general para la admisi\u00f3n de alumnos en centros docentes sostenidos con fondos p\u00fablicos de segundo ciclo de Educaci\u00f3n Infantil, Educaci\u00f3n Primaria.<\/p>\n\n\n\n<p><strong>Baremo de solicitudes para el proceso de admisi\u00f3n para el curso 2026\/2027:<\/strong><\/p>\n\n\n\n<figure class=\"wp-block-table is-style-stripes\"><table><tbody><tr><td><strong>Criterios prioritarios<\/strong><br><br><strong>1. Hermanos matriculados en el centro.<\/strong><\/td><td><\/td><td><\/td><td><\/td><\/tr><tr><td>a. En caso de que haya un hermano matriculado en el centro solicitado:&nbsp; &nbsp;<\/td><td><\/td><td><\/td><td><strong>15 puntos<\/strong><\/td><\/tr><tr><td>b. En caso de que haya dos o m\u00e1s hermanos matriculados en el centro solicitado:<\/td><td><\/td><td><\/td><td><strong>30 puntos<\/strong><\/td><\/tr><tr><td><strong>2. Proximidad del domicilio o lugar de trabajo de los padres o tutores legales del alumno.<\/strong><\/td><td><\/td><td><\/td><td><\/td><\/tr><tr><td>a. Domicilio o lugar de trabajo de uno cualquiera de los padres o tutores legales del alumno situado en el mismo municipio que el centro solicitado:&nbsp;<br><\/td><td><\/td><td><\/td><td><strong>12 puntos<\/strong><\/td><\/tr><tr><td>b. En el caso del municipio de Madrid, adem\u00e1s de la puntuaci\u00f3n obtenida por el apartado anterior, si el domicilio familiar o lugar de trabajo de uno de los padres o tutores legales del alumno est\u00e1 ubicado en el mismo distrito municipal que el centro solicitado:<br><\/td><td><\/td><td><\/td><td><strong>1 punto<\/strong><\/td><\/tr><tr><td>c. Domicilio o lugar de trabajo de uno cualquiera de los padres o tutores legales del alumno situado en un municipio de la Comunidad de Madrid distinto al del centro solicitado:&nbsp;<\/td><td><\/td><td><\/td><td><strong>&nbsp;8 puntos<\/strong><\/td><\/tr><tr><td><strong>3. Renta de la unidad familiar.<\/strong>&nbsp;Alguno de los padres o tutores legales del alumno es beneficiario de la ayuda de la renta m\u00ednima de inserci\u00f3n o del ingreso m\u00ednimo vital:&nbsp; &nbsp;<\/td><td><\/td><td><\/td><td><strong>12 puntos<\/strong><\/td><\/tr><tr><td><strong>Criterios complementarios.<\/strong><\/td><td><\/td><td><\/td><td><\/td><\/tr><tr><td>4. Padres o tutores legales del alumno que trabajen en el mismo centro para el que se solicita plaza:<\/td><td><\/td><td><\/td><td><strong>10 puntos<\/strong><\/td><\/tr><tr><td>5. Alumno solicitante perteneciente a familia numerosa. El concebido no nacido se contabilizar\u00e1 a los efectos de aplicaci\u00f3n del presente criterio de admisi\u00f3n.<\/td><td><\/td><td><\/td><td><\/td><\/tr><tr><td>a. Familia numerosa general:<\/td><td><strong>                       <\/strong><\/td><td><\/td><td><strong>10 puntos<\/strong><\/td><\/tr><tr><td>b. Familia numerosa especial:<\/td><td><\/td><td><\/td><td><strong>11 puntos<\/strong><\/td><\/tr><tr><td>6. Alumno solicitante nacido en parto m\u00faltiple:<\/td><td><\/td><td><\/td><td><strong>3 puntos<\/strong><\/td><\/tr><tr><td>7. Alumno solicitante perteneciente a familia monoparental:<\/td><td><\/td><td><\/td><td><strong>3 puntos<\/strong><\/td><\/tr><tr><td>8. Alumno solicitante en situaci\u00f3n de acogimiento familiar:<\/td><td><\/td><td><\/td><td><strong>3 puntos<\/strong><\/td><\/tr><tr><td>9. Existencia de discapacidad f\u00edsica, ps\u00edquica o sensorial legalmente acreditada del alumno solicitante, de los padres, hermanos o, en su caso, de los tutores legales del alumno:<\/td><td><\/td><td><\/td><td><strong>7 puntos<\/strong><\/td><\/tr><tr><td>10. Condici\u00f3n de v\u00edctima de violencia de g\u00e9nero o de v\u00edctima del terrorismo<\/td><td><\/td><td><\/td><td><strong>2 puntos<\/strong><\/td><\/tr><tr><td>11. Condici\u00f3n de antiguo alumno del propio alumno, de los padres, tutores legales o de alguno de los hermanos del solicitante, en el centro para el que solicita plaza:<\/td><td><\/td><td><\/td><td><strong>4 puntos<\/strong><\/td><\/tr><tr><td>12. Otra circunstancia, que podr\u00e1 ser coincidente con algunos de los restantes criterios de admisi\u00f3n, acordada por el centro seg\u00fan criterios objetivos y que deben ser hechos p\u00fablicos por el centro<\/td><td><\/td><td><\/td><td><strong>3 puntos<\/strong><\/td><\/tr><tr><td><\/td><td><\/td><td><\/td><td><\/td><\/tr><\/tbody><\/table><\/figure>\n\n\n\n<p>Ficheros adicionales<br><a href=\"https:\/\/www.educa2.madrid.org\/web\/educamadrid\/principal\/files\/9ff31b7c-453e-43b5-8fdf-88b5d36d8c00\/BOCM-20220325-22.PDF\">BOCM-20220325-22<\/a><\/p>\n\n\n\n<h1 class=\"wp-block-heading has-vivid-red-color has-text-color\">Proceso de admisi\u00f3n de alumnos en centros sostenidos con fondos p\u00fablicos para el curso escolar 2026\/2027<\/h1>\n\n\n\n<p><strong>INSTRUCCIONES PARA CUMPLIMENTAR Y PRESENTAR LA SOLICITUD DE ADMISI\u00d3N<\/strong><\/p>\n\n\n\n<p>\u00danicamente podr\u00e1 presentarse&nbsp;<strong><em>una solicitud de admisi\u00f3n<\/em>&nbsp;<\/strong>que podr\u00e1 ser tramitada bien de forma telem\u00e1tica o bien de forma presencial en soporte papel. En el caso de que se opte por la presentaci\u00f3n en soporte papel hay que tener en cuenta lo siguiente:<\/p>\n\n\n\n<p>\u2022 La solicitud de admisi\u00f3n debe ser&nbsp;<strong><em>firmada por ambos padres, madres o representantes legales<\/em><\/strong>&nbsp;del alumno, salvo si se acredita la imposibilidad de hacerlo.<\/p>\n\n\n\n<p>\u2022 El impreso de solicitud consta de una hoja informativa y&nbsp;<em><strong>tres ejemplares en papel autocopiativo<\/strong><\/em>. La solicitud quedar\u00e1 inutilizada si se mantiene doblada mientras se rellena o si se efect\u00faa alguna anotaci\u00f3n en papeles colocados sobre dicho impreso.<\/p>\n\n\n\n<p>\u2022 S\u00f3lo se presentar\u00e1&nbsp;<em><strong>una solicitud por cada alumno<\/strong><\/em>. La presentaci\u00f3n de m\u00e1s de una solicitud dar\u00e1 lugar a la anulaci\u00f3n de todas.<\/p>\n\n\n\n<p>\u2022 Rellene los datos con&nbsp;<em><strong>bol\u00edgrafo, utilice letra may\u00fascula y de forma clara<\/strong><\/em>. Ponga una X en las casillas destinadas a este fin.<\/p>\n\n\n\n<p>\u2022<em><strong>&nbsp;Indique el nivel educativo y el curso<\/strong><\/em>&nbsp;para el que solicita plaza escolar, marcando con una X ambos datos.<\/p>\n","protected":false},"excerpt":{"rendered":"<p>PROCESO DE ADMISI\u00d3N EXTRAORDINARIO La solicitud&nbsp;podr\u00e1 presentarse de forma presencial o telem\u00e1tica&nbsp;hasta el 14&nbsp;de mayo de 2026,&nbsp;en alguno de los centros en los que existan plazas vacantes para el curso de la etapa solicitado o, presencialmente, en el Servicio de Apoyo a la Escolarizaci\u00f3n&nbsp;que corresponda. Acceso al proceso de admisi\u00f3n extraordinario para el curso 2025-2026: &hellip; <\/p>\n<p class=\"link-more\"><a href=\"https:\/\/site.educa.madrid.org\/cp.alfonsodecimo.madrid\/index.php\/secretaria\/proceso-de-admision\/proceso-de-admision-3-12-anos\/\" class=\"more-link\">Continuar leyendo<span class=\"screen-reader-text\"> \u00abProceso de admisi\u00f3n 2\u00ba ciclo Infantil, Primaria y 1\u00ba ESO (3-14 a\u00f1os)\u00bb<\/span><\/a><\/p>\n","protected":false},"author":3,"featured_media":0,"parent":184,"menu_order":0,"comment_status":"closed","ping_status":"closed","template":"","meta":{"footnotes":""},"folder":[],"class_list":["post-2264","page","type-page","status-publish","hentry"],"rttpg_featured_image_url":null,"rttpg_author":{"display_name":"cp.alfonsodecimo.madrid","author_link":"https:\/\/site.educa.madrid.org\/cp.alfonsodecimo.madrid\/index.php\/author\/cuenta_cp-alfonsodecimo-madrid\/"},"rttpg_comment":0,"rttpg_category":false,"rttpg_excerpt":"PROCESO DE ADMISI\u00d3N EXTRAORDINARIO La solicitud&nbsp;podr\u00e1 presentarse de forma presencial o telem\u00e1tica&nbsp;hasta el 14&nbsp;de mayo de 2026,&nbsp;en alguno de los centros en los que existan plazas vacantes para el curso de la etapa solicitado o, presencialmente, en el Servicio de Apoyo a la Escolarizaci\u00f3n&nbsp;que corresponda. Acceso al proceso de admisi\u00f3n extraordinario para el curso 2025-2026:&hellip;","post_mailing_queue_ids":[],"_links":{"self":[{"href":"https:\/\/site.educa.madrid.org\/cp.alfonsodecimo.madrid\/index.php\/wp-json\/wp\/v2\/pages\/2264","targetHints":{"allow":["GET"]}}],"collection":[{"href":"https:\/\/site.educa.madrid.org\/cp.alfonsodecimo.madrid\/index.php\/wp-json\/wp\/v2\/pages"}],"about":[{"href":"https:\/\/site.educa.madrid.org\/cp.alfonsodecimo.madrid\/index.php\/wp-json\/wp\/v2\/types\/page"}],"author":[{"embeddable":true,"href":"https:\/\/site.educa.madrid.org\/cp.alfonsodecimo.madrid\/index.php\/wp-json\/wp\/v2\/users\/3"}],"replies":[{"embeddable":true,"href":"https:\/\/site.educa.madrid.org\/cp.alfonsodecimo.madrid\/index.php\/wp-json\/wp\/v2\/comments?post=2264"}],"version-history":[{"count":33,"href":"https:\/\/site.educa.madrid.org\/cp.alfonsodecimo.madrid\/index.php\/wp-json\/wp\/v2\/pages\/2264\/revisions"}],"predecessor-version":[{"id":3181,"href":"https:\/\/site.educa.madrid.org\/cp.alfonsodecimo.madrid\/index.php\/wp-json\/wp\/v2\/pages\/2264\/revisions\/3181"}],"up":[{"embeddable":true,"href":"https:\/\/site.educa.madrid.org\/cp.alfonsodecimo.madrid\/index.php\/wp-json\/wp\/v2\/pages\/184"}],"wp:attachment":[{"href":"https:\/\/site.educa.madrid.org\/cp.alfonsodecimo.madrid\/index.php\/wp-json\/wp\/v2\/media?parent=2264"}],"wp:term":[{"taxonomy":"folder","embeddable":true,"href":"https:\/\/site.educa.madrid.org\/cp.alfonsodecimo.madrid\/index.php\/wp-json\/wp\/v2\/folder?post=2264"}],"curies":[{"name":"wp","href":"https:\/\/api.w.org\/{rel}","templated":true}]}}