{"id":300,"date":"2022-05-31T12:11:15","date_gmt":"2022-05-31T10:11:15","guid":{"rendered":"https:\/\/site.educa.madrid.org\/cp.alfonsodecimo.madrid\/?page_id=300"},"modified":"2022-07-11T11:51:11","modified_gmt":"2022-07-11T09:51:11","slug":"servicios-y-actividades","status":"publish","type":"page","link":"https:\/\/site.educa.madrid.org\/cp.alfonsodecimo.madrid\/index.php\/servicios-y-actividades\/","title":{"rendered":"Servicios y actividades"},"content":{"rendered":"\n<figure class=\"wp-block-gallery has-nested-images columns-default is-cropped wp-block-gallery-1 is-layout-flex wp-block-gallery-is-layout-flex\">\n<figure class=\"wp-block-image size-large\"><img loading=\"lazy\" decoding=\"async\" width=\"1024\" height=\"683\" data-id=\"510\" src=\"https:\/\/site.educa.madrid.org\/cp.alfonsodecimo.madrid\/\/wp-content\/uploads\/cp.alfonsodecimo.madrid\/2022\/06\/myles-tan-WNAO036c6FM-unsplash-1-1024x683.jpg\" alt=\"Ni\u00f1o columpi\u00e1ndose\" class=\"wp-image-510\" srcset=\"https:\/\/site.educa.madrid.org\/cp.alfonsodecimo.madrid\/\/wp-content\/uploads\/cp.alfonsodecimo.madrid\/2022\/06\/myles-tan-WNAO036c6FM-unsplash-1-1024x683.jpg 1024w, https:\/\/site.educa.madrid.org\/cp.alfonsodecimo.madrid\/\/wp-content\/uploads\/cp.alfonsodecimo.madrid\/2022\/06\/myles-tan-WNAO036c6FM-unsplash-1-300x200.jpg 300w, https:\/\/site.educa.madrid.org\/cp.alfonsodecimo.madrid\/\/wp-content\/uploads\/cp.alfonsodecimo.madrid\/2022\/06\/myles-tan-WNAO036c6FM-unsplash-1-768x512.jpg 768w, https:\/\/site.educa.madrid.org\/cp.alfonsodecimo.madrid\/\/wp-content\/uploads\/cp.alfonsodecimo.madrid\/2022\/06\/myles-tan-WNAO036c6FM-unsplash-1-391x260.jpg 391w, https:\/\/site.educa.madrid.org\/cp.alfonsodecimo.madrid\/\/wp-content\/uploads\/cp.alfonsodecimo.madrid\/2022\/06\/myles-tan-WNAO036c6FM-unsplash-1-1536x1024.jpg 1536w, https:\/\/site.educa.madrid.org\/cp.alfonsodecimo.madrid\/\/wp-content\/uploads\/cp.alfonsodecimo.madrid\/2022\/06\/myles-tan-WNAO036c6FM-unsplash-1-272x182.jpg 272w, https:\/\/site.educa.madrid.org\/cp.alfonsodecimo.madrid\/\/wp-content\/uploads\/cp.alfonsodecimo.madrid\/2022\/06\/myles-tan-WNAO036c6FM-unsplash-1.jpg 1920w\" sizes=\"auto, (max-width: 767px) 89vw, (max-width: 1000px) 54vw, (max-width: 1071px) 543px, 580px\" \/><\/figure>\n\n\n\n<figure class=\"wp-block-image size-large\"><img loading=\"lazy\" decoding=\"async\" width=\"1024\" height=\"683\" data-id=\"346\" src=\"https:\/\/site.educa.madrid.org\/cp.alfonsodecimo.madrid\/\/wp-content\/uploads\/cp.alfonsodecimo.madrid\/2022\/05\/artem-kniaz-DqgMHzeio7g-unsplash-1024x683.jpg\" alt=\"Varios ni\u00f1os jugando y sosteniendo una bandera de colores\" class=\"wp-image-346\" srcset=\"https:\/\/site.educa.madrid.org\/cp.alfonsodecimo.madrid\/\/wp-content\/uploads\/cp.alfonsodecimo.madrid\/2022\/05\/artem-kniaz-DqgMHzeio7g-unsplash-1024x683.jpg 1024w, https:\/\/site.educa.madrid.org\/cp.alfonsodecimo.madrid\/\/wp-content\/uploads\/cp.alfonsodecimo.madrid\/2022\/05\/artem-kniaz-DqgMHzeio7g-unsplash-300x200.jpg 300w, https:\/\/site.educa.madrid.org\/cp.alfonsodecimo.madrid\/\/wp-content\/uploads\/cp.alfonsodecimo.madrid\/2022\/05\/artem-kniaz-DqgMHzeio7g-unsplash-768x512.jpg 768w, https:\/\/site.educa.madrid.org\/cp.alfonsodecimo.madrid\/\/wp-content\/uploads\/cp.alfonsodecimo.madrid\/2022\/05\/artem-kniaz-DqgMHzeio7g-unsplash-391x260.jpg 391w, https:\/\/site.educa.madrid.org\/cp.alfonsodecimo.madrid\/\/wp-content\/uploads\/cp.alfonsodecimo.madrid\/2022\/05\/artem-kniaz-DqgMHzeio7g-unsplash-1536x1024.jpg 1536w, https:\/\/site.educa.madrid.org\/cp.alfonsodecimo.madrid\/\/wp-content\/uploads\/cp.alfonsodecimo.madrid\/2022\/05\/artem-kniaz-DqgMHzeio7g-unsplash-272x182.jpg 272w, https:\/\/site.educa.madrid.org\/cp.alfonsodecimo.madrid\/\/wp-content\/uploads\/cp.alfonsodecimo.madrid\/2022\/05\/artem-kniaz-DqgMHzeio7g-unsplash.jpg 1920w\" sizes=\"auto, (max-width: 767px) 89vw, (max-width: 1000px) 54vw, (max-width: 1071px) 543px, 580px\" \/><\/figure>\n\n\n\n<figure class=\"wp-block-image size-large\"><img loading=\"lazy\" decoding=\"async\" width=\"1024\" height=\"678\" data-id=\"345\" src=\"https:\/\/site.educa.madrid.org\/cp.alfonsodecimo.madrid\/\/wp-content\/uploads\/cp.alfonsodecimo.madrid\/2022\/05\/kelly-sikkema-JRVxgAkzIsM-unsplash-1024x678.jpg\" alt=\"Un ni\u00f1o jugando con unos bloques de construcci\u00f3n Lego\" class=\"wp-image-345\" srcset=\"https:\/\/site.educa.madrid.org\/cp.alfonsodecimo.madrid\/\/wp-content\/uploads\/cp.alfonsodecimo.madrid\/2022\/05\/kelly-sikkema-JRVxgAkzIsM-unsplash-1024x678.jpg 1024w, https:\/\/site.educa.madrid.org\/cp.alfonsodecimo.madrid\/\/wp-content\/uploads\/cp.alfonsodecimo.madrid\/2022\/05\/kelly-sikkema-JRVxgAkzIsM-unsplash-300x199.jpg 300w, https:\/\/site.educa.madrid.org\/cp.alfonsodecimo.madrid\/\/wp-content\/uploads\/cp.alfonsodecimo.madrid\/2022\/05\/kelly-sikkema-JRVxgAkzIsM-unsplash-768x509.jpg 768w, https:\/\/site.educa.madrid.org\/cp.alfonsodecimo.madrid\/\/wp-content\/uploads\/cp.alfonsodecimo.madrid\/2022\/05\/kelly-sikkema-JRVxgAkzIsM-unsplash-391x260.jpg 391w, https:\/\/site.educa.madrid.org\/cp.alfonsodecimo.madrid\/\/wp-content\/uploads\/cp.alfonsodecimo.madrid\/2022\/05\/kelly-sikkema-JRVxgAkzIsM-unsplash-1536x1018.jpg 1536w, https:\/\/site.educa.madrid.org\/cp.alfonsodecimo.madrid\/\/wp-content\/uploads\/cp.alfonsodecimo.madrid\/2022\/05\/kelly-sikkema-JRVxgAkzIsM-unsplash.jpg 1920w\" sizes=\"auto, (max-width: 767px) 89vw, (max-width: 1000px) 54vw, (max-width: 1071px) 543px, 580px\" \/><\/figure>\n\n\n\n<figure class=\"wp-block-image size-large\"><img loading=\"lazy\" decoding=\"async\" width=\"1024\" height=\"683\" data-id=\"401\" src=\"https:\/\/site.educa.madrid.org\/cp.alfonsodecimo.madrid\/\/wp-content\/uploads\/cp.alfonsodecimo.madrid\/2022\/06\/phil-hearing-cylPETXS7is-unsplash-1024x683.jpg\" alt=\"una mano de ni\u00f1o pintada con pintura azul\" class=\"wp-image-401\" srcset=\"https:\/\/site.educa.madrid.org\/cp.alfonsodecimo.madrid\/\/wp-content\/uploads\/cp.alfonsodecimo.madrid\/2022\/06\/phil-hearing-cylPETXS7is-unsplash-1024x683.jpg 1024w, https:\/\/site.educa.madrid.org\/cp.alfonsodecimo.madrid\/\/wp-content\/uploads\/cp.alfonsodecimo.madrid\/2022\/06\/phil-hearing-cylPETXS7is-unsplash-300x200.jpg 300w, https:\/\/site.educa.madrid.org\/cp.alfonsodecimo.madrid\/\/wp-content\/uploads\/cp.alfonsodecimo.madrid\/2022\/06\/phil-hearing-cylPETXS7is-unsplash-768x512.jpg 768w, https:\/\/site.educa.madrid.org\/cp.alfonsodecimo.madrid\/\/wp-content\/uploads\/cp.alfonsodecimo.madrid\/2022\/06\/phil-hearing-cylPETXS7is-unsplash-391x260.jpg 391w, https:\/\/site.educa.madrid.org\/cp.alfonsodecimo.madrid\/\/wp-content\/uploads\/cp.alfonsodecimo.madrid\/2022\/06\/phil-hearing-cylPETXS7is-unsplash-1536x1024.jpg 1536w, https:\/\/site.educa.madrid.org\/cp.alfonsodecimo.madrid\/\/wp-content\/uploads\/cp.alfonsodecimo.madrid\/2022\/06\/phil-hearing-cylPETXS7is-unsplash-272x182.jpg 272w, https:\/\/site.educa.madrid.org\/cp.alfonsodecimo.madrid\/\/wp-content\/uploads\/cp.alfonsodecimo.madrid\/2022\/06\/phil-hearing-cylPETXS7is-unsplash.jpg 1920w\" sizes=\"auto, (max-width: 767px) 89vw, (max-width: 1000px) 54vw, (max-width: 1071px) 543px, 580px\" \/><\/figure>\n<\/figure>\n\n\n\n<p>Adem\u00e1s de las ense\u00f1anzas acad\u00e9micas, hacemos una firme apuesta por una variedad de actividades complementarias y extraescolares, as\u00ed como ponemos a disposici\u00f3n de los alumnos los servicios de refuerzo educativo y talleres que enriquecer\u00e1n a\u00fan m\u00e1s su formaci\u00f3n.<\/p>\n\n\n\n<p><\/p>\n","protected":false},"excerpt":{"rendered":"<p>Adem\u00e1s de las ense\u00f1anzas acad\u00e9micas, hacemos una firme apuesta por una variedad de actividades complementarias y extraescolares, as\u00ed como ponemos a disposici\u00f3n de los alumnos los servicios de refuerzo educativo y talleres que enriquecer\u00e1n a\u00fan m\u00e1s su formaci\u00f3n.<\/p>\n","protected":false},"author":6,"featured_media":0,"parent":0,"menu_order":0,"comment_status":"closed","ping_status":"closed","template":"page-with-submenu.php","meta":{"footnotes":""},"folder":[],"class_list":["post-300","page","type-page","status-publish","hentry"],"rttpg_featured_image_url":null,"rttpg_author":{"display_name":"Cuenta Admin-educamadrid","author_link":"https:\/\/site.educa.madrid.org\/cp.alfonsodecimo.madrid\/index.php\/author\/cuenta_admin-educamadrid\/"},"rttpg_comment":0,"rttpg_category":false,"rttpg_excerpt":"Adem\u00e1s de las ense\u00f1anzas acad\u00e9micas, hacemos una firme apuesta por una variedad de actividades complementarias y extraescolares, as\u00ed como ponemos a disposici\u00f3n de los alumnos los servicios de refuerzo educativo y talleres que enriquecer\u00e1n a\u00fan m\u00e1s su formaci\u00f3n.","post_mailing_queue_ids":[],"_links":{"self":[{"href":"https:\/\/site.educa.madrid.org\/cp.alfonsodecimo.madrid\/index.php\/wp-json\/wp\/v2\/pages\/300","targetHints":{"allow":["GET"]}}],"collection":[{"href":"https:\/\/site.educa.madrid.org\/cp.alfonsodecimo.madrid\/index.php\/wp-json\/wp\/v2\/pages"}],"about":[{"href":"https:\/\/site.educa.madrid.org\/cp.alfonsodecimo.madrid\/index.php\/wp-json\/wp\/v2\/types\/page"}],"author":[{"embeddable":true,"href":"https:\/\/site.educa.madrid.org\/cp.alfonsodecimo.madrid\/index.php\/wp-json\/wp\/v2\/users\/6"}],"replies":[{"embeddable":true,"href":"https:\/\/site.educa.madrid.org\/cp.alfonsodecimo.madrid\/index.php\/wp-json\/wp\/v2\/comments?post=300"}],"version-history":[{"count":14,"href":"https:\/\/site.educa.madrid.org\/cp.alfonsodecimo.madrid\/index.php\/wp-json\/wp\/v2\/pages\/300\/revisions"}],"predecessor-version":[{"id":848,"href":"https:\/\/site.educa.madrid.org\/cp.alfonsodecimo.madrid\/index.php\/wp-json\/wp\/v2\/pages\/300\/revisions\/848"}],"wp:attachment":[{"href":"https:\/\/site.educa.madrid.org\/cp.alfonsodecimo.madrid\/index.php\/wp-json\/wp\/v2\/media?parent=300"}],"wp:term":[{"taxonomy":"folder","embeddable":true,"href":"https:\/\/site.educa.madrid.org\/cp.alfonsodecimo.madrid\/index.php\/wp-json\/wp\/v2\/folder?post=300"}],"curies":[{"name":"wp","href":"https:\/\/api.w.org\/{rel}","templated":true}]}}