{"id":797,"date":"2022-06-23T13:49:54","date_gmt":"2022-06-23T11:49:54","guid":{"rendered":"https:\/\/site.educa.madrid.org\/cp.alfonsodecimo.madrid\/?page_id=797"},"modified":"2026-05-03T22:48:04","modified_gmt":"2026-05-03T20:48:04","slug":"planes","status":"publish","type":"page","link":"https:\/\/site.educa.madrid.org\/cp.alfonsodecimo.madrid\/index.php\/proyectos\/planes\/","title":{"rendered":"Planes"},"content":{"rendered":"\n<h2 class=\"wp-block-heading has-vivid-red-color has-text-color\">Nuestro plan de convivencia<\/h2>\n\n\n\n<p>Nuestro plan de convivencia est\u00e1 elaborado de acuerdo con el marco que rige las relaciones humanas en el centro, construido por toda la comunidad. Est\u00e1 elaborado por la comisi\u00f3n de convivencia del Consejo Escolar con la participaci\u00f3n efectiva de toda la comunidad educativa a trav\u00e9s de un di\u00e1logo compartido, toma de decisiones conjuntas y acciones de evaluaci\u00f3n de acuerdo con lo dispuesto en el art\u00edculo 12 del Decreto 32\/2019 de la Comunidad de Madrid, de 9 de abril por el que se establece el marco regulador de la convivencia en los centros docentes de la Comunidad de Madrid.<\/p>\n\n\n\n<p>El Plan de Convivencia ha sido aprobado por el director del centro, siendo informado previamente el Claustro de profesores y el Consejo Escolar, que se ocupar\u00e1 de realizar el seguimiento y la evaluaci\u00f3n anual de dicho plan.<\/p>\n\n\n\n<p><strong><em>Plan de Convivencia<\/em><\/strong><\/p>\n\n\n\n<p>Este documento est\u00e1 en proceso de actualizaci\u00f3n durante este curso escolar.<\/p>\n\n\n\n<p>Todos los cambios que se est\u00e1n haciendo en \u00e9l, as\u00ed como sus actualizaciones y mejoras, est\u00e1n orientadas a su implementaci\u00f3n en el pr\u00f3ximo curso 2025\/2026<\/p>\n\n\n\n<p><br><a href=\"https:\/\/site.educa.madrid.org\/cp.alfonsodecimo.madrid\/\/wp-content\/uploads\/cp.alfonsodecimo.madrid\/2025\/12\/PLAN-DE-CONVIVENCIA.pdf\" target=\"_blank\" rel=\"noreferrer noopener\">Plan de Convivencia<\/a><\/p>\n\n\n\n<h2 class=\"wp-block-heading has-vivid-red-color has-text-color\">Nuestro plan de autoprotecci\u00f3n<\/h2>\n\n\n\n<p><a href=\"https:\/\/site.educa.madrid.org\/cp.alfonsodecimo.madrid\/\/wp-content\/uploads\/cp.alfonsodecimo.madrid\/2025\/11\/PLAN-DE-AUTOPROTECCION.pdf\" target=\"_blank\" rel=\"noreferrer noopener\">Plan de Autoprotecci\u00f3n<\/a><\/p>\n\n\n\n<h2 class=\"wp-block-heading has-vivid-red-color has-text-color\">Plan de acogida<\/h2>\n\n\n\n<p>El&nbsp;<strong>Plan de Acogida<\/strong>&nbsp;es un protocolo de actuaciones cuyo&nbsp;<strong>objetivo es facilitar la integraci\u00f3n<\/strong>&nbsp;<strong>de los nuevos miembros de la Comunidad Educativa en el centro escolar<\/strong>, ya sea alumnado, profesorado o familias.<\/p>\n\n\n\n<p>El Plan de Acogida de nuestro centro forma parte del Plan de Convivencia y recoge los dos principios en los que se basa la gesti\u00f3n de la convivencia en nuestro instituto: l<strong>a participaci\u00f3n y la inclusi\u00f3n de todos los miembros de la comunidad educativa<\/strong>. En este Plan la participaci\u00f3n es al tiempo un objetivo y una metodolog\u00eda de trabajo.<\/p>\n\n\n\n<p><a href=\"https:\/\/site.educa.madrid.org\/cp.alfonsodecimo.madrid\/\/wp-content\/uploads\/cp.alfonsodecimo.madrid\/2025\/03\/PLAN-DE-ACOGIDA-CEIP-ALFONSO-X-EL-SABIO-2024-2025.pdf\" target=\"_blank\" rel=\"noreferrer noopener\">Plan de acogida<\/a><\/p>\n\n\n\n<h2 class=\"wp-block-heading has-vivid-red-color has-text-color\">Plan Incluyo<\/h2>\n\n\n\n<p>El&nbsp;<strong>Plan Incluyo<\/strong>&nbsp; es el documento en el que se recogen las&nbsp;<strong>medidas organizativas, preventivas y de intervenci\u00f3n<\/strong>&nbsp;que adopta el centro para facilitar el acceso al curr\u00edculo del alumnado, en funci\u00f3n de sus necesidades y caracter\u00edsticas, con objeto de contribuir a la superaci\u00f3n de las dificultades que presente. Ha de contemplar, entre otros aspectos, los&nbsp;<strong>procedimientos, protocolos y plazos<\/strong>&nbsp;para llevarlas a cabo en diferentes situaciones educativas.<\/p>\n\n\n\n<p>Este plan se incorporar\u00e1 al Proyecto Educativo de Centro y su concreci\u00f3n se incluir\u00e1 en la Programaci\u00f3n General Anual. Asimismo, este documento tiene relaci\u00f3n con otros dos instrumentos incluidos en el Proyecto Educativo y que contribuyen a la atenci\u00f3n a las diferencias individuales de forma ordinaria, como son el Plan de Acci\u00f3n Tutorial y Plan de Orientaci\u00f3n Acad\u00e9mica y Profesional. La Comisi\u00f3n de Coordinaci\u00f3n Pedag\u00f3gica ser\u00e1 conocedora del mismo y aprobar\u00e1 las l\u00edneas generales de dichos documentos. Los departamentos did\u00e1cticos incluir\u00e1n en sus programaciones un apartado dedicado a la atenci\u00f3n a las diferencias individuales, dentro del cual se recoger\u00e1n los aspectos generales que compete a la organizaci\u00f3n de las medidas que se plantean en este documento.<\/p>\n\n\n\n<p><a href=\"https:\/\/site.educa.madrid.org\/cp.alfonsodecimo.madrid\/\/wp-content\/uploads\/cp.alfonsodecimo.madrid\/2024\/10\/PLAN-INCLUYO-23-24.pdf\" target=\"_blank\" rel=\"noreferrer noopener\">Plan Incluyo<\/a><\/p>\n\n\n\n<h2 class=\"wp-block-heading has-vivid-red-color has-text-color\">Plan TIC<\/h2>\n\n\n\n<p><a href=\"https:\/\/site.educa.madrid.org\/cp.alfonsodecimo.madrid\/\/wp-content\/uploads\/cp.alfonsodecimo.madrid\/2025\/11\/Plan-TIC-25-26.pdf\" target=\"_blank\" rel=\"noreferrer noopener\">Plan Tic del Centro<\/a><\/p>\n\n\n\n<h2 class=\"wp-block-heading has-vivid-red-color has-text-color\">Plan de Digitalizaci\u00f3n de Centro<\/h2>\n\n\n\n<p>El Plan Digital de Centro busca integrar las tecnolog\u00edas digitales en el proceso educativo del centro. Su objetivo es mejorar la ense\u00f1anza y el aprendizaje mediante el uso de herramientas tecnol\u00f3gicas, fomentar la formaci\u00f3n digital del profesorado y promover un entorno de aprendizaje m\u00e1s interactivo y accesible para todos los estudiantes. En resumen, el PDC busca no solo modernizar la educaci\u00f3n mediante la tecnolog\u00eda, sino tambi\u00e9n crear un entorno m\u00e1s din\u00e1mico e inclusivo que prepare a los estudiantes para los desaf\u00edos del futuro.<\/p>\n\n\n\n<p><a href=\"https:\/\/site.educa.madrid.org\/cp.alfonsodecimo.madrid\/\/wp-content\/uploads\/cp.alfonsodecimo.madrid\/2025\/12\/PDC-25-26.-actualizacion-1.pdf\" target=\"_blank\" rel=\"noreferrer noopener\">Plan digital de Centro<\/a><\/p>\n\n\n\n<h2 class=\"wp-block-heading has-vivid-red-color has-text-color\">Plan de alerta y prevenci\u00f3n  frente a \u00abolas de calor\u00bb<\/h2>\n\n\n\n<p>Desde la VICEPRESIDENCIA, CONSEJER\u00cdA DE EDUCACI\u00d3N Y UNIVERSIDADES hemos recibido un&nbsp;<em>PLAN DE ALERTA Y PREVENCI\u00d3N FRENTE A \u201cOLAS DE CALOR\u201d<\/em>&nbsp; para Centros Docentes no Universitarios de la Comunidad de Madrid.<\/p>\n\n\n\n<p>Se recoge a continuaci\u00f3n una relaci\u00f3n no exhaustiva de medidas que permiten reducir los efectos del calor en las personas:<\/p>\n\n\n\n<p>Se recoge a continuaci\u00f3n una relaci\u00f3n no exhaustiva de medidas que permiten reducir los efectos del calor en las personas:<\/p>\n\n\n\n<ul class=\"wp-block-list\">\n<li>Evitar la radiaci\u00f3n solar directa en horas centrales del d\u00eda. Utilizar protectores solares, gorras, etc. para evitar la radiaci\u00f3n.<\/li>\n\n\n\n<li>Evitar las actividades de deporte y otras que supongan esfuerzo f\u00edsico durante las horas m\u00e1s calurosas del d\u00eda.<\/li>\n\n\n\n<li>Evitar realizar actividades intensas en solitario.<\/li>\n\n\n\n<li>Se recomienda, en exteriores, proteger la cabeza con gorras o sombreros y usar cremas de alta protecci\u00f3n contra el sol as\u00ed como el uso de ropa amplia y ligera, con colores claros, que faciliten la transpiraci\u00f3n y por tanto la disipaci\u00f3n del calor corporal.<\/li>\n\n\n\n<li>Reducir temperatura en interiores mejorando la ventilaci\u00f3n: en las horas m\u00e1s frescas del d\u00eda, favorecer la ventilaci\u00f3n natural cruzada de los espacios, favoreciendo la entrada de aire de las zonas que se encuentren en sombra.<\/li>\n\n\n\n<li>En los momentos de radiaci\u00f3n directa sobre las ventanas utilizar elementos de protecci\u00f3n (toldos y persianas).<\/li>\n\n\n\n<li>Reducir el uso de equipos e instalaciones que generen calor.<\/li>\n\n\n\n<li>Identificar los puntos del centro en los que pueda acumularse m\u00e1s calor.<\/li>\n\n\n\n<li>Distribuir el volumen de trabajo e incorporar ciclos de trabajo-descanso. Es preferible realizar ciclos breves y frecuentes de trabajo y descanso, que per\u00edodos largos.<\/li>\n\n\n\n<li>Hidratarse a menudo aunque no se tenga sed y se permitir\u00e1 traer pulverizadores para refrescarse.<\/li>\n\n\n\n<li>Comportamientos alimenticios que deben evitarse: consumo de bebidas con cafe\u00edna o muy azucaradas y las comidas copiosas.<\/li>\n\n\n\n<li>Para el personal sensible, consultar al m\u00e9dico de referencia acerca de medicaci\u00f3n pautada y sus posibles complicaciones por calor. El consumo de determinados medicamentos puede agravar el posible agotamiento deshidrataci\u00f3n por calor.<\/li>\n<\/ul>\n\n\n\n<p><a href=\"https:\/\/site.educa.madrid.org\/cp.alfonsodecimo.madrid\/\/wp-content\/uploads\/cp.alfonsodecimo.madrid\/2025\/05\/PLAN-DE-ALERTA-Y-PREVENCION-OLAS-CALOR.-ACTUALIZADO.pdf\" target=\"_blank\" rel=\"noreferrer noopener\">Plan prevenci\u00f3n olas de calor<\/a><\/p>\n\n\n\n<p>Enlaces de Comunidad de Madrid:<\/p>\n\n\n\n<p><a href=\"https:\/\/site.educa.madrid.org\/cp.alfonsodecimo.madrid\/\/wp-content\/uploads\/cp.alfonsodecimo.madrid\/2025\/05\/plan_contra_el_calor_cm_2025.pdf\" target=\"_blank\" rel=\"noreferrer noopener\">Plan de actuaci\u00f3n ante episodios de altas temperaturas 2025<\/a><\/p>\n\n\n\n<h2 class=\"wp-block-heading has-vivid-red-color has-text-color has-link-color wp-elements-d1f9161cf600223f9abe06b583444da5\">Proyecto de centro de escolarizaci\u00f3n preferente para alumnos\/as con TEA\/TGD<\/h2>\n\n\n\n<p>Desde el curso escolar 2016\/2017, el centro cuenta con este proyecto de alumnos\/as con T.E.A. (Trastorno del Espectro Autista).<\/p>\n\n\n\n<p>Este aula  de apoyo intensivo se denomina AULA DE LAS ESTRELLAS.<\/p>\n\n\n\n<p>Este es un proyecto de inclusi\u00f3n de alumnos con unas dificultades de acceso a la educaci\u00f3n ordinaria diferentes al resto de compa\u00f1eros creyendo en el reto de poder favorecer su capacidad de adaptaci\u00f3n al mundo social partiendo de un concepto de educaci\u00f3n abierto a todo tipo de alumnos.<\/p>\n\n\n\n<p><a href=\"https:\/\/site.educa.madrid.org\/cp.alfonsodecimo.madrid\/\/wp-content\/uploads\/cp.alfonsodecimo.madrid\/2025\/07\/PROYECTO-DE-CENTRO-PREF-TEA.pdf\" target=\"_blank\" rel=\"noreferrer noopener\">Proyecto de centro de escolarizaci\u00f3n preferente para alumnos\/as con TEA\/TGD<\/a><\/p>\n\n\n\n<h2 class=\"wp-block-heading has-vivid-red-color has-text-color\">Programaci\u00f3n General Anual<\/h2>\n\n\n\n<p><a href=\"https:\/\/site.educa.madrid.org\/cp.alfonsodecimo.madrid\/\/wp-content\/uploads\/cp.alfonsodecimo.madrid\/2025\/11\/PGA_ALFONSO-X-EL-SABIO_2025-2026.pdf\" target=\"_blank\" rel=\"noreferrer noopener\">Programaci\u00f3n General Anual 2025-2026<\/a><\/p>\n\n\n\n<p>Dentro de la P.G.A destacamos las siguientes fechas (pendiente actualizaci\u00f3n para este curso escolar):<\/p>\n\n\n\n<p><strong>SESIONES DE EVALUACI\u00d3N<\/strong><\/p>\n\n\n\n<figure class=\"wp-block-table is-style-stripes\"><table><tbody><tr><td><\/td><td><strong>Primer trimestre<\/strong> Semana del 9 al 5 de diciembre de 2025<\/td><td><\/td><td><\/td><\/tr><tr><td><\/td><td><\/td><td><\/td><td><\/td><\/tr><tr><td><\/td><td><strong>Segundo Trimestre<\/strong> Semana del 9 al 13 de marzo de 2026<\/td><td><\/td><td><\/td><\/tr><tr><td><\/td><td><\/td><td><\/td><td><\/td><\/tr><tr><td><\/td><td><strong>Tercer Trimestre<\/strong> Semana del 8 al 12 de junio de 2026<\/td><td><\/td><td><\/td><\/tr><tr><td><\/td><td><\/td><td><\/td><td><\/td><\/tr><\/tbody><\/table><\/figure>\n\n\n\n<p><strong>REUNIONES GENERALES<\/strong><\/p>\n\n\n\n<figure class=\"wp-block-table is-style-stripes\"><table class=\"has-fixed-layout\"><tbody><tr><td><\/td><td><strong>Primer <\/strong><strong>trimestre<\/strong><\/td><td><strong>Segundo trimestre<\/strong><\/td><td><strong>Tercer trimestre<\/strong><\/td><\/tr><tr><td><strong>1\u00ba ciclo de Educaci\u00f3n Infantil<\/strong><\/td><td><strong>Beb\u00e9s <\/strong> 12-11-25 <br><strong>1-2 a\u00f1os<\/strong> 6-10-25<br><strong>2-3 a\u00f1os<\/strong> 9-10-25<\/td><td><strong>Beb\u00e9s <\/strong> 26-02-26<br><strong>1-2 a\u00f1os<\/strong> 24-02-26<br><strong>2-3 a\u00f1os<\/strong> 23-02-26<\/td><td><strong>Beb\u00e9s <\/strong> 15-04-26<br><strong>1-2 a\u00f1os<\/strong> 14-04-26<br><strong>2-3 a\u00f1os<\/strong> 16-04-26<\/td><\/tr><tr><td><strong>2\u00ba ciclo de Educaci\u00f3n Infantil<\/strong><\/td><td><strong>3 a\u00f1os<\/strong> 16-10-2025   <br><strong>4 a\u00f1os<\/strong> 25-09-2025<br><strong>5 a\u00f1os\u00a0<\/strong>30-09-2025<\/td><td><strong>3 a\u00f1os<\/strong> 29-01-2026   <br><strong>4 a\u00f1os<\/strong>  22-01-2026<br><strong>5 a\u00f1os\u00a0<\/strong>15-01-2026<\/td><td><strong>3 a\u00f1os<\/strong> 16-04-2026<br><strong>4 a\u00f1os<\/strong> 23-04-2026<br><strong>5 a\u00f1os\u00a0<\/strong>29-04-2026<\/td><\/tr><tr><td><strong>1\u00baA EP<\/strong><\/td><td>03-10-2025<\/td><td>29-01-2026<\/td><td>07-05-2026<\/td><\/tr><tr><td><strong>2\u00baA EP<\/strong><\/td><td>03-10-2025<\/td><td>29-01-2026<\/td><td>07-05-2026<\/td><\/tr><tr><td><strong>3\u00baA EP<\/strong><\/td><td>25-09-2025<\/td><td>05-02-2026<\/td><td>07-05-2026<\/td><\/tr><tr><td><strong>4\u00baA EP<\/strong><\/td><td>02-10-2025<\/td><td>05-02-2026<\/td><td>29-04-2026<\/td><\/tr><tr><td><strong>5\u00ba A EP<\/strong><\/td><td>10-10-2025<\/td><td>29-02-2026<\/td><td>28-04-2026<\/td><\/tr><tr><td><strong>6\u00ba A EP<\/strong><\/td><td>02-10-2025<\/td><td>29-02-2026<\/td><td>28-04-2026<\/td><\/tr><\/tbody><\/table><\/figure>\n\n\n\n<p><strong>Normativa:<\/strong><\/p>\n\n\n\n<p><a href=\"https:\/\/www.boe.es\/boe\/dias\/1996\/02\/20\/pdfs\/A06061-06074.pdf\" target=\"_blank\" rel=\"noreferrer noopener\">REAL DECRETO 82\/1996<\/a>,&nbsp;de 26 de enero por el que se aprueba el&nbsp;Reglamento Org\u00e1nico&nbsp;de las&nbsp;Escuelas de Educaci\u00f3n Infantil y de los Colegios de Educaci\u00f3n&nbsp;Primaria<\/p>\n\n\n\n<p><a rel=\"noreferrer noopener\" href=\"https:\/\/www.comunidad.madrid\/sites\/default\/files\/doc\/educacion\/real_decreto_132-2010_de_12_de_febrero.pdf\" target=\"_blank\">REAL DECRETO 132\/2010<\/a>, de 12 de febrero, por el que se establecen los&nbsp;requisitos m\u00ednimos&nbsp;de los centros que impartan las ense\u00f1anzas del segundo ciclo de la Educaci\u00f3n Infantil, la Educaci\u00f3n Primaria y la Educaci\u00f3n Secundaria.<\/p>\n\n\n\n<p><a href=\"https:\/\/site.educa.madrid.org\/cp.alfonsodecimo.madrid\/\/wp-content\/uploads\/cp.alfonsodecimo.madrid\/2024\/01\/BOE-A-2022-1654-consolidado.pdf\">REAL DECRETO  95\/2022, de 1 de febrero, por el que se establece la ordenaci\u00f3n y las ense\u00f1anzas m\u00ednimas de la Educaci\u00f3n Infantil.<\/a><\/p>\n\n\n\n<p><a rel=\"noreferrer noopener\" href=\"https:\/\/gestiona.madrid.org\/wleg_pub\/secure\/normativas\/contenidoNormativa.jsf?opcion=VerHtml&amp;nmnorma=12701&amp;cdestado=P&amp;eli=true#no-back-button\" target=\"_blank\">Decreto 36\/2022<\/a>, de 8 de junio, del Consejo de Gobierno, por el que se establece para la Comunidad de Madrid la ordenaci\u00f3n y el curr\u00edculo de la etapa de Educaci\u00f3n Infantil.<\/p>\n\n\n\n<p><a rel=\"noreferrer noopener\" href=\"https:\/\/www.boe.es\/buscar\/act.php?id=BOE-A-2022-3296\" target=\"_blank\">Real Decreto 157\/2022<\/a>, de 1 de marzo, por el que se establecen la ordenaci\u00f3n y las ense\u00f1anzas m\u00ednimas del la Educaci\u00f3n Primaria.<\/p>\n\n\n\n<p><a href=\"https:\/\/site.educa.madrid.org\/cp.alfonsodecimo.madrid\/\/wp-content\/uploads\/cp.alfonsodecimo.madrid\/2024\/01\/BOCM-20220718-1.pdf\">DECRETO 61\/2022, de 13 de julio, del Consejo de Gobierno, por el que se establece para la Comunidad de Madrid la ordenaci\u00f3n y el curr\u00edculo de la etapa de<br>Educaci\u00f3n Primaria.<\/a><\/p>\n\n\n\n<p><a href=\"http:\/\/www.madrid.org\/wleg_pub\/secure\/normativas\/contenidoNormativa.jsf?opcion=VerHtml&amp;nmnorma=10718&amp;cdestado=P#no-back-button\" target=\"_blank\" rel=\"noreferrer noopener\">DECRETO 32\/2019<\/a>, de 9 de abril, del Consejo de Gobierno, por el que se establece el marco regulador de la convivencia en los centros docentes de la Comunidad de Madrid<\/p>\n\n\n\n<p><a href=\"https:\/\/site.educa.madrid.org\/cp.alfonsodecimo.madrid\/\/wp-content\/uploads\/cp.alfonsodecimo.madrid\/2025\/03\/MODIFICACION-DECRETO32-CONVIVENCIA.pdf\" target=\"_blank\" rel=\"noreferrer noopener\">DECRETO 60\/2020, de 29 de julio, del Consejo de Gobierno, por el que se modifica el Decreto 32\/2019, de 9 de abril, del Consejo de Gobierno, por el que se establece el Marco Regulador de la Convivencia en los Centros Docentes de la Comunidad de Madrid<\/a><\/p>\n\n\n\n<p><\/p>\n","protected":false},"excerpt":{"rendered":"<p>Nuestro plan de convivencia Nuestro plan de convivencia est\u00e1 elaborado de acuerdo con el marco que rige las relaciones humanas en el centro, construido por toda la comunidad. Est\u00e1 elaborado por la comisi\u00f3n de convivencia del Consejo Escolar con la participaci\u00f3n efectiva de toda la comunidad educativa a trav\u00e9s de un di\u00e1logo compartido, toma de &hellip; <\/p>\n<p class=\"link-more\"><a href=\"https:\/\/site.educa.madrid.org\/cp.alfonsodecimo.madrid\/index.php\/proyectos\/planes\/\" class=\"more-link\">Continuar leyendo<span class=\"screen-reader-text\"> \u00abPlanes\u00bb<\/span><\/a><\/p>\n","protected":false},"author":6,"featured_media":0,"parent":187,"menu_order":0,"comment_status":"closed","ping_status":"closed","template":"page-with-siblings-submenu.php","meta":{"footnotes":""},"folder":[],"class_list":["post-797","page","type-page","status-publish","hentry"],"rttpg_featured_image_url":null,"rttpg_author":{"display_name":"Cuenta Admin-educamadrid","author_link":"https:\/\/site.educa.madrid.org\/cp.alfonsodecimo.madrid\/index.php\/author\/cuenta_admin-educamadrid\/"},"rttpg_comment":0,"rttpg_category":false,"rttpg_excerpt":"Nuestro plan de convivencia Nuestro plan de convivencia est\u00e1 elaborado de acuerdo con el marco que rige las relaciones humanas en el centro, construido por toda la comunidad. Est\u00e1 elaborado por la comisi\u00f3n de convivencia del Consejo Escolar con la participaci\u00f3n efectiva de toda la comunidad educativa a trav\u00e9s de un di\u00e1logo compartido, toma de&hellip;","post_mailing_queue_ids":[],"_links":{"self":[{"href":"https:\/\/site.educa.madrid.org\/cp.alfonsodecimo.madrid\/index.php\/wp-json\/wp\/v2\/pages\/797","targetHints":{"allow":["GET"]}}],"collection":[{"href":"https:\/\/site.educa.madrid.org\/cp.alfonsodecimo.madrid\/index.php\/wp-json\/wp\/v2\/pages"}],"about":[{"href":"https:\/\/site.educa.madrid.org\/cp.alfonsodecimo.madrid\/index.php\/wp-json\/wp\/v2\/types\/page"}],"author":[{"embeddable":true,"href":"https:\/\/site.educa.madrid.org\/cp.alfonsodecimo.madrid\/index.php\/wp-json\/wp\/v2\/users\/6"}],"replies":[{"embeddable":true,"href":"https:\/\/site.educa.madrid.org\/cp.alfonsodecimo.madrid\/index.php\/wp-json\/wp\/v2\/comments?post=797"}],"version-history":[{"count":50,"href":"https:\/\/site.educa.madrid.org\/cp.alfonsodecimo.madrid\/index.php\/wp-json\/wp\/v2\/pages\/797\/revisions"}],"predecessor-version":[{"id":3176,"href":"https:\/\/site.educa.madrid.org\/cp.alfonsodecimo.madrid\/index.php\/wp-json\/wp\/v2\/pages\/797\/revisions\/3176"}],"up":[{"embeddable":true,"href":"https:\/\/site.educa.madrid.org\/cp.alfonsodecimo.madrid\/index.php\/wp-json\/wp\/v2\/pages\/187"}],"wp:attachment":[{"href":"https:\/\/site.educa.madrid.org\/cp.alfonsodecimo.madrid\/index.php\/wp-json\/wp\/v2\/media?parent=797"}],"wp:term":[{"taxonomy":"folder","embeddable":true,"href":"https:\/\/site.educa.madrid.org\/cp.alfonsodecimo.madrid\/index.php\/wp-json\/wp\/v2\/folder?post=797"}],"curies":[{"name":"wp","href":"https:\/\/api.w.org\/{rel}","templated":true}]}}