{"id":840,"date":"2022-06-30T10:46:24","date_gmt":"2022-06-30T08:46:24","guid":{"rendered":"https:\/\/site.educa.madrid.org\/cp.alfonsodecimo.madrid\/?page_id=840"},"modified":"2024-01-30T01:48:51","modified_gmt":"2024-01-30T00:48:51","slug":"otros-programas","status":"publish","type":"page","link":"https:\/\/site.educa.madrid.org\/cp.alfonsodecimo.madrid\/index.php\/proyectos\/otros-programas\/","title":{"rendered":"Otros programas"},"content":{"rendered":"<p>Los<strong>\u00a0objetivos comunes<\/strong> del \u201cPlan lector\u201d y\u00a0 \u201cBiblioteca\u201d\u00a0 son los siguientes:<\/p>\n<ul>\n<li>Potenciar la\u00a0<strong>comprensi\u00f3n lectora<\/strong>\u00a0de nuestros alumnos.<\/li>\n<li>Despertar y aumentar el\u00a0<strong>inter\u00e9s por la lectura.<\/strong><\/li>\n<li>Fomentar en los alumnos, tanto a trav\u00e9s de la lectura como de la escritura, una\u00a0<strong>actitud reflexiva y cr\u00edtica\u00a0<\/strong>ante el entorno.<\/li>\n<li>Promover el<strong>\u00a0uso cotidiano<\/strong>\u00a0de la biblioteca.<\/li>\n<li>Utilizar la\u00a0<strong>biblioteca\u00a0<\/strong>para tiempos y actividades de lectura, investigaci\u00f3n, consulta, trabajo cooperativo, pr\u00e9stamos, etc.<\/li>\n<li>Llevar la\u00a0<strong>animaci\u00f3n a la lectura<\/strong>\u00a0m\u00e1s all\u00e1 del \u00e1mbito escolar.<\/li>\n<li>Lograr que la mayor\u00eda de los alumnos descubra la lectura como un elemento de<strong>\u00a0disfrute personal.<\/strong><\/li>\n<li>Fomentar<strong>\u00a0la colaboraci\u00f3n y la comunicaci\u00f3n<\/strong>\u00a0entre los miembros de la comunidad educativa.<\/li>\n<li>Potenciar el conocimiento de la<strong>\u00a0realidad escolar.<\/strong><\/li>\n<\/ul>\n","protected":false},"excerpt":{"rendered":"<p>Los\u00a0objetivos comunes del \u201cPlan lector\u201d y\u00a0 \u201cBiblioteca\u201d\u00a0 son los siguientes: Potenciar la\u00a0comprensi\u00f3n lectora\u00a0de nuestros alumnos. Despertar y aumentar el\u00a0inter\u00e9s por la lectura. Fomentar en los alumnos, tanto a trav\u00e9s de la lectura como de la escritura, una\u00a0actitud reflexiva y cr\u00edtica\u00a0ante el entorno. Promover el\u00a0uso cotidiano\u00a0de la biblioteca. Utilizar la\u00a0biblioteca\u00a0para tiempos y actividades de lectura, investigaci\u00f3n, &hellip; <\/p>\n<p class=\"link-more\"><a href=\"https:\/\/site.educa.madrid.org\/cp.alfonsodecimo.madrid\/index.php\/proyectos\/otros-programas\/\" class=\"more-link\">Continuar leyendo<span class=\"screen-reader-text\"> \u00abOtros programas\u00bb<\/span><\/a><\/p>\n","protected":false},"author":6,"featured_media":0,"parent":187,"menu_order":3,"comment_status":"closed","ping_status":"closed","template":"page-with-submenu.php","meta":{"footnotes":""},"folder":[],"class_list":["post-840","page","type-page","status-publish","hentry"],"rttpg_featured_image_url":null,"rttpg_author":{"display_name":"Cuenta Admin-educamadrid","author_link":"https:\/\/site.educa.madrid.org\/cp.alfonsodecimo.madrid\/index.php\/author\/cuenta_admin-educamadrid\/"},"rttpg_comment":0,"rttpg_category":false,"rttpg_excerpt":"Los\u00a0objetivos comunes del \u201cPlan lector\u201d y\u00a0 \u201cBiblioteca\u201d\u00a0 son los siguientes: Potenciar la\u00a0comprensi\u00f3n lectora\u00a0de nuestros alumnos. Despertar y aumentar el\u00a0inter\u00e9s por la lectura. Fomentar en los alumnos, tanto a trav\u00e9s de la lectura como de la escritura, una\u00a0actitud reflexiva y cr\u00edtica\u00a0ante el entorno. Promover el\u00a0uso cotidiano\u00a0de la biblioteca. Utilizar la\u00a0biblioteca\u00a0para tiempos y actividades de lectura, investigaci\u00f3n,&hellip;","post_mailing_queue_ids":[],"_links":{"self":[{"href":"https:\/\/site.educa.madrid.org\/cp.alfonsodecimo.madrid\/index.php\/wp-json\/wp\/v2\/pages\/840","targetHints":{"allow":["GET"]}}],"collection":[{"href":"https:\/\/site.educa.madrid.org\/cp.alfonsodecimo.madrid\/index.php\/wp-json\/wp\/v2\/pages"}],"about":[{"href":"https:\/\/site.educa.madrid.org\/cp.alfonsodecimo.madrid\/index.php\/wp-json\/wp\/v2\/types\/page"}],"author":[{"embeddable":true,"href":"https:\/\/site.educa.madrid.org\/cp.alfonsodecimo.madrid\/index.php\/wp-json\/wp\/v2\/users\/6"}],"replies":[{"embeddable":true,"href":"https:\/\/site.educa.madrid.org\/cp.alfonsodecimo.madrid\/index.php\/wp-json\/wp\/v2\/comments?post=840"}],"version-history":[{"count":2,"href":"https:\/\/site.educa.madrid.org\/cp.alfonsodecimo.madrid\/index.php\/wp-json\/wp\/v2\/pages\/840\/revisions"}],"predecessor-version":[{"id":2097,"href":"https:\/\/site.educa.madrid.org\/cp.alfonsodecimo.madrid\/index.php\/wp-json\/wp\/v2\/pages\/840\/revisions\/2097"}],"up":[{"embeddable":true,"href":"https:\/\/site.educa.madrid.org\/cp.alfonsodecimo.madrid\/index.php\/wp-json\/wp\/v2\/pages\/187"}],"wp:attachment":[{"href":"https:\/\/site.educa.madrid.org\/cp.alfonsodecimo.madrid\/index.php\/wp-json\/wp\/v2\/media?parent=840"}],"wp:term":[{"taxonomy":"folder","embeddable":true,"href":"https:\/\/site.educa.madrid.org\/cp.alfonsodecimo.madrid\/index.php\/wp-json\/wp\/v2\/folder?post=840"}],"curies":[{"name":"wp","href":"https:\/\/api.w.org\/{rel}","templated":true}]}}