{"id":917,"date":"2022-10-23T13:06:11","date_gmt":"2022-10-23T11:06:11","guid":{"rendered":"https:\/\/site.educa.madrid.org\/cp.alfonsodecimo.madrid\/?page_id=917"},"modified":"2026-01-14T23:30:25","modified_gmt":"2026-01-14T22:30:25","slug":"profesorado","status":"publish","type":"page","link":"https:\/\/site.educa.madrid.org\/cp.alfonsodecimo.madrid\/index.php\/inicio\/el-centro\/quienes-somos\/profesorado\/","title":{"rendered":"Profesorado"},"content":{"rendered":"\n<p>Actualmente el centro es<strong> l\u00ednea 1 <\/strong>en el 1\u00ba &amp; 2\u00ba ciclo de <strong>Educaci\u00f3n Infantil<\/strong>  y  en el <strong>1\u00ba , 2\u00ba  y 3er ciclo de Educaci\u00f3n Primaria<\/strong>.<\/p>\n\n\n\n<div class=\"wp-block-columns is-layout-flex wp-container-core-columns-is-layout-9d6595d7 wp-block-columns-is-layout-flex\">\n<div class=\"wp-block-column is-layout-flow wp-block-column-is-layout-flow\">\n<h2 class=\"wp-block-heading has-text-align-center\"><mark style=\"background-color:rgba(0, 0, 0, 0)\" class=\"has-inline-color has-vivid-green-cyan-color\"><strong>TUTORES DE EDUCACI\u00d3N INFANTIL<\/strong><\/mark><\/h2>\n\n\n\n<ul class=\"wp-block-list\">\n<li><strong>0-1 A\u00d1OS:<\/strong> Patricia y Bego\u00f1a<\/li>\n\n\n\n<li><strong>1-2 A\u00d1OS:<\/strong> Gema y Rebeca<\/li>\n\n\n\n<li><strong>2-3 A\u00d1OS: <\/strong>Bel\u00e9n y Marijose<\/li>\n\n\n\n<li><strong>3 A\u00d1OS: <\/strong>Azucena<\/li>\n\n\n\n<li><strong>4 A\u00d1OS:<\/strong> Rosa<\/li>\n\n\n\n<li><strong>5 A\u00d1OS: <\/strong>Alba<\/li>\n\n\n\n<li><strong>Maestra Coordinadora del 1\u00ba Ciclo de Infantil: <\/strong>Pilar E.<\/li>\n<\/ul>\n\n\n\n<h2 class=\"wp-block-heading has-text-align-center\"><mark style=\"background-color:rgba(0, 0, 0, 0)\" class=\"has-inline-color has-vivid-green-cyan-color\"><strong>ESPECIALISTAS DE EDUCACI\u00d3N INFANTIL<\/strong><\/mark><\/h2>\n\n\n\n<ul class=\"wp-block-list\">\n<li><strong>Especialista de ingl\u00e9s:<\/strong> Miriam<\/li>\n\n\n\n<li><strong>Especialista de religi\u00f3n: <\/strong>Ana M\u00aa<\/li>\n\n\n\n<li><strong>Apoyo 2\u00ba ciclo de Infantil<\/strong>: Nerea<\/li>\n<\/ul>\n<\/div>\n\n\n\n<div class=\"wp-block-column is-layout-flow wp-block-column-is-layout-flow\">\n<h2 class=\"wp-block-heading has-text-align-center has-pale-pink-color has-text-color\"><mark style=\"background-color:rgba(0, 0, 0, 0)\" class=\"has-inline-color has-vivid-cyan-blue-color\"><strong>TUTORES DE EDUCACI\u00d3N PRIMARIA<\/strong><\/mark><\/h2>\n\n\n\n<ul class=\"wp-block-list\">\n<li><strong>1\u00ba A: <\/strong>Mercedes<\/li>\n\n\n\n<li><strong>2\u00ba A:<\/strong> Pilar N.<\/li>\n\n\n\n<li><strong>3\u00ba A: <\/strong>Cristina<\/li>\n\n\n\n<li><strong>4\u00ba A: <\/strong>Marta<\/li>\n\n\n\n<li><strong>5\u00ba A: <\/strong>Alberto<\/li>\n\n\n\n<li><strong>6\u00ba A: <\/strong>Ra\u00fal<\/li>\n<\/ul>\n\n\n\n<p><\/p>\n\n\n\n<p class=\"has-text-align-center has-medium-font-size\"><mark style=\"background-color:rgba(0, 0, 0, 0)\" class=\"has-inline-color has-vivid-cyan-blue-color\"><strong>ESPECIALISTAS DE EDUCACI\u00d3N PRIMARIA<\/strong><\/mark><\/p>\n\n\n\n<ul class=\"wp-block-list\">\n<li><strong>Aula de compensatoria:&nbsp;<\/strong>Miguel<\/li>\n\n\n\n<li><strong>Pedagog\u00eda Terap\u00e9utica:&nbsp;<\/strong>Vanessa, Conchi y Pedro<\/li>\n\n\n\n<li><strong>Audici\u00f3n y Lenguaje:&nbsp;<\/strong>Mari Tere<\/li>\n\n\n\n<li><strong>Religi\u00f3n:<\/strong>&nbsp;Ana M\u00aa<\/li>\n\n\n\n<li><strong>Educaci\u00f3n F\u00edsica: <\/strong>Ra\u00fal<\/li>\n\n\n\n<li><strong>M\u00fasica:&nbsp;<\/strong>Alberto<\/li>\n\n\n\n<li><strong>Especialista de ingl\u00e9s:&nbsp;<\/strong>Miriam y Mayte <\/li>\n\n\n\n<li><strong>Integradora Social del Aula TEA:&nbsp;<\/strong>Lourdes<\/li>\n\n\n\n<li><strong>PT del Aula TEA: <\/strong>Daniel<\/li>\n<\/ul>\n<\/div>\n<\/div>\n","protected":false},"excerpt":{"rendered":"<p>Actualmente el centro es l\u00ednea 1 en el 1\u00ba &amp; 2\u00ba ciclo de Educaci\u00f3n Infantil y en el 1\u00ba , 2\u00ba y 3er ciclo de Educaci\u00f3n Primaria. TUTORES DE EDUCACI\u00d3N INFANTIL ESPECIALISTAS DE EDUCACI\u00d3N INFANTIL TUTORES DE EDUCACI\u00d3N PRIMARIA ESPECIALISTAS DE EDUCACI\u00d3N PRIMARIA<\/p>\n","protected":false},"author":3,"featured_media":0,"parent":1069,"menu_order":2,"comment_status":"closed","ping_status":"closed","template":"page-with-siblings-submenu.php","meta":{"footnotes":""},"folder":[],"class_list":["post-917","page","type-page","status-publish","hentry"],"rttpg_featured_image_url":null,"rttpg_author":{"display_name":"cp.alfonsodecimo.madrid","author_link":"https:\/\/site.educa.madrid.org\/cp.alfonsodecimo.madrid\/index.php\/author\/cuenta_cp-alfonsodecimo-madrid\/"},"rttpg_comment":0,"rttpg_category":false,"rttpg_excerpt":"Actualmente el centro es l\u00ednea 1 en el 1\u00ba &amp; 2\u00ba ciclo de Educaci\u00f3n Infantil y en el 1\u00ba , 2\u00ba y 3er ciclo de Educaci\u00f3n Primaria. TUTORES DE EDUCACI\u00d3N INFANTIL ESPECIALISTAS DE EDUCACI\u00d3N INFANTIL TUTORES DE EDUCACI\u00d3N PRIMARIA ESPECIALISTAS DE EDUCACI\u00d3N PRIMARIA","post_mailing_queue_ids":[],"_links":{"self":[{"href":"https:\/\/site.educa.madrid.org\/cp.alfonsodecimo.madrid\/index.php\/wp-json\/wp\/v2\/pages\/917","targetHints":{"allow":["GET"]}}],"collection":[{"href":"https:\/\/site.educa.madrid.org\/cp.alfonsodecimo.madrid\/index.php\/wp-json\/wp\/v2\/pages"}],"about":[{"href":"https:\/\/site.educa.madrid.org\/cp.alfonsodecimo.madrid\/index.php\/wp-json\/wp\/v2\/types\/page"}],"author":[{"embeddable":true,"href":"https:\/\/site.educa.madrid.org\/cp.alfonsodecimo.madrid\/index.php\/wp-json\/wp\/v2\/users\/3"}],"replies":[{"embeddable":true,"href":"https:\/\/site.educa.madrid.org\/cp.alfonsodecimo.madrid\/index.php\/wp-json\/wp\/v2\/comments?post=917"}],"version-history":[{"count":21,"href":"https:\/\/site.educa.madrid.org\/cp.alfonsodecimo.madrid\/index.php\/wp-json\/wp\/v2\/pages\/917\/revisions"}],"predecessor-version":[{"id":3019,"href":"https:\/\/site.educa.madrid.org\/cp.alfonsodecimo.madrid\/index.php\/wp-json\/wp\/v2\/pages\/917\/revisions\/3019"}],"up":[{"embeddable":true,"href":"https:\/\/site.educa.madrid.org\/cp.alfonsodecimo.madrid\/index.php\/wp-json\/wp\/v2\/pages\/1069"}],"wp:attachment":[{"href":"https:\/\/site.educa.madrid.org\/cp.alfonsodecimo.madrid\/index.php\/wp-json\/wp\/v2\/media?parent=917"}],"wp:term":[{"taxonomy":"folder","embeddable":true,"href":"https:\/\/site.educa.madrid.org\/cp.alfonsodecimo.madrid\/index.php\/wp-json\/wp\/v2\/folder?post=917"}],"curies":[{"name":"wp","href":"https:\/\/api.w.org\/{rel}","templated":true}]}}