{"id":941,"date":"2022-10-23T13:41:34","date_gmt":"2022-10-23T11:41:34","guid":{"rendered":"https:\/\/site.educa.madrid.org\/cp.alfonsodecimo.madrid\/?page_id=941"},"modified":"2026-01-14T23:31:20","modified_gmt":"2026-01-14T22:31:20","slug":"personal-no-decente","status":"publish","type":"page","link":"https:\/\/site.educa.madrid.org\/cp.alfonsodecimo.madrid\/index.php\/inicio\/el-centro\/quienes-somos\/personal-no-decente\/","title":{"rendered":"Personal no docente"},"content":{"rendered":"<ul>\n<li><strong>Auxliar Administrativo:<\/strong> Trinidad<\/li>\n<li><strong>Personal de Oficios Servicios Internos del Ayuntamiento de Madrid\u00a0 (POSI): <\/strong>Sonia<\/li>\n<li><strong>T\u00e9cnica Superior en Integraci\u00f3n Social (TSIS):<\/strong> Lourdes<\/li>\n<li><strong>Graduado Universitario en Enfermer\u00eda (GUE)<\/strong>: Mar\u00eda<\/li>\n<\/ul>\n","protected":false},"excerpt":{"rendered":"<p>Auxliar Administrativo: Trinidad Personal de Oficios Servicios Internos del Ayuntamiento de Madrid\u00a0 (POSI): Sonia T\u00e9cnica Superior en Integraci\u00f3n Social (TSIS): Lourdes Graduado Universitario en Enfermer\u00eda (GUE): Mar\u00eda<\/p>\n","protected":false},"author":3,"featured_media":0,"parent":1069,"menu_order":5,"comment_status":"closed","ping_status":"closed","template":"page-with-siblings-submenu.php","meta":{"footnotes":""},"folder":[],"class_list":["post-941","page","type-page","status-publish","hentry"],"rttpg_featured_image_url":null,"rttpg_author":{"display_name":"cp.alfonsodecimo.madrid","author_link":"https:\/\/site.educa.madrid.org\/cp.alfonsodecimo.madrid\/index.php\/author\/cuenta_cp-alfonsodecimo-madrid\/"},"rttpg_comment":0,"rttpg_category":false,"rttpg_excerpt":"Auxliar Administrativo: Trinidad Personal de Oficios Servicios Internos del Ayuntamiento de Madrid\u00a0 (POSI): Sonia T\u00e9cnica Superior en Integraci\u00f3n Social (TSIS): Lourdes Graduado Universitario en Enfermer\u00eda (GUE): Mar\u00eda","post_mailing_queue_ids":[],"_links":{"self":[{"href":"https:\/\/site.educa.madrid.org\/cp.alfonsodecimo.madrid\/index.php\/wp-json\/wp\/v2\/pages\/941","targetHints":{"allow":["GET"]}}],"collection":[{"href":"https:\/\/site.educa.madrid.org\/cp.alfonsodecimo.madrid\/index.php\/wp-json\/wp\/v2\/pages"}],"about":[{"href":"https:\/\/site.educa.madrid.org\/cp.alfonsodecimo.madrid\/index.php\/wp-json\/wp\/v2\/types\/page"}],"author":[{"embeddable":true,"href":"https:\/\/site.educa.madrid.org\/cp.alfonsodecimo.madrid\/index.php\/wp-json\/wp\/v2\/users\/3"}],"replies":[{"embeddable":true,"href":"https:\/\/site.educa.madrid.org\/cp.alfonsodecimo.madrid\/index.php\/wp-json\/wp\/v2\/comments?post=941"}],"version-history":[{"count":8,"href":"https:\/\/site.educa.madrid.org\/cp.alfonsodecimo.madrid\/index.php\/wp-json\/wp\/v2\/pages\/941\/revisions"}],"predecessor-version":[{"id":3020,"href":"https:\/\/site.educa.madrid.org\/cp.alfonsodecimo.madrid\/index.php\/wp-json\/wp\/v2\/pages\/941\/revisions\/3020"}],"up":[{"embeddable":true,"href":"https:\/\/site.educa.madrid.org\/cp.alfonsodecimo.madrid\/index.php\/wp-json\/wp\/v2\/pages\/1069"}],"wp:attachment":[{"href":"https:\/\/site.educa.madrid.org\/cp.alfonsodecimo.madrid\/index.php\/wp-json\/wp\/v2\/media?parent=941"}],"wp:term":[{"taxonomy":"folder","embeddable":true,"href":"https:\/\/site.educa.madrid.org\/cp.alfonsodecimo.madrid\/index.php\/wp-json\/wp\/v2\/folder?post=941"}],"curies":[{"name":"wp","href":"https:\/\/api.w.org\/{rel}","templated":true}]}}