{"id":955,"date":"2022-10-30T12:10:12","date_gmt":"2022-10-30T11:10:12","guid":{"rendered":"https:\/\/site.educa.madrid.org\/cp.alfonsodecimo.madrid\/?page_id=955"},"modified":"2026-01-15T00:14:30","modified_gmt":"2026-01-14T23:14:30","slug":"actividades-complementarias","status":"publish","type":"page","link":"https:\/\/site.educa.madrid.org\/cp.alfonsodecimo.madrid\/index.php\/inicio\/el-centro\/actividades-complementarias\/","title":{"rendered":"Actividades complementarias"},"content":{"rendered":"\n<p>Actividades complementarias aprobadas en PGA para el curso 2025\/2026<\/p>\n\n\n\n<div style=\"height:20px\" aria-hidden=\"true\" class=\"wp-block-spacer\"><\/div>\n\n\n\n<figure class=\"wp-block-table is-style-stripes\"><table><thead><tr><th>ACTIVIDAD<\/th><th>CURSO<\/th><th>PRECIO<\/th><th>LUGAR<\/th><th>FECHA<\/th><th>CONTENIDO<\/th><\/tr><\/thead><tbody><tr><td>Visita a la <br>biblioteca<\/td><td>3, 4 y 5 a\u00f1os<\/td><td>Gratuita<\/td><td>Barrio<\/td><td>3\u00ba trimestre<\/td><td>\u00c1rea II: Descubrimiento y exploraci\u00f3n del entorno. \u201cAnimaci\u00f3n y lectura\u201d.<\/td><\/tr><tr><td>Polic\u00eda Municipal Educaci\u00f3n Vial<\/td><td>4 y 5 a\u00f1os<\/td><td>Gratuita<\/td><td>Centro Escolar<\/td><td>1\u00ba trimestre<\/td><td>Se trabaja de manera globalizada dentro de todas las<br>\u00e1reas.<\/td><\/tr><tr><td>Cuenta cuentos en ingl\u00e9s<\/td><td>3, 4 y 5 a\u00f1os<\/td><td>Gratuita<\/td><td>Centro Escolar<\/td><td>2\u00ba trimestre<\/td><td>\u00c1rea II: Descubrimiento y exploraci\u00f3n del entorno. \u201cTeatro\u201d.<\/td><\/tr><tr><td>Vivimos en comunidad<\/td><td>5 a\u00f1os<\/td><td>Gratuita<\/td><td>Centro Escolar<\/td><td>2\u00ba trimestre<\/td><td>Aprender las normas b\u00e1sicas de<br>convivencia y el valor de la<br>cooperaci\u00f3n.<\/td><\/tr><tr><td>Un viaje en<br>Metro<\/td><td>5 a\u00f1os<\/td><td>Gratuita<\/td><td>Centro Escolar<\/td><td>2\u00ba trimestre<\/td><td>Conocer los medios de<br>transporte y normas de<br>comportamiento en el<br>transporte p\u00fablico.<\/td><\/tr><tr><td>Parque <br>Valdebernardo<\/td><td>3, 4 y 5 a\u00f1os<\/td><td>Gratuita<\/td><td>Parque <br>Valdebernardo<\/td><td>3\u00ba trimestre<\/td><td>Se trabaja de manera globalizada dentro de todas las<br>\u00e1reas.<\/td><\/tr><tr><td>Animaci\u00f3n a <br>la lectura<\/td><td>1\u00ba a  6\u00ba<\/td><td>Gratuita<\/td><td>Biblioteca <br>El Madro\u00f1o<\/td><td>2\u00ba trimestre<\/td><td>Lengua: fomento a la lectura.<\/td><\/tr><tr><td>Talleres de<br>alimentaci\u00f3n<br>saludables<br>Talleres de<br>higiene buco<br>dental<\/td><td>1\u00ba a 5\u00ba<\/td><td>Gratuita<\/td><td>GUE del<br>colegio.<br>En el centro<\/td><td>2\u00ba trimestre<\/td><td>Promover h\u00e1bitos alimenticios<br>equilibrados y conscientes.<br>Fomentar h\u00e1bitos correctos de<br>cuidado bucodental.<\/td><\/tr><tr><td>Taller y teatro Programa Cultura Preventiva<\/td><td>1\u00ba a 6\u00ba <\/td><td>Gratuita<\/td><td>Centro Escolar<\/td><td>1\u00ba trimestre<\/td><td>Reforzar valores de seguridad,<br>respeto y convivencia mediante el<br>teatro.<\/td><\/tr><tr><td>Taller de<br>Cultura<br>Preventiva<\/td><td>1\u00ba, 2\u00ba, 3\u00ba, 4\u00ba y 6\u00ba<\/td><td>Gratuita<\/td><td>Centro Escolar<\/td><td>1\u00ba trimestre<\/td><td>Desarrollar h\u00e1bitos de seguridad y<br>prevenci\u00f3n en la vida cotidiana.<\/td><\/tr><tr><td>Palomas<br>urbanas<\/td><td>2\u00ba<\/td><td>Gratuita<\/td><td>Centro Escolar<\/td><td>1\u00ba trimestre<\/td><td>Comprender el papel de las aves<br>en el entorno urbano y la<br>importancia de la convivencia<br>responsable con la fauna local.<\/td><\/tr><tr><td>Seguridad en<br>la Red. Charla Polic\u00eda Nacional<\/td><td>3\u00ba, 4\u00ba, 5\u00ba y 6\u00ba<\/td><td>Gratuita<\/td><td>Centro Escolar<\/td><td>1\u00ba trimestre<\/td><td>Fomentar la conciencia sobre la<br>seguridad digital y la protecci\u00f3n de<br>la identidad online.<\/td><\/tr><tr><td>Charlas Polic\u00eda Municipal: Acoso y ciberacoso<\/td><td>5\u00ba y 6\u00ba<\/td><td>Gratuita<\/td><td>Centro Escolar<\/td><td>1\u00ba trimestre<\/td><td>Fomentar la conciencia sobre la<br>seguridad digital y la protecci\u00f3n de<br>la identidad online.<\/td><\/tr><tr><td>D\u00eda de la<br>Hispanidad a<br>trav\u00e9s de la<br>rob\u00f3tica<\/td><td>2\u00ba a 6\u00ba<br><\/td><td>Gratuita<\/td><td>Centro Escolar<\/td><td>1\u00ba trimestre<\/td><td>Conocer el origen de una festividad<br>utilizando la rob\u00f3tica como medio<br>de expresi\u00f3n y aprendizaje<br>colaborativo.<\/td><\/tr><tr><td>Curso de RCP<\/td><td>5\u00ba y 6\u00ba<\/td><td>Gratuita<\/td><td>Centro Escolar<\/td><td>1\u00ba trimestre<\/td><td>Aprender t\u00e9cnicas b\u00e1sicas de<br>reanimaci\u00f3n y primeros auxilios<br>para actuar con seguridad ante<br>emergencias.<\/td><\/tr><tr><td>Libro F\u00f3rum: Encuentro con el autor<\/td><td>2\u00ba, 4\u00ba y 5\u00ba<\/td><td>Gratuita<\/td><td>Centro Escolar<\/td><td>2\u00ba trimestre<\/td><td>Lengua: fomento a la lectura.<\/td><\/tr><tr><td>Museo<br>Arqueol\u00f3gico<br>Nacional<\/td><td>6\u00ba<\/td><td>Gratuita<\/td><td>Museo<br>Arqueol\u00f3gico<br>Nacional<\/td><td>1\u00batrimestre<\/td><td>Conocer los or\u00edgenes de nuestra<br>historia a trav\u00e9s de piezas<br>arqueol\u00f3gicas reales.<\/td><\/tr><tr><td>Parque multi-aventura<\/td><td>5\u00ba y 6\u00ba<\/td><td>20 \u20ac<\/td><td>Madrid<\/td><td>2\u00ba trimestre<\/td><td>Educaci\u00f3n F\u00edsica: reconocer la actividad f\u00edsica como alternativa de ocio saludable.<\/td><\/tr><tr><td>Educaci\u00f3n<br>Vial<\/td><td>2\u00ba y 4\u00ba<\/td><td>Gratuita<\/td><td>Centro Escolar<\/td><td>3\u00ba trimestre<\/td><td>Conocer normas b\u00e1sicas de<br>seguridad vial<\/td><\/tr><tr><td>Sesiones de<br>rugby<\/td><td>5\u00ba y 6\u00ba<\/td><td>Gratuita<\/td><td>Centro Escolar<\/td><td>1\u00ba trimestre<\/td><td>Conocer y pr\u00e1cticas deportes<br>minoritarios.<\/td><\/tr><tr><td>Educaci\u00f3n Vial<\/td><td>6\u00ba<\/td><td>Gratuita<\/td><td>Parque de Moratalaz<\/td><td>2\u00ba trimestre<\/td><td>Conocer normas b\u00e1sicas de<br>seguridad vial<\/td><\/tr><tr><td>Aula de la<br>Casa de<br>Campo<\/td><td>1\u00ba<\/td><td>Gratuita<\/td><td>Entorno<br>natural<\/td><td>1\u00ba trimestre<\/td><td>Comprender los ecosistemas<br>locales y la importancia del respeto<br>al medio ambiente.<\/td><\/tr><tr><td>Museo L\u00e1zaro<br>Galdiano<\/td><td>3\u00ba y 4\u00ba<\/td><td>Gratuita<\/td><td>Museo<br>L\u00e1zaro<br>Galdiano<\/td><td>1\u00ba trimestre<\/td><td>Apreciar el arte y el patrimonio<br>cultural a trav\u00e9s de la observaci\u00f3n<br>directa.<\/td><\/tr><tr><td>Aula<br>Municipal de<br>Pirag\u00fcismo<\/td><td>5\u00ba <\/td><td>Gratuita<\/td><td>Madrid R\u00edo<\/td><td>3\u00ba trimestre<\/td><td>Promover el trabajo en equipo, la<br>coordinaci\u00f3n y el respeto por el<br>medio acu\u00e1tico.<\/td><\/tr><\/tbody><\/table><\/figure>\n\n\n\n<div style=\"height:20px\" aria-hidden=\"true\" class=\"wp-block-spacer\"><\/div>\n\n\n\n<figure class=\"wp-block-image size-full is-resized\"><img loading=\"lazy\" decoding=\"async\" width=\"580\" height=\"777\" src=\"https:\/\/site.educa.madrid.org\/cp.alfonsodecimo.madrid\/\/wp-content\/uploads\/cp.alfonsodecimo.madrid\/2026\/01\/complementarias.png\" alt=\"\" class=\"wp-image-3024\" style=\"width:674px;height:auto\" srcset=\"https:\/\/site.educa.madrid.org\/cp.alfonsodecimo.madrid\/\/wp-content\/uploads\/cp.alfonsodecimo.madrid\/2026\/01\/complementarias.png 580w, https:\/\/site.educa.madrid.org\/cp.alfonsodecimo.madrid\/\/wp-content\/uploads\/cp.alfonsodecimo.madrid\/2026\/01\/complementarias-224x300.png 224w\" sizes=\"auto, (max-width: 580px) 100vw, 580px\" \/><\/figure>\n\n\n\n<figure class=\"wp-block-gallery has-nested-images columns-default is-cropped wp-block-gallery-1 is-layout-flex wp-block-gallery-is-layout-flex\">\n<figure class=\"wp-block-image size-large\"><img loading=\"lazy\" decoding=\"async\" width=\"592\" height=\"798\" data-id=\"3025\" src=\"https:\/\/site.educa.madrid.org\/cp.alfonsodecimo.madrid\/\/wp-content\/uploads\/cp.alfonsodecimo.madrid\/2026\/01\/complementarias-1.png\" alt=\"\" class=\"wp-image-3025\" srcset=\"https:\/\/site.educa.madrid.org\/cp.alfonsodecimo.madrid\/\/wp-content\/uploads\/cp.alfonsodecimo.madrid\/2026\/01\/complementarias-1.png 592w, https:\/\/site.educa.madrid.org\/cp.alfonsodecimo.madrid\/\/wp-content\/uploads\/cp.alfonsodecimo.madrid\/2026\/01\/complementarias-1-223x300.png 223w\" sizes=\"auto, (max-width: 592px) 100vw, 592px\" \/><\/figure>\n<\/figure>\n","protected":false},"excerpt":{"rendered":"<p>Actividades complementarias aprobadas en PGA para el curso 2025\/2026 ACTIVIDAD CURSO PRECIO LUGAR FECHA CONTENIDO Visita a la biblioteca 3, 4 y 5 a\u00f1os Gratuita Barrio 3\u00ba trimestre \u00c1rea II: Descubrimiento y exploraci\u00f3n del entorno. \u201cAnimaci\u00f3n y lectura\u201d. Polic\u00eda Municipal Educaci\u00f3n Vial 4 y 5 a\u00f1os Gratuita Centro Escolar 1\u00ba trimestre Se trabaja de manera &hellip; <\/p>\n<p class=\"link-more\"><a href=\"https:\/\/site.educa.madrid.org\/cp.alfonsodecimo.madrid\/index.php\/inicio\/el-centro\/actividades-complementarias\/\" class=\"more-link\">Continuar leyendo<span class=\"screen-reader-text\"> \u00abActividades complementarias\u00bb<\/span><\/a><\/p>\n","protected":false},"author":3,"featured_media":0,"parent":1063,"menu_order":4,"comment_status":"closed","ping_status":"closed","template":"page-with-siblings-submenu.php","meta":{"footnotes":""},"folder":[],"class_list":["post-955","page","type-page","status-publish","hentry"],"rttpg_featured_image_url":null,"rttpg_author":{"display_name":"cp.alfonsodecimo.madrid","author_link":"https:\/\/site.educa.madrid.org\/cp.alfonsodecimo.madrid\/index.php\/author\/cuenta_cp-alfonsodecimo-madrid\/"},"rttpg_comment":0,"rttpg_category":false,"rttpg_excerpt":"Actividades complementarias aprobadas en PGA para el curso 2025\/2026 ACTIVIDAD CURSO PRECIO LUGAR FECHA CONTENIDO Visita a la biblioteca 3, 4 y 5 a\u00f1os Gratuita Barrio 3\u00ba trimestre \u00c1rea II: Descubrimiento y exploraci\u00f3n del entorno. \u201cAnimaci\u00f3n y lectura\u201d. Polic\u00eda Municipal Educaci\u00f3n Vial 4 y 5 a\u00f1os Gratuita Centro Escolar 1\u00ba trimestre Se trabaja de manera&hellip;","post_mailing_queue_ids":[],"_links":{"self":[{"href":"https:\/\/site.educa.madrid.org\/cp.alfonsodecimo.madrid\/index.php\/wp-json\/wp\/v2\/pages\/955","targetHints":{"allow":["GET"]}}],"collection":[{"href":"https:\/\/site.educa.madrid.org\/cp.alfonsodecimo.madrid\/index.php\/wp-json\/wp\/v2\/pages"}],"about":[{"href":"https:\/\/site.educa.madrid.org\/cp.alfonsodecimo.madrid\/index.php\/wp-json\/wp\/v2\/types\/page"}],"author":[{"embeddable":true,"href":"https:\/\/site.educa.madrid.org\/cp.alfonsodecimo.madrid\/index.php\/wp-json\/wp\/v2\/users\/3"}],"replies":[{"embeddable":true,"href":"https:\/\/site.educa.madrid.org\/cp.alfonsodecimo.madrid\/index.php\/wp-json\/wp\/v2\/comments?post=955"}],"version-history":[{"count":12,"href":"https:\/\/site.educa.madrid.org\/cp.alfonsodecimo.madrid\/index.php\/wp-json\/wp\/v2\/pages\/955\/revisions"}],"predecessor-version":[{"id":3026,"href":"https:\/\/site.educa.madrid.org\/cp.alfonsodecimo.madrid\/index.php\/wp-json\/wp\/v2\/pages\/955\/revisions\/3026"}],"up":[{"embeddable":true,"href":"https:\/\/site.educa.madrid.org\/cp.alfonsodecimo.madrid\/index.php\/wp-json\/wp\/v2\/pages\/1063"}],"wp:attachment":[{"href":"https:\/\/site.educa.madrid.org\/cp.alfonsodecimo.madrid\/index.php\/wp-json\/wp\/v2\/media?parent=955"}],"wp:term":[{"taxonomy":"folder","embeddable":true,"href":"https:\/\/site.educa.madrid.org\/cp.alfonsodecimo.madrid\/index.php\/wp-json\/wp\/v2\/folder?post=955"}],"curies":[{"name":"wp","href":"https:\/\/api.w.org\/{rel}","templated":true}]}}