{"id":965,"date":"2022-10-30T12:33:03","date_gmt":"2022-10-30T11:33:03","guid":{"rendered":"https:\/\/site.educa.madrid.org\/cp.alfonsodecimo.madrid\/?page_id=965"},"modified":"2025-03-08T14:42:12","modified_gmt":"2025-03-08T13:42:12","slug":"1o-ciclo-educacion-infantil","status":"publish","type":"page","link":"https:\/\/site.educa.madrid.org\/cp.alfonsodecimo.madrid\/index.php\/ensenanzas\/1o-ciclo-educacion-infantil\/","title":{"rendered":"1\u00ba Ciclo Educaci\u00f3n Infantil"},"content":{"rendered":"\n<div style=\"height:20px\" aria-hidden=\"true\" class=\"wp-block-spacer\"><\/div>\n\n\n\n<div class=\"wp-block-columns is-layout-flex wp-container-core-columns-is-layout-9d6595d7 wp-block-columns-is-layout-flex\">\n<div class=\"wp-block-column has-background is-layout-flow wp-block-column-is-layout-flow\" style=\"background-color:#eaf5f5\">\n<h2 class=\"wp-block-heading has-vivid-red-color has-text-color\">Importante<\/h2>\n\n\n\n<h3 class=\"wp-block-heading\"><strong>LISTADO PROVISIONAL DE ALUMNOS ADMITIDOS Y NO ADMITIDOS:<\/strong><\/h3>\n\n\n\n<p>Una vez grabadas y analizadas las solicitudes, se&nbsp;har\u00e1 p\u00fablico a trav\u00e9s de la Secretar\u00eda Virtual&nbsp;el listado provisional de alumnos admitidos y no admitidos, as\u00ed como el plazo de reclamaci\u00f3n a dichos listados.&nbsp;<\/p>\n\n\n\n<p>Aquellas&nbsp;familias que no puedan acceder a la Secretar\u00eda Virtual, podr\u00e1n consultar la informaci\u00f3n en el centro solicitado en primer lugar, una vez acreditada la identidad.<\/p>\n\n\n\n<p>Las reclamaciones relativas a las&nbsp;solicitudes presentadas por v\u00eda telem\u00e1tica&nbsp;ser\u00e1n presentadas a trav\u00e9s de la Secretar\u00eda Virtual..<\/p>\n\n\n\n<p>Las reclamaciones&nbsp;al listado provisional de admitidos y no admitidos&nbsp;ser\u00e1n resueltas a trav\u00e9s de la publicaci\u00f3n de las listas definitivas&nbsp;de admitidos y no admitidos.<\/p>\n\n\n\n<p>MUY IMPORTANTE:&nbsp;la comprobaci\u00f3n y, en su caso, reclamaci\u00f3n a las listas provisionales de admitidos y no admitidos tiene una importancia esencial en el proceso de admisi\u00f3n.<\/p>\n\n\n\n<p>Junto con las listas provisionales de admitidos y no admitidos aparecer\u00e1 la&nbsp;lista de excluidos&nbsp;que incluir\u00e1 las solicitudes que no cumplan los requisitos de edad o de residencia y las entregadas fuera de plazo.<\/p>\n\n\n\n<p>La lista de no admitidos, a efectos de cobertura de vacantes,\u00a0tendr\u00e1 vigencia hasta\u00a0el d\u00eda anterior al inicio del plazo de presentaci\u00f3n de solicitudes para el curso 2025\/2026.<\/p>\n\n\n\n<h3 class=\"wp-block-heading\"><strong>MATRICULACI\u00d3N<\/strong>:<\/h3>\n\n\n\n<p>La no formalizaci\u00f3n de la matr\u00edcula&nbsp;en los plazos establecidos se entender\u00e1 como renuncia a la plaza adjudicada que pasar\u00e1 a considerarse como nueva vacante y a su correspondiente adjudicaci\u00f3n al primero de la lista de no admitidos.<\/p>\n\n\n\n<p>La matr\u00edcula&nbsp;se formalizar\u00e1 en el impreso oficial que se facilitar\u00e1 en el centro, adjuntando, en el caso de solicitar horario ampliado, certificados y\/o documentaci\u00f3n que justifique su necesidad.<\/p>\n\n\n\n<p>Si un ni\u00f1o ha obtenido&nbsp;plaza en m\u00e1s de un centro sostenido con fondos p\u00fablicos, la familia deber\u00e1 optar por una sola plaza en el per\u00edodo de matriculaci\u00f3n. Deber\u00e1 comunicar por escrito la baja al centro correspondiente.<\/p>\n\n\n\n<p>Para formalizar la matr\u00edcula de ni\u00f1os en proceso de adopci\u00f3n&nbsp;ser\u00e1 necesario la presentaci\u00f3n del Certificado del Registro Civil con la filiaci\u00f3n del ni\u00f1o o, en su defecto, Certificado de Convivencia en el que consten los datos del menor, expedido por la Direcci\u00f3n General de Infancia, Familia y Fomento de la Natalidad.<\/p>\n\n\n\n<p>No podr\u00e1n formalizar matr\u00edcula&nbsp;aquellas familias con&nbsp;recibos pendientes&nbsp;de pago en cualquier centro&nbsp;incluido en el \u00e1mbito de aplicaci\u00f3n de la presente Resoluci\u00f3n.<\/p>\n\n\n\n<p>La matriculaci\u00f3n de alumnos tanto de la lista de espera del proceso ordinario como del extraordinario finalizar\u00e1 el d\u00eda antes del inicio del plazo de presentaci\u00f3n de solicitudes para el curso 2024\/2025, siempre que dicha matriculaci\u00f3n no afecte al n\u00famero de plazas vacantes convocadas.<\/p>\n\n\n\n<h3 class=\"wp-block-heading\"><strong>PROCESO EXTRAORDINARIO DE ADMISI\u00d3N:<\/strong><\/h3>\n\n\n\n<p>Una vez finalizado el plazo de matriculaci\u00f3n&nbsp;se abrir\u00e1 un proceso extraordinario de admisi\u00f3n. <\/p>\n\n\n\n<p>Para participar en este proceso hay un&nbsp;modelo espec\u00edfico de solicitud&nbsp;que tambi\u00e9n se puede tramitar telem\u00e1ticamente o presentar la solicitud en el centro solicitado .&nbsp;En la solicitud presentada en periodo extraordinario, s\u00f3lo se podr\u00e1 solicitar un centro por cada solicitud.<\/p>\n\n\n\n<p>Las solicitudes recibidas en proceso extraordinario se incorporar\u00e1n a la lista de no admitidos por riguroso orden de entrada&nbsp;presencial o telem\u00e1tica. En este proceso no se aplica el baremo de admisi\u00f3n.<\/p>\n\n\n\n<h3 class=\"wp-block-heading\"><strong>MOTIVOS QUE SUPONEN LA P\u00c9RDIDA DE UNA PLAZA:<\/strong><\/h3>\n\n\n\n<p>La no incorporaci\u00f3n del alumno&nbsp;una vez cumplido el tercer o cuarto mes (lo que corresponda), supondr\u00e1 la p\u00e9rdida de la plaza asignada.<\/p>\n\n\n\n<p>Si&nbsp;no se hubiera producido el nacimiento&nbsp;antes de la finalizaci\u00f3n del plazo de matr\u00edcula.<\/p>\n\n\n\n<p>Los ni\u00f1os admitidos en proceso de adopci\u00f3n que&nbsp;no puedan documentar su filiaci\u00f3n&nbsp;antes de que finalice el plazo de matr\u00edcula.<\/p>\n\n\n\n<p>Las vacantes que se puedan producir finalizado el plazo de matriculaci\u00f3n, ser\u00e1n notificadas por riguroso orden de la lista de no admitidos.&nbsp;Si transcurridos dos d\u00edas h\u00e1biles desde la emisi\u00f3n de la comunicaci\u00f3n, no se hubiera hecho efectiva la correspondiente matr\u00edcula,&nbsp;perder\u00e1 el derecho a su plaza de manera autom\u00e1tica y la vacante se ofertar\u00e1 al siguiente de la lista de no admitidos por el mismo procedimiento.<\/p>\n\n\n\n<p>Causar\u00e1 baja el alumno que&nbsp;transcurridos 7 d\u00edas naturales del comienzo del curso escolar&nbsp;no se incorpore al centro sin causa justificada notificada por la familia.<\/p>\n\n\n\n<p>Causar\u00e1 baja el alumno que, una vez incorporado,&nbsp;no asista al centro durante quince d\u00edas naturales consecutivos sin justificaci\u00f3n.<\/p>\n\n\n\n<p>Renuncia&nbsp;comunicada por escrito.<\/p>\n\n\n\n<p>Los&nbsp;impagos&nbsp;de la cuota correspondiente (plazo m\u00e1ximo de un mes).<\/p>\n\n\n\n<p>La direcci\u00f3n del centro proceder\u00e1 a cubrir las vacantes una vez transcurridos los plazos salvo renuncia comunicada por escrito, en cuyo caso el proceso de cobertura de la vacante se iniciar\u00e1 con la fecha de renuncia.<\/p>\n\n\n\n<h3 class=\"wp-block-heading\"><strong>CALENDARIO ESCOLAR Y HORARIOS:<\/strong><\/h3>\n\n\n\n<p>El calendario escolar vendr\u00e1 determinado por la Consejer\u00eda de Educaci\u00f3n, Universidades, Ciencia y Portavoc\u00eda y se publicar\u00e1 en la web antes del inicio de cada curso escolar.&nbsp;<\/p>\n\n\n\n<p>El horario es de&nbsp;9:00 a 16:00 horas. El comedor es obligatorio.<\/p>\n\n\n\n<p>Existe la&nbsp;posibilidad de un horario ampliado: de&nbsp;7:30 a 9:00&nbsp;horas y de&nbsp;16:00 a 17:30 horas. Se podr\u00e1n&nbsp;solicitar tramos de media hora.<\/p>\n\n\n\n<h3 class=\"wp-block-heading\"><strong>HORARIO AMPLIADO:<\/strong><\/h3>\n\n\n\n<p>Se deber\u00e1 pedir&nbsp;en la solicitud&nbsp;de admisi\u00f3n. Para justificar su necesidad,&nbsp;se aportar\u00e1:<\/p>\n\n\n\n<p>Certificado laboral en el que conste jornada y horario de ambos progenitores o de uno en caso de familias monoparentales o de los tutores legales.<\/p>\n\n\n\n<p>Otra documentaci\u00f3n que justifique la necesidad de horario ampliado por circunstancias distintas a las laborales.<\/p>\n\n\n\n<p>Esta documentaci\u00f3n&nbsp;se aportar\u00e1 en el momento de la matriculaci\u00f3n.<\/p>\n\n\n\n<p>La concesi\u00f3n de los horarios ampliados tendr\u00e1n vigencia durante el curso completo.<\/p>\n\n\n\n<p>Las bajas voluntarias del servicio de horario ampliado se comunicar\u00e1n&nbsp;por escrito antes del d\u00eda 20 del mes anterior al de la baja.<\/p>\n\n\n\n<h3 class=\"wp-block-heading\"><strong>CUOTAS A PAGAR<\/strong>:<\/h3>\n\n\n\n<p>Todos los meses se aplican las mismas cuotas&nbsp;sin descuentos por vacaciones o d\u00edas no lectivos.&nbsp;<\/p>\n\n\n\n<p>Los alumnos que no se incorporen al centro por estar en&nbsp;situaci\u00f3n reciente de acogimiento familiar o adopci\u00f3n&nbsp;no abonar\u00e1n la cuota de comedor y de horario ampliado que les corresponda durante el periodo de permiso maternal que acrediten los padres o tutores.<\/p>\n\n\n\n<p>Cuota&nbsp;escolaridad:&nbsp;gratuita.<br>Cuota de&nbsp;comedor:&nbsp;obligatoria.&nbsp;5,50\u20ac\/d\u00eda.<br>Cuota&nbsp;horario ampliado:&nbsp;opcional.&nbsp;10,83 euros&nbsp;por&nbsp;medias horas o fracci\u00f3n. M\u00e1ximo: 6 franjas horarias (64,98 euros).&nbsp;<\/p>\n\n\n\n<p>Los&nbsp;recibos&nbsp;se emitir\u00e1n al inicio de cada mes.<\/p>\n\n\n\n<p>El&nbsp;periodo de adaptaci\u00f3n est\u00e1 reservado exclusivamente para alumnos de nueva incorporaci\u00f3n al centro. Tiene un car\u00e1cter voluntario para las familias, pudiendo estas optar por una incorporaci\u00f3n al horario completo desde el primer d\u00eda del curso. A estos alumnos&nbsp;se les descontar\u00e1 de sus cuotas espec\u00edficas mensuales la parte proporcional correspondiente&nbsp;a los d\u00edas lectivos que no utilicen en cada uno de los servicios de comedor y horario ampliado. Este descuento se calcular\u00e1 multiplicando el n\u00famero de d\u00edas que no utiliza cada uno de los servicios indicados por el m\u00f3dulo d\u00eda de cada uno de ellos.&nbsp;El m\u00f3dulo d\u00eda se calcular\u00e1&nbsp;dividiendo cada una de las cuotas mensuales correspondientes entre 20, que es el promedio mensual de d\u00edas lectivos.<\/p>\n\n\n\n<p>Si por causa justificada&nbsp;(consumir leche materna, alergias, etc.) alg\u00fan ni\u00f1o no consume los productos alimenticios que se dan en el centro, abonar\u00e1n s\u00f3lo el servicio de atenci\u00f3n de comedor, que se establece en el 50% de la cuota de comedor que tenga asignada.<\/p>\n\n\n\n<h3 class=\"wp-block-heading\"><strong>FACTURACI\u00d3N DE CUOTAS:<\/strong><\/h3>\n\n\n\n<p>La&nbsp;aplicaci\u00f3n Ra\u00edces genera autom\u00e1ticamente un documento&nbsp;de facturaci\u00f3n mensual que especifica las cuotas que debe aportar cada familia.<\/p>\n\n\n\n<p>Cuando por decisi\u00f3n familiar&nbsp;los ni\u00f1os no vayan a asistir al centro durante todo o parte del mes de julio, dicha circunstancia deber\u00e1 ser notificada por los padres o tutores a la direcci\u00f3n del centro&nbsp;antes del 20 de junio, para proceder a los correspondientes ajustes en el c\u00e1lculo de la cuota. Cualquier justificaci\u00f3n o comunicaci\u00f3n posterior supondr\u00e1 el abono de la cuota correspondiente al mes completo.<\/p>\n<\/div>\n<\/div>\n","protected":false},"excerpt":{"rendered":"<p>Importante LISTADO PROVISIONAL DE ALUMNOS ADMITIDOS Y NO ADMITIDOS: Una vez grabadas y analizadas las solicitudes, se&nbsp;har\u00e1 p\u00fablico a trav\u00e9s de la Secretar\u00eda Virtual&nbsp;el listado provisional de alumnos admitidos y no admitidos, as\u00ed como el plazo de reclamaci\u00f3n a dichos listados.&nbsp; Aquellas&nbsp;familias que no puedan acceder a la Secretar\u00eda Virtual, podr\u00e1n consultar la informaci\u00f3n en &hellip; <\/p>\n<p class=\"link-more\"><a href=\"https:\/\/site.educa.madrid.org\/cp.alfonsodecimo.madrid\/index.php\/ensenanzas\/1o-ciclo-educacion-infantil\/\" class=\"more-link\">Continuar leyendo<span class=\"screen-reader-text\"> \u00ab1\u00ba Ciclo Educaci\u00f3n Infantil\u00bb<\/span><\/a><\/p>\n","protected":false},"author":3,"featured_media":0,"parent":117,"menu_order":3,"comment_status":"closed","ping_status":"closed","template":"page-with-siblings-submenu.php","meta":{"footnotes":""},"folder":[],"class_list":["post-965","page","type-page","status-publish","hentry"],"rttpg_featured_image_url":null,"rttpg_author":{"display_name":"cp.alfonsodecimo.madrid","author_link":"https:\/\/site.educa.madrid.org\/cp.alfonsodecimo.madrid\/index.php\/author\/cuenta_cp-alfonsodecimo-madrid\/"},"rttpg_comment":0,"rttpg_category":false,"rttpg_excerpt":"Importante LISTADO PROVISIONAL DE ALUMNOS ADMITIDOS Y NO ADMITIDOS: Una vez grabadas y analizadas las solicitudes, se&nbsp;har\u00e1 p\u00fablico a trav\u00e9s de la Secretar\u00eda Virtual&nbsp;el listado provisional de alumnos admitidos y no admitidos, as\u00ed como el plazo de reclamaci\u00f3n a dichos listados.&nbsp; Aquellas&nbsp;familias que no puedan acceder a la Secretar\u00eda Virtual, podr\u00e1n consultar la informaci\u00f3n en&hellip;","post_mailing_queue_ids":[],"_links":{"self":[{"href":"https:\/\/site.educa.madrid.org\/cp.alfonsodecimo.madrid\/index.php\/wp-json\/wp\/v2\/pages\/965","targetHints":{"allow":["GET"]}}],"collection":[{"href":"https:\/\/site.educa.madrid.org\/cp.alfonsodecimo.madrid\/index.php\/wp-json\/wp\/v2\/pages"}],"about":[{"href":"https:\/\/site.educa.madrid.org\/cp.alfonsodecimo.madrid\/index.php\/wp-json\/wp\/v2\/types\/page"}],"author":[{"embeddable":true,"href":"https:\/\/site.educa.madrid.org\/cp.alfonsodecimo.madrid\/index.php\/wp-json\/wp\/v2\/users\/3"}],"replies":[{"embeddable":true,"href":"https:\/\/site.educa.madrid.org\/cp.alfonsodecimo.madrid\/index.php\/wp-json\/wp\/v2\/comments?post=965"}],"version-history":[{"count":20,"href":"https:\/\/site.educa.madrid.org\/cp.alfonsodecimo.madrid\/index.php\/wp-json\/wp\/v2\/pages\/965\/revisions"}],"predecessor-version":[{"id":2672,"href":"https:\/\/site.educa.madrid.org\/cp.alfonsodecimo.madrid\/index.php\/wp-json\/wp\/v2\/pages\/965\/revisions\/2672"}],"up":[{"embeddable":true,"href":"https:\/\/site.educa.madrid.org\/cp.alfonsodecimo.madrid\/index.php\/wp-json\/wp\/v2\/pages\/117"}],"wp:attachment":[{"href":"https:\/\/site.educa.madrid.org\/cp.alfonsodecimo.madrid\/index.php\/wp-json\/wp\/v2\/media?parent=965"}],"wp:term":[{"taxonomy":"folder","embeddable":true,"href":"https:\/\/site.educa.madrid.org\/cp.alfonsodecimo.madrid\/index.php\/wp-json\/wp\/v2\/folder?post=965"}],"curies":[{"name":"wp","href":"https:\/\/api.w.org\/{rel}","templated":true}]}}