{"id":1812,"date":"2022-10-25T12:59:11","date_gmt":"2022-10-25T10:59:11","guid":{"rendered":"https:\/\/site.educa.madrid.org\/cp.alfredodistefano.madrid\/?page_id=1812"},"modified":"2025-07-07T13:45:40","modified_gmt":"2025-07-07T11:45:40","slug":"consejo-escolar-2022","status":"publish","type":"page","link":"https:\/\/site.educa.madrid.org\/cp.alfredodistefano.madrid\/index.php\/consejo-escolar-2022\/","title":{"rendered":"Documentos Institucionales"},"content":{"rendered":"\n<p class=\"has-medium-font-size\">En est\u00e1 p\u00e1gina encontrar\u00e9is actualizados los documentos institucionales vigentes que definen la l\u00ednea educativa del centro: <\/p>\n\n\n\n<ul class=\"wp-block-list\">\n<li><strong>Proyecto Educativo del Centro<\/strong> 2025\/26.<\/li>\n<\/ul>\n\n\n\n<ul class=\"wp-block-list\">\n<li><strong>Programaci\u00f3n General Anual<\/strong> 2025\/26.<\/li>\n<\/ul>\n\n\n\n<ul class=\"wp-block-list\">\n<li><strong>Memoria Anual<\/strong> 2024\/25.<\/li>\n<\/ul>\n\n\n\n<ul class=\"wp-block-list\">\n<li><strong>Normas de Organizaci\u00f3n y Convivencia <\/strong>2025\/26.<\/li>\n<\/ul>\n\n\n\n<ul class=\"wp-block-list\">\n<li><strong>Plan de Evaluaci\u00f3n <\/strong>para el alumnado de Educaci\u00f3n Primaria y Educaci\u00f3n Secundaria 2024\/25.<\/li>\n<\/ul>\n\n\n\n<ul class=\"wp-block-list\">\n<li><strong>Plan de Convivencia<\/strong> (como centro incluido en el <em>Programa de centros de atenci\u00f3n preferente de alumnado con Trastorno del Espectro Autista<\/em>) 2025\/26.<\/li>\n<\/ul>\n\n\n\n<ul class=\"wp-block-list\">\n<li><strong>Plan Incluyo<\/strong> 2025\/26<\/li>\n<\/ul>\n\n\n\n<ul class=\"wp-block-list\">\n<li><strong>Plan Digital de Centro<\/strong> 2024\/2025.<\/li>\n<\/ul>\n\n\n\n<ul class=\"wp-block-list\">\n<li><strong>Presupuesto<\/strong> <strong>202<\/strong>5 (PENDIENTE).<\/li>\n<\/ul>\n\n\n\n<p>La mayor\u00eda de los documentos que regulan la vida del centro se encuentran en constante revisi\u00f3n, actualizaci\u00f3n y aprobaci\u00f3n por los diferentes \u00f3rganos colegiados.<\/p>\n\n\n\n<hr class=\"wp-block-separator has-text-color has-vivid-red-color has-alpha-channel-opacity has-vivid-red-background-color has-background\"\/>\n\n\n\n<div class=\"wp-block-file\"><a id=\"wp-block-file--media-dc8645d3-3913-46a1-975f-48b2a7c29d3d\" href=\"https:\/\/site.educa.madrid.org\/cp.alfredodistefano.madrid\/\/wp-content\/uploads\/cp.alfredodistefano.madrid\/2023\/12\/PROYECTO-EDUCATIVO-25.pdf\">PROYECTO EDUCATIVO 2025\/26<\/a><a href=\"https:\/\/site.educa.madrid.org\/cp.alfredodistefano.madrid\/\/wp-content\/uploads\/cp.alfredodistefano.madrid\/2023\/12\/PROYECTO-EDUCATIVO-25.pdf\" class=\"wp-block-file__button wp-element-button\" download aria-describedby=\"wp-block-file--media-dc8645d3-3913-46a1-975f-48b2a7c29d3d\">Descarga<\/a><\/div>\n\n\n\n<p class=\"has-small-font-size\">El Proyecto Educativo es un documento de car\u00e1cter pedag\u00f3gico elaborado por la comunidad educativa que enumera y define los rasgos de identidad de un centro, formula los objetivos que se han de conseguir y expresa la estructura organizativa y funcional del centro. El proyecto del CEIPSO Alfredo DI St\u00e9fano recoge los valores, los objetivos y las prioridades de actuaci\u00f3n de nuestro centro, tal y como establece el art\u00edculo 121 de Ley Org\u00e1nica 2\/2006, de 3 de mayo, de Educaci\u00f3n (LOE) consolidada por la Ley org\u00e1nica 3\/2020, de 29 de diciembre para la Mejora de la Calidad Educativa (LOMLOE).<\/p>\n\n\n\n<p class=\"has-small-font-size\">El CEIPSO Alfredo Di St\u00e9fano tiene como principal objetivo ofrecer una ense\u00f1anza de calidad, formando a trav\u00e9s de la participaci\u00f3n, el aprendizaje cooperativo y el crecimiento en las relaciones sociales, respetando el desarrollo individual de cada ni\u00f1o y potenciando todas y cada una de sus habilidades.<\/p>\n\n\n\n<hr class=\"wp-block-separator has-text-color has-vivid-red-color has-alpha-channel-opacity has-vivid-red-background-color has-background\"\/>\n\n\n\n<div class=\"wp-block-file\"><a id=\"wp-block-file--media-f00f5018-29b4-4f10-b764-dc569520d227\" href=\"https:\/\/site.educa.madrid.org\/cp.alfredodistefano.madrid\/\/wp-content\/uploads\/cp.alfredodistefano.madrid\/2023\/12\/PGA-2024-25.pdf\">PGA 2024\/25<\/a><a href=\"https:\/\/site.educa.madrid.org\/cp.alfredodistefano.madrid\/\/wp-content\/uploads\/cp.alfredodistefano.madrid\/2023\/12\/PGA-2024-25.pdf\" class=\"wp-block-file__button wp-element-button\" download aria-describedby=\"wp-block-file--media-f00f5018-29b4-4f10-b764-dc569520d227\">Descarga<\/a><\/div>\n\n\n\n<p class=\"has-small-font-size\">En la PGA se muestran los procesos de ense\u00f1anza-aprendizaje, su organizaci\u00f3n y funcionamiento, los proyectos a desarrollar durante el curso acad\u00e9mico, la organizaci\u00f3n del curr\u00edculo en los diferentes niveles educativos, as\u00ed como las normas y los planes de centro acordados y aprobados.<\/p>\n\n\n\n<p class=\"has-small-font-size\">Las peculiaridades de nuestro centro requieren un an\u00e1lisis previo de la realidad, barreras y demandas de la comunidad educativa.<\/p>\n\n\n\n<p class=\"has-small-font-size\">En base a esto hemos elaborado esta PGA, entendida como un instrumento abierto para el seguimiento y autoevaluaci\u00f3n por parte de la administraci\u00f3n, Claustro, Consejo Escolar, familias, ayuntamiento, personal no docente, etc. Esto nos permitir\u00e1 optimizar un servicio p\u00fablico educativo de calidad, capaz de atender y dar respuesta a todas las necesidades actuales y futuras de la comunidad educativa.<\/p>\n\n\n\n<hr class=\"wp-block-separator has-text-color has-vivid-red-color has-alpha-channel-opacity has-vivid-red-background-color has-background\"\/>\n\n\n\n<div class=\"wp-block-file\"><a id=\"wp-block-file--media-5b591c0c-64c9-4916-ab79-0deb7e4df898\" href=\"https:\/\/site.educa.madrid.org\/cp.alfredodistefano.madrid\/\/wp-content\/uploads\/cp.alfredodistefano.madrid\/2023\/12\/MEMORIA-24.25.pdf\">MEMORIA 2024\/25<\/a><a href=\"https:\/\/site.educa.madrid.org\/cp.alfredodistefano.madrid\/\/wp-content\/uploads\/cp.alfredodistefano.madrid\/2023\/12\/MEMORIA-24.25.pdf\" class=\"wp-block-file__button wp-element-button\" download aria-describedby=\"wp-block-file--media-5b591c0c-64c9-4916-ab79-0deb7e4df898\">Descarga<\/a><\/div>\n\n\n\n<p class=\"has-small-font-size\">El objetivo principal de la elaboraci\u00f3n de esta Memoria Anual es el de analizar y constatar el cumplimiento de lo planteado al inicio de curso 2024\/2025 en la Programaci\u00f3n General Anual (PGA), as\u00ed como los resultados, la organizaci\u00f3n y funcionamiento del centro en el curso que finaliza.<\/p>\n\n\n\n<p class=\"has-small-font-size\">El fin \u00faltimo de este documento es realizar una reflexi\u00f3n sistem\u00e1tica a cerca de las tareas realizadas por todo el conjunto de profesionales que intervienen en la acci\u00f3n del centro, de las actividades de ense\u00f1anza\/aprendizaje realizadas a lo largo del presente curso.<\/p>\n\n\n\n<p class=\"has-small-font-size\">Todo lo expuesto en el presente documento parte del an\u00e1lisis de los datos obtenidos, as\u00ed como de las conclusiones consensuadas y aportadas por todos los componentes del equipo de profesorado y profesionales del centro. Este an\u00e1lisis pretende servir para la revisi\u00f3n y valoraci\u00f3n del curso, as\u00ed como gu\u00eda para la planificaci\u00f3n y organizaci\u00f3n del pr\u00f3ximo curso y de las propuestas de mejora resultantes de estas.<\/p>\n\n\n\n<hr class=\"wp-block-separator has-text-color has-vivid-red-color has-alpha-channel-opacity has-vivid-red-background-color has-background\"\/>\n\n\n\n<div class=\"wp-block-file\"><a id=\"wp-block-file--media-4138c293-b059-455d-a612-35b92b807540\" href=\"https:\/\/site.educa.madrid.org\/cp.alfredodistefano.madrid\/\/wp-content\/uploads\/cp.alfredodistefano.madrid\/2023\/12\/Normas-de-organizacion-y-convivencia-25.pdf\">NORMAS DE ORGANIZACI\u00d3N Y CONVIVENCIA  2025\/26<\/a><a href=\"https:\/\/site.educa.madrid.org\/cp.alfredodistefano.madrid\/\/wp-content\/uploads\/cp.alfredodistefano.madrid\/2023\/12\/Normas-de-organizacion-y-convivencia-25.pdf\" class=\"wp-block-file__button wp-element-button\" download aria-describedby=\"wp-block-file--media-4138c293-b059-455d-a612-35b92b807540\">Descarga<\/a><\/div>\n\n\n\n<p class=\"has-small-font-size\">Las normas de organizaci\u00f3n y convivencia del centro es un documento que establece las normas e instrucciones que regulan la organizaci\u00f3n del centro, y regula la convivencia de la Comunidad Educativa, elaborado por la Comunidad Escolar. Es un instrumento normativo que deben conocer, acatar y cumplir todos los miembros de la comunidad educativa.<\/p>\n\n\n\n<p class=\"has-small-font-size\">Las normas de organizaci\u00f3n y convivencia son el marco legal dentro del cual se ha de desarrollar la actividad del centro y de la Comunidad Educativa integrada en \u00e9l, que tiene como finalidad esencial regular la actividad interna del centro mediante reglas que obligan imperativamente a todos y garantizando al mismo tiempo los derechos que por ley tengan conferidos, creando una situaci\u00f3n de derecho en las relaciones escolares, administrativas y laborales.<\/p>\n\n\n\n<p class=\"has-small-font-size\">El presente documento tiene por objeto regular la convivencia escolar, concretar los derechos y deberes de los miembros de la comunidad educativa, as\u00ed como establecer las normas y procedimientos para la resoluci\u00f3n de los conflictos en el marco de la autonom\u00eda pedag\u00f3gica de los centros.<\/p>\n\n\n\n<p class=\"has-small-font-size\">Las normas de organizaci\u00f3n y convivencia potenciar\u00e1n la plena participaci\u00f3n de todos los miembros de la Comunidad Educativa en el control y gesti\u00f3n de sus actividades.<\/p>\n\n\n\n<hr class=\"wp-block-separator has-text-color has-vivid-red-color has-alpha-channel-opacity has-vivid-red-background-color has-background\"\/>\n\n\n\n<div class=\"wp-block-file\"><a id=\"wp-block-file--media-aeaba0b5-09cf-42fc-a247-1073276fce2e\" href=\"https:\/\/site.educa.madrid.org\/cp.alfredodistefano.madrid\/\/wp-content\/uploads\/cp.alfredodistefano.madrid\/2023\/12\/PLAN-EVALUACION-24.25-1.pdf\">PLAN DE EVALUACION 2024\/25<\/a><a href=\"https:\/\/site.educa.madrid.org\/cp.alfredodistefano.madrid\/\/wp-content\/uploads\/cp.alfredodistefano.madrid\/2023\/12\/PLAN-EVALUACION-24.25-1.pdf\" class=\"wp-block-file__button wp-element-button\" download aria-describedby=\"wp-block-file--media-aeaba0b5-09cf-42fc-a247-1073276fce2e\">Descarga<\/a><\/div>\n\n\n\n<p class=\"has-small-font-size\">El CEIPSO Alfredo Di St\u00e9fano plantea la evaluaci\u00f3n como una actividad inherente al propio proceso educativo, este es el mecanismo que nos permitir\u00e1 valorar, ajustar y comprobar la consecuci\u00f3n de los planteamientos educativos planteados en los diferentes niveles del proceso de ense\u00f1anza- aprendizaje.<\/p>\n\n\n\n<p class=\"has-small-font-size\">Desde esta perspectiva, el proceso de evaluaci\u00f3n debe ir acompa\u00f1ado de las herramientas de valoraci\u00f3n y reflexi\u00f3n necesaria, as\u00ed como de las estrategias conjuntas pertinentes que permitan identificar todo el proceso de ense\u00f1anza \u2013 aprendizaje. Tan relevante resulta tener en cuenta las barrearas que deben afrontarse, como las virtudes del proceso. Siendo la finalidad principal de este asegurar un servicio y una atenci\u00f3n de calidad, aportando e implementando las mejoras que consideramos necesarias.<\/p>\n\n\n\n<p class=\"has-small-font-size\">La finalidad de este Plan de Evaluaci\u00f3n es establecer de forma consensuada y lo m\u00e1s objetiva posible, las directrices que permitan implementarlo.<\/p>\n\n\n\n<hr class=\"wp-block-separator has-text-color has-vivid-red-color has-alpha-channel-opacity has-vivid-red-background-color has-background\"\/>\n\n\n\n<div class=\"wp-block-file\"><a id=\"wp-block-file--media-d5035056-b328-4043-a3d9-20f0cfd9babc\" href=\"https:\/\/site.educa.madrid.org\/cp.alfredodistefano.madrid\/\/wp-content\/uploads\/cp.alfredodistefano.madrid\/2024\/07\/Plan-de-Convivencia-2023-2024.pdf\">Plan de convivencia 2024\/2025<\/a><a href=\"https:\/\/site.educa.madrid.org\/cp.alfredodistefano.madrid\/\/wp-content\/uploads\/cp.alfredodistefano.madrid\/2024\/07\/Plan-de-Convivencia-2023-2024.pdf\" class=\"wp-block-file__button wp-element-button\" download aria-describedby=\"wp-block-file--media-d5035056-b328-4043-a3d9-20f0cfd9babc\">Descarga<\/a><\/div>\n\n\n\n<p class=\"has-small-font-size\">Vivir en sociedad implica el cumplimiento de unas normas de respeto, tolerancia, solidaridad y convivencia, por lo que, la adquisici\u00f3n de estos valores y la propuesta de la elaboraci\u00f3n de un Plan en el que se manifiesten estos, resulta una tarea indispensable que debe asumirse desde cualquier centro educativo. El CEIPSO Alfredo Di St\u00e9fano es un centro de muy reciente creaci\u00f3n, siendo el curso 2024\/25 el 8\u00ba curso de recorrido de este. Dentro de uno de los objetivos generales planteados a inicio de curso en la Programaci\u00f3n General Anual (PGA), se encontraba, entre otros, la elaboraci\u00f3n de este Plan de Convivencia.<\/p>\n\n\n\n<p class=\"has-small-font-size\">Para la elaboraci\u00f3n del presente Plan se ha tenido en cuenta la participaci\u00f3n y las aportaciones de todos los sectores de la Comunidad Educativa. Desde el an\u00e1lisis, conocimiento y contextualizaci\u00f3n de la situaci\u00f3n de convivencia del centro, se plantea, siguiendo con la norma establecida, la realizaci\u00f3n del documento en base a las necesidades que se identifican, valorando el nivel socioeducativo del alumnado del centro, sus inquietudes y su capacidad para aceptar las normas y ser capaces de vivir en sociedad.<\/p>\n\n\n\n<hr class=\"wp-block-separator has-text-color has-vivid-red-color has-alpha-channel-opacity has-vivid-red-background-color has-background\"\/>\n\n\n\n<div class=\"wp-block-file\"><a id=\"wp-block-file--media-84ec5eca-9873-4ad8-aeb8-a01e74142e56\" href=\"https:\/\/site.educa.madrid.org\/cp.alfredodistefano.madrid\/\/wp-content\/uploads\/cp.alfredodistefano.madrid\/2023\/12\/Plan-Incluyo-2025-26.pdf\">PLAN INCLUYO 2025\/26<\/a><a href=\"https:\/\/site.educa.madrid.org\/cp.alfredodistefano.madrid\/\/wp-content\/uploads\/cp.alfredodistefano.madrid\/2023\/12\/Plan-Incluyo-2025-26.pdf\" class=\"wp-block-file__button wp-element-button\" download aria-describedby=\"wp-block-file--media-84ec5eca-9873-4ad8-aeb8-a01e74142e56\">Descarga<\/a><\/div>\n\n\n\n<p class=\"has-small-font-size\">La nueva realidad socioeducativa cada vez m\u00e1s, amplia, diversa y heterog\u00e9nea reclama de la educaci\u00f3n una especial atenci\u00f3n a los aspectos relacionados con la diversidad del alumnado para prevenir y resolver los problemas de exclusi\u00f3n social, discriminaci\u00f3n e inadaptaci\u00f3n frecuentemente relacionados con situaciones de desventaja social, cultural, econ\u00f3mica, familiar, escolar o personal.<\/p>\n\n\n\n<p class=\"has-small-font-size\">Con la elaboraci\u00f3n, revisi\u00f3n o actualizaci\u00f3n del Plan Incluyo se pretende consolidar la coordinaci\u00f3n, reflexi\u00f3n conjunta, la planificaci\u00f3n y toma de decisiones compartidas como elementos fundamentales en los que debe basarse la atenci\u00f3n a la diversidad, entendi\u00e9ndola como la atenci\u00f3n que proporciona todo el profesorado al conjunto del alumnado del centro, global e individualmente considerado, evitando la compartimentaci\u00f3n y la atenci\u00f3n aislada.<\/p>\n\n\n\n<p class=\"has-small-font-size\">Cada alumno tiene capacidades, intereses, ritmos, motivaciones y experiencias educativas diferentes que hacen que su proceso de aprendizaje sea \u00fanico e irrepetible. Desde esta concepci\u00f3n, es necesario desarrollar una educaci\u00f3n que valore y respete las diferencias, transform\u00e1ndolas en oportunidades que faciliten el desarrollo personal y social y no como un obst\u00e1culo en el proceso de ense\u00f1anza- aprendizaje. En este sentido, tiene sentido unificar las medidas de atenci\u00f3n a la diversidad entorno al Plan Incluyo para determinar todas las actuaciones, medidas organizativas, apoyos y refuerzos que el centro dise\u00f1a y pone en pr\u00e1ctica para proporcionar a nuestro alumnado la respuesta educativa m\u00e1s ajustada a sus necesidades educativas generales, espec\u00edficas y especiales.<\/p>\n\n\n\n<hr class=\"wp-block-separator has-text-color has-vivid-red-color has-alpha-channel-opacity has-vivid-red-background-color has-background\"\/>\n\n\n\n<div class=\"wp-block-file\"><a id=\"wp-block-file--media-a746886f-7bf9-442f-8708-e7534eba23bf\" href=\"https:\/\/site.educa.madrid.org\/cp.alfredodistefano.madrid\/\/wp-content\/uploads\/cp.alfredodistefano.madrid\/2024\/10\/Plan-Digital-de-Centro-2024-2025.pdf\">PLAN DIGITAL DE CENTRO 2024\/2025<\/a><a href=\"https:\/\/site.educa.madrid.org\/cp.alfredodistefano.madrid\/\/wp-content\/uploads\/cp.alfredodistefano.madrid\/2024\/10\/Plan-Digital-de-Centro-2024-2025.pdf\" class=\"wp-block-file__button wp-element-button\" download aria-describedby=\"wp-block-file--media-a746886f-7bf9-442f-8708-e7534eba23bf\">Descarga<\/a><\/div>\n\n\n\n<p class=\"has-small-font-size\">El Plan de Digitalizaci\u00f3n del CEIPSO Alfredo Di St\u00e9fano pretende seguir incluyendo el uso de las TIC en la rutina diaria, tanto del profesorado como del alumnado, incluyendo aspectos relacionados con la rob\u00f3tica. Este PDC encuentra enmarcado dentro de la filosof\u00eda educativa recogida en el Proyecto Educativo y m\u00e1s concretamente en su apartado de Estrategia Digital.<\/p>\n\n\n\n<p class=\"has-small-font-size\">El CEIPSO Alfredo Di St\u00e9fano ha elaborado este PDC que se incluye en esta Programaci\u00f3n General Anual (PGA) para el curso 24\/25, despu\u00e9s del an\u00e1lisis de las necesidades del centro relacionadas con la digitalizaci\u00f3n en este, las l\u00edneas de actuaci\u00f3n del plan se centran en conceder continuidad al proceso de digitalizaci\u00f3n por el que se apuesta desde la apertura del centro, tanto en los aspectos de gesti\u00f3n, como en el proceso de ense\u00f1anza-aprendizaje.<\/p>\n\n\n\n<p class=\"has-small-font-size\">Se pretende seguir aplicando y mejorando la implementaci\u00f3n de las metodolog\u00edas activas de aprendizaje, para ello debemos profundizar en el conocimiento de las herramientas disponibles y de la tecnolog\u00eda asociada. El trabajo colaborativo y las actividades interdisciplinares ser\u00e1n de gran importancia. Dentro del PDC, se recoge la formaci\u00f3n necesaria para llevar a cabo estos objetivos.<\/p>\n\n\n\n<hr class=\"wp-block-separator has-text-color has-vivid-red-color has-alpha-channel-opacity has-vivid-red-background-color has-background\"\/>\n\n\n\n<p class=\"has-small-font-size\">En este documento se muestra el Presupuesto para el Ejercicio 2022, con la correspondiente relaci\u00f3n de ingresos y de gastos.<\/p>\n\n\n\n<hr class=\"wp-block-separator has-text-color has-vivid-red-color has-alpha-channel-opacity has-vivid-red-background-color has-background\"\/>\n","protected":false},"excerpt":{"rendered":"","protected":false},"author":2,"featured_media":0,"parent":0,"menu_order":0,"comment_status":"closed","ping_status":"closed","template":"","meta":{"footnotes":""},"folder":[],"class_list":["post-1812","page","type-page","status-publish","hentry"],"rttpg_featured_image_url":null,"rttpg_author":{"display_name":"tic.cp.alfredodistefano.madrid","author_link":"https:\/\/site.educa.madrid.org\/cp.alfredodistefano.madrid\/index.php\/author\/cuenta_tic-cp-alfredodistefano-madrid\/"},"rttpg_comment":0,"rttpg_category":false,"rttpg_excerpt":null,"post_mailing_queue_ids":[],"_links":{"self":[{"href":"https:\/\/site.educa.madrid.org\/cp.alfredodistefano.madrid\/index.php\/wp-json\/wp\/v2\/pages\/1812","targetHints":{"allow":["GET"]}}],"collection":[{"href":"https:\/\/site.educa.madrid.org\/cp.alfredodistefano.madrid\/index.php\/wp-json\/wp\/v2\/pages"}],"about":[{"href":"https:\/\/site.educa.madrid.org\/cp.alfredodistefano.madrid\/index.php\/wp-json\/wp\/v2\/types\/page"}],"author":[{"embeddable":true,"href":"https:\/\/site.educa.madrid.org\/cp.alfredodistefano.madrid\/index.php\/wp-json\/wp\/v2\/users\/2"}],"replies":[{"embeddable":true,"href":"https:\/\/site.educa.madrid.org\/cp.alfredodistefano.madrid\/index.php\/wp-json\/wp\/v2\/comments?post=1812"}],"version-history":[{"count":13,"href":"https:\/\/site.educa.madrid.org\/cp.alfredodistefano.madrid\/index.php\/wp-json\/wp\/v2\/pages\/1812\/revisions"}],"predecessor-version":[{"id":2876,"href":"https:\/\/site.educa.madrid.org\/cp.alfredodistefano.madrid\/index.php\/wp-json\/wp\/v2\/pages\/1812\/revisions\/2876"}],"wp:attachment":[{"href":"https:\/\/site.educa.madrid.org\/cp.alfredodistefano.madrid\/index.php\/wp-json\/wp\/v2\/media?parent=1812"}],"wp:term":[{"taxonomy":"folder","embeddable":true,"href":"https:\/\/site.educa.madrid.org\/cp.alfredodistefano.madrid\/index.php\/wp-json\/wp\/v2\/folder?post=1812"}],"curies":[{"name":"wp","href":"https:\/\/api.w.org\/{rel}","templated":true}]}}