{"id":3068,"date":"2025-04-23T12:07:26","date_gmt":"2025-04-23T10:07:26","guid":{"rendered":"https:\/\/site.educa.madrid.org\/cp.alfredodistefano.madrid\/?page_id=3068"},"modified":"2025-07-04T19:58:22","modified_gmt":"2025-07-04T17:58:22","slug":"recursos-rea","status":"publish","type":"page","link":"https:\/\/site.educa.madrid.org\/cp.alfredodistefano.madrid\/index.php\/recursos-rea\/","title":{"rendered":"RECURSOS REA"},"content":{"rendered":"\n<p>En esta secci\u00f3n disponemos de un <strong>Recurso Educativo Abierto (REA)<\/strong> elaborado durante la realizaci\u00f3n de un <strong>Seminario de Formaci\u00f3n<\/strong> de \u00abPrimeros Auxilios en el entorno escolar\u00bb realizado por parte del profesorado del centro, durante el curso escolar 2024\/2025.<\/p>\n\n\n\n<hr class=\"wp-block-separator has-text-color has-vivid-red-color has-alpha-channel-opacity has-vivid-red-background-color has-background\"\/>\n\n\n\n<div data-wp-interactive=\"core\/file\" class=\"wp-block-file\"><object data-wp-bind--hidden=\"!state.hasPdfPreview\" hidden class=\"wp-block-file__embed\" data=\"https:\/\/site.educa.madrid.org\/cp.alfredodistefano.madrid\/\/wp-content\/uploads\/cp.alfredodistefano.madrid\/2025\/04\/Seminario-2024-2025-Primeros-auxilios.pdf\" type=\"application\/pdf\" style=\"width:100%;height:600px\" aria-label=\"Incrustado de Seminario 2024-2025 - Primeros auxilios.\"><\/object><a id=\"wp-block-file--media-3e07589b-e342-44ad-9c6e-fa23932dafe6\" href=\"https:\/\/site.educa.madrid.org\/cp.alfredodistefano.madrid\/\/wp-content\/uploads\/cp.alfredodistefano.madrid\/2025\/04\/Seminario-2024-2025-Primeros-auxilios.pdf\">Seminario 2024-2025 &#8211; Primeros auxilios<\/a><a href=\"https:\/\/site.educa.madrid.org\/cp.alfredodistefano.madrid\/\/wp-content\/uploads\/cp.alfredodistefano.madrid\/2025\/04\/Seminario-2024-2025-Primeros-auxilios.pdf\" class=\"wp-block-file__button wp-element-button\" download aria-describedby=\"wp-block-file--media-3e07589b-e342-44ad-9c6e-fa23932dafe6\">Descarga<\/a><\/div>\n","protected":false},"excerpt":{"rendered":"<p>En esta secci\u00f3n disponemos de un Recurso Educativo Abierto (REA) elaborado durante la realizaci\u00f3n de un Seminario de Formaci\u00f3n de \u00abPrimeros Auxilios [&hellip;]<\/p>\n","protected":false},"author":2,"featured_media":0,"parent":0,"menu_order":0,"comment_status":"closed","ping_status":"closed","template":"","meta":{"footnotes":""},"folder":[],"class_list":["post-3068","page","type-page","status-publish","hentry"],"rttpg_featured_image_url":null,"rttpg_author":{"display_name":"tic.cp.alfredodistefano.madrid","author_link":"https:\/\/site.educa.madrid.org\/cp.alfredodistefano.madrid\/index.php\/author\/cuenta_tic-cp-alfredodistefano-madrid\/"},"rttpg_comment":0,"rttpg_category":false,"rttpg_excerpt":"En esta secci\u00f3n disponemos de un Recurso Educativo Abierto (REA) elaborado durante la realizaci\u00f3n de un Seminario de Formaci\u00f3n de \u00abPrimeros Auxilios [&hellip;]","post_mailing_queue_ids":[],"_links":{"self":[{"href":"https:\/\/site.educa.madrid.org\/cp.alfredodistefano.madrid\/index.php\/wp-json\/wp\/v2\/pages\/3068","targetHints":{"allow":["GET"]}}],"collection":[{"href":"https:\/\/site.educa.madrid.org\/cp.alfredodistefano.madrid\/index.php\/wp-json\/wp\/v2\/pages"}],"about":[{"href":"https:\/\/site.educa.madrid.org\/cp.alfredodistefano.madrid\/index.php\/wp-json\/wp\/v2\/types\/page"}],"author":[{"embeddable":true,"href":"https:\/\/site.educa.madrid.org\/cp.alfredodistefano.madrid\/index.php\/wp-json\/wp\/v2\/users\/2"}],"replies":[{"embeddable":true,"href":"https:\/\/site.educa.madrid.org\/cp.alfredodistefano.madrid\/index.php\/wp-json\/wp\/v2\/comments?post=3068"}],"version-history":[{"count":6,"href":"https:\/\/site.educa.madrid.org\/cp.alfredodistefano.madrid\/index.php\/wp-json\/wp\/v2\/pages\/3068\/revisions"}],"predecessor-version":[{"id":3206,"href":"https:\/\/site.educa.madrid.org\/cp.alfredodistefano.madrid\/index.php\/wp-json\/wp\/v2\/pages\/3068\/revisions\/3206"}],"wp:attachment":[{"href":"https:\/\/site.educa.madrid.org\/cp.alfredodistefano.madrid\/index.php\/wp-json\/wp\/v2\/media?parent=3068"}],"wp:term":[{"taxonomy":"folder","embeddable":true,"href":"https:\/\/site.educa.madrid.org\/cp.alfredodistefano.madrid\/index.php\/wp-json\/wp\/v2\/folder?post=3068"}],"curies":[{"name":"wp","href":"https:\/\/api.w.org\/{rel}","templated":true}]}}