{"id":318,"date":"2020-11-09T03:04:14","date_gmt":"2020-11-09T03:04:14","guid":{"rendered":"https:\/\/site.educa.madrid.org\/cp.alfredodistefano.madrid\/?page_id=318"},"modified":"2025-07-04T19:48:56","modified_gmt":"2025-07-04T17:48:56","slug":"consejo-escolar-2","status":"publish","type":"page","link":"https:\/\/site.educa.madrid.org\/cp.alfredodistefano.madrid\/index.php\/consejo-escolar-2\/","title":{"rendered":"OFERTA EDUCATIVA"},"content":{"rendered":"\n<hr class=\"wp-block-separator has-text-color has-vivid-red-color has-alpha-channel-opacity has-vivid-red-background-color has-background\"\/>\n\n\n\n<div class=\"wp-block-media-text alignwide is-stacked-on-mobile\" style=\"grid-template-columns:30% auto\"><figure class=\"wp-block-media-text__media\"><img loading=\"lazy\" decoding=\"async\" width=\"838\" height=\"1024\" src=\"https:\/\/site.educa.madrid.org\/cp.alfredodistefano.madrid\/\/wp-content\/uploads\/cp.alfredodistefano.madrid\/2023\/11\/2.-Mesa-01-838x1024.jpg\" alt=\"\" class=\"wp-image-2361 size-full\" srcset=\"https:\/\/site.educa.madrid.org\/cp.alfredodistefano.madrid\/\/wp-content\/uploads\/cp.alfredodistefano.madrid\/2023\/11\/2.-Mesa-01-838x1024.jpg 838w, https:\/\/site.educa.madrid.org\/cp.alfredodistefano.madrid\/\/wp-content\/uploads\/cp.alfredodistefano.madrid\/2023\/11\/2.-Mesa-01-245x300.jpg 245w, https:\/\/site.educa.madrid.org\/cp.alfredodistefano.madrid\/\/wp-content\/uploads\/cp.alfredodistefano.madrid\/2023\/11\/2.-Mesa-01-768x939.jpg 768w, https:\/\/site.educa.madrid.org\/cp.alfredodistefano.madrid\/\/wp-content\/uploads\/cp.alfredodistefano.madrid\/2023\/11\/2.-Mesa-01-1257x1536.jpg 1257w, https:\/\/site.educa.madrid.org\/cp.alfredodistefano.madrid\/\/wp-content\/uploads\/cp.alfredodistefano.madrid\/2023\/11\/2.-Mesa-01-1000x1222.jpg 1000w, https:\/\/site.educa.madrid.org\/cp.alfredodistefano.madrid\/\/wp-content\/uploads\/cp.alfredodistefano.madrid\/2023\/11\/2.-Mesa-01-230x281.jpg 230w, https:\/\/site.educa.madrid.org\/cp.alfredodistefano.madrid\/\/wp-content\/uploads\/cp.alfredodistefano.madrid\/2023\/11\/2.-Mesa-01-350x428.jpg 350w, https:\/\/site.educa.madrid.org\/cp.alfredodistefano.madrid\/\/wp-content\/uploads\/cp.alfredodistefano.madrid\/2023\/11\/2.-Mesa-01-480x587.jpg 480w, https:\/\/site.educa.madrid.org\/cp.alfredodistefano.madrid\/\/wp-content\/uploads\/cp.alfredodistefano.madrid\/2023\/11\/2.-Mesa-01.jpg 1536w\" sizes=\"auto, (max-width: 838px) 100vw, 838px\" \/><\/figure><div class=\"wp-block-media-text__content\">\n<p>El CEIPSO ALFREDO DI ST\u00c9FANO es un centro de Educaci\u00f3n Infantil, Primaria y Secundaria, por lo que proporciona respuesta a parte de la demanda educativa de la zona, para el alumnado que se escolariza entre el 2\u00ba ciclo de Educaci\u00f3n Infantil y durante el curso 2025\/26 hasta el 2\u00ba curso de Educaci\u00f3n Secundaria, en el barrio de Valdebebas. Este es un centro biling\u00fce en lengua inglesa, desde los 3 hasta los 15 a\u00f1os. Los pilares fundamentales de nuestra oferta educativa son: el aprendizaje en lengua inglesa, el trabajo de aspectos de car\u00e1cter emocional y la innovaci\u00f3n educativa, desde una perspectiva tecnol\u00f3gica, mediante el empleo de diferentes herramientas de esta naturaleza y la implementaci\u00f3n de metodolog\u00edas activas de aprendizaje.<\/p>\n<\/div><\/div>\n\n\n\n<hr class=\"wp-block-separator has-text-color has-vivid-red-color has-alpha-channel-opacity has-vivid-red-background-color has-background\"\/>\n\n\n\n<p><\/p>\n","protected":false},"excerpt":{"rendered":"<p>El CEIPSO ALFREDO DI ST\u00c9FANO es un centro de Educaci\u00f3n Infantil, Primaria y Secundaria, por lo que proporciona respuesta a parte de [&hellip;]<\/p>\n","protected":false},"author":2,"featured_media":0,"parent":0,"menu_order":0,"comment_status":"closed","ping_status":"closed","template":"","meta":{"footnotes":""},"folder":[],"class_list":["post-318","page","type-page","status-publish","hentry"],"rttpg_featured_image_url":null,"rttpg_author":{"display_name":"tic.cp.alfredodistefano.madrid","author_link":"https:\/\/site.educa.madrid.org\/cp.alfredodistefano.madrid\/index.php\/author\/cuenta_tic-cp-alfredodistefano-madrid\/"},"rttpg_comment":0,"rttpg_category":false,"rttpg_excerpt":"El CEIPSO ALFREDO DI ST\u00c9FANO es un centro de Educaci\u00f3n Infantil, Primaria y Secundaria, por lo que proporciona respuesta a parte de [&hellip;]","post_mailing_queue_ids":[],"_links":{"self":[{"href":"https:\/\/site.educa.madrid.org\/cp.alfredodistefano.madrid\/index.php\/wp-json\/wp\/v2\/pages\/318","targetHints":{"allow":["GET"]}}],"collection":[{"href":"https:\/\/site.educa.madrid.org\/cp.alfredodistefano.madrid\/index.php\/wp-json\/wp\/v2\/pages"}],"about":[{"href":"https:\/\/site.educa.madrid.org\/cp.alfredodistefano.madrid\/index.php\/wp-json\/wp\/v2\/types\/page"}],"author":[{"embeddable":true,"href":"https:\/\/site.educa.madrid.org\/cp.alfredodistefano.madrid\/index.php\/wp-json\/wp\/v2\/users\/2"}],"replies":[{"embeddable":true,"href":"https:\/\/site.educa.madrid.org\/cp.alfredodistefano.madrid\/index.php\/wp-json\/wp\/v2\/comments?post=318"}],"version-history":[{"count":17,"href":"https:\/\/site.educa.madrid.org\/cp.alfredodistefano.madrid\/index.php\/wp-json\/wp\/v2\/pages\/318\/revisions"}],"predecessor-version":[{"id":3199,"href":"https:\/\/site.educa.madrid.org\/cp.alfredodistefano.madrid\/index.php\/wp-json\/wp\/v2\/pages\/318\/revisions\/3199"}],"wp:attachment":[{"href":"https:\/\/site.educa.madrid.org\/cp.alfredodistefano.madrid\/index.php\/wp-json\/wp\/v2\/media?parent=318"}],"wp:term":[{"taxonomy":"folder","embeddable":true,"href":"https:\/\/site.educa.madrid.org\/cp.alfredodistefano.madrid\/index.php\/wp-json\/wp\/v2\/folder?post=318"}],"curies":[{"name":"wp","href":"https:\/\/api.w.org\/{rel}","templated":true}]}}