{"id":3339,"date":"2026-02-12T09:29:51","date_gmt":"2026-02-12T08:29:51","guid":{"rendered":"https:\/\/site.educa.madrid.org\/cp.alfredodistefano.madrid\/?page_id=3339"},"modified":"2026-04-10T11:22:24","modified_gmt":"2026-04-10T09:22:24","slug":"admision-2026-27","status":"publish","type":"page","link":"https:\/\/site.educa.madrid.org\/cp.alfredodistefano.madrid\/index.php\/admision-2026-27\/","title":{"rendered":"ADMISI\u00d3N 2026\/27"},"content":{"rendered":"\n<p><strong>Se habilita este espacio, en el que se ir\u00e1n recogiendo todas las informaciones relevantes sobre el Proceso de Admisi\u00f3n de nuevo alumnado para el pr\u00f3ximo curso 2026\/27.<\/strong><\/p>\n\n\n\n<p>En el siguiente <strong><a href=\"https:\/\/raices.madrid.org\/secretariavirtual\/\" target=\"_blank\" rel=\"noreferrer noopener\">ENLACE<\/a><\/strong> podr\u00e9is acceder a la <strong>SECRETAR\u00cdA VIRTUAL<\/strong> de la Comunidad de Madrid. A su vez, en este <strong><a href=\"https:\/\/www.comunidad.madrid\/servicios\/educacion\/solicita-tu-admision-educacion-infantil-obligatoria-bachillerato\" data-type=\"URL\" data-id=\"https:\/\/www.comunidad.madrid\/servicios\/educacion\/solicita-tu-admision-educacion-infantil-obligatoria-bachillerato\">ENLACE<\/a> <\/strong>pod\u00e9is consultar toda la informaci\u00f3n relativa al <em>\u00abProceso de admisi\u00f3n de alumnos en centros sostenidos con fondos p\u00fablicos\u00bb<\/em>.<\/p>\n\n\n\n<p>En esta secci\u00f3n, encontrar\u00e9is toda la documentaci\u00f3n que puede ser de vuestro inter\u00e9s. Esta se actualizar\u00e1 seg\u00fan vaya avanzando el proceso:<\/p>\n\n\n\n<div class=\"wp-block-media-text is-stacked-on-mobile\" style=\"grid-template-columns:85% auto\"><figure class=\"wp-block-media-text__media\"><video controls src=\"https:\/\/site.educa.madrid.org\/cp.alfredodistefano.madrid\/\/wp-content\/uploads\/cp.alfredodistefano.madrid\/2026\/03\/Proceso-Admision-26_27-1.mp4\"><\/video><\/figure><div class=\"wp-block-media-text__content\">\n<p><\/p>\n<\/div><\/div>\n\n\n\n<div class=\"wp-block-file\"><a id=\"wp-block-file--media-7b56953a-79af-4240-a4ea-5e39cc08fcf9\" href=\"https:\/\/site.educa.madrid.org\/cp.alfredodistefano.madrid\/\/wp-content\/uploads\/cp.alfredodistefano.madrid\/2026\/03\/Anexo_I._Plazas_vacantes_ofertadas_Publicable_signed.pdf\">ANEXO I PLAZAS VACANTES OFERTADAS 2026\/27<\/a><a href=\"https:\/\/site.educa.madrid.org\/cp.alfredodistefano.madrid\/\/wp-content\/uploads\/cp.alfredodistefano.madrid\/2026\/03\/Anexo_I._Plazas_vacantes_ofertadas_Publicable_signed.pdf\" class=\"wp-block-file__button wp-element-button\" download aria-describedby=\"wp-block-file--media-7b56953a-79af-4240-a4ea-5e39cc08fcf9\">Descarga<\/a><\/div>\n\n\n\n<div class=\"wp-block-file\"><a id=\"wp-block-file--media-e0582c5b-6052-440a-b5f5-bf5131256fb7\" href=\"https:\/\/site.educa.madrid.org\/cp.alfredodistefano.madrid\/\/wp-content\/uploads\/cp.alfredodistefano.madrid\/2026\/04\/RESULTADO-SORTEO-ADMISION-2026.27.pdf\">RESULTADO SORTEO DESEMPATE ADMISIO\u0301N 2026.27<\/a><a href=\"https:\/\/site.educa.madrid.org\/cp.alfredodistefano.madrid\/\/wp-content\/uploads\/cp.alfredodistefano.madrid\/2026\/04\/RESULTADO-SORTEO-ADMISION-2026.27.pdf\" class=\"wp-block-file__button wp-element-button\" download aria-describedby=\"wp-block-file--media-e0582c5b-6052-440a-b5f5-bf5131256fb7\">Descarga<\/a><\/div>\n\n\n\n<div class=\"wp-block-file\"><a id=\"wp-block-file--media-020fe8a3-4a83-4855-8c81-63481802c7ec\" href=\"https:\/\/site.educa.madrid.org\/cp.alfredodistefano.madrid\/\/wp-content\/uploads\/cp.alfredodistefano.madrid\/2026\/02\/MARCO-NORMATIVO-ADMISION.pdf\">MARCO NORMATIVO ADMISIO\u0301N<\/a><a href=\"https:\/\/site.educa.madrid.org\/cp.alfredodistefano.madrid\/\/wp-content\/uploads\/cp.alfredodistefano.madrid\/2026\/02\/MARCO-NORMATIVO-ADMISION.pdf\" class=\"wp-block-file__button wp-element-button\" download aria-describedby=\"wp-block-file--media-020fe8a3-4a83-4855-8c81-63481802c7ec\">Descarga<\/a><\/div>\n\n\n\n<div class=\"wp-block-file\"><a id=\"wp-block-file--media-cbdaa008-71f6-4346-8ef3-6da38bc95b9a\" href=\"https:\/\/site.educa.madrid.org\/cp.alfredodistefano.madrid\/\/wp-content\/uploads\/cp.alfredodistefano.madrid\/2026\/02\/RESOLUCION-ADMISION-2026.27.pdf\">RESOLUCIO\u0301N ADMISIO\u0301N 2026.27<\/a><a href=\"https:\/\/site.educa.madrid.org\/cp.alfredodistefano.madrid\/\/wp-content\/uploads\/cp.alfredodistefano.madrid\/2026\/02\/RESOLUCION-ADMISION-2026.27.pdf\" class=\"wp-block-file__button wp-element-button\" download aria-describedby=\"wp-block-file--media-cbdaa008-71f6-4346-8ef3-6da38bc95b9a\">Descarga<\/a><\/div>\n\n\n\n<div class=\"wp-block-file\"><a id=\"wp-block-file--media-3041a71f-8ec6-4159-a6eb-b8adb8ce7668\" href=\"https:\/\/site.educa.madrid.org\/cp.alfredodistefano.madrid\/\/wp-content\/uploads\/cp.alfredodistefano.madrid\/2026\/02\/Informacion-basica-proceso-admision-26.27-con-fecha.pdf\">INFORMACI\u00d3N GENERAL SOBRE EL PROCESO DE ADMISI\u00d3N 2026\/27<\/a><a href=\"https:\/\/site.educa.madrid.org\/cp.alfredodistefano.madrid\/\/wp-content\/uploads\/cp.alfredodistefano.madrid\/2026\/02\/Informacion-basica-proceso-admision-26.27-con-fecha.pdf\" class=\"wp-block-file__button wp-element-button\" download aria-describedby=\"wp-block-file--media-3041a71f-8ec6-4159-a6eb-b8adb8ce7668\">Descarga<\/a><\/div>\n\n\n\n<div class=\"wp-block-file\"><a id=\"wp-block-file--media-e82d0fde-f1ac-49cb-a354-38c2a8f6c785\" href=\"https:\/\/site.educa.madrid.org\/cp.alfredodistefano.madrid\/\/wp-content\/uploads\/cp.alfredodistefano.madrid\/2026\/02\/Certificado-PUNTO-ADICIONAL-26.27.pdf\">CERTIFICACI\u00d3N PUNTO ADICIONAL 26.27<\/a><a href=\"https:\/\/site.educa.madrid.org\/cp.alfredodistefano.madrid\/\/wp-content\/uploads\/cp.alfredodistefano.madrid\/2026\/02\/Certificado-PUNTO-ADICIONAL-26.27.pdf\" class=\"wp-block-file__button wp-element-button\" download aria-describedby=\"wp-block-file--media-e82d0fde-f1ac-49cb-a354-38c2a8f6c785\">Descarga<\/a><\/div>\n\n\n\n<div class=\"wp-block-file\"><a id=\"wp-block-file--media-5744d60e-6872-41dc-a88d-db6a4f6301dc\" href=\"https:\/\/site.educa.madrid.org\/cp.alfredodistefano.madrid\/\/wp-content\/uploads\/cp.alfredodistefano.madrid\/2026\/02\/SAE-2.jpeg\">INFORMACI\u00d3N SERVICIO A LA ESCOLARIZACI\u00d3N (SAE) MADRID CAPITAL<\/a><a href=\"https:\/\/site.educa.madrid.org\/cp.alfredodistefano.madrid\/\/wp-content\/uploads\/cp.alfredodistefano.madrid\/2026\/02\/SAE-2.jpeg\" class=\"wp-block-file__button wp-element-button\" download aria-describedby=\"wp-block-file--media-5744d60e-6872-41dc-a88d-db6a4f6301dc\">Descarga<\/a><\/div>\n\n\n\n<div class=\"wp-block-file\"><a id=\"wp-block-file--media-23d8a289-17b4-4fcf-8306-1b6975a2aecd\" href=\"https:\/\/site.educa.madrid.org\/cp.alfredodistefano.madrid\/\/wp-content\/uploads\/cp.alfredodistefano.madrid\/2026\/02\/Centros_adscritos_a_nivel_superior_a_efectos_de_escolarizacion.pdf\">IES ADSCTIROS AL CEIPSO ALFREDO DI ST\u00c9FANO<\/a><a href=\"https:\/\/site.educa.madrid.org\/cp.alfredodistefano.madrid\/\/wp-content\/uploads\/cp.alfredodistefano.madrid\/2026\/02\/Centros_adscritos_a_nivel_superior_a_efectos_de_escolarizacion.pdf\" class=\"wp-block-file__button wp-element-button\" download aria-describedby=\"wp-block-file--media-23d8a289-17b4-4fcf-8306-1b6975a2aecd\">Descarga<\/a><\/div>\n\n\n\n<div class=\"wp-block-file\"><a id=\"wp-block-file--media-b949def1-7f2a-44d0-9c70-ae81c405f0a6\" href=\"https:\/\/site.educa.madrid.org\/cp.alfredodistefano.madrid\/\/wp-content\/uploads\/cp.alfredodistefano.madrid\/2026\/03\/26_27_modelo_declaracion_responsable_0-1.pdf\">DECLARACI\u00d3N RESPONABLE<\/a><a href=\"https:\/\/site.educa.madrid.org\/cp.alfredodistefano.madrid\/\/wp-content\/uploads\/cp.alfredodistefano.madrid\/2026\/03\/26_27_modelo_declaracion_responsable_0-1.pdf\" class=\"wp-block-file__button wp-element-button\" download aria-describedby=\"wp-block-file--media-b949def1-7f2a-44d0-9c70-ae81c405f0a6\">Descarga<\/a><\/div>\n\n\n<div class=\"wp-block-image\">\n<figure class=\"aligncenter size-large\"><img loading=\"lazy\" decoding=\"async\" width=\"1024\" height=\"1024\" src=\"https:\/\/site.educa.madrid.org\/cp.alfredodistefano.madrid\/\/wp-content\/uploads\/cp.alfredodistefano.madrid\/2026\/02\/CALENDARIO-26.27-ADMISION-1024x1024.png\" alt=\"\" class=\"wp-image-3345\" srcset=\"https:\/\/site.educa.madrid.org\/cp.alfredodistefano.madrid\/\/wp-content\/uploads\/cp.alfredodistefano.madrid\/2026\/02\/CALENDARIO-26.27-ADMISION-1024x1024.png 1024w, https:\/\/site.educa.madrid.org\/cp.alfredodistefano.madrid\/\/wp-content\/uploads\/cp.alfredodistefano.madrid\/2026\/02\/CALENDARIO-26.27-ADMISION-300x300.png 300w, https:\/\/site.educa.madrid.org\/cp.alfredodistefano.madrid\/\/wp-content\/uploads\/cp.alfredodistefano.madrid\/2026\/02\/CALENDARIO-26.27-ADMISION-150x150.png 150w, https:\/\/site.educa.madrid.org\/cp.alfredodistefano.madrid\/\/wp-content\/uploads\/cp.alfredodistefano.madrid\/2026\/02\/CALENDARIO-26.27-ADMISION-768x768.png 768w, https:\/\/site.educa.madrid.org\/cp.alfredodistefano.madrid\/\/wp-content\/uploads\/cp.alfredodistefano.madrid\/2026\/02\/CALENDARIO-26.27-ADMISION-500x500.png 500w, https:\/\/site.educa.madrid.org\/cp.alfredodistefano.madrid\/\/wp-content\/uploads\/cp.alfredodistefano.madrid\/2026\/02\/CALENDARIO-26.27-ADMISION-1000x1000.png 1000w, https:\/\/site.educa.madrid.org\/cp.alfredodistefano.madrid\/\/wp-content\/uploads\/cp.alfredodistefano.madrid\/2026\/02\/CALENDARIO-26.27-ADMISION-230x230.png 230w, https:\/\/site.educa.madrid.org\/cp.alfredodistefano.madrid\/\/wp-content\/uploads\/cp.alfredodistefano.madrid\/2026\/02\/CALENDARIO-26.27-ADMISION-350x350.png 350w, https:\/\/site.educa.madrid.org\/cp.alfredodistefano.madrid\/\/wp-content\/uploads\/cp.alfredodistefano.madrid\/2026\/02\/CALENDARIO-26.27-ADMISION-480x480.png 480w, https:\/\/site.educa.madrid.org\/cp.alfredodistefano.madrid\/\/wp-content\/uploads\/cp.alfredodistefano.madrid\/2026\/02\/CALENDARIO-26.27-ADMISION.png 1080w\" sizes=\"auto, (max-width: 1024px) 100vw, 1024px\" \/><\/figure>\n<\/div>\n\n\n<p><\/p>\n","protected":false},"excerpt":{"rendered":"<p>Se habilita este espacio, en el que se ir\u00e1n recogiendo todas las informaciones relevantes sobre el Proceso de Admisi\u00f3n de nuevo alumnado [&hellip;]<\/p>\n","protected":false},"author":2,"featured_media":0,"parent":0,"menu_order":0,"comment_status":"closed","ping_status":"closed","template":"","meta":{"footnotes":""},"folder":[],"class_list":["post-3339","page","type-page","status-publish","hentry"],"rttpg_featured_image_url":null,"rttpg_author":{"display_name":"tic.cp.alfredodistefano.madrid","author_link":"https:\/\/site.educa.madrid.org\/cp.alfredodistefano.madrid\/index.php\/author\/cuenta_tic-cp-alfredodistefano-madrid\/"},"rttpg_comment":0,"rttpg_category":false,"rttpg_excerpt":"Se habilita este espacio, en el que se ir\u00e1n recogiendo todas las informaciones relevantes sobre el Proceso de Admisi\u00f3n de nuevo alumnado [&hellip;]","post_mailing_queue_ids":[],"_links":{"self":[{"href":"https:\/\/site.educa.madrid.org\/cp.alfredodistefano.madrid\/index.php\/wp-json\/wp\/v2\/pages\/3339","targetHints":{"allow":["GET"]}}],"collection":[{"href":"https:\/\/site.educa.madrid.org\/cp.alfredodistefano.madrid\/index.php\/wp-json\/wp\/v2\/pages"}],"about":[{"href":"https:\/\/site.educa.madrid.org\/cp.alfredodistefano.madrid\/index.php\/wp-json\/wp\/v2\/types\/page"}],"author":[{"embeddable":true,"href":"https:\/\/site.educa.madrid.org\/cp.alfredodistefano.madrid\/index.php\/wp-json\/wp\/v2\/users\/2"}],"replies":[{"embeddable":true,"href":"https:\/\/site.educa.madrid.org\/cp.alfredodistefano.madrid\/index.php\/wp-json\/wp\/v2\/comments?post=3339"}],"version-history":[{"count":15,"href":"https:\/\/site.educa.madrid.org\/cp.alfredodistefano.madrid\/index.php\/wp-json\/wp\/v2\/pages\/3339\/revisions"}],"predecessor-version":[{"id":3442,"href":"https:\/\/site.educa.madrid.org\/cp.alfredodistefano.madrid\/index.php\/wp-json\/wp\/v2\/pages\/3339\/revisions\/3442"}],"wp:attachment":[{"href":"https:\/\/site.educa.madrid.org\/cp.alfredodistefano.madrid\/index.php\/wp-json\/wp\/v2\/media?parent=3339"}],"wp:term":[{"taxonomy":"folder","embeddable":true,"href":"https:\/\/site.educa.madrid.org\/cp.alfredodistefano.madrid\/index.php\/wp-json\/wp\/v2\/folder?post=3339"}],"curies":[{"name":"wp","href":"https:\/\/api.w.org\/{rel}","templated":true}]}}