{"id":368,"date":"2020-11-09T03:38:48","date_gmt":"2020-11-09T03:38:48","guid":{"rendered":"https:\/\/site.educa.madrid.org\/cp.alfredodistefano.madrid\/?page_id=368"},"modified":"2023-11-11T10:05:24","modified_gmt":"2023-11-11T09:05:24","slug":"plataformas-tic","status":"publish","type":"page","link":"https:\/\/site.educa.madrid.org\/cp.alfredodistefano.madrid\/index.php\/plataformas-tic\/","title":{"rendered":"ROBLE"},"content":{"rendered":"\n<hr class=\"wp-block-separator has-text-color has-vivid-red-color has-css-opacity has-vivid-red-background-color has-background\"\/>\n\n\n\n<div class=\"wp-block-media-text alignwide is-stacked-on-mobile\" style=\"grid-template-columns:32% auto\"><figure class=\"wp-block-media-text__media\"><img loading=\"lazy\" decoding=\"async\" width=\"666\" height=\"375\" src=\"https:\/\/site.educa.madrid.org\/cp.alfredodistefano.madrid\/\/wp-content\/uploads\/cp.alfredodistefano.madrid\/2023\/11\/roble-1-removebg-preview.png\" alt=\"\" class=\"wp-image-2319 size-full\" srcset=\"https:\/\/site.educa.madrid.org\/cp.alfredodistefano.madrid\/\/wp-content\/uploads\/cp.alfredodistefano.madrid\/2023\/11\/roble-1-removebg-preview.png 666w, https:\/\/site.educa.madrid.org\/cp.alfredodistefano.madrid\/\/wp-content\/uploads\/cp.alfredodistefano.madrid\/2023\/11\/roble-1-removebg-preview-300x169.png 300w, https:\/\/site.educa.madrid.org\/cp.alfredodistefano.madrid\/\/wp-content\/uploads\/cp.alfredodistefano.madrid\/2023\/11\/roble-1-removebg-preview-230x130.png 230w, https:\/\/site.educa.madrid.org\/cp.alfredodistefano.madrid\/\/wp-content\/uploads\/cp.alfredodistefano.madrid\/2023\/11\/roble-1-removebg-preview-350x197.png 350w, https:\/\/site.educa.madrid.org\/cp.alfredodistefano.madrid\/\/wp-content\/uploads\/cp.alfredodistefano.madrid\/2023\/11\/roble-1-removebg-preview-480x270.png 480w\" sizes=\"auto, (max-width: 666px) 100vw, 666px\" \/><\/figure><div class=\"wp-block-media-text__content\">\n<div class=\"wp-block-file alignleft\"><a id=\"wp-block-file--media-1ca5df26-b3db-4e9c-8aac-2e88f2034c17\" href=\"https:\/\/site.educa.madrid.org\/cp.alfredodistefano.madrid\/\/wp-content\/uploads\/cp.alfredodistefano.madrid\/2020\/11\/ROBLE-WEB-Familias-Gu\u00eda-Visual-1.4-1.pdf\">GU\u00cdA DE ACCESO A ROBLE<\/a><a href=\"https:\/\/site.educa.madrid.org\/cp.alfredodistefano.madrid\/\/wp-content\/uploads\/cp.alfredodistefano.madrid\/2020\/11\/ROBLE-WEB-Familias-Gu\u00eda-Visual-1.4-1.pdf\" class=\"wp-block-file__button wp-element-button\" download aria-describedby=\"wp-block-file--media-1ca5df26-b3db-4e9c-8aac-2e88f2034c17\">Descarga<\/a><\/div>\n\n\n\n<p><\/p>\n<\/div><\/div>\n\n\n\n<hr class=\"wp-block-separator has-text-color has-vivid-red-color has-css-opacity has-vivid-red-background-color has-background\"\/>\n\n\n\n<p class=\"has-large-font-size\">ROBLE PARA LAS FAMILIAS.<\/p>\n\n\n\n<p>Esta aplicaci\u00f3n constituye una herramienta adecuada para realizar el&nbsp;<strong>seguimiento educativo del alumno, obtener informaci\u00f3n del centro y establecer un canal de comunicaci\u00f3n<\/strong>&nbsp;con este.  Permite: <\/p>\n\n\n\n<ol class=\"wp-block-list\">\n<li>Facilitar el acceso a la informaci\u00f3n de sus hijos en RA\u00cdCES (raices.madrid.org).<\/li>\n\n\n\n<li>Servir como plataforma de comunicaci\u00f3n e interacci\u00f3n entre el centro y las familias.<\/li>\n<\/ol>\n\n\n\n<hr class=\"wp-block-separator has-text-color has-vivid-red-color has-css-opacity has-vivid-red-background-color has-background\"\/>\n\n\n\n<p>ROBLE est\u00e1 plenamente integrado en RA\u00cdCES, el Sistema de Gesti\u00f3n&nbsp;Educativa de la Comunidad de Madrid, y sus funcionalidades son accesibles desde cualquier navegador o&nbsp;desde un tel\u00e9fono m\u00f3vil&nbsp;a trav\u00e9s de la aplicaci\u00f3n de movilidad ROBLE.<\/p>\n\n\n\n<hr class=\"wp-block-separator has-text-color has-vivid-red-color has-css-opacity has-vivid-red-background-color has-background\"\/>\n\n\n\n<p><strong>El acceso a ROBLE<\/strong> se realiza a trav\u00e9s de <strong>RA\u00cdCES,<\/strong> introduciendo el nombre de usuario y contrase\u00f1a.<\/p>\n\n\n\n<p><strong>Estas credenciales de acceso han de ser facilitadas a las familia o representantes legales del alumno, por la direcci\u00f3n del Centro Educativo<\/strong>&nbsp;en el que se encuentre escolarizado su hijo\/a, que tendr\u00e1 en cuenta para su generaci\u00f3n y entrega las orientaciones de las Direcciones de \u00c1rea Territoriales sobre el derecho de informaci\u00f3n de los progenitores, en aquellas situaciones de separaci\u00f3n o divorcio.<\/p>\n\n\n\n<hr class=\"wp-block-separator has-text-color has-vivid-red-color has-css-opacity has-vivid-red-background-color has-background\"\/>\n\n\n\n<p><strong>Para poder recibir comunicaciones deben estar suscritos a los avisos del Centro. Para ello, es necesario que accedan a la plataforma a trav\u00e9s de un ordenador y deben ir al apartado -Comunicaciones-Avisos-Suscripciones- y marcar la opci\u00f3n \u00abS\u00cd\u00bb en suscripci\u00f3n en los apartados que indica Notificaciones Roble.<\/strong><\/p>\n\n\n\n<hr class=\"wp-block-separator has-text-color has-vivid-red-color has-css-opacity has-vivid-red-background-color has-background\"\/>\n\n\n\n<p>En todo caso, las decisiones que se adopten por los responsables de un centro en relaci\u00f3n al alumnado cuyos padres se encuentren separados, legalmente o de hecho, se adoptar\u00e1n con pleno respeto a las resoluciones judiciales correspondientes y al derecho que asiste a ambos progenitores a ejercitar las prerrogativas propias de patria potestad en la toma de decisiones sobre la vida escolar de sus hijos, hasta nuevo pronunciamiento expreso en contra de los tribunales.<\/p>\n\n\n\n<hr class=\"wp-block-separator has-text-color has-vivid-red-color has-css-opacity has-vivid-red-background-color has-background\"\/>\n","protected":false},"excerpt":{"rendered":"<p>ROBLE PARA LAS FAMILIAS. Esta aplicaci\u00f3n constituye una herramienta adecuada para realizar el&nbsp;seguimiento educativo del alumno, obtener informaci\u00f3n del centro y establecer [&hellip;]<\/p>\n","protected":false},"author":2,"featured_media":0,"parent":0,"menu_order":0,"comment_status":"closed","ping_status":"closed","template":"","meta":{"footnotes":""},"folder":[],"class_list":["post-368","page","type-page","status-publish","hentry"],"rttpg_featured_image_url":null,"rttpg_author":{"display_name":"tic.cp.alfredodistefano.madrid","author_link":"https:\/\/site.educa.madrid.org\/cp.alfredodistefano.madrid\/index.php\/author\/cuenta_tic-cp-alfredodistefano-madrid\/"},"rttpg_comment":0,"rttpg_category":false,"rttpg_excerpt":"ROBLE PARA LAS FAMILIAS. Esta aplicaci\u00f3n constituye una herramienta adecuada para realizar el&nbsp;seguimiento educativo del alumno, obtener informaci\u00f3n del centro y establecer [&hellip;]","post_mailing_queue_ids":[],"_links":{"self":[{"href":"https:\/\/site.educa.madrid.org\/cp.alfredodistefano.madrid\/index.php\/wp-json\/wp\/v2\/pages\/368","targetHints":{"allow":["GET"]}}],"collection":[{"href":"https:\/\/site.educa.madrid.org\/cp.alfredodistefano.madrid\/index.php\/wp-json\/wp\/v2\/pages"}],"about":[{"href":"https:\/\/site.educa.madrid.org\/cp.alfredodistefano.madrid\/index.php\/wp-json\/wp\/v2\/types\/page"}],"author":[{"embeddable":true,"href":"https:\/\/site.educa.madrid.org\/cp.alfredodistefano.madrid\/index.php\/wp-json\/wp\/v2\/users\/2"}],"replies":[{"embeddable":true,"href":"https:\/\/site.educa.madrid.org\/cp.alfredodistefano.madrid\/index.php\/wp-json\/wp\/v2\/comments?post=368"}],"version-history":[{"count":11,"href":"https:\/\/site.educa.madrid.org\/cp.alfredodistefano.madrid\/index.php\/wp-json\/wp\/v2\/pages\/368\/revisions"}],"predecessor-version":[{"id":2367,"href":"https:\/\/site.educa.madrid.org\/cp.alfredodistefano.madrid\/index.php\/wp-json\/wp\/v2\/pages\/368\/revisions\/2367"}],"wp:attachment":[{"href":"https:\/\/site.educa.madrid.org\/cp.alfredodistefano.madrid\/index.php\/wp-json\/wp\/v2\/media?parent=368"}],"wp:term":[{"taxonomy":"folder","embeddable":true,"href":"https:\/\/site.educa.madrid.org\/cp.alfredodistefano.madrid\/index.php\/wp-json\/wp\/v2\/folder?post=368"}],"curies":[{"name":"wp","href":"https:\/\/api.w.org\/{rel}","templated":true}]}}