{"id":392,"date":"2020-11-09T03:54:06","date_gmt":"2020-11-09T03:54:06","guid":{"rendered":"https:\/\/site.educa.madrid.org\/cp.alfredodistefano.madrid\/?page_id=392"},"modified":"2025-07-02T12:00:48","modified_gmt":"2025-07-02T10:00:48","slug":"inicio-de-curso","status":"publish","type":"page","link":"https:\/\/site.educa.madrid.org\/cp.alfredodistefano.madrid\/index.php\/inicio-de-curso\/","title":{"rendered":"Libros de texto y uniforme"},"content":{"rendered":"\n<hr class=\"wp-block-separator has-text-color has-vivid-red-color has-css-opacity has-vivid-red-background-color has-background\"\/>\n\n\n\n<h2 class=\"wp-block-heading\">         Libros de texto curso 2025\/26<\/h2>\n\n\n\n<p>Estimadas familias, <\/p>\n\n\n\n<p>A continuaci\u00f3n os enlazamos al listado de los libros de texto de los diferentes niveles que se impartir\u00e1n en el centro el pr\u00f3ximo curso 2025\/26:<\/p>\n\n\n\n<div class=\"wp-block-file\"><a id=\"wp-block-file--media-10703071-5fe5-40b0-a986-a9b99cc87ce3\" href=\"https:\/\/site.educa.madrid.org\/cp.alfredodistefano.madrid\/\/wp-content\/uploads\/cp.alfredodistefano.madrid\/2025\/07\/LISTADO-LIBROS-INFANTIL-CURSO-MODIFICADO-24.25-2.pdf\">LISTADO LIBROS INFANTIL CURSO (MODIFICADO) 25.26<\/a><a href=\"https:\/\/site.educa.madrid.org\/cp.alfredodistefano.madrid\/\/wp-content\/uploads\/cp.alfredodistefano.madrid\/2025\/07\/LISTADO-LIBROS-INFANTIL-CURSO-MODIFICADO-24.25-2.pdf\" class=\"wp-block-file__button wp-element-button\" download aria-describedby=\"wp-block-file--media-10703071-5fe5-40b0-a986-a9b99cc87ce3\">Descarga<\/a><\/div>\n\n\n\n<div class=\"wp-block-file\"><a id=\"wp-block-file--media-c550231b-ebc8-4cf8-867b-acce32f4e43f\" href=\"https:\/\/site.educa.madrid.org\/cp.alfredodistefano.madrid\/\/wp-content\/uploads\/cp.alfredodistefano.madrid\/2025\/07\/1oP-LIBROS-DE-TEXTO-25.26.pdf\">1\u00ba EDUCACI\u00d3N PRIMARIA LIBROS DE TEXTO 25.26<\/a><a href=\"https:\/\/site.educa.madrid.org\/cp.alfredodistefano.madrid\/\/wp-content\/uploads\/cp.alfredodistefano.madrid\/2025\/07\/1oP-LIBROS-DE-TEXTO-25.26.pdf\" class=\"wp-block-file__button wp-element-button\" download aria-describedby=\"wp-block-file--media-c550231b-ebc8-4cf8-867b-acce32f4e43f\">Descarga<\/a><\/div>\n\n\n\n<div class=\"wp-block-file\"><a id=\"wp-block-file--media-7c393963-4910-4e1c-8a39-7e7c5bdc8f46\" href=\"https:\/\/site.educa.madrid.org\/cp.alfredodistefano.madrid\/\/wp-content\/uploads\/cp.alfredodistefano.madrid\/2025\/07\/2oP-LIBROS-DE-TEXTO-25.26.pdf\">2\u00ba EDUCACI\u00d3N PRIMARIA LIBROS DE TEXTO 25.26<\/a><a href=\"https:\/\/site.educa.madrid.org\/cp.alfredodistefano.madrid\/\/wp-content\/uploads\/cp.alfredodistefano.madrid\/2025\/07\/2oP-LIBROS-DE-TEXTO-25.26.pdf\" class=\"wp-block-file__button wp-element-button\" download aria-describedby=\"wp-block-file--media-7c393963-4910-4e1c-8a39-7e7c5bdc8f46\">Descarga<\/a><\/div>\n\n\n\n<div class=\"wp-block-file\"><a id=\"wp-block-file--media-03fae63d-e376-4c18-b17c-6ce8c41dda77\" href=\"https:\/\/site.educa.madrid.org\/cp.alfredodistefano.madrid\/\/wp-content\/uploads\/cp.alfredodistefano.madrid\/2025\/07\/3oP-LIBROS-DE-TEXTO-25.26.pdf\">3\u00ba EDUCACI\u00d3N PRIMARIA LIBROS DE TEXTO 25.26<\/a><a href=\"https:\/\/site.educa.madrid.org\/cp.alfredodistefano.madrid\/\/wp-content\/uploads\/cp.alfredodistefano.madrid\/2025\/07\/3oP-LIBROS-DE-TEXTO-25.26.pdf\" class=\"wp-block-file__button wp-element-button\" download aria-describedby=\"wp-block-file--media-03fae63d-e376-4c18-b17c-6ce8c41dda77\">Descarga<\/a><\/div>\n\n\n\n<div class=\"wp-block-file\"><a id=\"wp-block-file--media-e7b3eff6-8f84-48c5-a870-66ad97fdec8e\" href=\"https:\/\/site.educa.madrid.org\/cp.alfredodistefano.madrid\/\/wp-content\/uploads\/cp.alfredodistefano.madrid\/2025\/07\/4oP-LIBROS-DE-TEXTO-25.26.pdf\">4\u00ba EDUCACI\u00d3N PRIMARIA LIBROS DE TEXTO 25.26<\/a><a href=\"https:\/\/site.educa.madrid.org\/cp.alfredodistefano.madrid\/\/wp-content\/uploads\/cp.alfredodistefano.madrid\/2025\/07\/4oP-LIBROS-DE-TEXTO-25.26.pdf\" class=\"wp-block-file__button wp-element-button\" download aria-describedby=\"wp-block-file--media-e7b3eff6-8f84-48c5-a870-66ad97fdec8e\">Descarga<\/a><\/div>\n\n\n\n<div class=\"wp-block-file\"><a id=\"wp-block-file--media-b41ae8b5-eccc-4e64-8ab0-b7002a8d92ac\" href=\"https:\/\/site.educa.madrid.org\/cp.alfredodistefano.madrid\/\/wp-content\/uploads\/cp.alfredodistefano.madrid\/2025\/07\/5oP-LIBROS-DE-TEXTO-25.26.pdf\">5\u00ba EDUCACI\u00d3N PRIMARIA LIBROS DE TEXTO 25.26<\/a><a href=\"https:\/\/site.educa.madrid.org\/cp.alfredodistefano.madrid\/\/wp-content\/uploads\/cp.alfredodistefano.madrid\/2025\/07\/5oP-LIBROS-DE-TEXTO-25.26.pdf\" class=\"wp-block-file__button wp-element-button\" download aria-describedby=\"wp-block-file--media-b41ae8b5-eccc-4e64-8ab0-b7002a8d92ac\">Descarga<\/a><\/div>\n\n\n\n<div class=\"wp-block-file\"><a id=\"wp-block-file--media-2a51838e-81f3-489d-8edb-1a9761da57fe\" href=\"https:\/\/site.educa.madrid.org\/cp.alfredodistefano.madrid\/\/wp-content\/uploads\/cp.alfredodistefano.madrid\/2025\/07\/6oP-LIBROS-DE-TEXTO-25.26.pdf\">6\u00ba EDUCACI\u00d3N PRIMARIA LIBROS DE TEXTO 25.26<\/a><a href=\"https:\/\/site.educa.madrid.org\/cp.alfredodistefano.madrid\/\/wp-content\/uploads\/cp.alfredodistefano.madrid\/2025\/07\/6oP-LIBROS-DE-TEXTO-25.26.pdf\" class=\"wp-block-file__button wp-element-button\" download aria-describedby=\"wp-block-file--media-2a51838e-81f3-489d-8edb-1a9761da57fe\">Descarga<\/a><\/div>\n\n\n\n<div class=\"wp-block-file\"><a id=\"wp-block-file--media-420e8cd5-b402-4836-b3b1-d6796b8d40b8\" href=\"https:\/\/site.educa.madrid.org\/cp.alfredodistefano.madrid\/\/wp-content\/uploads\/cp.alfredodistefano.madrid\/2025\/07\/1o-ESO-LIBROS-DE-TEXTO-25.26.pdf\">1\u00ba ESO LIBROS DE TEXTO 25.26<\/a><a href=\"https:\/\/site.educa.madrid.org\/cp.alfredodistefano.madrid\/\/wp-content\/uploads\/cp.alfredodistefano.madrid\/2025\/07\/1o-ESO-LIBROS-DE-TEXTO-25.26.pdf\" class=\"wp-block-file__button wp-element-button\" download aria-describedby=\"wp-block-file--media-420e8cd5-b402-4836-b3b1-d6796b8d40b8\">Descarga<\/a><\/div>\n\n\n\n<div class=\"wp-block-file\"><a id=\"wp-block-file--media-cf4d67c0-63f5-419c-a790-68cb38785ada\" href=\"https:\/\/site.educa.madrid.org\/cp.alfredodistefano.madrid\/\/wp-content\/uploads\/cp.alfredodistefano.madrid\/2025\/07\/2oESO-LIBROS-DE-TEXTO-25.26.pdf\">2\u00baESO LIBROS DE TEXTO 25.26<\/a><a href=\"https:\/\/site.educa.madrid.org\/cp.alfredodistefano.madrid\/\/wp-content\/uploads\/cp.alfredodistefano.madrid\/2025\/07\/2oESO-LIBROS-DE-TEXTO-25.26.pdf\" class=\"wp-block-file__button wp-element-button\" download aria-describedby=\"wp-block-file--media-cf4d67c0-63f5-419c-a790-68cb38785ada\">Descarga<\/a><\/div>\n\n\n\n<hr class=\"wp-block-separator has-text-color has-vivid-red-color has-css-opacity has-vivid-red-background-color has-background is-style-default\"\/>\n\n\n\n<h2 class=\"wp-block-heading has-text-align-center\">Uniforme<\/h2>\n\n\n\n<p>Pod\u00e9is encontrar m\u00e1s informaci\u00f3n haciendo clic en el nombre de las dos empresas que suministran el uniforme del centro:<\/p>\n\n\n\n<ul class=\"wp-block-list\">\n<li><a href=\"https:\/\/apolouniformes.es\/\">APOLO UNIFORMES.<\/a><\/li>\n\n\n\n<li><a href=\"https:\/\/www.paginasamarillas.es\/f\/madrid\/el-uniformal_204867667_000000002.html\">EL UNIFORMAL.<\/a><\/li>\n<\/ul>\n\n\n\n<hr class=\"wp-block-separator has-text-color has-vivid-red-color has-css-opacity has-vivid-red-background-color has-background is-style-default\"\/>\n","protected":false},"excerpt":{"rendered":"<p>Libros de texto curso 2025\/26 Estimadas familias, A continuaci\u00f3n os enlazamos al listado de los libros de texto de los diferentes niveles [&hellip;]<\/p>\n","protected":false},"author":2,"featured_media":0,"parent":0,"menu_order":0,"comment_status":"closed","ping_status":"closed","template":"","meta":{"footnotes":""},"folder":[],"class_list":["post-392","page","type-page","status-publish","hentry"],"rttpg_featured_image_url":null,"rttpg_author":{"display_name":"tic.cp.alfredodistefano.madrid","author_link":"https:\/\/site.educa.madrid.org\/cp.alfredodistefano.madrid\/index.php\/author\/cuenta_tic-cp-alfredodistefano-madrid\/"},"rttpg_comment":0,"rttpg_category":false,"rttpg_excerpt":"Libros de texto curso 2025\/26 Estimadas familias, A continuaci\u00f3n os enlazamos al listado de los libros de texto de los diferentes niveles [&hellip;]","post_mailing_queue_ids":[],"_links":{"self":[{"href":"https:\/\/site.educa.madrid.org\/cp.alfredodistefano.madrid\/index.php\/wp-json\/wp\/v2\/pages\/392","targetHints":{"allow":["GET"]}}],"collection":[{"href":"https:\/\/site.educa.madrid.org\/cp.alfredodistefano.madrid\/index.php\/wp-json\/wp\/v2\/pages"}],"about":[{"href":"https:\/\/site.educa.madrid.org\/cp.alfredodistefano.madrid\/index.php\/wp-json\/wp\/v2\/types\/page"}],"author":[{"embeddable":true,"href":"https:\/\/site.educa.madrid.org\/cp.alfredodistefano.madrid\/index.php\/wp-json\/wp\/v2\/users\/2"}],"replies":[{"embeddable":true,"href":"https:\/\/site.educa.madrid.org\/cp.alfredodistefano.madrid\/index.php\/wp-json\/wp\/v2\/comments?post=392"}],"version-history":[{"count":25,"href":"https:\/\/site.educa.madrid.org\/cp.alfredodistefano.madrid\/index.php\/wp-json\/wp\/v2\/pages\/392\/revisions"}],"predecessor-version":[{"id":3183,"href":"https:\/\/site.educa.madrid.org\/cp.alfredodistefano.madrid\/index.php\/wp-json\/wp\/v2\/pages\/392\/revisions\/3183"}],"wp:attachment":[{"href":"https:\/\/site.educa.madrid.org\/cp.alfredodistefano.madrid\/index.php\/wp-json\/wp\/v2\/media?parent=392"}],"wp:term":[{"taxonomy":"folder","embeddable":true,"href":"https:\/\/site.educa.madrid.org\/cp.alfredodistefano.madrid\/index.php\/wp-json\/wp\/v2\/folder?post=392"}],"curies":[{"name":"wp","href":"https:\/\/api.w.org\/{rel}","templated":true}]}}