{"id":395,"date":"2020-11-09T03:54:58","date_gmt":"2020-11-09T03:54:58","guid":{"rendered":"https:\/\/site.educa.madrid.org\/cp.alfredodistefano.madrid\/?page_id=395"},"modified":"2025-06-10T09:38:48","modified_gmt":"2025-06-10T07:38:48","slug":"documentos-del-curso","status":"publish","type":"page","link":"https:\/\/site.educa.madrid.org\/cp.alfredodistefano.madrid\/index.php\/documentos-del-curso\/","title":{"rendered":"Tr\u00e1mites de Secretar\u00eda"},"content":{"rendered":"\n<div style=\"height:20px\" aria-hidden=\"true\" class=\"wp-block-spacer\"><\/div>\n\n\n\n<hr class=\"wp-block-separator has-text-color has-vivid-red-color has-css-opacity has-vivid-red-background-color has-background\"\/>\n\n\n\n<div class=\"wp-block-media-text alignwide is-stacked-on-mobile\" style=\"grid-template-columns:40% auto\"><figure class=\"wp-block-media-text__media\"><img loading=\"lazy\" decoding=\"async\" width=\"1024\" height=\"683\" src=\"https:\/\/site.educa.madrid.org\/cp.alfredodistefano.madrid\/\/wp-content\/uploads\/cp.alfredodistefano.madrid\/2020\/12\/archive-3859388_1920-1-1024x683.jpg\" alt=\"\" class=\"wp-image-980 size-full\" srcset=\"https:\/\/site.educa.madrid.org\/cp.alfredodistefano.madrid\/\/wp-content\/uploads\/cp.alfredodistefano.madrid\/2020\/12\/archive-3859388_1920-1-1024x683.jpg 1024w, https:\/\/site.educa.madrid.org\/cp.alfredodistefano.madrid\/\/wp-content\/uploads\/cp.alfredodistefano.madrid\/2020\/12\/archive-3859388_1920-1-300x200.jpg 300w, https:\/\/site.educa.madrid.org\/cp.alfredodistefano.madrid\/\/wp-content\/uploads\/cp.alfredodistefano.madrid\/2020\/12\/archive-3859388_1920-1-768x512.jpg 768w, https:\/\/site.educa.madrid.org\/cp.alfredodistefano.madrid\/\/wp-content\/uploads\/cp.alfredodistefano.madrid\/2020\/12\/archive-3859388_1920-1-391x260.jpg 391w, https:\/\/site.educa.madrid.org\/cp.alfredodistefano.madrid\/\/wp-content\/uploads\/cp.alfredodistefano.madrid\/2020\/12\/archive-3859388_1920-1-1536x1024.jpg 1536w, https:\/\/site.educa.madrid.org\/cp.alfredodistefano.madrid\/\/wp-content\/uploads\/cp.alfredodistefano.madrid\/2020\/12\/archive-3859388_1920-1-830x553.jpg 830w, https:\/\/site.educa.madrid.org\/cp.alfredodistefano.madrid\/\/wp-content\/uploads\/cp.alfredodistefano.madrid\/2020\/12\/archive-3859388_1920-1-230x153.jpg 230w, https:\/\/site.educa.madrid.org\/cp.alfredodistefano.madrid\/\/wp-content\/uploads\/cp.alfredodistefano.madrid\/2020\/12\/archive-3859388_1920-1-350x233.jpg 350w, https:\/\/site.educa.madrid.org\/cp.alfredodistefano.madrid\/\/wp-content\/uploads\/cp.alfredodistefano.madrid\/2020\/12\/archive-3859388_1920-1-480x320.jpg 480w, https:\/\/site.educa.madrid.org\/cp.alfredodistefano.madrid\/\/wp-content\/uploads\/cp.alfredodistefano.madrid\/2020\/12\/archive-3859388_1920-1.jpg 1920w\" sizes=\"auto, (max-width: 1024px) 100vw, 1024px\" \/><\/figure><div class=\"wp-block-media-text__content\">\n<p class=\"has-very-dark-gray-color has-text-color has-large-font-size\">En esta p\u00e1gina os pod\u00e9is descargar todos los documentos necesarios durante el curso.<\/p>\n<\/div><\/div>\n\n\n\n<hr class=\"wp-block-separator has-text-color has-vivid-red-color has-css-opacity has-vivid-red-background-color has-background\"\/>\n\n\n\n<h4 class=\"wp-block-heading has-text-align-center\">TR\u00c1MITES DE SECRETAR\u00cdA<\/h4>\n\n\n\n<div class=\"wp-block-group\"><div class=\"wp-block-group__inner-container is-layout-flow wp-block-group-is-layout-flow\">\n<div class=\"wp-block-file\"><a id=\"wp-block-file--media-a7ccf96f-d032-485e-a0b4-39f1e0ee986f\" href=\"https:\/\/site.educa.madrid.org\/cp.alfredodistefano.madrid\/\/wp-content\/uploads\/cp.alfredodistefano.madrid\/2024\/05\/Cambio-de-datos-personales.pdf\" target=\"_blank\" rel=\"noreferrer noopener\">Cambio de datos personales<\/a><a href=\"https:\/\/site.educa.madrid.org\/cp.alfredodistefano.madrid\/\/wp-content\/uploads\/cp.alfredodistefano.madrid\/2024\/05\/Cambio-de-datos-personales.pdf\" class=\"wp-block-file__button wp-element-button\" download aria-describedby=\"wp-block-file--media-a7ccf96f-d032-485e-a0b4-39f1e0ee986f\">Descarga<\/a><\/div>\n\n\n\n<div class=\"wp-block-file\"><a id=\"wp-block-file--media-f99ab36a-a186-434d-93c6-16b45bb7e9be\" href=\"https:\/\/site.educa.madrid.org\/cp.alfredodistefano.madrid\/\/wp-content\/uploads\/cp.alfredodistefano.madrid\/2025\/05\/Declaracion-responsable-si-la-piden.pdf\">Declaracio\u0301n responsable<\/a><a href=\"https:\/\/site.educa.madrid.org\/cp.alfredodistefano.madrid\/\/wp-content\/uploads\/cp.alfredodistefano.madrid\/2025\/05\/Declaracion-responsable-si-la-piden.pdf\" class=\"wp-block-file__button wp-element-button\" download aria-describedby=\"wp-block-file--media-f99ab36a-a186-434d-93c6-16b45bb7e9be\">Descarga<\/a><\/div>\n\n\n\n<div class=\"wp-block-file\"><a id=\"wp-block-file--media-c9441706-b46f-4adb-a596-2f6076017267\" href=\"https:\/\/site.educa.madrid.org\/cp.alfredodistefano.madrid\/\/wp-content\/uploads\/cp.alfredodistefano.madrid\/2025\/06\/Consentimiento-informado-para-tratamiento-de-datos-y-video.pdf\">Consentimiento informado para tratamiento de datos y video<\/a><a href=\"https:\/\/site.educa.madrid.org\/cp.alfredodistefano.madrid\/\/wp-content\/uploads\/cp.alfredodistefano.madrid\/2025\/06\/Consentimiento-informado-para-tratamiento-de-datos-y-video.pdf\" class=\"wp-block-file__button wp-element-button\" download aria-describedby=\"wp-block-file--media-c9441706-b46f-4adb-a596-2f6076017267\">Descarga<\/a><\/div>\n\n\n\n<div class=\"wp-block-file\"><a id=\"wp-block-file--media-2ccefefc-dcfb-4858-8734-3c568896a7b7\" href=\"https:\/\/site.educa.madrid.org\/cp.alfredodistefano.madrid\/\/wp-content\/uploads\/cp.alfredodistefano.madrid\/2025\/03\/10.-Autorizacion-recogida.docx.pdf\">Autorizacio\u0301n recogida alumnos<\/a><a href=\"https:\/\/site.educa.madrid.org\/cp.alfredodistefano.madrid\/\/wp-content\/uploads\/cp.alfredodistefano.madrid\/2025\/03\/10.-Autorizacion-recogida.docx.pdf\" class=\"wp-block-file__button wp-element-button\" download aria-describedby=\"wp-block-file--media-2ccefefc-dcfb-4858-8734-3c568896a7b7\">Descarga<\/a><\/div>\n<\/div><\/div>\n\n\n\n<div class=\"wp-block-file\"><a id=\"wp-block-file--media-f21db634-e2c0-4bb0-bc9a-ca385a6ef9e1\" href=\"https:\/\/site.educa.madrid.org\/cp.alfredodistefano.madrid\/\/wp-content\/uploads\/cp.alfredodistefano.madrid\/2021\/07\/Comunicar-baja-colegio.pdf\">Comunicaci\u00f3n baja del centro<\/a><a href=\"https:\/\/site.educa.madrid.org\/cp.alfredodistefano.madrid\/\/wp-content\/uploads\/cp.alfredodistefano.madrid\/2021\/07\/Comunicar-baja-colegio.pdf\" class=\"wp-block-file__button wp-element-button\" download aria-describedby=\"wp-block-file--media-f21db634-e2c0-4bb0-bc9a-ca385a6ef9e1\">Descarga<\/a><\/div>\n\n\n\n<div class=\"wp-block-group\"><div class=\"wp-block-group__inner-container is-layout-flow wp-block-group-is-layout-flow\">\n<div class=\"wp-block-group\"><div class=\"wp-block-group__inner-container is-layout-flow wp-block-group-is-layout-flow\">\n<div class=\"wp-block-group\"><div class=\"wp-block-group__inner-container is-layout-flow wp-block-group-is-layout-flow\">\n<div class=\"wp-block-file\"><a id=\"wp-block-file--media-ec57448e-a009-4363-9e6a-225e6b679fa8\" href=\"https:\/\/site.educa.madrid.org\/cp.alfredodistefano.madrid\/\/wp-content\/uploads\/cp.alfredodistefano.madrid\/2024\/05\/Cambio-religion-o-valores.pdf\">Cambio religi\u00f3n o valores<\/a><a href=\"https:\/\/site.educa.madrid.org\/cp.alfredodistefano.madrid\/\/wp-content\/uploads\/cp.alfredodistefano.madrid\/2024\/05\/Cambio-religion-o-valores.pdf\" class=\"wp-block-file__button wp-element-button\" download aria-describedby=\"wp-block-file--media-ec57448e-a009-4363-9e6a-225e6b679fa8\">Descarga<\/a><\/div>\n<\/div><\/div>\n<\/div><\/div>\n<\/div><\/div>\n\n\n\n<div class=\"wp-block-group\"><div class=\"wp-block-group__inner-container is-layout-flow wp-block-group-is-layout-flow\">\n<div class=\"wp-block-file\"><a id=\"wp-block-file--media-6b1b1a2f-e685-41d3-a1fa-47e1fc2a2faa\" href=\"https:\/\/site.educa.madrid.org\/cp.alfredodistefano.madrid\/\/wp-content\/uploads\/cp.alfredodistefano.madrid\/2023\/09\/Comunicado-entradas-y-salidas-23-24.pdf\">Comunicado entradas y salidas 23\/24<\/a><a href=\"https:\/\/site.educa.madrid.org\/cp.alfredodistefano.madrid\/\/wp-content\/uploads\/cp.alfredodistefano.madrid\/2023\/09\/Comunicado-entradas-y-salidas-23-24.pdf\" class=\"wp-block-file__button wp-element-button\" download aria-describedby=\"wp-block-file--media-6b1b1a2f-e685-41d3-a1fa-47e1fc2a2faa\">Descarga<\/a><\/div>\n<\/div><\/div>\n","protected":false},"excerpt":{"rendered":"<p>En esta p\u00e1gina os pod\u00e9is descargar todos los documentos necesarios durante el curso. TR\u00c1MITES DE SECRETAR\u00cdA<\/p>\n","protected":false},"author":2,"featured_media":0,"parent":0,"menu_order":0,"comment_status":"closed","ping_status":"closed","template":"","meta":{"footnotes":""},"folder":[],"class_list":["post-395","page","type-page","status-publish","hentry"],"rttpg_featured_image_url":null,"rttpg_author":{"display_name":"tic.cp.alfredodistefano.madrid","author_link":"https:\/\/site.educa.madrid.org\/cp.alfredodistefano.madrid\/index.php\/author\/cuenta_tic-cp-alfredodistefano-madrid\/"},"rttpg_comment":0,"rttpg_category":false,"rttpg_excerpt":"En esta p\u00e1gina os pod\u00e9is descargar todos los documentos necesarios durante el curso. TR\u00c1MITES DE SECRETAR\u00cdA","post_mailing_queue_ids":[],"_links":{"self":[{"href":"https:\/\/site.educa.madrid.org\/cp.alfredodistefano.madrid\/index.php\/wp-json\/wp\/v2\/pages\/395","targetHints":{"allow":["GET"]}}],"collection":[{"href":"https:\/\/site.educa.madrid.org\/cp.alfredodistefano.madrid\/index.php\/wp-json\/wp\/v2\/pages"}],"about":[{"href":"https:\/\/site.educa.madrid.org\/cp.alfredodistefano.madrid\/index.php\/wp-json\/wp\/v2\/types\/page"}],"author":[{"embeddable":true,"href":"https:\/\/site.educa.madrid.org\/cp.alfredodistefano.madrid\/index.php\/wp-json\/wp\/v2\/users\/2"}],"replies":[{"embeddable":true,"href":"https:\/\/site.educa.madrid.org\/cp.alfredodistefano.madrid\/index.php\/wp-json\/wp\/v2\/comments?post=395"}],"version-history":[{"count":40,"href":"https:\/\/site.educa.madrid.org\/cp.alfredodistefano.madrid\/index.php\/wp-json\/wp\/v2\/pages\/395\/revisions"}],"predecessor-version":[{"id":3127,"href":"https:\/\/site.educa.madrid.org\/cp.alfredodistefano.madrid\/index.php\/wp-json\/wp\/v2\/pages\/395\/revisions\/3127"}],"wp:attachment":[{"href":"https:\/\/site.educa.madrid.org\/cp.alfredodistefano.madrid\/index.php\/wp-json\/wp\/v2\/media?parent=395"}],"wp:term":[{"taxonomy":"folder","embeddable":true,"href":"https:\/\/site.educa.madrid.org\/cp.alfredodistefano.madrid\/index.php\/wp-json\/wp\/v2\/folder?post=395"}],"curies":[{"name":"wp","href":"https:\/\/api.w.org\/{rel}","templated":true}]}}