{"id":398,"date":"2020-11-09T03:55:39","date_gmt":"2020-11-09T03:55:39","guid":{"rendered":"https:\/\/site.educa.madrid.org\/cp.alfredodistefano.madrid\/?page_id=398"},"modified":"2022-10-13T15:49:27","modified_gmt":"2022-10-13T13:49:27","slug":"enfermeria","status":"publish","type":"page","link":"https:\/\/site.educa.madrid.org\/cp.alfredodistefano.madrid\/index.php\/enfermeria\/","title":{"rendered":"Enfermer\u00eda"},"content":{"rendered":"\n<hr class=\"wp-block-separator has-text-color has-background has-vivid-red-background-color has-vivid-red-color\"\/>\n\n\n\n<div class=\"wp-block-media-text alignfull is-stacked-on-mobile\" style=\"grid-template-columns:42% auto\"><figure class=\"wp-block-media-text__media\"><img loading=\"lazy\" decoding=\"async\" width=\"1024\" height=\"683\" src=\"https:\/\/site.educa.madrid.org\/cp.alfredodistefano.madrid\/\/wp-content\/uploads\/cp.alfredodistefano.madrid\/2020\/12\/doctor-563428_1920-1024x683.jpg\" alt=\"\" class=\"wp-image-983 size-full\" srcset=\"https:\/\/site.educa.madrid.org\/cp.alfredodistefano.madrid\/\/wp-content\/uploads\/cp.alfredodistefano.madrid\/2020\/12\/doctor-563428_1920-1024x683.jpg 1024w, https:\/\/site.educa.madrid.org\/cp.alfredodistefano.madrid\/\/wp-content\/uploads\/cp.alfredodistefano.madrid\/2020\/12\/doctor-563428_1920-300x200.jpg 300w, https:\/\/site.educa.madrid.org\/cp.alfredodistefano.madrid\/\/wp-content\/uploads\/cp.alfredodistefano.madrid\/2020\/12\/doctor-563428_1920-768x512.jpg 768w, https:\/\/site.educa.madrid.org\/cp.alfredodistefano.madrid\/\/wp-content\/uploads\/cp.alfredodistefano.madrid\/2020\/12\/doctor-563428_1920-391x260.jpg 391w, https:\/\/site.educa.madrid.org\/cp.alfredodistefano.madrid\/\/wp-content\/uploads\/cp.alfredodistefano.madrid\/2020\/12\/doctor-563428_1920-1536x1024.jpg 1536w, https:\/\/site.educa.madrid.org\/cp.alfredodistefano.madrid\/\/wp-content\/uploads\/cp.alfredodistefano.madrid\/2020\/12\/doctor-563428_1920-830x553.jpg 830w, https:\/\/site.educa.madrid.org\/cp.alfredodistefano.madrid\/\/wp-content\/uploads\/cp.alfredodistefano.madrid\/2020\/12\/doctor-563428_1920-230x153.jpg 230w, https:\/\/site.educa.madrid.org\/cp.alfredodistefano.madrid\/\/wp-content\/uploads\/cp.alfredodistefano.madrid\/2020\/12\/doctor-563428_1920-350x233.jpg 350w, https:\/\/site.educa.madrid.org\/cp.alfredodistefano.madrid\/\/wp-content\/uploads\/cp.alfredodistefano.madrid\/2020\/12\/doctor-563428_1920-480x320.jpg 480w, https:\/\/site.educa.madrid.org\/cp.alfredodistefano.madrid\/\/wp-content\/uploads\/cp.alfredodistefano.madrid\/2020\/12\/doctor-563428_1920.jpg 1920w\" sizes=\"auto, (max-width: 1024px) 100vw, 1024px\" \/><\/figure><div class=\"wp-block-media-text__content\">\n<p class=\"has-large-font-size\">En esta p\u00e1gina os pod\u00e9is descargar todos los documentos necesarios durante el curso.<\/p>\n<\/div><\/div>\n\n\n\n<hr class=\"wp-block-separator has-text-color has-background has-vivid-red-background-color has-vivid-red-color\"\/>\n\n\n\n<p style=\"font-size:22px\">CORREO ELECTR\u00d3NICO PARA LA REMISI\u00d3N DE LOS DOCUMENTOS: enfermeria@colegioalfredodistefano.es<\/p>\n\n\n\n<div class=\"wp-block-file\"><a id=\"wp-block-file--media-0eabb94d-362f-4a9c-8c95-b9f095792e84\" href=\"https:\/\/site.educa.madrid.org\/cp.alfredodistefano.madrid\/\/wp-content\/uploads\/cp.alfredodistefano.madrid\/2022\/10\/AUTORIZACION-ADM.-MEDICAMENTOS.pdf\">Autorizaci\u00f3n de administraci\u00f3n de medicamentos<\/a><a href=\"https:\/\/site.educa.madrid.org\/cp.alfredodistefano.madrid\/\/wp-content\/uploads\/cp.alfredodistefano.madrid\/2022\/10\/AUTORIZACION-ADM.-MEDICAMENTOS.pdf\" class=\"wp-block-file__button\" download aria-describedby=\"wp-block-file--media-0eabb94d-362f-4a9c-8c95-b9f095792e84\">Descarga<\/a><\/div>\n\n\n\n<p><\/p>\n\n\n\n<div class=\"wp-block-file\"><a id=\"wp-block-file--media-d74074ed-02a1-4fcc-8559-9667f8bbc384\" href=\"https:\/\/site.educa.madrid.org\/cp.alfredodistefano.madrid\/\/wp-content\/uploads\/cp.alfredodistefano.madrid\/2021\/07\/16.AUTORIZACION-GRAL-USO-ENFERMERIA.pdf\">Autorizaci\u00f3n atenci\u00f3n de enfermer\u00eda<\/a><a href=\"https:\/\/site.educa.madrid.org\/cp.alfredodistefano.madrid\/\/wp-content\/uploads\/cp.alfredodistefano.madrid\/2021\/07\/16.AUTORIZACION-GRAL-USO-ENFERMERIA.pdf\" class=\"wp-block-file__button\" download aria-describedby=\"wp-block-file--media-d74074ed-02a1-4fcc-8559-9667f8bbc384\">Descarga<\/a><\/div>\n\n\n\n<p><\/p>\n\n\n\n<div class=\"wp-block-file\"><a id=\"wp-block-file--media-81190090-9679-469d-99ec-b7c9f0987926\" href=\"https:\/\/site.educa.madrid.org\/cp.alfredodistefano.madrid\/\/wp-content\/uploads\/cp.alfredodistefano.madrid\/2021\/07\/COMUNICACIO\u0301N-PROBLEMAS-MEDICOS.pdf\">Comunicaci\u00f3n problemas m\u00e9dicos<\/a><a href=\"https:\/\/site.educa.madrid.org\/cp.alfredodistefano.madrid\/\/wp-content\/uploads\/cp.alfredodistefano.madrid\/2021\/07\/COMUNICACIO\u0301N-PROBLEMAS-MEDICOS.pdf\" class=\"wp-block-file__button\" download aria-describedby=\"wp-block-file--media-81190090-9679-469d-99ec-b7c9f0987926\">Descarga<\/a><\/div>\n\n\n\n<p><\/p>\n\n\n\n<div class=\"wp-block-file\"><a id=\"wp-block-file--media-d27cf181-e9b8-4a25-a338-ec6b65b99fe6\" href=\"https:\/\/site.educa.madrid.org\/cp.alfredodistefano.madrid\/\/wp-content\/uploads\/cp.alfredodistefano.madrid\/2021\/07\/Ficha-alumno-con-alergia-y-protocolo-de-actuacio\u0301n.pdf\">Ficha recogida de datos alumnado al\u00e9rgico<\/a><a href=\"https:\/\/site.educa.madrid.org\/cp.alfredodistefano.madrid\/\/wp-content\/uploads\/cp.alfredodistefano.madrid\/2021\/07\/Ficha-alumno-con-alergia-y-protocolo-de-actuacio\u0301n.pdf\" class=\"wp-block-file__button\" download aria-describedby=\"wp-block-file--media-d27cf181-e9b8-4a25-a338-ec6b65b99fe6\">Descarga<\/a><\/div>\n","protected":false},"excerpt":{"rendered":"<p>En esta p\u00e1gina os pod\u00e9is descargar todos los documentos necesarios durante el curso. CORREO ELECTR\u00d3NICO PARA LA REMISI\u00d3N DE LOS DOCUMENTOS: enfermeria@colegioalfredodistefano.es<\/p>\n","protected":false},"author":2,"featured_media":0,"parent":0,"menu_order":0,"comment_status":"closed","ping_status":"closed","template":"","meta":{"footnotes":""},"folder":[],"class_list":["post-398","page","type-page","status-publish","hentry"],"rttpg_featured_image_url":null,"rttpg_author":{"display_name":"tic.cp.alfredodistefano.madrid","author_link":"https:\/\/site.educa.madrid.org\/cp.alfredodistefano.madrid\/index.php\/author\/cuenta_tic-cp-alfredodistefano-madrid\/"},"rttpg_comment":0,"rttpg_category":false,"rttpg_excerpt":"En esta p\u00e1gina os pod\u00e9is descargar todos los documentos necesarios durante el curso. CORREO ELECTR\u00d3NICO PARA LA REMISI\u00d3N DE LOS DOCUMENTOS: enfermeria@colegioalfredodistefano.es","post_mailing_queue_ids":[],"_links":{"self":[{"href":"https:\/\/site.educa.madrid.org\/cp.alfredodistefano.madrid\/index.php\/wp-json\/wp\/v2\/pages\/398","targetHints":{"allow":["GET"]}}],"collection":[{"href":"https:\/\/site.educa.madrid.org\/cp.alfredodistefano.madrid\/index.php\/wp-json\/wp\/v2\/pages"}],"about":[{"href":"https:\/\/site.educa.madrid.org\/cp.alfredodistefano.madrid\/index.php\/wp-json\/wp\/v2\/types\/page"}],"author":[{"embeddable":true,"href":"https:\/\/site.educa.madrid.org\/cp.alfredodistefano.madrid\/index.php\/wp-json\/wp\/v2\/users\/2"}],"replies":[{"embeddable":true,"href":"https:\/\/site.educa.madrid.org\/cp.alfredodistefano.madrid\/index.php\/wp-json\/wp\/v2\/comments?post=398"}],"version-history":[{"count":12,"href":"https:\/\/site.educa.madrid.org\/cp.alfredodistefano.madrid\/index.php\/wp-json\/wp\/v2\/pages\/398\/revisions"}],"predecessor-version":[{"id":2178,"href":"https:\/\/site.educa.madrid.org\/cp.alfredodistefano.madrid\/index.php\/wp-json\/wp\/v2\/pages\/398\/revisions\/2178"}],"wp:attachment":[{"href":"https:\/\/site.educa.madrid.org\/cp.alfredodistefano.madrid\/index.php\/wp-json\/wp\/v2\/media?parent=398"}],"wp:term":[{"taxonomy":"folder","embeddable":true,"href":"https:\/\/site.educa.madrid.org\/cp.alfredodistefano.madrid\/index.php\/wp-json\/wp\/v2\/folder?post=398"}],"curies":[{"name":"wp","href":"https:\/\/api.w.org\/{rel}","templated":true}]}}