{"id":524,"date":"2020-11-09T17:32:31","date_gmt":"2020-11-09T17:32:31","guid":{"rendered":"https:\/\/site.educa.madrid.org\/cp.alfredodistefano.madrid\/?page_id=524"},"modified":"2025-09-16T10:01:57","modified_gmt":"2025-09-16T08:01:57","slug":"secretaria-2","status":"publish","type":"page","link":"https:\/\/site.educa.madrid.org\/cp.alfredodistefano.madrid\/index.php\/secretaria-2\/","title":{"rendered":"SECRETAR\u00cdA"},"content":{"rendered":"\n<p id=\"block-37e8eee4-a751-4145-8aa0-38aab8997e13\"><br><\/p>\n\n\n\n<div class=\"wp-block-media-text alignwide is-stacked-on-mobile\" style=\"grid-template-columns:20% auto\"><figure class=\"wp-block-media-text__media\"><img loading=\"lazy\" decoding=\"async\" width=\"400\" height=\"400\" src=\"https:\/\/site.educa.madrid.org\/cp.alfredodistefano.madrid\/\/wp-content\/uploads\/cp.alfredodistefano.madrid\/2023\/11\/0.-Logo-transparente.png\" alt=\"\" class=\"wp-image-2287 size-full\" srcset=\"https:\/\/site.educa.madrid.org\/cp.alfredodistefano.madrid\/\/wp-content\/uploads\/cp.alfredodistefano.madrid\/2023\/11\/0.-Logo-transparente.png 400w, https:\/\/site.educa.madrid.org\/cp.alfredodistefano.madrid\/\/wp-content\/uploads\/cp.alfredodistefano.madrid\/2023\/11\/0.-Logo-transparente-300x300.png 300w, https:\/\/site.educa.madrid.org\/cp.alfredodistefano.madrid\/\/wp-content\/uploads\/cp.alfredodistefano.madrid\/2023\/11\/0.-Logo-transparente-150x150.png 150w, https:\/\/site.educa.madrid.org\/cp.alfredodistefano.madrid\/\/wp-content\/uploads\/cp.alfredodistefano.madrid\/2023\/11\/0.-Logo-transparente-230x230.png 230w, https:\/\/site.educa.madrid.org\/cp.alfredodistefano.madrid\/\/wp-content\/uploads\/cp.alfredodistefano.madrid\/2023\/11\/0.-Logo-transparente-350x350.png 350w\" sizes=\"auto, (max-width: 400px) 100vw, 400px\" \/><\/figure><div class=\"wp-block-media-text__content\">\n<p id=\"block-37e8eee4-a751-4145-8aa0-38aab8997e13\"><br><span style=\"text-decoration: underline;\">Horario:<\/span><\/p>\n\n\n\n<p id=\"block-09212495-7b9f-4e4f-b819-9236e5d34d21\"><strong>De SEPTIEMBRE a <\/strong>JUNIO:<\/p>\n\n\n\n<ul class=\"wp-block-list\">\n<li><strong>9.00 a 10:00 horas: lunes, mi\u00e9rcoles, jueves y viernes.<\/strong><\/li>\n\n\n\n<li><strong>14:30 a 15:15 horas: martes<\/strong>.<\/li>\n<\/ul>\n\n\n\n<p id=\"block-61487d77-1e4f-4674-bead-e18fe174a282\">En esta secci\u00f3n podr\u00e9is encontrar los diferentes documentos de la secretaria del centro. Muchos de los documentos que aqu\u00ed se encuentran, podr\u00e1n ser cumplimentados telem\u00e1ticamente, firmados electr\u00f3nicamente y remitidos al correo del centro.<\/p>\n\n\n\n<p id=\"block-eb3c45c0-6b7a-428f-bf13-cf7c187c82e3\">Se dividen en <a rel=\"noreferrer noopener\" href=\"https:\/\/site.educa.madrid.org\/cp.alfredodistefano.madrid\/index.php\/inicio-de-curso\/\" target=\"_blank\">inicio de curso<\/a>, <a rel=\"noreferrer noopener\" href=\"https:\/\/site.educa.madrid.org\/cp.alfredodistefano.madrid\/index.php\/documentos-del-curso\/\" target=\"_blank\">documentos del curso<\/a> y<a rel=\"noreferrer noopener\" href=\"https:\/\/site.educa.madrid.org\/cp.alfredodistefano.madrid\/index.php\/enfermeria\/\" target=\"_blank\"> enfermer\u00eda<\/a><\/p>\n<\/div><\/div>\n","protected":false},"excerpt":{"rendered":"","protected":false},"author":2,"featured_media":0,"parent":0,"menu_order":0,"comment_status":"closed","ping_status":"closed","template":"","meta":{"footnotes":""},"folder":[],"class_list":["post-524","page","type-page","status-publish","hentry"],"rttpg_featured_image_url":null,"rttpg_author":{"display_name":"tic.cp.alfredodistefano.madrid","author_link":"https:\/\/site.educa.madrid.org\/cp.alfredodistefano.madrid\/index.php\/author\/cuenta_tic-cp-alfredodistefano-madrid\/"},"rttpg_comment":0,"rttpg_category":false,"rttpg_excerpt":null,"post_mailing_queue_ids":[],"_links":{"self":[{"href":"https:\/\/site.educa.madrid.org\/cp.alfredodistefano.madrid\/index.php\/wp-json\/wp\/v2\/pages\/524","targetHints":{"allow":["GET"]}}],"collection":[{"href":"https:\/\/site.educa.madrid.org\/cp.alfredodistefano.madrid\/index.php\/wp-json\/wp\/v2\/pages"}],"about":[{"href":"https:\/\/site.educa.madrid.org\/cp.alfredodistefano.madrid\/index.php\/wp-json\/wp\/v2\/types\/page"}],"author":[{"embeddable":true,"href":"https:\/\/site.educa.madrid.org\/cp.alfredodistefano.madrid\/index.php\/wp-json\/wp\/v2\/users\/2"}],"replies":[{"embeddable":true,"href":"https:\/\/site.educa.madrid.org\/cp.alfredodistefano.madrid\/index.php\/wp-json\/wp\/v2\/comments?post=524"}],"version-history":[{"count":21,"href":"https:\/\/site.educa.madrid.org\/cp.alfredodistefano.madrid\/index.php\/wp-json\/wp\/v2\/pages\/524\/revisions"}],"predecessor-version":[{"id":3235,"href":"https:\/\/site.educa.madrid.org\/cp.alfredodistefano.madrid\/index.php\/wp-json\/wp\/v2\/pages\/524\/revisions\/3235"}],"wp:attachment":[{"href":"https:\/\/site.educa.madrid.org\/cp.alfredodistefano.madrid\/index.php\/wp-json\/wp\/v2\/media?parent=524"}],"wp:term":[{"taxonomy":"folder","embeddable":true,"href":"https:\/\/site.educa.madrid.org\/cp.alfredodistefano.madrid\/index.php\/wp-json\/wp\/v2\/folder?post=524"}],"curies":[{"name":"wp","href":"https:\/\/api.w.org\/{rel}","templated":true}]}}