{"id":847,"date":"2020-11-29T12:52:34","date_gmt":"2020-11-29T12:52:34","guid":{"rendered":"https:\/\/site.educa.madrid.org\/cp.alfredodistefano.madrid\/?page_id=847"},"modified":"2023-11-10T11:39:27","modified_gmt":"2023-11-10T10:39:27","slug":"sm-matematicas-singapur","status":"publish","type":"page","link":"https:\/\/site.educa.madrid.org\/cp.alfredodistefano.madrid\/index.php\/sm-matematicas-singapur\/","title":{"rendered":"SM- Matem\u00e1ticas Singapur"},"content":{"rendered":"\n<hr class=\"wp-block-separator has-text-color has-vivid-red-color has-alpha-channel-opacity has-vivid-red-background-color has-background\"\/>\n\n\n\n<div class=\"wp-block-media-text alignwide is-stacked-on-mobile\" style=\"grid-template-columns:33% auto\"><figure class=\"wp-block-media-text__media\"><a href=\"https:\/\/login.smaprendizaje.com\/\"><img loading=\"lazy\" decoding=\"async\" width=\"1024\" height=\"726\" src=\"https:\/\/site.educa.madrid.org\/cp.alfredodistefano.madrid\/\/wp-content\/uploads\/cp.alfredodistefano.madrid\/2020\/11\/SM-2-1024x726.jpg\" alt=\"\" class=\"wp-image-868 size-full\" srcset=\"https:\/\/site.educa.madrid.org\/cp.alfredodistefano.madrid\/\/wp-content\/uploads\/cp.alfredodistefano.madrid\/2020\/11\/SM-2-1024x726.jpg 1024w, https:\/\/site.educa.madrid.org\/cp.alfredodistefano.madrid\/\/wp-content\/uploads\/cp.alfredodistefano.madrid\/2020\/11\/SM-2-300x213.jpg 300w, https:\/\/site.educa.madrid.org\/cp.alfredodistefano.madrid\/\/wp-content\/uploads\/cp.alfredodistefano.madrid\/2020\/11\/SM-2-768x545.jpg 768w, https:\/\/site.educa.madrid.org\/cp.alfredodistefano.madrid\/\/wp-content\/uploads\/cp.alfredodistefano.madrid\/2020\/11\/SM-2.jpg 1101w\" sizes=\"auto, (max-width: 1024px) 100vw, 1024px\" \/><\/a><\/figure><div class=\"wp-block-media-text__content\">\n<p class=\"has-medium-font-size\">En este documento se explica c\u00f3mo acceder a la plataforma de SM para tener los libros en formato digital. Para ello deber\u00e9is tener un c\u00f3digo que os han facilitado los profesores de vuestros hijos\/as. <\/p>\n\n\n\n<p class=\"has-medium-font-size\"><a href=\"https:\/\/login.smaprendizaje.com\/\">Pincha aqu\u00ed<\/a> para acceder a su web<\/p>\n\n\n\n<div class=\"wp-block-file\"><a id=\"wp-block-file--media-4b62813d-9a47-443c-b10b-a96e1b15586a\" href=\"https:\/\/site.educa.madrid.org\/cp.alfredodistefano.madrid\/\/wp-content\/uploads\/cp.alfredodistefano.madrid\/2020\/11\/Registro-y-activaci\u00f3n-SM-APRENDIZAJE-alumnos-1.pdf\">REGISTRO Y ACTIVACI\u00d3N LIBRO SM_ALUMNOS<\/a><a href=\"https:\/\/site.educa.madrid.org\/cp.alfredodistefano.madrid\/\/wp-content\/uploads\/cp.alfredodistefano.madrid\/2020\/11\/Registro-y-activaci\u00f3n-SM-APRENDIZAJE-alumnos-1.pdf\" class=\"wp-block-file__button wp-element-button\" download aria-describedby=\"wp-block-file--media-4b62813d-9a47-443c-b10b-a96e1b15586a\">Descarga<\/a><\/div>\n<\/div><\/div>\n\n\n\n<hr class=\"wp-block-separator has-text-color has-vivid-red-color has-alpha-channel-opacity has-vivid-red-background-color has-background\"\/>\n\n\n\n<p><\/p>\n","protected":false},"excerpt":{"rendered":"","protected":false},"author":2,"featured_media":0,"parent":0,"menu_order":0,"comment_status":"closed","ping_status":"closed","template":"","meta":{"footnotes":""},"folder":[],"class_list":["post-847","page","type-page","status-publish","hentry"],"rttpg_featured_image_url":null,"rttpg_author":{"display_name":"tic.cp.alfredodistefano.madrid","author_link":"https:\/\/site.educa.madrid.org\/cp.alfredodistefano.madrid\/index.php\/author\/cuenta_tic-cp-alfredodistefano-madrid\/"},"rttpg_comment":0,"rttpg_category":false,"rttpg_excerpt":null,"post_mailing_queue_ids":[],"_links":{"self":[{"href":"https:\/\/site.educa.madrid.org\/cp.alfredodistefano.madrid\/index.php\/wp-json\/wp\/v2\/pages\/847","targetHints":{"allow":["GET"]}}],"collection":[{"href":"https:\/\/site.educa.madrid.org\/cp.alfredodistefano.madrid\/index.php\/wp-json\/wp\/v2\/pages"}],"about":[{"href":"https:\/\/site.educa.madrid.org\/cp.alfredodistefano.madrid\/index.php\/wp-json\/wp\/v2\/types\/page"}],"author":[{"embeddable":true,"href":"https:\/\/site.educa.madrid.org\/cp.alfredodistefano.madrid\/index.php\/wp-json\/wp\/v2\/users\/2"}],"replies":[{"embeddable":true,"href":"https:\/\/site.educa.madrid.org\/cp.alfredodistefano.madrid\/index.php\/wp-json\/wp\/v2\/comments?post=847"}],"version-history":[{"count":7,"href":"https:\/\/site.educa.madrid.org\/cp.alfredodistefano.madrid\/index.php\/wp-json\/wp\/v2\/pages\/847\/revisions"}],"predecessor-version":[{"id":2315,"href":"https:\/\/site.educa.madrid.org\/cp.alfredodistefano.madrid\/index.php\/wp-json\/wp\/v2\/pages\/847\/revisions\/2315"}],"wp:attachment":[{"href":"https:\/\/site.educa.madrid.org\/cp.alfredodistefano.madrid\/index.php\/wp-json\/wp\/v2\/media?parent=847"}],"wp:term":[{"taxonomy":"folder","embeddable":true,"href":"https:\/\/site.educa.madrid.org\/cp.alfredodistefano.madrid\/index.php\/wp-json\/wp\/v2\/folder?post=847"}],"curies":[{"name":"wp","href":"https:\/\/api.w.org\/{rel}","templated":true}]}}