{"id":1037,"date":"2026-02-25T10:53:18","date_gmt":"2026-02-25T09:53:18","guid":{"rendered":"https:\/\/site.educa.madrid.org\/cp.antoniofontan.madrid\/?page_id=1037"},"modified":"2026-02-25T11:27:53","modified_gmt":"2026-02-25T10:27:53","slug":"contacto","status":"publish","type":"page","link":"https:\/\/site.educa.madrid.org\/cp.antoniofontan.madrid\/index.php\/contacto\/","title":{"rendered":"Contacto"},"content":{"rendered":"\n<div style=\"margin-top: -90px;\">\n    \n<\/div>\n\n\n\n<div style=\"height:50px\" aria-hidden=\"true\" class=\"wp-block-spacer\"><\/div>\n\n\n\n<div style=\"height:50px\" aria-hidden=\"true\" class=\"wp-block-spacer\"><\/div>\n\n\n\n<h2 class=\"wp-block-heading has-text-align-center has-text-color has-link-color wp-elements-5584c63cadb5941cff291a55b9452ee9\" style=\"color:#385d9b\">Formulario de contacto con secretar\u00eda<\/h2>\n\n\n\n<div style=\"height:30px\" aria-hidden=\"true\" class=\"wp-block-spacer\"><\/div>\n\n\n\n<div class=\"wp-block-columns is-layout-flex wp-container-core-columns-is-layout-9d6595d7 wp-block-columns-is-layout-flex\">\n<div class=\"wp-block-column col-padding has-text-color has-background has-link-color wp-elements-ea67a8b31824febfe364497566c62a7a is-layout-flow wp-block-column-is-layout-flow\" style=\"color:#385d9b;background-color:#add8e6;flex-basis:66.66%\">\n<p>A trav\u00e9s de este formulario podr\u00e1 realizar gestiones administrativas relacionadas con:<\/p>\n<ul>\n<li>Matr\u00edcula<\/li>\n<li>Comedor escolar<\/li>\n<li>Becas y ayudas<\/li>\n<li>Programa de pr\u00e9stamo de libros<\/li>\n<li>Solicitud de certificados<\/li>\n<\/ul>\n<p>Tambi\u00e9n podr\u00e1 solicitar cita previa con\u00a0 Jefatura de Estudios o Direcci\u00f3n<strong>*<\/strong>, para solicitar informaci\u00f3n acad\u00e9mica relativa a:<\/p>\n<ul>\n<li>Calificaciones<\/li>\n<li>Evaluaciones<\/li>\n<li>Evoluci\u00f3n del aprendizaje<\/li>\n<li>Comportamiento<\/li>\n<li>Relaciones con compa\u00f1eros\/as<\/li>\n<\/ul>\n<p><strong>*Informaci\u00f3n importante sobre el protocolo de comunicaci\u00f3n<\/strong><\/p>\n<p>La solicitud de cita con Direcci\u00f3n o Jefatura de Estudios deber\u00e1 respetar el protocolo de comunicaci\u00f3n establecido por el centro.<\/p>\n<p>El orden adecuado es el siguiente:<\/p>\n<ol>\n<li>Tutor\/a<\/li>\n<li>Jefatura de Estudios<\/li>\n<li>Direcci\u00f3n<\/li>\n<\/ol>\n<p>Para solicitar cita con el\/la tutor\/a, la petici\u00f3n deber\u00e1 realizarse personalmente, a trav\u00e9s de la agenda del alumno\/a o mediante nota escrita.<\/p>\n<p style=\"text-align: center;\">Estamos a su disposici\u00f3n para atenderle y facilitar cualquier gesti\u00f3n relacionada con la vida escolar del centro.<\/p>\n<\/div>\n\n\n\n<div class=\"wp-block-column is-layout-flow wp-block-column-is-layout-flow\" style=\"flex-basis:33.33%\">\n<div class=\"wp-block-contact-form-7-contact-form-selector\">\n<div class=\"wpcf7 no-js\" id=\"wpcf7-f1046-o1\" lang=\"es-ES\" dir=\"ltr\">\n<div class=\"screen-reader-response\"><p role=\"status\" aria-live=\"polite\" aria-atomic=\"true\"><\/p> <ul><\/ul><\/div>\n<form action=\"\/cp.antoniofontan.madrid\/index.php\/wp-json\/wp\/v2\/pages\/1037#wpcf7-f1046-o1\" method=\"post\" class=\"wpcf7-form init\" aria-label=\"Formulario de contacto\" novalidate=\"novalidate\" data-status=\"init\">\n<div style=\"display: none;\">\n<input type=\"hidden\" name=\"_wpcf7\" value=\"1046\" \/>\n<input type=\"hidden\" name=\"_wpcf7_version\" value=\"5.9.7\" \/>\n<input type=\"hidden\" name=\"_wpcf7_locale\" value=\"es_ES\" \/>\n<input type=\"hidden\" name=\"_wpcf7_unit_tag\" value=\"wpcf7-f1046-o1\" \/>\n<input type=\"hidden\" name=\"_wpcf7_container_post\" value=\"0\" \/>\n<input type=\"hidden\" name=\"_wpcf7_posted_data_hash\" value=\"\" \/>\n<\/div>\n<p><label> Tu nombre<br \/>\n<span class=\"wpcf7-form-control-wrap\" data-name=\"your-name\"><input size=\"40\" maxlength=\"400\" class=\"wpcf7-form-control wpcf7-text wpcf7-validates-as-required\" autocomplete=\"name\" aria-required=\"true\" aria-invalid=\"false\" value=\"\" type=\"text\" name=\"your-name\" \/><\/span> <\/label>\n<\/p>\n<p><label> Tu correo electr\u00f3nico<br \/>\n<span class=\"wpcf7-form-control-wrap\" data-name=\"your-email\"><input size=\"40\" maxlength=\"400\" class=\"wpcf7-form-control wpcf7-email wpcf7-validates-as-required wpcf7-text wpcf7-validates-as-email\" autocomplete=\"email\" aria-required=\"true\" aria-invalid=\"false\" value=\"\" type=\"email\" name=\"your-email\" \/><\/span> <\/label>\n<\/p>\n<p><label> Asunto<br \/>\n<span class=\"wpcf7-form-control-wrap\" data-name=\"your-subject\"><input size=\"40\" maxlength=\"400\" class=\"wpcf7-form-control wpcf7-text wpcf7-validates-as-required\" aria-required=\"true\" aria-invalid=\"false\" value=\"\" type=\"text\" name=\"your-subject\" \/><\/span> <\/label>\n<\/p>\n<p><label> Tu mensaje<br \/>\n<span class=\"wpcf7-form-control-wrap\" data-name=\"your-message\"><textarea cols=\"40\" rows=\"10\" maxlength=\"2000\" class=\"wpcf7-form-control wpcf7-textarea\" aria-invalid=\"false\" name=\"your-message\"><\/textarea><\/span> <\/label>\n<\/p>\n<p class=\"aiowps-captcha hide-when-displaying-tfa-input\"><label for=\"aiowps-captcha-answer\">Por favor, introduce una respuesta en d\u00edgitos:<\/label>\n<\/p>\n<div class=\"aiowps-captcha-equation hide-when-displaying-tfa-input\">\n\t<p><strong>7 &#43; 15 = <input type=\"hidden\" name=\"aiowps-captcha-string-info\" class=\"aiowps-captcha-string-info\" value=\"0d4hlts9u1\" \/><input type=\"hidden\" name=\"aiowps-captcha-temp-string\" class=\"aiowps-captcha-temp-string\" value=\"1778603335\" \/><input type=\"text\" size=\"2\" class=\"aiowps-captcha-answer\" name=\"aiowps-captcha-answer\" value=\"\" autocomplete=\"off\" \/><\/strong>\n\t<\/p>\n<\/div>\n<p><span class='wpcf7-form-control-wrap' data-name='aiowps-captcha'><\/span><input class=\"wpcf7-form-control wpcf7-submit has-spinner\" type=\"submit\" value=\"Enviar\" \/>\n<\/p><p style=\"display: none !important;\" class=\"akismet-fields-container\" data-prefix=\"_wpcf7_ak_\"><label>&#916;<textarea name=\"_wpcf7_ak_hp_textarea\" cols=\"45\" rows=\"8\" maxlength=\"100\"><\/textarea><\/label><input type=\"hidden\" id=\"ak_js_1\" name=\"_wpcf7_ak_js\" value=\"212\"\/><script>document.getElementById( \"ak_js_1\" ).setAttribute( \"value\", ( new Date() ).getTime() );<\/script><\/p><div class=\"wpcf7-response-output\" aria-hidden=\"true\"><\/div>\n<\/form>\n<\/div>\n<\/div>\n<\/div>\n<\/div>\n\n\n\n<div style=\"height:20px\" aria-hidden=\"true\" class=\"wp-block-spacer\"><\/div>\n\n\n\n<div class=\"wp-block-columns is-layout-flex wp-container-core-columns-is-layout-9d6595d7 wp-block-columns-is-layout-flex\">\n<div class=\"wp-block-column is-vertically-aligned-center col-padding has-white-color has-text-color has-background has-link-color wp-elements-aed6faebf68ddd0ba2a9137c3f48b978 is-layout-flow wp-block-column-is-layout-flow\" style=\"background-color:#385d9b\">\n<p style=\"text-align: center;\">Tambi\u00e9n puede contactar directamente con Secretar\u00eda a trav\u00e9s de los siguientes canales:<\/p>\n<p style=\"text-align: center;\">Atenci\u00f3n telef\u00f3nica: 91 172 22 43<br \/>Correo electr\u00f3nico: <a href=\"mailto:secretaria.cp.antoniofontan.madrid@educa.madrid.org\">secretaria.cp.antoniofontan.madrid@educa.madrid.org<\/a><\/p>\n<p style=\"text-align: center;\">Atenci\u00f3n presencial: ventanilla exterior del centro<\/p>\n<p style=\"text-align: center;\">Horario de atenci\u00f3n:<\/p>\n<p style=\"text-align: center;\">Octubre a mayo: de 9:00 a 14:00 horas<\/p>\n<p style=\"text-align: center;\">Septiembre y junio: de 9:00 a 13:00 horas<\/p>\n<\/div>\n<\/div>\n\n\n\n<div style=\"height:30px\" aria-hidden=\"true\" class=\"wp-block-spacer\"><\/div>\n\n\n\n<p><\/p>\n","protected":false},"excerpt":{"rendered":"<p>Formulario de contacto con secretar\u00eda A trav\u00e9s de este formulario podr\u00e1 realizar gestiones administrativas relacionadas con: Matr\u00edcula Comedor escolar Becas y ayudas Programa de pr\u00e9stamo de libros Solicitud de certificados &#8230;<\/p>\n","protected":false},"author":14,"featured_media":894,"parent":0,"menu_order":0,"comment_status":"closed","ping_status":"closed","template":"template-fullwidth.php","meta":{"footnotes":""},"folder":[],"class_list":["post-1037","page","type-page","status-publish","has-post-thumbnail","hentry"],"rttpg_featured_image_url":{"full":["https:\/\/site.educa.madrid.org\/cp.antoniofontan.madrid\/\/wp-content\/uploads\/cp.antoniofontan.madrid\/2026\/02\/image.jpg",2300,320,false],"landscape":["https:\/\/site.educa.madrid.org\/cp.antoniofontan.madrid\/\/wp-content\/uploads\/cp.antoniofontan.madrid\/2026\/02\/image.jpg",2300,320,false],"portraits":["https:\/\/site.educa.madrid.org\/cp.antoniofontan.madrid\/\/wp-content\/uploads\/cp.antoniofontan.madrid\/2026\/02\/image.jpg",2300,320,false],"thumbnail":["https:\/\/site.educa.madrid.org\/cp.antoniofontan.madrid\/\/wp-content\/uploads\/cp.antoniofontan.madrid\/2026\/02\/image-150x150.jpg",150,150,true],"medium":["https:\/\/site.educa.madrid.org\/cp.antoniofontan.madrid\/\/wp-content\/uploads\/cp.antoniofontan.madrid\/2026\/02\/image-300x42.jpg",300,42,true],"large":["https:\/\/site.educa.madrid.org\/cp.antoniofontan.madrid\/\/wp-content\/uploads\/cp.antoniofontan.madrid\/2026\/02\/image-1024x142.jpg",800,111,true],"thumblist":["https:\/\/site.educa.madrid.org\/cp.antoniofontan.madrid\/\/wp-content\/uploads\/cp.antoniofontan.madrid\/2026\/02\/image-300x300.jpg",300,300,true],"thumbrelated":["https:\/\/site.educa.madrid.org\/cp.antoniofontan.madrid\/\/wp-content\/uploads\/cp.antoniofontan.madrid\/2026\/02\/image-500x320.jpg",500,320,true],"meccarouselthumb":["https:\/\/site.educa.madrid.org\/cp.antoniofontan.madrid\/\/wp-content\/uploads\/cp.antoniofontan.madrid\/2026\/02\/image-474x320.jpg",474,320,true],"gridsquare":["https:\/\/site.educa.madrid.org\/cp.antoniofontan.madrid\/\/wp-content\/uploads\/cp.antoniofontan.madrid\/2026\/02\/image-391x260.jpg",391,260,true],"tileview":["https:\/\/site.educa.madrid.org\/cp.antoniofontan.madrid\/\/wp-content\/uploads\/cp.antoniofontan.madrid\/2026\/02\/image-300x320.jpg",300,320,true],"1536x1536":["https:\/\/site.educa.madrid.org\/cp.antoniofontan.madrid\/\/wp-content\/uploads\/cp.antoniofontan.madrid\/2026\/02\/image-1536x214.jpg",1536,214,true],"2048x2048":["https:\/\/site.educa.madrid.org\/cp.antoniofontan.madrid\/\/wp-content\/uploads\/cp.antoniofontan.madrid\/2026\/02\/image-2048x285.jpg",2048,285,true],"onepress-blog-small":["https:\/\/site.educa.madrid.org\/cp.antoniofontan.madrid\/\/wp-content\/uploads\/cp.antoniofontan.madrid\/2026\/02\/image-300x150.jpg",300,150,true],"onepress-small":["https:\/\/site.educa.madrid.org\/cp.antoniofontan.madrid\/\/wp-content\/uploads\/cp.antoniofontan.madrid\/2026\/02\/image-480x300.jpg",480,300,true],"onepress-medium":["https:\/\/site.educa.madrid.org\/cp.antoniofontan.madrid\/\/wp-content\/uploads\/cp.antoniofontan.madrid\/2026\/02\/image-640x320.jpg",640,320,true],"sow-carousel-default":["https:\/\/site.educa.madrid.org\/cp.antoniofontan.madrid\/\/wp-content\/uploads\/cp.antoniofontan.madrid\/2026\/02\/image-272x182.jpg",272,182,true],"sow-post-carousel-overlay-theme":["https:\/\/site.educa.madrid.org\/cp.antoniofontan.madrid\/\/wp-content\/uploads\/cp.antoniofontan.madrid\/2026\/02\/image-360x320.jpg",360,320,true],"sow-post-carousel-cards-theme":["https:\/\/site.educa.madrid.org\/cp.antoniofontan.madrid\/\/wp-content\/uploads\/cp.antoniofontan.madrid\/2026\/02\/image-360x240.jpg",360,240,true],"rt_custom":["https:\/\/site.educa.madrid.org\/cp.antoniofontan.madrid\/\/wp-content\/uploads\/cp.antoniofontan.madrid\/2026\/02\/image.jpg",2300,320,false]},"rttpg_author":{"display_name":"Cuenta Compdigedu cp antoniofontan madrid","author_link":"https:\/\/site.educa.madrid.org\/cp.antoniofontan.madrid\/index.php\/author\/cuenta_compdigedu-cp-antoniofontan-madrid\/"},"rttpg_comment":0,"rttpg_category":false,"rttpg_excerpt":"Formulario de contacto con secretar\u00eda A trav\u00e9s de este formulario podr\u00e1 realizar gestiones administrativas relacionadas con: Matr\u00edcula Comedor escolar Becas y ayudas Programa de pr\u00e9stamo de libros Solicitud de certificados ...","post_mailing_queue_ids":[],"_links":{"self":[{"href":"https:\/\/site.educa.madrid.org\/cp.antoniofontan.madrid\/index.php\/wp-json\/wp\/v2\/pages\/1037","targetHints":{"allow":["GET"]}}],"collection":[{"href":"https:\/\/site.educa.madrid.org\/cp.antoniofontan.madrid\/index.php\/wp-json\/wp\/v2\/pages"}],"about":[{"href":"https:\/\/site.educa.madrid.org\/cp.antoniofontan.madrid\/index.php\/wp-json\/wp\/v2\/types\/page"}],"author":[{"embeddable":true,"href":"https:\/\/site.educa.madrid.org\/cp.antoniofontan.madrid\/index.php\/wp-json\/wp\/v2\/users\/14"}],"replies":[{"embeddable":true,"href":"https:\/\/site.educa.madrid.org\/cp.antoniofontan.madrid\/index.php\/wp-json\/wp\/v2\/comments?post=1037"}],"version-history":[{"count":11,"href":"https:\/\/site.educa.madrid.org\/cp.antoniofontan.madrid\/index.php\/wp-json\/wp\/v2\/pages\/1037\/revisions"}],"predecessor-version":[{"id":1056,"href":"https:\/\/site.educa.madrid.org\/cp.antoniofontan.madrid\/index.php\/wp-json\/wp\/v2\/pages\/1037\/revisions\/1056"}],"wp:featuredmedia":[{"embeddable":true,"href":"https:\/\/site.educa.madrid.org\/cp.antoniofontan.madrid\/index.php\/wp-json\/wp\/v2\/media\/894"}],"wp:attachment":[{"href":"https:\/\/site.educa.madrid.org\/cp.antoniofontan.madrid\/index.php\/wp-json\/wp\/v2\/media?parent=1037"}],"wp:term":[{"taxonomy":"folder","embeddable":true,"href":"https:\/\/site.educa.madrid.org\/cp.antoniofontan.madrid\/index.php\/wp-json\/wp\/v2\/folder?post=1037"}],"curies":[{"name":"wp","href":"https:\/\/api.w.org\/{rel}","templated":true}]}}