{"id":1361,"date":"2026-03-04T19:58:19","date_gmt":"2026-03-04T18:58:19","guid":{"rendered":"https:\/\/site.educa.madrid.org\/cp.antoniofontan.madrid\/?page_id=1361"},"modified":"2026-03-05T18:10:03","modified_gmt":"2026-03-05T17:10:03","slug":"gestiones-e-impresos","status":"publish","type":"page","link":"https:\/\/site.educa.madrid.org\/cp.antoniofontan.madrid\/index.php\/gestiones-e-impresos\/","title":{"rendered":"Gestiones e impresos"},"content":{"rendered":"\n<div style=\"margin-top: -90px;\">\n    \n<\/div>\n\n\n\n<div style=\"height:50px\" aria-hidden=\"true\" class=\"wp-block-spacer\"><\/div>\n\n\n\n<h2 class=\"wp-block-heading has-text-align-center has-text-color has-link-color wp-elements-f2289eb652f170a27d972425ac820e82\" style=\"color:#385d9b\">Secretar\u00eda: Gestiones <\/h2>\n\n\n\n<div style=\"height:30px\" aria-hidden=\"true\" class=\"wp-block-spacer\"><\/div>\n\n\n<p class=\"secretariaTextIni\">En la Secretar\u00eda de nuestro centro se llevar\u00e1n a cabo toda la gesti\u00f3n y tr\u00e1mites administrativos como:<\/p>\n<ul class=\"secretariaUl\">\n<li>Matriculaci\u00f3n<\/li>\n<li>Comedor escolar<\/li>\n<li>Documentaci\u00f3n acad\u00e9mica y certificaciones<\/li>\n<li>Citas con el Equipo directivo<\/li>\n<li>Correspondencia y avisos<\/li>\n<\/ul>\n<p class=\"secretariaTextIni\">Permanecer\u00e1 diariamente abierta de lunes a viernes de 9:00h. a 13:00h.<\/p>\n\n\n<div style=\"height:30px\" aria-hidden=\"true\" class=\"wp-block-spacer\"><\/div>\n\n\n\n<div class=\"wp-block-columns is-layout-flex wp-container-core-columns-is-layout-9d6595d7 wp-block-columns-is-layout-flex\">\n<div class=\"wp-block-column is-layout-flow wp-block-column-is-layout-flow\">\n<div class=\"wp-block-buttons is-content-justification-center is-layout-flex wp-container-core-buttons-is-layout-16018d1d wp-block-buttons-is-layout-flex\">\n<div class=\"wp-block-button is-style-outline is-style-outline--1\"><a class=\"wp-block-button__link has-white-background-color has-text-color has-background has-link-color wp-element-button\" href=\"https:\/\/site.educa.madrid.org\/cp.antoniofontan.madrid\/index.php\/contacto\/\" style=\"border-radius:0px;color:#385d9b\">Contactar<\/a><\/div>\n<\/div>\n<\/div>\n\n\n\n<div class=\"wp-block-column is-layout-flow wp-block-column-is-layout-flow\">\n<div class=\"wp-block-buttons is-content-justification-center is-layout-flex wp-container-core-buttons-is-layout-16018d1d wp-block-buttons-is-layout-flex\">\n<div class=\"wp-block-button is-style-outline is-style-outline--2\"><a class=\"wp-block-button__link has-white-background-color has-text-color has-background has-link-color wp-element-button\" href=\"https:\/\/site.educa.madrid.org\/cp.antoniofontan.madrid\/index.php\/horarios-del-centro\/\" style=\"border-radius:0px;color:#385d9b\">Protocolo de comunicaci\u00f3n<\/a><\/div>\n<\/div>\n<\/div>\n\n\n\n<div class=\"wp-block-column is-layout-flow wp-block-column-is-layout-flow\">\n<div class=\"wp-block-buttons is-content-justification-center is-layout-flex wp-container-core-buttons-is-layout-16018d1d wp-block-buttons-is-layout-flex\">\n<div class=\"wp-block-button is-style-outline is-style-outline--3\"><a class=\"wp-block-button__link has-white-background-color has-text-color has-background has-link-color wp-element-button\" href=\"https:\/\/site.educa.madrid.org\/cp.antoniofontan.madrid\/\/wp-content\/uploads\/cp.antoniofontan.madrid\/2026\/03\/Raices-robles.pdf\" style=\"border-radius:0px;color:#385d9b\">Raices \/ Roble<\/a><\/div>\n<\/div>\n<\/div>\n<\/div>\n\n\n\n<div style=\"height:30px\" aria-hidden=\"true\" class=\"wp-block-spacer\"><\/div>\n\n\n\n<h2 class=\"wp-block-heading has-text-align-center has-text-color has-link-color wp-elements-01c0da1c82b75554e21607920966453a\" style=\"color:#385d9b\">Impresos<\/h2>\n\n\n\n<div style=\"height:50px\" aria-hidden=\"true\" class=\"wp-block-spacer\"><\/div>\n\n\n\n<div class=\"wp-block-columns wp-col-card is-layout-flex wp-container-core-columns-is-layout-9d6595d7 wp-block-columns-is-layout-flex\">\n<div class=\"wp-block-column is-vertically-aligned-center wp-col-card has-background is-layout-flow wp-block-column-is-layout-flow\" style=\"background-color:#385d9b\">\n<div class=\"bloque-impresos\">\n<h3>IMPRESOS OBLIGATORIOS GENERALES (alta y baja escolar)<\/h3>\n<ul>\n<li><a href=\"https:\/\/site.educa.madrid.org\/cp.antoniofontan.madrid\/\/wp-content\/uploads\/cp.antoniofontan.madrid\/2026\/03\/Impreso-matricula.pdf\">Impreso matr\u00edcula<\/a><\/li>\n<li><a href=\"https:\/\/site.educa.madrid.org\/cp.antoniofontan.madrid\/\/wp-content\/uploads\/cp.antoniofontan.madrid\/2026\/03\/Consentimiento-imagenes.pdf\">Consentimiento informado de im\u00e1genes<\/a><\/li>\n<li><a href=\"https:\/\/site.educa.madrid.org\/cp.antoniofontan.madrid\/\/wp-content\/uploads\/cp.antoniofontan.madrid\/2026\/03\/Politica-privacidad-centros-docentes.pdf\">Pol\u00edtica de privacidad de centros docentes<\/a><\/li>\n<li><a href=\"https:\/\/site.educa.madrid.org\/cp.antoniofontan.madrid\/\/wp-content\/uploads\/cp.antoniofontan.madrid\/2026\/03\/Baja-del-centro.pdf\">Baja del centro<\/a><\/li>\n<\/ul>\n<\/div>\n<\/div>\n<\/div>\n\n\n\n<div style=\"height:50px\" aria-hidden=\"true\" class=\"wp-block-spacer\"><\/div>\n\n\n\n<div class=\"wp-block-columns wp-col-card is-layout-flex wp-container-core-columns-is-layout-9d6595d7 wp-block-columns-is-layout-flex\">\n<div class=\"wp-block-column is-vertically-aligned-center wp-col-card has-background is-layout-flow wp-block-column-is-layout-flow\" style=\"background-color:#add8e6\">\n<div class=\"bloque-impresos1\">\n<h3>IMPRESOS OBLIGATORIOS ESPEC\u00cdFICOS (si se da la circunstancia)<\/h3>\n<ul>\n<li><a href=\"https:\/\/site.educa.madrid.org\/cp.antoniofontan.madrid\/\/wp-content\/uploads\/cp.antoniofontan.madrid\/2026\/03\/Declaracion-jurada.pdf\">Declaraci\u00f3n jurada<\/a><\/li>\n<li><a href=\"https:\/\/site.educa.madrid.org\/cp.antoniofontan.madrid\/\/wp-content\/uploads\/cp.antoniofontan.madrid\/2026\/03\/Problemas-medicos-o-alimentarios.pdf\">Problemas m\u00e9dicos o alimentarios<\/a><\/li>\n<li><a href=\"https:\/\/site.educa.madrid.org\/cp.antoniofontan.madrid\/\/wp-content\/uploads\/cp.antoniofontan.madrid\/2026\/03\/Administracion-medicamentos.pdf\">Administraci\u00f3n de medicamentos<\/a><\/li>\n<li><a href=\"https:\/\/site.educa.madrid.org\/cp.antoniofontan.madrid\/\/wp-content\/uploads\/cp.antoniofontan.madrid\/2026\/03\/Cambio-Opcion-religiosa.pdf\">Cambio de opci\u00f3n religiosa (s\u00f3lo al inicio de curso)<\/a><\/li>\n<li><a href=\"https:\/\/site.educa.madrid.org\/cp.antoniofontan.madrid\/\/wp-content\/uploads\/cp.antoniofontan.madrid\/2026\/03\/Escolarizacion_hijos_parto_multiple.pdf\">Escolarizaci\u00f3n de hijos de parto m\u00faltiple<\/a><\/li>\n<\/ul>\n<\/div>\n<\/div>\n<\/div>\n\n\n\n<div style=\"height:50px\" aria-hidden=\"true\" class=\"wp-block-spacer\"><\/div>\n\n\n\n<div class=\"wp-block-columns wp-col-card is-layout-flex wp-container-core-columns-is-layout-9d6595d7 wp-block-columns-is-layout-flex\">\n<div class=\"wp-block-column is-vertically-aligned-center wp-col-card has-background is-layout-flow wp-block-column-is-layout-flow\" style=\"background-color:#385d9b\">\n<div class=\"bloque-impresos\">\n<h3>IMPRESOS DE UTILIZACI\u00d3N DE SERVICIOS (si se desean)<\/h3>\n<ul>\n<li><a href=\"https:\/\/site.educa.madrid.org\/cp.antoniofontan.madrid\/\/wp-content\/uploads\/cp.antoniofontan.madrid\/2026\/03\/Alta-comedor-escolar.pdf\">Alta de comedor escolar<\/a><\/li>\n<li><a href=\"https:\/\/site.educa.madrid.org\/cp.antoniofontan.madrid\/\/wp-content\/uploads\/cp.antoniofontan.madrid\/2026\/03\/Orden-de-domiciliacion-SEPA.pdf\">Orden de domiciliaci\u00f3n SEPA comedor escolar<\/a><\/li>\n<li><a href=\"https:\/\/site.educa.madrid.org\/cp.antoniofontan.madrid\/\/wp-content\/uploads\/cp.antoniofontan.madrid\/2026\/03\/Baja-comedor-escolar.pdf\">Baja del comedor escolar<\/a><\/li>\n<\/ul>\n<\/div>\n<\/div>\n<\/div>\n\n\n\n<div style=\"height:50px\" aria-hidden=\"true\" class=\"wp-block-spacer\"><\/div>\n\n\n\n<div class=\"wp-block-columns wp-col-card is-layout-flex wp-container-core-columns-is-layout-9d6595d7 wp-block-columns-is-layout-flex\">\n<div class=\"wp-block-column is-vertically-aligned-center wp-col-card has-background is-layout-flow wp-block-column-is-layout-flow\" style=\"background-color:#add8e6\">\n<div class=\"bloque-impresos1\">\n<h3>IMPRESOS DE BECAS Y AYUDAS (si se re\u00fanen los requisitos)<\/h3>\n<ul>\n<li><a href=\"https:\/\/site.educa.madrid.org\/cp.antoniofontan.madrid\/\/wp-content\/uploads\/cp.antoniofontan.madrid\/2026\/03\/Solicitud-beca-comedor-escolar.pdf\">Becas comedor escolar<\/a><\/li>\n<li><a href=\"https:\/\/site.educa.madrid.org\/cp.antoniofontan.madrid\/\/wp-content\/uploads\/cp.antoniofontan.madrid\/2026\/03\/Adhesion-ACCEDE-Anexo-I-1.pdf\">Primaria: Adhesi\u00f3n al programa ACCEDE (Anexo I)<\/a><\/li>\n<li><a href=\"https:\/\/site.educa.madrid.org\/cp.antoniofontan.madrid\/\/wp-content\/uploads\/cp.antoniofontan.madrid\/2026\/03\/Renuncia-ACCEDE-Anexo-IV.pdf\">Primaria: Renuncia del programa ACCEDE (Anexo IV)<\/a><\/li>\n<\/ul>\n<\/div>\n<\/div>\n<\/div>\n\n\n\n<div style=\"height:50px\" aria-hidden=\"true\" class=\"wp-block-spacer\"><\/div>\n\n\n\n<div class=\"wp-block-columns wp-col-card is-layout-flex wp-container-core-columns-is-layout-9d6595d7 wp-block-columns-is-layout-flex\">\n<div class=\"wp-block-column is-vertically-aligned-center wp-col-card has-background is-layout-flow wp-block-column-is-layout-flow\" style=\"background-color:#385d9b\">\n<div class=\"bloque-impresos\">\n<h3>FICHAS DE INFORMACI\u00d3N<\/h3>\n<ul>\n<li><a href=\"https:\/\/site.educa.madrid.org\/cp.antoniofontan.madrid\/\/wp-content\/uploads\/cp.antoniofontan.madrid\/2026\/03\/Ficha-informacion-familiar-infantil.pdf\">Ficha de informaci\u00f3n familiar infantil<\/a><\/li>\n<li><a href=\"https:\/\/site.educa.madrid.org\/cp.antoniofontan.madrid\/\/wp-content\/uploads\/cp.antoniofontan.madrid\/2026\/03\/Ficha-informacion-familiar-primaria.pdf\">Ficha de informaci\u00f3n familiar primarias<\/a><\/li>\n<\/ul>\n<\/div>\n<\/div>\n<\/div>\n","protected":false},"excerpt":{"rendered":"<p>Secretar\u00eda: Gestiones En la Secretar\u00eda de nuestro centro se llevar\u00e1n a cabo toda la gesti\u00f3n y tr\u00e1mites administrativos como: Matriculaci\u00f3n Comedor escolar Documentaci\u00f3n acad\u00e9mica y certificaciones Citas con el Equipo &#8230;<\/p>\n","protected":false},"author":14,"featured_media":894,"parent":0,"menu_order":0,"comment_status":"closed","ping_status":"closed","template":"template-fullwidth.php","meta":{"footnotes":""},"folder":[],"class_list":["post-1361","page","type-page","status-publish","has-post-thumbnail","hentry"],"rttpg_featured_image_url":{"full":["https:\/\/site.educa.madrid.org\/cp.antoniofontan.madrid\/\/wp-content\/uploads\/cp.antoniofontan.madrid\/2026\/02\/image.jpg",2300,320,false],"landscape":["https:\/\/site.educa.madrid.org\/cp.antoniofontan.madrid\/\/wp-content\/uploads\/cp.antoniofontan.madrid\/2026\/02\/image.jpg",2300,320,false],"portraits":["https:\/\/site.educa.madrid.org\/cp.antoniofontan.madrid\/\/wp-content\/uploads\/cp.antoniofontan.madrid\/2026\/02\/image.jpg",2300,320,false],"thumbnail":["https:\/\/site.educa.madrid.org\/cp.antoniofontan.madrid\/\/wp-content\/uploads\/cp.antoniofontan.madrid\/2026\/02\/image-150x150.jpg",150,150,true],"medium":["https:\/\/site.educa.madrid.org\/cp.antoniofontan.madrid\/\/wp-content\/uploads\/cp.antoniofontan.madrid\/2026\/02\/image-300x42.jpg",300,42,true],"large":["https:\/\/site.educa.madrid.org\/cp.antoniofontan.madrid\/\/wp-content\/uploads\/cp.antoniofontan.madrid\/2026\/02\/image-1024x142.jpg",800,111,true],"thumblist":["https:\/\/site.educa.madrid.org\/cp.antoniofontan.madrid\/\/wp-content\/uploads\/cp.antoniofontan.madrid\/2026\/02\/image-300x300.jpg",300,300,true],"thumbrelated":["https:\/\/site.educa.madrid.org\/cp.antoniofontan.madrid\/\/wp-content\/uploads\/cp.antoniofontan.madrid\/2026\/02\/image-500x320.jpg",500,320,true],"meccarouselthumb":["https:\/\/site.educa.madrid.org\/cp.antoniofontan.madrid\/\/wp-content\/uploads\/cp.antoniofontan.madrid\/2026\/02\/image-474x320.jpg",474,320,true],"gridsquare":["https:\/\/site.educa.madrid.org\/cp.antoniofontan.madrid\/\/wp-content\/uploads\/cp.antoniofontan.madrid\/2026\/02\/image-391x260.jpg",391,260,true],"tileview":["https:\/\/site.educa.madrid.org\/cp.antoniofontan.madrid\/\/wp-content\/uploads\/cp.antoniofontan.madrid\/2026\/02\/image-300x320.jpg",300,320,true],"1536x1536":["https:\/\/site.educa.madrid.org\/cp.antoniofontan.madrid\/\/wp-content\/uploads\/cp.antoniofontan.madrid\/2026\/02\/image-1536x214.jpg",1536,214,true],"2048x2048":["https:\/\/site.educa.madrid.org\/cp.antoniofontan.madrid\/\/wp-content\/uploads\/cp.antoniofontan.madrid\/2026\/02\/image-2048x285.jpg",2048,285,true],"onepress-blog-small":["https:\/\/site.educa.madrid.org\/cp.antoniofontan.madrid\/\/wp-content\/uploads\/cp.antoniofontan.madrid\/2026\/02\/image-300x150.jpg",300,150,true],"onepress-small":["https:\/\/site.educa.madrid.org\/cp.antoniofontan.madrid\/\/wp-content\/uploads\/cp.antoniofontan.madrid\/2026\/02\/image-480x300.jpg",480,300,true],"onepress-medium":["https:\/\/site.educa.madrid.org\/cp.antoniofontan.madrid\/\/wp-content\/uploads\/cp.antoniofontan.madrid\/2026\/02\/image-640x320.jpg",640,320,true],"sow-carousel-default":["https:\/\/site.educa.madrid.org\/cp.antoniofontan.madrid\/\/wp-content\/uploads\/cp.antoniofontan.madrid\/2026\/02\/image-272x182.jpg",272,182,true],"sow-post-carousel-overlay-theme":["https:\/\/site.educa.madrid.org\/cp.antoniofontan.madrid\/\/wp-content\/uploads\/cp.antoniofontan.madrid\/2026\/02\/image-360x320.jpg",360,320,true],"sow-post-carousel-cards-theme":["https:\/\/site.educa.madrid.org\/cp.antoniofontan.madrid\/\/wp-content\/uploads\/cp.antoniofontan.madrid\/2026\/02\/image-360x240.jpg",360,240,true],"rt_custom":["https:\/\/site.educa.madrid.org\/cp.antoniofontan.madrid\/\/wp-content\/uploads\/cp.antoniofontan.madrid\/2026\/02\/image.jpg",2300,320,false]},"rttpg_author":{"display_name":"Cuenta Compdigedu cp antoniofontan madrid","author_link":"https:\/\/site.educa.madrid.org\/cp.antoniofontan.madrid\/index.php\/author\/cuenta_compdigedu-cp-antoniofontan-madrid\/"},"rttpg_comment":0,"rttpg_category":false,"rttpg_excerpt":"Secretar\u00eda: Gestiones En la Secretar\u00eda de nuestro centro se llevar\u00e1n a cabo toda la gesti\u00f3n y tr\u00e1mites administrativos como: Matriculaci\u00f3n Comedor escolar Documentaci\u00f3n acad\u00e9mica y certificaciones Citas con el Equipo ...","post_mailing_queue_ids":[],"_links":{"self":[{"href":"https:\/\/site.educa.madrid.org\/cp.antoniofontan.madrid\/index.php\/wp-json\/wp\/v2\/pages\/1361","targetHints":{"allow":["GET"]}}],"collection":[{"href":"https:\/\/site.educa.madrid.org\/cp.antoniofontan.madrid\/index.php\/wp-json\/wp\/v2\/pages"}],"about":[{"href":"https:\/\/site.educa.madrid.org\/cp.antoniofontan.madrid\/index.php\/wp-json\/wp\/v2\/types\/page"}],"author":[{"embeddable":true,"href":"https:\/\/site.educa.madrid.org\/cp.antoniofontan.madrid\/index.php\/wp-json\/wp\/v2\/users\/14"}],"replies":[{"embeddable":true,"href":"https:\/\/site.educa.madrid.org\/cp.antoniofontan.madrid\/index.php\/wp-json\/wp\/v2\/comments?post=1361"}],"version-history":[{"count":34,"href":"https:\/\/site.educa.madrid.org\/cp.antoniofontan.madrid\/index.php\/wp-json\/wp\/v2\/pages\/1361\/revisions"}],"predecessor-version":[{"id":1438,"href":"https:\/\/site.educa.madrid.org\/cp.antoniofontan.madrid\/index.php\/wp-json\/wp\/v2\/pages\/1361\/revisions\/1438"}],"wp:featuredmedia":[{"embeddable":true,"href":"https:\/\/site.educa.madrid.org\/cp.antoniofontan.madrid\/index.php\/wp-json\/wp\/v2\/media\/894"}],"wp:attachment":[{"href":"https:\/\/site.educa.madrid.org\/cp.antoniofontan.madrid\/index.php\/wp-json\/wp\/v2\/media?parent=1361"}],"wp:term":[{"taxonomy":"folder","embeddable":true,"href":"https:\/\/site.educa.madrid.org\/cp.antoniofontan.madrid\/index.php\/wp-json\/wp\/v2\/folder?post=1361"}],"curies":[{"name":"wp","href":"https:\/\/api.w.org\/{rel}","templated":true}]}}