{"id":1440,"date":"2026-03-05T18:14:21","date_gmt":"2026-03-05T17:14:21","guid":{"rendered":"https:\/\/site.educa.madrid.org\/cp.antoniofontan.madrid\/?page_id=1440"},"modified":"2026-03-05T19:41:12","modified_gmt":"2026-03-05T18:41:12","slug":"matricualacion","status":"publish","type":"page","link":"https:\/\/site.educa.madrid.org\/cp.antoniofontan.madrid\/index.php\/matricualacion\/","title":{"rendered":"Matriculaci\u00f3n"},"content":{"rendered":"\n<div style=\"margin-top: -90px;\">\n    \n<\/div>\n\n\n\n<div style=\"height:50px\" aria-hidden=\"true\" class=\"wp-block-spacer\"><\/div>\n\n\n\n<h2 class=\"wp-block-heading has-text-align-center has-text-color has-link-color wp-elements-0620e0734fd00ead5c92b97e742347ad\" style=\"color:#385d9b\">Matriculaci\u00f3n<\/h2>\n\n\n\n<div style=\"height:30px\" aria-hidden=\"true\" class=\"wp-block-spacer\"><\/div>\n\n\n<p class=\"secretariaTextIni\">La admisi\u00f3n en los centros p\u00fablicos y concertados est\u00e1 legislada por la\u00a0<a href=\"https:\/\/www.colegioantoniofontan.es\/secretaria\/sub\/matriculacion.php#\">Comunidad de Madrid<\/a>..<\/p>\n<p class=\"secretariaTextIni\">Mediante la matriculaci\u00f3n formalizamos en el centro la ocupaci\u00f3n de la plaza escolar que nos ha sido asignada en el proceso de admisi\u00f3n ordinario o bien en la admisi\u00f3n extraordinaria. La NO formalizaci\u00f3n de la matr\u00edcula implica la p\u00e9rdida de la plaza escolar.<\/p>\n<p class=\"secretariaTextIni\">Los impresos y documentaci\u00f3n ser\u00e1n presentados en el plazo establecido, preferentemente de forma telem\u00e1tica a trav\u00e9s de la Secretar\u00eda virtual o del correo electr\u00f3nico admision@colegioantoniofontan.es<\/p>\n\n\n<div style=\"height:50px\" aria-hidden=\"true\" class=\"wp-block-spacer\"><\/div>\n\n\n\n<div class=\"wp-block-columns is-layout-flex wp-container-core-columns-is-layout-9d6595d7 wp-block-columns-is-layout-flex\">\n<div class=\"wp-block-column bloque-impresos2 is-layout-flow wp-block-column-is-layout-flow\" style=\"flex-basis:25%\">\n<div style=\"height:30px\" aria-hidden=\"true\" class=\"wp-block-spacer\"><\/div>\n\n\n<div\n\t\t\t\n\t\t\tclass=\"so-widget-sow-icon so-widget-sow-icon-default-ebc7fd65ba02\"\n\t\t\t\n\t\t>\n<div class=\"sow-icon-container sow-icon\">\n\t\t\t<span class=\"sow-icon-icomoon\" data-sow-icon=\"&#xe995;\"\n\t\t \n\t\taria-hidden=\"true\"><\/span>\t<\/div>\n<\/div>\n\n\n<div style=\"height:30px\" aria-hidden=\"true\" class=\"wp-block-spacer\"><\/div>\n\n\n\n<h3 class=\"wp-block-heading has-text-align-center\">Instrucciones<\/h3>\n\n\n\n<div class=\"wp-block-buttons is-content-justification-center is-layout-flex wp-container-core-buttons-is-layout-16018d1d wp-block-buttons-is-layout-flex\"><\/div>\n<\/div>\n\n\n\n<div class=\"wp-block-column is-layout-flow wp-block-column-is-layout-flow\">\n<p class=\"matriTitModal\">INSTRUCCIONES DE CUMPLIMENTACI\u00d3N<\/p>\n<hr id=\"line-separator-matri\" \/>\n<p><span style=\"font-size: revert;\">Descargar los impresos.<\/span><\/p>\n<div>\n<p class=\"matriTextModal\">Cumplimentar los impresos obligatorios y aquellos que procedan.<\/p>\n<p class=\"matriTextModal\">Los impresos deber\u00e1n ser firmados por ambos tutores o progenitores, salvo si se acredita imposibilidad de hacerlo.<\/p>\n<p class=\"matriTextModal\">Guardar los documentos como \u00ab<b>imprimir como pdf<\/b>\u00bb para cerrar el documento editable.<\/p>\n<p class=\"matriTextModal\">Adjuntar y enviar por correo (o Secretar\u00eda Virtual si procede) los impresos cumplimentados y documentaci\u00f3n solicitada.<\/p>\n<\/div>\n<\/div>\n<\/div>\n\n\n\n<div style=\"height:50px\" aria-hidden=\"true\" class=\"wp-block-spacer\"><\/div>\n\n\n\n<div class=\"wp-block-columns is-layout-flex wp-container-core-columns-is-layout-9d6595d7 wp-block-columns-is-layout-flex\">\n<div class=\"wp-block-column bloque-impresos2 is-layout-flow wp-block-column-is-layout-flow\" style=\"flex-basis:25%\">\n<div style=\"height:30px\" aria-hidden=\"true\" class=\"wp-block-spacer\"><\/div>\n\n\n<div\n\t\t\t\n\t\t\tclass=\"so-widget-sow-icon so-widget-sow-icon-default-ebc7fd65ba02\"\n\t\t\t\n\t\t>\n<div class=\"sow-icon-container sow-icon\">\n\t\t\t<span class=\"sow-icon-icomoon\" data-sow-icon=\"&#xe925;\"\n\t\t \n\t\taria-hidden=\"true\"><\/span>\t<\/div>\n<\/div>\n\n\n<div style=\"height:30px\" aria-hidden=\"true\" class=\"wp-block-spacer\"><\/div>\n\n\n\n<h3 class=\"wp-block-heading has-text-align-center\">Impresos<\/h3>\n<\/div>\n\n\n\n<div class=\"wp-block-column is-layout-flow wp-block-column-is-layout-flow\">\n<p class=\"matriTitModal\"><strong>IMPRESOS PARA FORMALIZAR LA MATR\u00cdCULA<\/strong><\/p>\n<hr id=\"line-separator-matri\" \/>\n<p><strong>Impresos obligatorios generales (alta escolar):<\/strong><\/p>\n<ul>\n<li><a href=\"https:\/\/site.educa.madrid.org\/cp.antoniofontan.madrid\/\/wp-content\/uploads\/cp.antoniofontan.madrid\/2026\/03\/Impreso-matricula.pdf\">Impreso de matr\u00edcula del alumno\/a.<\/a><\/li>\n<li><a href=\"https:\/\/site.educa.madrid.org\/cp.antoniofontan.madrid\/\/wp-content\/uploads\/cp.antoniofontan.madrid\/2026\/03\/Consentimiento-imagenes.pdf\">Impreso del consentimiento informado para el tratamiento de im\u00e1genes.<\/a><\/li>\n<li><a href=\"https:\/\/site.educa.madrid.org\/cp.antoniofontan.madrid\/\/wp-content\/uploads\/cp.antoniofontan.madrid\/2026\/03\/Politica-privacidad-centros-docentes.pdf\">Impreso de conformidad con la pol\u00edtica de privacidad de centros docentes.<\/a><\/li>\n<li><a href=\"https:\/\/site.educa.madrid.org\/cp.antoniofontan.madrid\/\/wp-content\/uploads\/cp.antoniofontan.madrid\/2026\/03\/Ficha-informacion-familiar-infantil.pdf\">Ficha de informaci\u00f3n familiar E. Infantil<\/a><\/li>\n<li><a href=\"https:\/\/site.educa.madrid.org\/cp.antoniofontan.madrid\/\/wp-content\/uploads\/cp.antoniofontan.madrid\/2026\/03\/Ficha-informacion-familiar-primaria.pdf\">Ficha de informaci\u00f3n familiar E. Primaria<\/a><\/li>\n<\/ul>\n<p><strong>Impresos obligatorios espec\u00edficos (si se da la circunstancia):<\/strong><\/p>\n<ul>\n<li><a href=\"https:\/\/site.educa.madrid.org\/cp.antoniofontan.madrid\/\/wp-content\/uploads\/cp.antoniofontan.madrid\/2026\/03\/Declaracion-jurada.pdf\">Impreso de declaraci\u00f3n jurada por falta de firma de progenitor ausente.<\/a><\/li>\n<li><a href=\"https:\/\/site.educa.madrid.org\/cp.antoniofontan.madrid\/\/wp-content\/uploads\/cp.antoniofontan.madrid\/2026\/03\/Problemas-medicos-o-alimentarios.pdf\">Impreso para comunicar problemas m\u00e9dicos y\/o alimentarios.<\/a><\/li>\n<li><a href=\"https:\/\/site.educa.madrid.org\/cp.antoniofontan.madrid\/\/wp-content\/uploads\/cp.antoniofontan.madrid\/2026\/03\/Administracion-medicamentos.pdf\">Impreso de administraci\u00f3n de medicamentos.<\/a><\/li>\n<li><a href=\"https:\/\/site.educa.madrid.org\/cp.antoniofontan.madrid\/\/wp-content\/uploads\/cp.antoniofontan.madrid\/2026\/03\/Escolarizacion_hijos_parto_multiple.pdf\">Impreso de escolarizaci\u00f3n de hijos de parto m\u00faltiple.<\/a><\/li>\n<\/ul>\n<p><strong>Impresos de utilizaci\u00f3n de servicios (si se desean):<\/strong><\/p>\n<ul>\n<li><a href=\"https:\/\/site.educa.madrid.org\/cp.antoniofontan.madrid\/\/wp-content\/uploads\/cp.antoniofontan.madrid\/2026\/03\/Alta-comedor-escolar.pdf\">Impreso de Alta en el servicio de comedor escolar.<\/a><\/li>\n<li><a href=\"https:\/\/site.educa.madrid.org\/cp.antoniofontan.madrid\/\/wp-content\/uploads\/cp.antoniofontan.madrid\/2026\/03\/Orden-de-domiciliacion-SEPA.pdf\">Impreso de Orden de domiciliaci\u00f3n de adeudo directo SEPA para el uso del comedor.<\/a><\/li>\n<li>Servicios de ampliaci\u00f3n (ofertados por la AMPA). Toda la informaci\u00f3n en su web.<\/li>\n<\/ul>\n<p><strong>Impresos de becas y ayudas (si se re\u00fanen los requisitos):<\/strong><\/p>\n<ul>\n<li><a href=\"https:\/\/site.educa.madrid.org\/cp.antoniofontan.madrid\/\/wp-content\/uploads\/cp.antoniofontan.madrid\/2026\/03\/Solicitud-beca-comedor-escolar.pdf\">Becas comedor escolar<\/a><\/li>\n<li><a href=\"https:\/\/site.educa.madrid.org\/cp.antoniofontan.madrid\/\/wp-content\/uploads\/cp.antoniofontan.madrid\/2026\/03\/Adhesion-ACCEDE-Anexo-I-1.pdf\">Primaria: Adhesi\u00f3n al Programa Accede de pr\u00e9stamo de libros (Anexo I)<\/a><\/li>\n<\/ul>\n<\/div>\n<\/div>\n\n\n\n<div style=\"height:50px\" aria-hidden=\"true\" class=\"wp-block-spacer\"><\/div>\n\n\n\n<div class=\"wp-block-columns is-layout-flex wp-container-core-columns-is-layout-9d6595d7 wp-block-columns-is-layout-flex\">\n<div class=\"wp-block-column bloque-impresos2 is-layout-flow wp-block-column-is-layout-flow\" style=\"flex-basis:25%\">\n<div style=\"height:30px\" aria-hidden=\"true\" class=\"wp-block-spacer\"><\/div>\n\n\n<div\n\t\t\t\n\t\t\tclass=\"so-widget-sow-icon so-widget-sow-icon-default-ebc7fd65ba02\"\n\t\t\t\n\t\t>\n<div class=\"sow-icon-container sow-icon\">\n\t\t\t<span class=\"sow-icon-icomoon\" data-sow-icon=\"&#xe930;\"\n\t\t \n\t\taria-hidden=\"true\"><\/span>\t<\/div>\n<\/div>\n\n\n<div style=\"height:30px\" aria-hidden=\"true\" class=\"wp-block-spacer\"><\/div>\n\n\n\n<h3 class=\"wp-block-heading has-text-align-center\">Documentaci\u00f3n<\/h3>\n<\/div>\n\n\n\n<div class=\"wp-block-column is-layout-flow wp-block-column-is-layout-flow\">\n<p class=\"matriTitModal\">DOCUMENTACION<\/p>\n<hr id=\"line-separator-matri\" \/>\n<p class=\"matriTitModal\"><span style=\"font-size: revert;\">DOCUMENTACI\u00d3N A PRESENTAR:<\/span><\/p>\n<div>\n<ul class=\"matriUl\">\n<li>Fotocopia del libro de familia o, en su defecto, certificado de nacimiento.<\/li>\n<li>Fotocopia del DNI\/NIE\/Pasaporte de los tutores del alumno\/a.<\/li>\n<li>Certificado para el Traslado si han estado matriculado en otro centro durante el curso anterior.<\/li>\n<\/ul>\n<p class=\"matriTextModal\">OTRA DOCUMENTACI\u00d3N: A entregar al tutor al inicio de curso.<\/p>\n<ul class=\"matriUl\">\n<li>Fotograf\u00edas: (con el nombre del alumno\/a en la parte posterior)<\/li>\n<li>E. Infantil: 4 fotograf\u00edas tama\u00f1o carnet + 1 fotograf\u00eda tama\u00f1o cartera.<\/li>\n<li>E. Primaria: 2 fotograf\u00edas tama\u00f1o carnet + 1 fotograf\u00eda tama\u00f1o cartera.<\/li>\n<\/ul>\n<\/div>\n<\/div>\n<\/div>\n","protected":false},"excerpt":{"rendered":"<p>Matriculaci\u00f3n La admisi\u00f3n en los centros p\u00fablicos y concertados est\u00e1 legislada por la\u00a0Comunidad de Madrid.. Mediante la matriculaci\u00f3n formalizamos en el centro la ocupaci\u00f3n de la plaza escolar que nos &#8230;<\/p>\n","protected":false},"author":14,"featured_media":894,"parent":0,"menu_order":0,"comment_status":"closed","ping_status":"closed","template":"template-fullwidth.php","meta":{"footnotes":""},"folder":[],"class_list":["post-1440","page","type-page","status-publish","has-post-thumbnail","hentry"],"rttpg_featured_image_url":{"full":["https:\/\/site.educa.madrid.org\/cp.antoniofontan.madrid\/\/wp-content\/uploads\/cp.antoniofontan.madrid\/2026\/02\/image.jpg",2300,320,false],"landscape":["https:\/\/site.educa.madrid.org\/cp.antoniofontan.madrid\/\/wp-content\/uploads\/cp.antoniofontan.madrid\/2026\/02\/image.jpg",2300,320,false],"portraits":["https:\/\/site.educa.madrid.org\/cp.antoniofontan.madrid\/\/wp-content\/uploads\/cp.antoniofontan.madrid\/2026\/02\/image.jpg",2300,320,false],"thumbnail":["https:\/\/site.educa.madrid.org\/cp.antoniofontan.madrid\/\/wp-content\/uploads\/cp.antoniofontan.madrid\/2026\/02\/image-150x150.jpg",150,150,true],"medium":["https:\/\/site.educa.madrid.org\/cp.antoniofontan.madrid\/\/wp-content\/uploads\/cp.antoniofontan.madrid\/2026\/02\/image-300x42.jpg",300,42,true],"large":["https:\/\/site.educa.madrid.org\/cp.antoniofontan.madrid\/\/wp-content\/uploads\/cp.antoniofontan.madrid\/2026\/02\/image-1024x142.jpg",800,111,true],"thumblist":["https:\/\/site.educa.madrid.org\/cp.antoniofontan.madrid\/\/wp-content\/uploads\/cp.antoniofontan.madrid\/2026\/02\/image-300x300.jpg",300,300,true],"thumbrelated":["https:\/\/site.educa.madrid.org\/cp.antoniofontan.madrid\/\/wp-content\/uploads\/cp.antoniofontan.madrid\/2026\/02\/image-500x320.jpg",500,320,true],"meccarouselthumb":["https:\/\/site.educa.madrid.org\/cp.antoniofontan.madrid\/\/wp-content\/uploads\/cp.antoniofontan.madrid\/2026\/02\/image-474x320.jpg",474,320,true],"gridsquare":["https:\/\/site.educa.madrid.org\/cp.antoniofontan.madrid\/\/wp-content\/uploads\/cp.antoniofontan.madrid\/2026\/02\/image-391x260.jpg",391,260,true],"tileview":["https:\/\/site.educa.madrid.org\/cp.antoniofontan.madrid\/\/wp-content\/uploads\/cp.antoniofontan.madrid\/2026\/02\/image-300x320.jpg",300,320,true],"1536x1536":["https:\/\/site.educa.madrid.org\/cp.antoniofontan.madrid\/\/wp-content\/uploads\/cp.antoniofontan.madrid\/2026\/02\/image-1536x214.jpg",1536,214,true],"2048x2048":["https:\/\/site.educa.madrid.org\/cp.antoniofontan.madrid\/\/wp-content\/uploads\/cp.antoniofontan.madrid\/2026\/02\/image-2048x285.jpg",2048,285,true],"onepress-blog-small":["https:\/\/site.educa.madrid.org\/cp.antoniofontan.madrid\/\/wp-content\/uploads\/cp.antoniofontan.madrid\/2026\/02\/image-300x150.jpg",300,150,true],"onepress-small":["https:\/\/site.educa.madrid.org\/cp.antoniofontan.madrid\/\/wp-content\/uploads\/cp.antoniofontan.madrid\/2026\/02\/image-480x300.jpg",480,300,true],"onepress-medium":["https:\/\/site.educa.madrid.org\/cp.antoniofontan.madrid\/\/wp-content\/uploads\/cp.antoniofontan.madrid\/2026\/02\/image-640x320.jpg",640,320,true],"sow-carousel-default":["https:\/\/site.educa.madrid.org\/cp.antoniofontan.madrid\/\/wp-content\/uploads\/cp.antoniofontan.madrid\/2026\/02\/image-272x182.jpg",272,182,true],"sow-post-carousel-overlay-theme":["https:\/\/site.educa.madrid.org\/cp.antoniofontan.madrid\/\/wp-content\/uploads\/cp.antoniofontan.madrid\/2026\/02\/image-360x320.jpg",360,320,true],"sow-post-carousel-cards-theme":["https:\/\/site.educa.madrid.org\/cp.antoniofontan.madrid\/\/wp-content\/uploads\/cp.antoniofontan.madrid\/2026\/02\/image-360x240.jpg",360,240,true],"rt_custom":["https:\/\/site.educa.madrid.org\/cp.antoniofontan.madrid\/\/wp-content\/uploads\/cp.antoniofontan.madrid\/2026\/02\/image.jpg",2300,320,false]},"rttpg_author":{"display_name":"Cuenta Compdigedu cp antoniofontan madrid","author_link":"https:\/\/site.educa.madrid.org\/cp.antoniofontan.madrid\/index.php\/author\/cuenta_compdigedu-cp-antoniofontan-madrid\/"},"rttpg_comment":0,"rttpg_category":false,"rttpg_excerpt":"Matriculaci\u00f3n La admisi\u00f3n en los centros p\u00fablicos y concertados est\u00e1 legislada por la\u00a0Comunidad de Madrid.. Mediante la matriculaci\u00f3n formalizamos en el centro la ocupaci\u00f3n de la plaza escolar que nos ...","post_mailing_queue_ids":[],"_links":{"self":[{"href":"https:\/\/site.educa.madrid.org\/cp.antoniofontan.madrid\/index.php\/wp-json\/wp\/v2\/pages\/1440","targetHints":{"allow":["GET"]}}],"collection":[{"href":"https:\/\/site.educa.madrid.org\/cp.antoniofontan.madrid\/index.php\/wp-json\/wp\/v2\/pages"}],"about":[{"href":"https:\/\/site.educa.madrid.org\/cp.antoniofontan.madrid\/index.php\/wp-json\/wp\/v2\/types\/page"}],"author":[{"embeddable":true,"href":"https:\/\/site.educa.madrid.org\/cp.antoniofontan.madrid\/index.php\/wp-json\/wp\/v2\/users\/14"}],"replies":[{"embeddable":true,"href":"https:\/\/site.educa.madrid.org\/cp.antoniofontan.madrid\/index.php\/wp-json\/wp\/v2\/comments?post=1440"}],"version-history":[{"count":37,"href":"https:\/\/site.educa.madrid.org\/cp.antoniofontan.madrid\/index.php\/wp-json\/wp\/v2\/pages\/1440\/revisions"}],"predecessor-version":[{"id":1492,"href":"https:\/\/site.educa.madrid.org\/cp.antoniofontan.madrid\/index.php\/wp-json\/wp\/v2\/pages\/1440\/revisions\/1492"}],"wp:featuredmedia":[{"embeddable":true,"href":"https:\/\/site.educa.madrid.org\/cp.antoniofontan.madrid\/index.php\/wp-json\/wp\/v2\/media\/894"}],"wp:attachment":[{"href":"https:\/\/site.educa.madrid.org\/cp.antoniofontan.madrid\/index.php\/wp-json\/wp\/v2\/media?parent=1440"}],"wp:term":[{"taxonomy":"folder","embeddable":true,"href":"https:\/\/site.educa.madrid.org\/cp.antoniofontan.madrid\/index.php\/wp-json\/wp\/v2\/folder?post=1440"}],"curies":[{"name":"wp","href":"https:\/\/api.w.org\/{rel}","templated":true}]}}