{"id":1661,"date":"2026-03-08T16:31:16","date_gmt":"2026-03-08T15:31:16","guid":{"rendered":"https:\/\/site.educa.madrid.org\/cp.antoniofontan.madrid\/?page_id=1661"},"modified":"2026-03-08T17:12:03","modified_gmt":"2026-03-08T16:12:03","slug":"metodologia","status":"publish","type":"page","link":"https:\/\/site.educa.madrid.org\/cp.antoniofontan.madrid\/index.php\/metodologia\/","title":{"rendered":"Metodolog\u00eda"},"content":{"rendered":"\n<div style=\"margin-top: -90px;\">\n    \n<\/div>\n\n\n\n<div style=\"height:50px\" aria-hidden=\"true\" class=\"wp-block-spacer\"><\/div>\n\n\n\n<h2 class=\"wp-block-heading has-text-align-center has-text-color has-link-color wp-elements-31f491d569a48463523426bac8e3459d\" style=\"color:#385d9b\"><strong>Aprender haciendo<\/strong><\/h2>\n\n\n\n<div style=\"height:50px\" aria-hidden=\"true\" class=\"wp-block-spacer\"><\/div>\n\n\n<div class=\"paragraph is-rich-chat-ui normal ng-star-inserted\" data-start-index=\"343\"><span class=\"ng-star-inserted\" data-start-index=\"343\">Nuestra pr\u00e1ctica docente se rige por una <\/span><b class=\"ng-star-inserted\" data-start-index=\"384\">metodolog\u00eda activa, participativa y globalizada<\/b><span class=\"ng-star-inserted\" data-start-index=\"431\"> que sit\u00faa al alumno en el centro de su propio aprendizaje<\/span><span class=\"ng-star-inserted\" data-start-index=\"489\">.<\/span><\/div>\n<div data-start-index=\"343\">\u00a0<\/div>\n<div class=\"paragraph is-rich-chat-ui normal ng-star-inserted\" data-start-index=\"343\"><span class=\"ng-star-inserted\" data-start-index=\"489\"> Entendemos que en la etapa de Infantil, el aprendizaje debe nacer de la <\/span><b class=\"ng-star-inserted\" data-start-index=\"563\">experimentaci\u00f3n y el juego<\/b><span class=\"ng-star-inserted\" data-start-index=\"589\">, permitiendo que los ni\u00f1os y ni\u00f1as construyan conocimientos significativos a trav\u00e9s de los sentidos<\/span><span class=\"ng-star-inserted\" data-start-index=\"689\">.<\/span><\/div>\n<ul class=\"ng-star-inserted\">\n<li class=\"paragraph list-item is-rich-chat-ui normal ng-star-inserted\" data-start-index=\"690\"><b class=\"ng-star-inserted\" data-start-index=\"690\">Trabajo por Rincones:<\/b><span class=\"ng-star-inserted\" data-start-index=\"711\"> Organizamos el aula en espacios delimitados (pl\u00e1stica, biblioteca, l\u00f3gica-matem\u00e1tica, tecnolog\u00eda y proyectos) donde el alumnado desarrolla su <\/span><b class=\"ng-star-inserted\" data-start-index=\"854\">autonom\u00eda<\/b><span class=\"ng-star-inserted\" data-start-index=\"863\"> y decide sus propios desaf\u00edos<\/span><span class=\"ng-star-inserted\" data-start-index=\"893\">.<\/span><\/li>\n<li class=\"paragraph list-item is-rich-chat-ui normal ng-star-inserted\" data-start-index=\"894\"><b class=\"ng-star-inserted\" data-start-index=\"894\">Aprendizaje Basado en Proyectos (ABP):<\/b><span class=\"ng-star-inserted\" data-start-index=\"932\"> Partimos de los intereses e ideas previas de los alumnos para investigar temas de su entorno<\/span><span class=\"ng-star-inserted\" data-start-index=\"1025\">.<\/span><span class=\"ng-star-inserted\" data-start-index=\"1025\">En este proceso, el <\/span><b class=\"ng-star-inserted\" data-start-index=\"1047\">error se valora positivamente<\/b><span class=\"ng-star-inserted\" data-start-index=\"1076\"> como un paso necesario para el aprendizaje<\/span><span class=\"ng-star-inserted\" data-start-index=\"1119\">.<\/span><\/li>\n<li class=\"paragraph list-item is-rich-chat-ui normal ng-star-inserted\" data-start-index=\"1120\"><b class=\"ng-star-inserted\" data-start-index=\"1120\">H\u00e1bitos y Rutinas:<\/b><span class=\"ng-star-inserted\" data-start-index=\"1138\"> Utilizamos el documento <\/span><b class=\"ng-star-inserted\" data-start-index=\"1163\">\u00abLo + b\u00e1sico\u00bb<\/b><span class=\"ng-star-inserted\" data-start-index=\"1176\"> para asegurar que todos los grupos sigan rutinas diarias que aporten seguridad y orden al ni\u00f1o<\/span><span class=\"ng-star-inserted\" data-start-index=\"1271\">.<\/span><\/li>\n<\/ul>\n\n\n<div style=\"height:50px\" aria-hidden=\"true\" class=\"wp-block-spacer\"><\/div>\n\n\n<div class=\"wp-block-image\">\n<figure class=\"aligncenter size-full\"><img loading=\"lazy\" decoding=\"async\" width=\"1536\" height=\"2752\" src=\"https:\/\/site.educa.madrid.org\/cp.antoniofontan.madrid\/\/wp-content\/uploads\/cp.antoniofontan.madrid\/2026\/03\/metodologia-ei.png\" alt=\"\" class=\"wp-image-1667\" srcset=\"https:\/\/site.educa.madrid.org\/cp.antoniofontan.madrid\/\/wp-content\/uploads\/cp.antoniofontan.madrid\/2026\/03\/metodologia-ei.png 1536w, https:\/\/site.educa.madrid.org\/cp.antoniofontan.madrid\/\/wp-content\/uploads\/cp.antoniofontan.madrid\/2026\/03\/metodologia-ei-167x300.png 167w, https:\/\/site.educa.madrid.org\/cp.antoniofontan.madrid\/\/wp-content\/uploads\/cp.antoniofontan.madrid\/2026\/03\/metodologia-ei-572x1024.png 572w, https:\/\/site.educa.madrid.org\/cp.antoniofontan.madrid\/\/wp-content\/uploads\/cp.antoniofontan.madrid\/2026\/03\/metodologia-ei-768x1376.png 768w, https:\/\/site.educa.madrid.org\/cp.antoniofontan.madrid\/\/wp-content\/uploads\/cp.antoniofontan.madrid\/2026\/03\/metodologia-ei-857x1536.png 857w, https:\/\/site.educa.madrid.org\/cp.antoniofontan.madrid\/\/wp-content\/uploads\/cp.antoniofontan.madrid\/2026\/03\/metodologia-ei-1143x2048.png 1143w\" sizes=\"auto, (max-width: 1536px) 100vw, 1536px\" \/><\/figure>\n<\/div>\n\n\n<p><\/p>\n","protected":false},"excerpt":{"rendered":"<p>Aprender haciendo Nuestra pr\u00e1ctica docente se rige por una metodolog\u00eda activa, participativa y globalizada que sit\u00faa al alumno en el centro de su propio aprendizaje. \u00a0 Entendemos que en la &#8230;<\/p>\n","protected":false},"author":14,"featured_media":894,"parent":0,"menu_order":0,"comment_status":"closed","ping_status":"closed","template":"template-fullwidth.php","meta":{"footnotes":""},"folder":[],"class_list":["post-1661","page","type-page","status-publish","has-post-thumbnail","hentry"],"rttpg_featured_image_url":{"full":["https:\/\/site.educa.madrid.org\/cp.antoniofontan.madrid\/\/wp-content\/uploads\/cp.antoniofontan.madrid\/2026\/02\/image.jpg",2300,320,false],"landscape":["https:\/\/site.educa.madrid.org\/cp.antoniofontan.madrid\/\/wp-content\/uploads\/cp.antoniofontan.madrid\/2026\/02\/image.jpg",2300,320,false],"portraits":["https:\/\/site.educa.madrid.org\/cp.antoniofontan.madrid\/\/wp-content\/uploads\/cp.antoniofontan.madrid\/2026\/02\/image.jpg",2300,320,false],"thumbnail":["https:\/\/site.educa.madrid.org\/cp.antoniofontan.madrid\/\/wp-content\/uploads\/cp.antoniofontan.madrid\/2026\/02\/image-150x150.jpg",150,150,true],"medium":["https:\/\/site.educa.madrid.org\/cp.antoniofontan.madrid\/\/wp-content\/uploads\/cp.antoniofontan.madrid\/2026\/02\/image-300x42.jpg",300,42,true],"large":["https:\/\/site.educa.madrid.org\/cp.antoniofontan.madrid\/\/wp-content\/uploads\/cp.antoniofontan.madrid\/2026\/02\/image-1024x142.jpg",800,111,true],"thumblist":["https:\/\/site.educa.madrid.org\/cp.antoniofontan.madrid\/\/wp-content\/uploads\/cp.antoniofontan.madrid\/2026\/02\/image-300x300.jpg",300,300,true],"thumbrelated":["https:\/\/site.educa.madrid.org\/cp.antoniofontan.madrid\/\/wp-content\/uploads\/cp.antoniofontan.madrid\/2026\/02\/image-500x320.jpg",500,320,true],"meccarouselthumb":["https:\/\/site.educa.madrid.org\/cp.antoniofontan.madrid\/\/wp-content\/uploads\/cp.antoniofontan.madrid\/2026\/02\/image-474x320.jpg",474,320,true],"gridsquare":["https:\/\/site.educa.madrid.org\/cp.antoniofontan.madrid\/\/wp-content\/uploads\/cp.antoniofontan.madrid\/2026\/02\/image-391x260.jpg",391,260,true],"tileview":["https:\/\/site.educa.madrid.org\/cp.antoniofontan.madrid\/\/wp-content\/uploads\/cp.antoniofontan.madrid\/2026\/02\/image-300x320.jpg",300,320,true],"1536x1536":["https:\/\/site.educa.madrid.org\/cp.antoniofontan.madrid\/\/wp-content\/uploads\/cp.antoniofontan.madrid\/2026\/02\/image-1536x214.jpg",1536,214,true],"2048x2048":["https:\/\/site.educa.madrid.org\/cp.antoniofontan.madrid\/\/wp-content\/uploads\/cp.antoniofontan.madrid\/2026\/02\/image-2048x285.jpg",2048,285,true],"onepress-blog-small":["https:\/\/site.educa.madrid.org\/cp.antoniofontan.madrid\/\/wp-content\/uploads\/cp.antoniofontan.madrid\/2026\/02\/image-300x150.jpg",300,150,true],"onepress-small":["https:\/\/site.educa.madrid.org\/cp.antoniofontan.madrid\/\/wp-content\/uploads\/cp.antoniofontan.madrid\/2026\/02\/image-480x300.jpg",480,300,true],"onepress-medium":["https:\/\/site.educa.madrid.org\/cp.antoniofontan.madrid\/\/wp-content\/uploads\/cp.antoniofontan.madrid\/2026\/02\/image-640x320.jpg",640,320,true],"sow-carousel-default":["https:\/\/site.educa.madrid.org\/cp.antoniofontan.madrid\/\/wp-content\/uploads\/cp.antoniofontan.madrid\/2026\/02\/image-272x182.jpg",272,182,true],"sow-post-carousel-overlay-theme":["https:\/\/site.educa.madrid.org\/cp.antoniofontan.madrid\/\/wp-content\/uploads\/cp.antoniofontan.madrid\/2026\/02\/image-360x320.jpg",360,320,true],"sow-post-carousel-cards-theme":["https:\/\/site.educa.madrid.org\/cp.antoniofontan.madrid\/\/wp-content\/uploads\/cp.antoniofontan.madrid\/2026\/02\/image-360x240.jpg",360,240,true],"rt_custom":["https:\/\/site.educa.madrid.org\/cp.antoniofontan.madrid\/\/wp-content\/uploads\/cp.antoniofontan.madrid\/2026\/02\/image.jpg",2300,320,false]},"rttpg_author":{"display_name":"Cuenta Compdigedu cp antoniofontan madrid","author_link":"https:\/\/site.educa.madrid.org\/cp.antoniofontan.madrid\/index.php\/author\/cuenta_compdigedu-cp-antoniofontan-madrid\/"},"rttpg_comment":0,"rttpg_category":false,"rttpg_excerpt":"Aprender haciendo Nuestra pr\u00e1ctica docente se rige por una metodolog\u00eda activa, participativa y globalizada que sit\u00faa al alumno en el centro de su propio aprendizaje. \u00a0 Entendemos que en la ...","post_mailing_queue_ids":[],"_links":{"self":[{"href":"https:\/\/site.educa.madrid.org\/cp.antoniofontan.madrid\/index.php\/wp-json\/wp\/v2\/pages\/1661","targetHints":{"allow":["GET"]}}],"collection":[{"href":"https:\/\/site.educa.madrid.org\/cp.antoniofontan.madrid\/index.php\/wp-json\/wp\/v2\/pages"}],"about":[{"href":"https:\/\/site.educa.madrid.org\/cp.antoniofontan.madrid\/index.php\/wp-json\/wp\/v2\/types\/page"}],"author":[{"embeddable":true,"href":"https:\/\/site.educa.madrid.org\/cp.antoniofontan.madrid\/index.php\/wp-json\/wp\/v2\/users\/14"}],"replies":[{"embeddable":true,"href":"https:\/\/site.educa.madrid.org\/cp.antoniofontan.madrid\/index.php\/wp-json\/wp\/v2\/comments?post=1661"}],"version-history":[{"count":3,"href":"https:\/\/site.educa.madrid.org\/cp.antoniofontan.madrid\/index.php\/wp-json\/wp\/v2\/pages\/1661\/revisions"}],"predecessor-version":[{"id":1700,"href":"https:\/\/site.educa.madrid.org\/cp.antoniofontan.madrid\/index.php\/wp-json\/wp\/v2\/pages\/1661\/revisions\/1700"}],"wp:featuredmedia":[{"embeddable":true,"href":"https:\/\/site.educa.madrid.org\/cp.antoniofontan.madrid\/index.php\/wp-json\/wp\/v2\/media\/894"}],"wp:attachment":[{"href":"https:\/\/site.educa.madrid.org\/cp.antoniofontan.madrid\/index.php\/wp-json\/wp\/v2\/media?parent=1661"}],"wp:term":[{"taxonomy":"folder","embeddable":true,"href":"https:\/\/site.educa.madrid.org\/cp.antoniofontan.madrid\/index.php\/wp-json\/wp\/v2\/folder?post=1661"}],"curies":[{"name":"wp","href":"https:\/\/api.w.org\/{rel}","templated":true}]}}