{"id":1671,"date":"2026-03-08T16:54:36","date_gmt":"2026-03-08T15:54:36","guid":{"rendered":"https:\/\/site.educa.madrid.org\/cp.antoniofontan.madrid\/?page_id=1671"},"modified":"2026-03-08T16:57:06","modified_gmt":"2026-03-08T15:57:06","slug":"proyectos-de-innovacion","status":"publish","type":"page","link":"https:\/\/site.educa.madrid.org\/cp.antoniofontan.madrid\/index.php\/proyectos-de-innovacion\/","title":{"rendered":"Proyectos de Innovaci\u00f3n"},"content":{"rendered":"\n<div style=\"margin-top: -90px;\">\n    \n<\/div>\n\n\n\n<div style=\"height:50px\" aria-hidden=\"true\" class=\"wp-block-spacer\"><\/div>\n\n\n\n<h2 class=\"wp-block-heading has-text-align-center has-text-color has-link-color wp-elements-9885aa8910a841bef2e41d1627d60537\" style=\"color:#385d9b\"><strong><strong>Proyectos de Innovaci\u00f3n<\/strong><\/strong><\/h2>\n\n\n\n<div style=\"height:50px\" aria-hidden=\"true\" class=\"wp-block-spacer\"><\/div>\n\n\n<div class=\"paragraph is-rich-chat-ui normal ng-star-inserted\" data-start-index=\"343\">\n<div class=\"paragraph is-rich-chat-ui normal ng-star-inserted\" data-start-index=\"1380\"><span class=\"ng-star-inserted\" data-start-index=\"1380\">En el Antonio Font\u00e1n, la innovaci\u00f3n no es un complemento, sino una se\u00f1a de identidad que enriquece el curr\u00edculo oficial desde los 3 a\u00f1os.<\/span><\/div>\n<ul class=\"ng-star-inserted\">\n<li class=\"paragraph list-item is-rich-chat-ui normal ng-star-inserted\" data-start-index=\"1517\"><b class=\"ng-star-inserted\" data-start-index=\"1517\">Aula Sensorial:<\/b><span class=\"ng-star-inserted\" data-start-index=\"1532\"> Disponemos de una comisi\u00f3n espec\u00edfica que dise\u00f1a actividades en un espacio de vanguardia dedicado a la <\/span><b class=\"ng-star-inserted\" data-start-index=\"1636\">estimulaci\u00f3n multisensorial<\/b><span class=\"ng-star-inserted\" data-start-index=\"1663\"> de todo el alumnado<\/span><span class=\"ng-star-inserted\" data-start-index=\"1683\">.<\/span><\/li>\n<li class=\"paragraph list-item is-rich-chat-ui normal ng-star-inserted\" data-start-index=\"1684\"><b class=\"ng-star-inserted\" data-start-index=\"1684\">Huerto Escolar:<\/b><span class=\"ng-star-inserted\" data-start-index=\"1699\"> El nivel de <\/span><b class=\"ng-star-inserted\" data-start-index=\"1712\">4 a\u00f1os<\/b><span class=\"ng-star-inserted\" data-start-index=\"1718\"> es el responsable directo de nuestro peque\u00f1o huerto, donde se realizan desdobles para trabajar el contacto directo con la naturaleza y el reciclaje<\/span><span class=\"ng-star-inserted\" data-start-index=\"1866\">.<\/span><\/li>\n<li class=\"paragraph list-item is-rich-chat-ui normal ng-star-inserted\" data-start-index=\"1867\"><b class=\"ng-star-inserted\" data-start-index=\"1867\">Plan Digital y Rob\u00f3tica:<\/b><span class=\"ng-star-inserted\" data-start-index=\"1891\"> Introducimos el pensamiento computacional de forma l\u00fadica con materiales como el <\/span><b class=\"ng-star-inserted\" data-start-index=\"1973\">Lego Steam Park<\/b><span class=\"ng-star-inserted\" data-start-index=\"1988\">, robots Tale-Bot y el uso de <\/span><b class=\"ng-star-inserted\" data-start-index=\"2018\">tabletas Samsung<\/b><span class=\"ng-star-inserted\" data-start-index=\"2034\"> en el nivel de 5 a\u00f1os<\/span><span class=\"ng-star-inserted\" data-start-index=\"2056\">.<\/span><\/li>\n<li class=\"paragraph list-item is-rich-chat-ui normal ng-star-inserted\" data-start-index=\"2057\"><b class=\"ng-star-inserted\" data-start-index=\"2057\">Plan de Fomento de la Lectura:<\/b><span class=\"ng-star-inserted\" data-start-index=\"2087\"> Contamos con la biblioteca escolar y el programa de <\/span><b class=\"ng-star-inserted\" data-start-index=\"2140\">Padrinos Lectores<\/b><span class=\"ng-star-inserted\" data-start-index=\"2157\">, donde alumnos de Primaria comparten cuentos con los m\u00e1s peque\u00f1os para fomentar el gusto por los libros<\/span><span class=\"ng-star-inserted\" data-start-index=\"2261\">.<\/span><\/li>\n<\/ul>\n<\/div>\n\n\n<div style=\"height:50px\" aria-hidden=\"true\" class=\"wp-block-spacer\"><\/div>\n\n\n<div class=\"wp-block-image\">\n<figure class=\"aligncenter size-large\"><img loading=\"lazy\" decoding=\"async\" width=\"572\" height=\"1024\" src=\"https:\/\/site.educa.madrid.org\/cp.antoniofontan.madrid\/\/wp-content\/uploads\/cp.antoniofontan.madrid\/2026\/03\/proyectos-de-innovacion-572x1024.png\" alt=\"\" class=\"wp-image-1677\" srcset=\"https:\/\/site.educa.madrid.org\/cp.antoniofontan.madrid\/\/wp-content\/uploads\/cp.antoniofontan.madrid\/2026\/03\/proyectos-de-innovacion-572x1024.png 572w, https:\/\/site.educa.madrid.org\/cp.antoniofontan.madrid\/\/wp-content\/uploads\/cp.antoniofontan.madrid\/2026\/03\/proyectos-de-innovacion-167x300.png 167w, https:\/\/site.educa.madrid.org\/cp.antoniofontan.madrid\/\/wp-content\/uploads\/cp.antoniofontan.madrid\/2026\/03\/proyectos-de-innovacion-768x1376.png 768w, https:\/\/site.educa.madrid.org\/cp.antoniofontan.madrid\/\/wp-content\/uploads\/cp.antoniofontan.madrid\/2026\/03\/proyectos-de-innovacion-857x1536.png 857w, https:\/\/site.educa.madrid.org\/cp.antoniofontan.madrid\/\/wp-content\/uploads\/cp.antoniofontan.madrid\/2026\/03\/proyectos-de-innovacion-1143x2048.png 1143w, https:\/\/site.educa.madrid.org\/cp.antoniofontan.madrid\/\/wp-content\/uploads\/cp.antoniofontan.madrid\/2026\/03\/proyectos-de-innovacion.png 1536w\" sizes=\"auto, (max-width: 572px) 100vw, 572px\" \/><\/figure>\n<\/div>\n\n\n<p><\/p>\n","protected":false},"excerpt":{"rendered":"<p>Proyectos de Innovaci\u00f3n En el Antonio Font\u00e1n, la innovaci\u00f3n no es un complemento, sino una se\u00f1a de identidad que enriquece el curr\u00edculo oficial desde los 3 a\u00f1os. Aula Sensorial: Disponemos &#8230;<\/p>\n","protected":false},"author":14,"featured_media":894,"parent":0,"menu_order":0,"comment_status":"closed","ping_status":"closed","template":"template-fullwidth.php","meta":{"footnotes":""},"folder":[],"class_list":["post-1671","page","type-page","status-publish","has-post-thumbnail","hentry"],"rttpg_featured_image_url":{"full":["https:\/\/site.educa.madrid.org\/cp.antoniofontan.madrid\/\/wp-content\/uploads\/cp.antoniofontan.madrid\/2026\/02\/image.jpg",2300,320,false],"landscape":["https:\/\/site.educa.madrid.org\/cp.antoniofontan.madrid\/\/wp-content\/uploads\/cp.antoniofontan.madrid\/2026\/02\/image.jpg",2300,320,false],"portraits":["https:\/\/site.educa.madrid.org\/cp.antoniofontan.madrid\/\/wp-content\/uploads\/cp.antoniofontan.madrid\/2026\/02\/image.jpg",2300,320,false],"thumbnail":["https:\/\/site.educa.madrid.org\/cp.antoniofontan.madrid\/\/wp-content\/uploads\/cp.antoniofontan.madrid\/2026\/02\/image-150x150.jpg",150,150,true],"medium":["https:\/\/site.educa.madrid.org\/cp.antoniofontan.madrid\/\/wp-content\/uploads\/cp.antoniofontan.madrid\/2026\/02\/image-300x42.jpg",300,42,true],"large":["https:\/\/site.educa.madrid.org\/cp.antoniofontan.madrid\/\/wp-content\/uploads\/cp.antoniofontan.madrid\/2026\/02\/image-1024x142.jpg",800,111,true],"thumblist":["https:\/\/site.educa.madrid.org\/cp.antoniofontan.madrid\/\/wp-content\/uploads\/cp.antoniofontan.madrid\/2026\/02\/image-300x300.jpg",300,300,true],"thumbrelated":["https:\/\/site.educa.madrid.org\/cp.antoniofontan.madrid\/\/wp-content\/uploads\/cp.antoniofontan.madrid\/2026\/02\/image-500x320.jpg",500,320,true],"meccarouselthumb":["https:\/\/site.educa.madrid.org\/cp.antoniofontan.madrid\/\/wp-content\/uploads\/cp.antoniofontan.madrid\/2026\/02\/image-474x320.jpg",474,320,true],"gridsquare":["https:\/\/site.educa.madrid.org\/cp.antoniofontan.madrid\/\/wp-content\/uploads\/cp.antoniofontan.madrid\/2026\/02\/image-391x260.jpg",391,260,true],"tileview":["https:\/\/site.educa.madrid.org\/cp.antoniofontan.madrid\/\/wp-content\/uploads\/cp.antoniofontan.madrid\/2026\/02\/image-300x320.jpg",300,320,true],"1536x1536":["https:\/\/site.educa.madrid.org\/cp.antoniofontan.madrid\/\/wp-content\/uploads\/cp.antoniofontan.madrid\/2026\/02\/image-1536x214.jpg",1536,214,true],"2048x2048":["https:\/\/site.educa.madrid.org\/cp.antoniofontan.madrid\/\/wp-content\/uploads\/cp.antoniofontan.madrid\/2026\/02\/image-2048x285.jpg",2048,285,true],"onepress-blog-small":["https:\/\/site.educa.madrid.org\/cp.antoniofontan.madrid\/\/wp-content\/uploads\/cp.antoniofontan.madrid\/2026\/02\/image-300x150.jpg",300,150,true],"onepress-small":["https:\/\/site.educa.madrid.org\/cp.antoniofontan.madrid\/\/wp-content\/uploads\/cp.antoniofontan.madrid\/2026\/02\/image-480x300.jpg",480,300,true],"onepress-medium":["https:\/\/site.educa.madrid.org\/cp.antoniofontan.madrid\/\/wp-content\/uploads\/cp.antoniofontan.madrid\/2026\/02\/image-640x320.jpg",640,320,true],"sow-carousel-default":["https:\/\/site.educa.madrid.org\/cp.antoniofontan.madrid\/\/wp-content\/uploads\/cp.antoniofontan.madrid\/2026\/02\/image-272x182.jpg",272,182,true],"sow-post-carousel-overlay-theme":["https:\/\/site.educa.madrid.org\/cp.antoniofontan.madrid\/\/wp-content\/uploads\/cp.antoniofontan.madrid\/2026\/02\/image-360x320.jpg",360,320,true],"sow-post-carousel-cards-theme":["https:\/\/site.educa.madrid.org\/cp.antoniofontan.madrid\/\/wp-content\/uploads\/cp.antoniofontan.madrid\/2026\/02\/image-360x240.jpg",360,240,true],"rt_custom":["https:\/\/site.educa.madrid.org\/cp.antoniofontan.madrid\/\/wp-content\/uploads\/cp.antoniofontan.madrid\/2026\/02\/image.jpg",2300,320,false]},"rttpg_author":{"display_name":"Cuenta Compdigedu cp antoniofontan madrid","author_link":"https:\/\/site.educa.madrid.org\/cp.antoniofontan.madrid\/index.php\/author\/cuenta_compdigedu-cp-antoniofontan-madrid\/"},"rttpg_comment":0,"rttpg_category":false,"rttpg_excerpt":"Proyectos de Innovaci\u00f3n En el Antonio Font\u00e1n, la innovaci\u00f3n no es un complemento, sino una se\u00f1a de identidad que enriquece el curr\u00edculo oficial desde los 3 a\u00f1os. Aula Sensorial: Disponemos ...","post_mailing_queue_ids":[],"_links":{"self":[{"href":"https:\/\/site.educa.madrid.org\/cp.antoniofontan.madrid\/index.php\/wp-json\/wp\/v2\/pages\/1671","targetHints":{"allow":["GET"]}}],"collection":[{"href":"https:\/\/site.educa.madrid.org\/cp.antoniofontan.madrid\/index.php\/wp-json\/wp\/v2\/pages"}],"about":[{"href":"https:\/\/site.educa.madrid.org\/cp.antoniofontan.madrid\/index.php\/wp-json\/wp\/v2\/types\/page"}],"author":[{"embeddable":true,"href":"https:\/\/site.educa.madrid.org\/cp.antoniofontan.madrid\/index.php\/wp-json\/wp\/v2\/users\/14"}],"replies":[{"embeddable":true,"href":"https:\/\/site.educa.madrid.org\/cp.antoniofontan.madrid\/index.php\/wp-json\/wp\/v2\/comments?post=1671"}],"version-history":[{"count":2,"href":"https:\/\/site.educa.madrid.org\/cp.antoniofontan.madrid\/index.php\/wp-json\/wp\/v2\/pages\/1671\/revisions"}],"predecessor-version":[{"id":1678,"href":"https:\/\/site.educa.madrid.org\/cp.antoniofontan.madrid\/index.php\/wp-json\/wp\/v2\/pages\/1671\/revisions\/1678"}],"wp:featuredmedia":[{"embeddable":true,"href":"https:\/\/site.educa.madrid.org\/cp.antoniofontan.madrid\/index.php\/wp-json\/wp\/v2\/media\/894"}],"wp:attachment":[{"href":"https:\/\/site.educa.madrid.org\/cp.antoniofontan.madrid\/index.php\/wp-json\/wp\/v2\/media?parent=1671"}],"wp:term":[{"taxonomy":"folder","embeddable":true,"href":"https:\/\/site.educa.madrid.org\/cp.antoniofontan.madrid\/index.php\/wp-json\/wp\/v2\/folder?post=1671"}],"curies":[{"name":"wp","href":"https:\/\/api.w.org\/{rel}","templated":true}]}}