{"id":1685,"date":"2026-03-08T17:05:33","date_gmt":"2026-03-08T16:05:33","guid":{"rendered":"https:\/\/site.educa.madrid.org\/cp.antoniofontan.madrid\/?page_id=1685"},"modified":"2026-03-08T17:13:30","modified_gmt":"2026-03-08T16:13:30","slug":"proyectos-de-innovacion-2-2","status":"publish","type":"page","link":"https:\/\/site.educa.madrid.org\/cp.antoniofontan.madrid\/index.php\/proyectos-de-innovacion-2-2\/","title":{"rendered":"Adaptacion y transito"},"content":{"rendered":"\n<div style=\"margin-top: -90px;\">\n    \n<\/div>\n\n\n\n<div style=\"height:50px\" aria-hidden=\"true\" class=\"wp-block-spacer\"><\/div>\n\n\n\n<h2 class=\"wp-block-heading has-text-align-center has-text-color has-link-color wp-elements-0bdcc593f0470d6c51261c05935ed0a7\" style=\"color:#385d9b\"><strong><strong><strong><strong>Momentos Clave: Adaptaci\u00f3n y Tr\u00e1nsito<\/strong><\/strong><\/strong><\/strong><\/h2>\n\n\n\n<div style=\"height:50px\" aria-hidden=\"true\" class=\"wp-block-spacer\"><\/div>\n\n\n<div class=\"paragraph is-rich-chat-ui normal ng-star-inserted\" data-start-index=\"343\">\n<div class=\"paragraph is-rich-chat-ui normal ng-star-inserted\" data-start-index=\"1380\">\n<div class=\"paragraph is-rich-chat-ui normal ng-star-inserted\" data-start-index=\"2379\">\n<div class=\"paragraph is-rich-chat-ui normal ng-star-inserted\" data-start-index=\"3316\"><span class=\"ng-star-inserted\" data-start-index=\"3316\">Cuidamos con especial atenci\u00f3n los cambios de etapa para que sean procesos arm\u00f3nicos y seguros tanto para los ni\u00f1os como para sus familias<\/span><span class=\"ng-star-inserted\" data-start-index=\"3454\">.<\/span><\/div>\n<div data-start-index=\"3316\">\u00a0<\/div>\n<ul>\n<li><b class=\"ng-star-inserted\" data-start-index=\"3455\">Periodo de Adaptaci\u00f3n (3 a\u00f1os):<\/b><span class=\"ng-star-inserted\" data-start-index=\"3486\"> Al iniciar la escolaridad, organizamos una entrada escalonada con <\/span><b class=\"ng-star-inserted\" data-start-index=\"3553\">horarios flexibles<\/b><span class=\"ng-star-inserted\" data-start-index=\"3571\"> para facilitar la integraci\u00f3n<\/span><span class=\"ng-star-inserted\" data-start-index=\"3601\">. <\/span>Este proceso incluye una reuni\u00f3n informativa previa en junio y una <b class=\"ng-star-inserted\" style=\"font-size: revert;\" data-start-index=\"3670\">entrevista individual<\/b><span class=\"ng-star-inserted\" style=\"font-size: revert;\" data-start-index=\"3691\"> con el tutor en septiembre para conocer las particularidades de cada ni\u00f1o<\/span><span class=\"ng-star-inserted\" style=\"font-size: revert;\" data-start-index=\"3765\">.<\/span><\/li>\n<\/ul>\n<ul>\n<li><b class=\"ng-star-inserted\" data-start-index=\"3766\">Programa de Tr\u00e1nsito a Primaria (5 a\u00f1os):<\/b><span class=\"ng-star-inserted\" data-start-index=\"3807\"> Preparamos a nuestros alumnos de \u00faltimo nivel para el paso al \u00abm\u00f3dulo grande\u00bb mediante visitas a las aulas de 1\u00ba de Primaria y la realizaci\u00f3n de <\/span><b class=\"ng-star-inserted\" data-start-index=\"3953\">actividades conjuntas<\/b><span class=\"ng-star-inserted\" data-start-index=\"3974\"> con los alumnos mayores<\/span><span class=\"ng-star-inserted\" data-start-index=\"3998\">. <\/span>En junio, incluso se permite a los alumnos de 5 a\u00f1os utilizar el recreo de Primaria un d\u00eda a la semana para familiarizarse con las nuevas normas y espacios<span class=\"ng-star-inserted\" style=\"font-size: 0.875rem;\" data-start-index=\"4155\">.<\/span><\/li>\n<\/ul>\n<\/div>\n<\/div>\n<\/div>\n\n\n<div style=\"height:50px\" aria-hidden=\"true\" class=\"wp-block-spacer\"><\/div>\n\n\n<div class=\"wp-block-image\">\n<figure class=\"aligncenter size-full\"><img loading=\"lazy\" decoding=\"async\" width=\"1536\" height=\"2752\" src=\"https:\/\/site.educa.madrid.org\/cp.antoniofontan.madrid\/\/wp-content\/uploads\/cp.antoniofontan.madrid\/2026\/03\/adaptacion-y-transicion-1.png\" alt=\"\" class=\"wp-image-1687\" srcset=\"https:\/\/site.educa.madrid.org\/cp.antoniofontan.madrid\/\/wp-content\/uploads\/cp.antoniofontan.madrid\/2026\/03\/adaptacion-y-transicion-1.png 1536w, https:\/\/site.educa.madrid.org\/cp.antoniofontan.madrid\/\/wp-content\/uploads\/cp.antoniofontan.madrid\/2026\/03\/adaptacion-y-transicion-1-167x300.png 167w, https:\/\/site.educa.madrid.org\/cp.antoniofontan.madrid\/\/wp-content\/uploads\/cp.antoniofontan.madrid\/2026\/03\/adaptacion-y-transicion-1-572x1024.png 572w, https:\/\/site.educa.madrid.org\/cp.antoniofontan.madrid\/\/wp-content\/uploads\/cp.antoniofontan.madrid\/2026\/03\/adaptacion-y-transicion-1-768x1376.png 768w, https:\/\/site.educa.madrid.org\/cp.antoniofontan.madrid\/\/wp-content\/uploads\/cp.antoniofontan.madrid\/2026\/03\/adaptacion-y-transicion-1-857x1536.png 857w, https:\/\/site.educa.madrid.org\/cp.antoniofontan.madrid\/\/wp-content\/uploads\/cp.antoniofontan.madrid\/2026\/03\/adaptacion-y-transicion-1-1143x2048.png 1143w\" sizes=\"auto, (max-width: 1536px) 100vw, 1536px\" \/><\/figure>\n<\/div>\n\n\n<p><\/p>\n","protected":false},"excerpt":{"rendered":"<p>Momentos Clave: Adaptaci\u00f3n y Tr\u00e1nsito Cuidamos con especial atenci\u00f3n los cambios de etapa para que sean procesos arm\u00f3nicos y seguros tanto para los ni\u00f1os como para sus familias. \u00a0 Periodo &#8230;<\/p>\n","protected":false},"author":14,"featured_media":894,"parent":0,"menu_order":0,"comment_status":"closed","ping_status":"closed","template":"template-fullwidth.php","meta":{"footnotes":""},"folder":[],"class_list":["post-1685","page","type-page","status-publish","has-post-thumbnail","hentry"],"rttpg_featured_image_url":{"full":["https:\/\/site.educa.madrid.org\/cp.antoniofontan.madrid\/\/wp-content\/uploads\/cp.antoniofontan.madrid\/2026\/02\/image.jpg",2300,320,false],"landscape":["https:\/\/site.educa.madrid.org\/cp.antoniofontan.madrid\/\/wp-content\/uploads\/cp.antoniofontan.madrid\/2026\/02\/image.jpg",2300,320,false],"portraits":["https:\/\/site.educa.madrid.org\/cp.antoniofontan.madrid\/\/wp-content\/uploads\/cp.antoniofontan.madrid\/2026\/02\/image.jpg",2300,320,false],"thumbnail":["https:\/\/site.educa.madrid.org\/cp.antoniofontan.madrid\/\/wp-content\/uploads\/cp.antoniofontan.madrid\/2026\/02\/image-150x150.jpg",150,150,true],"medium":["https:\/\/site.educa.madrid.org\/cp.antoniofontan.madrid\/\/wp-content\/uploads\/cp.antoniofontan.madrid\/2026\/02\/image-300x42.jpg",300,42,true],"large":["https:\/\/site.educa.madrid.org\/cp.antoniofontan.madrid\/\/wp-content\/uploads\/cp.antoniofontan.madrid\/2026\/02\/image-1024x142.jpg",800,111,true],"thumblist":["https:\/\/site.educa.madrid.org\/cp.antoniofontan.madrid\/\/wp-content\/uploads\/cp.antoniofontan.madrid\/2026\/02\/image-300x300.jpg",300,300,true],"thumbrelated":["https:\/\/site.educa.madrid.org\/cp.antoniofontan.madrid\/\/wp-content\/uploads\/cp.antoniofontan.madrid\/2026\/02\/image-500x320.jpg",500,320,true],"meccarouselthumb":["https:\/\/site.educa.madrid.org\/cp.antoniofontan.madrid\/\/wp-content\/uploads\/cp.antoniofontan.madrid\/2026\/02\/image-474x320.jpg",474,320,true],"gridsquare":["https:\/\/site.educa.madrid.org\/cp.antoniofontan.madrid\/\/wp-content\/uploads\/cp.antoniofontan.madrid\/2026\/02\/image-391x260.jpg",391,260,true],"tileview":["https:\/\/site.educa.madrid.org\/cp.antoniofontan.madrid\/\/wp-content\/uploads\/cp.antoniofontan.madrid\/2026\/02\/image-300x320.jpg",300,320,true],"1536x1536":["https:\/\/site.educa.madrid.org\/cp.antoniofontan.madrid\/\/wp-content\/uploads\/cp.antoniofontan.madrid\/2026\/02\/image-1536x214.jpg",1536,214,true],"2048x2048":["https:\/\/site.educa.madrid.org\/cp.antoniofontan.madrid\/\/wp-content\/uploads\/cp.antoniofontan.madrid\/2026\/02\/image-2048x285.jpg",2048,285,true],"onepress-blog-small":["https:\/\/site.educa.madrid.org\/cp.antoniofontan.madrid\/\/wp-content\/uploads\/cp.antoniofontan.madrid\/2026\/02\/image-300x150.jpg",300,150,true],"onepress-small":["https:\/\/site.educa.madrid.org\/cp.antoniofontan.madrid\/\/wp-content\/uploads\/cp.antoniofontan.madrid\/2026\/02\/image-480x300.jpg",480,300,true],"onepress-medium":["https:\/\/site.educa.madrid.org\/cp.antoniofontan.madrid\/\/wp-content\/uploads\/cp.antoniofontan.madrid\/2026\/02\/image-640x320.jpg",640,320,true],"sow-carousel-default":["https:\/\/site.educa.madrid.org\/cp.antoniofontan.madrid\/\/wp-content\/uploads\/cp.antoniofontan.madrid\/2026\/02\/image-272x182.jpg",272,182,true],"sow-post-carousel-overlay-theme":["https:\/\/site.educa.madrid.org\/cp.antoniofontan.madrid\/\/wp-content\/uploads\/cp.antoniofontan.madrid\/2026\/02\/image-360x320.jpg",360,320,true],"sow-post-carousel-cards-theme":["https:\/\/site.educa.madrid.org\/cp.antoniofontan.madrid\/\/wp-content\/uploads\/cp.antoniofontan.madrid\/2026\/02\/image-360x240.jpg",360,240,true],"rt_custom":["https:\/\/site.educa.madrid.org\/cp.antoniofontan.madrid\/\/wp-content\/uploads\/cp.antoniofontan.madrid\/2026\/02\/image.jpg",2300,320,false]},"rttpg_author":{"display_name":"Cuenta Compdigedu cp antoniofontan madrid","author_link":"https:\/\/site.educa.madrid.org\/cp.antoniofontan.madrid\/index.php\/author\/cuenta_compdigedu-cp-antoniofontan-madrid\/"},"rttpg_comment":0,"rttpg_category":false,"rttpg_excerpt":"Momentos Clave: Adaptaci\u00f3n y Tr\u00e1nsito Cuidamos con especial atenci\u00f3n los cambios de etapa para que sean procesos arm\u00f3nicos y seguros tanto para los ni\u00f1os como para sus familias. \u00a0 Periodo ...","post_mailing_queue_ids":[],"_links":{"self":[{"href":"https:\/\/site.educa.madrid.org\/cp.antoniofontan.madrid\/index.php\/wp-json\/wp\/v2\/pages\/1685","targetHints":{"allow":["GET"]}}],"collection":[{"href":"https:\/\/site.educa.madrid.org\/cp.antoniofontan.madrid\/index.php\/wp-json\/wp\/v2\/pages"}],"about":[{"href":"https:\/\/site.educa.madrid.org\/cp.antoniofontan.madrid\/index.php\/wp-json\/wp\/v2\/types\/page"}],"author":[{"embeddable":true,"href":"https:\/\/site.educa.madrid.org\/cp.antoniofontan.madrid\/index.php\/wp-json\/wp\/v2\/users\/14"}],"replies":[{"embeddable":true,"href":"https:\/\/site.educa.madrid.org\/cp.antoniofontan.madrid\/index.php\/wp-json\/wp\/v2\/comments?post=1685"}],"version-history":[{"count":2,"href":"https:\/\/site.educa.madrid.org\/cp.antoniofontan.madrid\/index.php\/wp-json\/wp\/v2\/pages\/1685\/revisions"}],"predecessor-version":[{"id":1702,"href":"https:\/\/site.educa.madrid.org\/cp.antoniofontan.madrid\/index.php\/wp-json\/wp\/v2\/pages\/1685\/revisions\/1702"}],"wp:featuredmedia":[{"embeddable":true,"href":"https:\/\/site.educa.madrid.org\/cp.antoniofontan.madrid\/index.php\/wp-json\/wp\/v2\/media\/894"}],"wp:attachment":[{"href":"https:\/\/site.educa.madrid.org\/cp.antoniofontan.madrid\/index.php\/wp-json\/wp\/v2\/media?parent=1685"}],"wp:term":[{"taxonomy":"folder","embeddable":true,"href":"https:\/\/site.educa.madrid.org\/cp.antoniofontan.madrid\/index.php\/wp-json\/wp\/v2\/folder?post=1685"}],"curies":[{"name":"wp","href":"https:\/\/api.w.org\/{rel}","templated":true}]}}