{"id":1704,"date":"2026-03-08T17:21:47","date_gmt":"2026-03-08T16:21:47","guid":{"rendered":"https:\/\/site.educa.madrid.org\/cp.antoniofontan.madrid\/?page_id=1704"},"modified":"2026-03-08T17:21:48","modified_gmt":"2026-03-08T16:21:48","slug":"educacion-primaria","status":"publish","type":"page","link":"https:\/\/site.educa.madrid.org\/cp.antoniofontan.madrid\/index.php\/educacion-primaria\/","title":{"rendered":"Educaci\u00f3n primaria"},"content":{"rendered":"\n<div style=\"margin-top: -90px;\">\n    \n<\/div>\n\n\n\n<div style=\"height:50px\" aria-hidden=\"true\" class=\"wp-block-spacer\"><\/div>\n\n\n\n<h2 class=\"wp-block-heading has-text-align-center has-text-color has-link-color wp-elements-e45437bcede822ea12f5840b9870b0f8\" style=\"color:#385d9b\"><strong><strong><strong><strong><strong>Educaci\u00f3n primaria<\/strong><\/strong><\/strong><\/strong><\/strong><\/h2>\n\n\n\n<div style=\"height:50px\" aria-hidden=\"true\" class=\"wp-block-spacer\"><\/div>\n\n\n<div class=\"paragraph is-rich-chat-ui normal ng-star-inserted\" data-start-index=\"343\">\n<div class=\"paragraph is-rich-chat-ui normal ng-star-inserted\" data-start-index=\"1380\">\n<div class=\"paragraph is-rich-chat-ui normal ng-star-inserted\" data-start-index=\"2379\">\n<div class=\"paragraph is-rich-chat-ui normal ng-star-inserted\" data-start-index=\"3316\">\n<div class=\"paragraph is-rich-chat-ui normal ng-star-inserted\" data-start-index=\"4257\">\n<div class=\"paragraph is-rich-chat-ui heading3 ng-star-inserted\" role=\"heading\" data-start-index=\"186\" aria-level=\"3\"><b class=\"ng-star-inserted\" data-start-index=\"186\">Compromiso con el Desarrollo Integral<\/b><\/div>\n<div role=\"heading\" data-start-index=\"186\" aria-level=\"3\">\u00a0<\/div>\n<div class=\"paragraph is-rich-chat-ui normal ng-star-inserted\" data-start-index=\"242\"><span class=\"ng-star-inserted\" data-start-index=\"242\">Esta p\u00e1gina ofrece una visi\u00f3n general de la estructura, la identidad y los objetivos fundamentales que definen el paso del alumnado por la Educaci\u00f3n Primaria en nuestro centro.<\/span><\/div>\n<div data-start-index=\"242\">\u00a0<\/div>\n<div class=\"paragraph is-rich-chat-ui heading4 ng-star-inserted\" role=\"heading\" data-start-index=\"418\" aria-level=\"4\"><b class=\"ng-star-inserted\" data-start-index=\"418\">Estructura y Organizaci\u00f3n<\/b><\/div>\n<div role=\"heading\" data-start-index=\"418\" aria-level=\"4\">\u00a0<\/div>\n<div class=\"paragraph is-rich-chat-ui normal ng-star-inserted\" data-start-index=\"443\"><span class=\"ng-star-inserted\" data-start-index=\"443\">La etapa de Educaci\u00f3n Primaria en el CEIP Antonio Font\u00e1n est\u00e1 dise\u00f1ada para ofrecer una <\/span><b class=\"ng-star-inserted\" data-start-index=\"531\">coherencia y continuidad<\/b><span class=\"ng-star-inserted\" data-start-index=\"555\"> pedag\u00f3gica a lo largo de los seis cursos acad\u00e9mico<\/span><span class=\"ng-star-inserted\" data-start-index=\"607\">.<\/span><\/div>\n<ul class=\"ng-star-inserted\">\n<li class=\"paragraph list-item is-rich-chat-ui normal ng-star-inserted\" data-start-index=\"608\"><b class=\"ng-star-inserted\" data-start-index=\"608\">Capacidad:<\/b><span class=\"ng-star-inserted\" data-start-index=\"618\"> El centro cuenta con <\/span><b class=\"ng-star-inserted\" data-start-index=\"640\">27 unidades de Primaria<\/b><span class=\"ng-star-inserted\" data-start-index=\"663\">, lo que permite una organizaci\u00f3n s\u00f3lida y una amplia red de recursos docentes<\/span><span class=\"ng-star-inserted\" data-start-index=\"741\">.<\/span><\/li>\n<li class=\"paragraph list-item is-rich-chat-ui normal ng-star-inserted\" data-start-index=\"742\"><b class=\"ng-star-inserted\" data-start-index=\"742\">Divisi\u00f3n por Ciclos:<\/b><span class=\"ng-star-inserted\" data-start-index=\"762\"> La etapa se organiza en <\/span><b class=\"ng-star-inserted\" data-start-index=\"787\">tres ciclos<\/b><span class=\"ng-star-inserted\" data-start-index=\"798\"> (Inicial, Medio y Superior), lo que facilita la coordinaci\u00f3n horizontal entre profesores del mismo nivel y vertical entre las distintas etapas<\/span><span class=\"ng-star-inserted\" data-start-index=\"941\">.<\/span><\/li>\n<li class=\"paragraph list-item is-rich-chat-ui normal ng-star-inserted\" data-start-index=\"942\"><b class=\"ng-star-inserted\" data-start-index=\"942\">Recursos Humanos:<\/b><span class=\"ng-star-inserted\" data-start-index=\"959\"> El equipo est\u00e1 formado por un Claustro de aproximadamente <\/span><b class=\"ng-star-inserted\" data-start-index=\"1018\">60 profesionales<\/b><span class=\"ng-star-inserted\" data-start-index=\"1034\">, que destacan por su ambiente de trabajo din\u00e1mico, cooperativo y su formaci\u00f3n continua en innovaci\u00f3n educativa<\/span><span class=\"ng-star-inserted\" data-start-index=\"1145\">.<\/span><\/li>\n<\/ul>\n<div class=\"paragraph is-rich-chat-ui heading4 ng-star-inserted\" role=\"heading\" data-start-index=\"1146\" aria-level=\"4\"><b class=\"ng-star-inserted\" data-start-index=\"1146\">Nuestro Gran Objetivo: El Desarrollo Integral<\/b><\/div>\n<div role=\"heading\" data-start-index=\"1146\" aria-level=\"4\">\u00a0<\/div>\n<div class=\"paragraph is-rich-chat-ui normal ng-star-inserted\" data-start-index=\"1191\"><span class=\"ng-star-inserted\" data-start-index=\"1191\">Nuestra meta principal es el desarrollo de la personalidad del ni\u00f1o en todos sus aspectos, proporcion\u00e1ndole las herramientas necesarias para una <\/span><b class=\"ng-star-inserted\" data-start-index=\"1336\">participaci\u00f3n efectiva en la sociedad<\/b><span class=\"ng-star-inserted\" data-start-index=\"1373\">.<\/span><\/div>\n<ul class=\"ng-star-inserted\">\n<li class=\"paragraph list-item is-rich-chat-ui normal ng-star-inserted\" data-start-index=\"1374\"><b class=\"ng-star-inserted\" data-start-index=\"1374\">Competencias Clave:<\/b><span class=\"ng-star-inserted\" data-start-index=\"1393\"> Fomentamos el <\/span><b class=\"ng-star-inserted\" data-start-index=\"1408\">pensamiento cr\u00edtico<\/b><span class=\"ng-star-inserted\" data-start-index=\"1427\">, la creatividad, el esp\u00edritu emprendedor y la iniciativa personal<\/span><span class=\"ng-star-inserted\" data-start-index=\"1493\">.<\/span><\/li>\n<li class=\"paragraph list-item is-rich-chat-ui normal ng-star-inserted\" data-start-index=\"1494\"><b class=\"ng-star-inserted\" data-start-index=\"1494\">Educaci\u00f3n en Valores:<\/b><span class=\"ng-star-inserted\" data-start-index=\"1515\"> La convivencia se basa en pilares como el <\/span><b class=\"ng-star-inserted\" data-start-index=\"1558\">respeto a la diversidad, la solidaridad, el esfuerzo y la responsabilidad<\/b><span class=\"ng-star-inserted\" data-start-index=\"1631\">.<\/span><\/li>\n<li class=\"paragraph list-item is-rich-chat-ui normal ng-star-inserted\" data-start-index=\"1632\"><b class=\"ng-star-inserted\" data-start-index=\"1632\">Inteligencia Emocional:<\/b><span class=\"ng-star-inserted\" data-start-index=\"1655\"> Se integra desde edades tempranas para que el alumnado aprenda a reconocer y expresar sus sentimientos, ganando autonom\u00eda personal y recursos para la <\/span><b class=\"ng-star-inserted\" data-start-index=\"1806\">resoluci\u00f3n pac\u00edfica de conflictos<\/b><span class=\"ng-star-inserted\" data-start-index=\"1839\">.<\/span><\/li>\n<\/ul>\n<div class=\"paragraph is-rich-chat-ui heading4 ng-star-inserted\" role=\"heading\" data-start-index=\"1840\" aria-level=\"4\"><b class=\"ng-star-inserted\" data-start-index=\"1840\">Horarios y Din\u00e1mica de Sesiones<\/b><\/div>\n<div class=\"paragraph is-rich-chat-ui normal ng-star-inserted\" data-start-index=\"1871\"><span class=\"ng-star-inserted\" data-start-index=\"1871\">La organizaci\u00f3n del tiempo en el centro es flexible pero ordenada, buscando maximizar el aprovechamiento de los ritmos de atenci\u00f3n del alumnado<\/span><span class=\"ng-star-inserted\" data-start-index=\"2014\">.<\/span><\/div>\n<ul class=\"ng-star-inserted\">\n<li class=\"paragraph list-item is-rich-chat-ui normal ng-star-inserted\" data-start-index=\"2015\"><b class=\"ng-star-inserted\" data-start-index=\"2015\">Sesiones de Clase:<\/b><span class=\"ng-star-inserted\" data-start-index=\"2033\"> Durante la <\/span><b class=\"ng-star-inserted\" data-start-index=\"2045\">jornada partida<\/b><span class=\"ng-star-inserted\" data-start-index=\"2060\"> (de octubre a mayo), las clases se organizan en periodos de <\/span><b class=\"ng-star-inserted\" data-start-index=\"2121\">45 minutos<\/b><span class=\"ng-star-inserted\" data-start-index=\"2131\">.<\/span><\/li>\n<li class=\"paragraph list-item is-rich-chat-ui normal ng-star-inserted\" data-start-index=\"2132\"><b class=\"ng-star-inserted\" data-start-index=\"2132\">Jornada Intensiva:<\/b><span class=\"ng-star-inserted\" data-start-index=\"2150\"> En los meses de <\/span><b class=\"ng-star-inserted\" data-start-index=\"2167\">junio y septiembre<\/b><span class=\"ng-star-inserted\" data-start-index=\"2185\">, las sesiones se reducen a <\/span><b class=\"ng-star-inserted\" data-start-index=\"2213\">40 minutos<\/b><span class=\"ng-star-inserted\" data-start-index=\"2223\"> para adaptarse al horario continuado<\/span><span class=\"ng-star-inserted\" data-start-index=\"2260\">.<\/span><\/li>\n<li class=\"paragraph list-item is-rich-chat-ui normal ng-star-inserted\" data-start-index=\"2261\"><b class=\"ng-star-inserted\" data-start-index=\"2261\">Prioridad Matinal:<\/b><span class=\"ng-star-inserted\" data-start-index=\"2279\"> Los aprendizajes que requieren mayor esfuerzo y concentraci\u00f3n se abordan prioritariamente durante la jornada de ma\u00f1ana<\/span><span class=\"ng-star-inserted\" data-start-index=\"2398\">.<\/span><\/li>\n<li class=\"paragraph list-item is-rich-chat-ui normal ng-star-inserted\" data-start-index=\"2399\"><b class=\"ng-star-inserted\" data-start-index=\"2399\">Actividad F\u00edsica:<\/b><span class=\"ng-star-inserted\" data-start-index=\"2416\"> Se imparten <\/span><b class=\"ng-star-inserted\" data-start-index=\"2429\">3 sesiones semanales de Educaci\u00f3n F\u00edsica<\/b><span class=\"ng-star-inserted\" data-start-index=\"2469\"> en todos los niveles, subrayando nuestro compromiso con la salud y el deporte<\/span><span class=\"ng-star-inserted\" data-start-index=\"2547\">.<\/span><\/li>\n<\/ul>\n<div class=\"paragraph is-rich-chat-ui heading4 ng-star-inserted\" role=\"heading\" data-start-index=\"2548\" aria-level=\"4\"><b class=\"ng-star-inserted\" data-start-index=\"2548\">Espacios para la Excelencia<\/b><\/div>\n<div role=\"heading\" data-start-index=\"2548\" aria-level=\"4\">\u00a0<\/div>\n<div class=\"paragraph is-rich-chat-ui normal ng-star-inserted\" data-start-index=\"2575\"><span class=\"ng-star-inserted\" data-start-index=\"2575\">La zona de Primaria cuenta con instalaciones modernas distribuidas en dos alturas<\/span><span class=\"ng-star-inserted\" data-start-index=\"2656\">:<\/span><\/div>\n<ul class=\"ng-star-inserted\">\n<li class=\"paragraph list-item is-rich-chat-ui normal ng-star-inserted\" data-start-index=\"2657\"><b class=\"ng-star-inserted\" data-start-index=\"2657\">Aulas Especializadas:<\/b><span class=\"ng-star-inserted\" data-start-index=\"2678\"> Adem\u00e1s de las 27 aulas de referencia, disponemos de aula de inform\u00e1tica, el <\/span><b class=\"ng-star-inserted\" data-start-index=\"2755\">\u00abAula del Futuro\u00bb<\/b><span class=\"ng-star-inserted\" data-start-index=\"2772\">, laboratorio de ciencias, aula de m\u00fasica y la biblioteca escolar como n\u00facleo de aprendizaje<\/span><span class=\"ng-star-inserted\" data-start-index=\"2864\">.<\/span><\/li>\n<li class=\"paragraph list-item is-rich-chat-ui normal ng-star-inserted\" data-start-index=\"2865\"><b class=\"ng-star-inserted\" data-start-index=\"2865\">\u00c1reas de Recreo:<\/b><span class=\"ng-star-inserted\" data-start-index=\"2881\"> El alumnado dispone de dos pistas polideportivas, zonas pavimentadas con carriles de atletismo, roc\u00f3dromo y un huerto escolar<\/span><span class=\"ng-star-inserted\" data-start-index=\"3007\">.<\/span><\/li>\n<\/ul>\n<div class=\"paragraph is-rich-chat-ui normal ng-star-inserted\" data-start-index=\"3008\"><span class=\"ng-star-inserted\" data-start-index=\"3008\">Esta etapa se define por ser <\/span><b class=\"ng-star-inserted\" data-start-index=\"3037\">democr\u00e1tica, participativa e integradora<\/b><span class=\"ng-star-inserted\" data-start-index=\"3077\">, asegurando que cada alumno y alumna se sienta protagonista de su propio aprendizaje<\/span><span class=\"ng-star-inserted\" data-start-index=\"3162\">.<\/span><\/div>\n<\/div>\n<\/div>\n<\/div>\n<\/div>\n<\/div>\n\n\n<div style=\"height:50px\" aria-hidden=\"true\" class=\"wp-block-spacer\"><\/div>\n\n\n\n<p><\/p>\n","protected":false},"excerpt":{"rendered":"<p>Educaci\u00f3n primaria Compromiso con el Desarrollo Integral \u00a0 Esta p\u00e1gina ofrece una visi\u00f3n general de la estructura, la identidad y los objetivos fundamentales que definen el paso del alumnado por &#8230;<\/p>\n","protected":false},"author":14,"featured_media":894,"parent":0,"menu_order":0,"comment_status":"closed","ping_status":"closed","template":"template-fullwidth.php","meta":{"footnotes":""},"folder":[],"class_list":["post-1704","page","type-page","status-publish","has-post-thumbnail","hentry"],"rttpg_featured_image_url":{"full":["https:\/\/site.educa.madrid.org\/cp.antoniofontan.madrid\/\/wp-content\/uploads\/cp.antoniofontan.madrid\/2026\/02\/image.jpg",2300,320,false],"landscape":["https:\/\/site.educa.madrid.org\/cp.antoniofontan.madrid\/\/wp-content\/uploads\/cp.antoniofontan.madrid\/2026\/02\/image.jpg",2300,320,false],"portraits":["https:\/\/site.educa.madrid.org\/cp.antoniofontan.madrid\/\/wp-content\/uploads\/cp.antoniofontan.madrid\/2026\/02\/image.jpg",2300,320,false],"thumbnail":["https:\/\/site.educa.madrid.org\/cp.antoniofontan.madrid\/\/wp-content\/uploads\/cp.antoniofontan.madrid\/2026\/02\/image-150x150.jpg",150,150,true],"medium":["https:\/\/site.educa.madrid.org\/cp.antoniofontan.madrid\/\/wp-content\/uploads\/cp.antoniofontan.madrid\/2026\/02\/image-300x42.jpg",300,42,true],"large":["https:\/\/site.educa.madrid.org\/cp.antoniofontan.madrid\/\/wp-content\/uploads\/cp.antoniofontan.madrid\/2026\/02\/image-1024x142.jpg",800,111,true],"thumblist":["https:\/\/site.educa.madrid.org\/cp.antoniofontan.madrid\/\/wp-content\/uploads\/cp.antoniofontan.madrid\/2026\/02\/image-300x300.jpg",300,300,true],"thumbrelated":["https:\/\/site.educa.madrid.org\/cp.antoniofontan.madrid\/\/wp-content\/uploads\/cp.antoniofontan.madrid\/2026\/02\/image-500x320.jpg",500,320,true],"meccarouselthumb":["https:\/\/site.educa.madrid.org\/cp.antoniofontan.madrid\/\/wp-content\/uploads\/cp.antoniofontan.madrid\/2026\/02\/image-474x320.jpg",474,320,true],"gridsquare":["https:\/\/site.educa.madrid.org\/cp.antoniofontan.madrid\/\/wp-content\/uploads\/cp.antoniofontan.madrid\/2026\/02\/image-391x260.jpg",391,260,true],"tileview":["https:\/\/site.educa.madrid.org\/cp.antoniofontan.madrid\/\/wp-content\/uploads\/cp.antoniofontan.madrid\/2026\/02\/image-300x320.jpg",300,320,true],"1536x1536":["https:\/\/site.educa.madrid.org\/cp.antoniofontan.madrid\/\/wp-content\/uploads\/cp.antoniofontan.madrid\/2026\/02\/image-1536x214.jpg",1536,214,true],"2048x2048":["https:\/\/site.educa.madrid.org\/cp.antoniofontan.madrid\/\/wp-content\/uploads\/cp.antoniofontan.madrid\/2026\/02\/image-2048x285.jpg",2048,285,true],"onepress-blog-small":["https:\/\/site.educa.madrid.org\/cp.antoniofontan.madrid\/\/wp-content\/uploads\/cp.antoniofontan.madrid\/2026\/02\/image-300x150.jpg",300,150,true],"onepress-small":["https:\/\/site.educa.madrid.org\/cp.antoniofontan.madrid\/\/wp-content\/uploads\/cp.antoniofontan.madrid\/2026\/02\/image-480x300.jpg",480,300,true],"onepress-medium":["https:\/\/site.educa.madrid.org\/cp.antoniofontan.madrid\/\/wp-content\/uploads\/cp.antoniofontan.madrid\/2026\/02\/image-640x320.jpg",640,320,true],"sow-carousel-default":["https:\/\/site.educa.madrid.org\/cp.antoniofontan.madrid\/\/wp-content\/uploads\/cp.antoniofontan.madrid\/2026\/02\/image-272x182.jpg",272,182,true],"sow-post-carousel-overlay-theme":["https:\/\/site.educa.madrid.org\/cp.antoniofontan.madrid\/\/wp-content\/uploads\/cp.antoniofontan.madrid\/2026\/02\/image-360x320.jpg",360,320,true],"sow-post-carousel-cards-theme":["https:\/\/site.educa.madrid.org\/cp.antoniofontan.madrid\/\/wp-content\/uploads\/cp.antoniofontan.madrid\/2026\/02\/image-360x240.jpg",360,240,true],"rt_custom":["https:\/\/site.educa.madrid.org\/cp.antoniofontan.madrid\/\/wp-content\/uploads\/cp.antoniofontan.madrid\/2026\/02\/image.jpg",2300,320,false]},"rttpg_author":{"display_name":"Cuenta Compdigedu cp antoniofontan madrid","author_link":"https:\/\/site.educa.madrid.org\/cp.antoniofontan.madrid\/index.php\/author\/cuenta_compdigedu-cp-antoniofontan-madrid\/"},"rttpg_comment":0,"rttpg_category":false,"rttpg_excerpt":"Educaci\u00f3n primaria Compromiso con el Desarrollo Integral \u00a0 Esta p\u00e1gina ofrece una visi\u00f3n general de la estructura, la identidad y los objetivos fundamentales que definen el paso del alumnado por ...","post_mailing_queue_ids":[],"_links":{"self":[{"href":"https:\/\/site.educa.madrid.org\/cp.antoniofontan.madrid\/index.php\/wp-json\/wp\/v2\/pages\/1704","targetHints":{"allow":["GET"]}}],"collection":[{"href":"https:\/\/site.educa.madrid.org\/cp.antoniofontan.madrid\/index.php\/wp-json\/wp\/v2\/pages"}],"about":[{"href":"https:\/\/site.educa.madrid.org\/cp.antoniofontan.madrid\/index.php\/wp-json\/wp\/v2\/types\/page"}],"author":[{"embeddable":true,"href":"https:\/\/site.educa.madrid.org\/cp.antoniofontan.madrid\/index.php\/wp-json\/wp\/v2\/users\/14"}],"replies":[{"embeddable":true,"href":"https:\/\/site.educa.madrid.org\/cp.antoniofontan.madrid\/index.php\/wp-json\/wp\/v2\/comments?post=1704"}],"version-history":[{"count":1,"href":"https:\/\/site.educa.madrid.org\/cp.antoniofontan.madrid\/index.php\/wp-json\/wp\/v2\/pages\/1704\/revisions"}],"predecessor-version":[{"id":1708,"href":"https:\/\/site.educa.madrid.org\/cp.antoniofontan.madrid\/index.php\/wp-json\/wp\/v2\/pages\/1704\/revisions\/1708"}],"wp:featuredmedia":[{"embeddable":true,"href":"https:\/\/site.educa.madrid.org\/cp.antoniofontan.madrid\/index.php\/wp-json\/wp\/v2\/media\/894"}],"wp:attachment":[{"href":"https:\/\/site.educa.madrid.org\/cp.antoniofontan.madrid\/index.php\/wp-json\/wp\/v2\/media?parent=1704"}],"wp:term":[{"taxonomy":"folder","embeddable":true,"href":"https:\/\/site.educa.madrid.org\/cp.antoniofontan.madrid\/index.php\/wp-json\/wp\/v2\/folder?post=1704"}],"curies":[{"name":"wp","href":"https:\/\/api.w.org\/{rel}","templated":true}]}}