{"id":1714,"date":"2026-03-08T17:33:25","date_gmt":"2026-03-08T16:33:25","guid":{"rendered":"https:\/\/site.educa.madrid.org\/cp.antoniofontan.madrid\/?page_id=1714"},"modified":"2026-03-08T17:33:26","modified_gmt":"2026-03-08T16:33:26","slug":"metodologias-activas-ep","status":"publish","type":"page","link":"https:\/\/site.educa.madrid.org\/cp.antoniofontan.madrid\/index.php\/metodologias-activas-ep\/","title":{"rendered":"metodologias activas EP"},"content":{"rendered":"\n<div style=\"margin-top: -90px;\">\n    \n<\/div>\n\n\n\n<div style=\"height:50px\" aria-hidden=\"true\" class=\"wp-block-spacer\"><\/div>\n\n\n\n<h2 class=\"wp-block-heading has-text-align-center has-text-color has-link-color wp-elements-aa52506f977a154095e8aba60024828a\" style=\"color:#385d9b\"><strong><strong><strong><strong><strong><strong><strong>Metodolog\u00edas Activas: El Alumno como Protagonista<\/strong>as al Mundo<\/strong><\/strong><\/strong><\/strong><\/strong><\/strong><\/h2>\n\n\n\n<div style=\"height:50px\" aria-hidden=\"true\" class=\"wp-block-spacer\"><\/div>\n\n\n<div class=\"paragraph is-rich-chat-ui normal ng-star-inserted\" data-start-index=\"343\">\n<div class=\"paragraph is-rich-chat-ui normal ng-star-inserted\" data-start-index=\"1380\">\n<div class=\"paragraph is-rich-chat-ui normal ng-star-inserted\" data-start-index=\"2379\">\n<div class=\"paragraph is-rich-chat-ui normal ng-star-inserted\" data-start-index=\"3316\">\n<div class=\"paragraph is-rich-chat-ui normal ng-star-inserted\" data-start-index=\"4257\">\n<div class=\"paragraph is-rich-chat-ui heading3 ng-star-inserted\" role=\"heading\" data-start-index=\"186\" aria-level=\"3\">\n<div class=\"paragraph is-rich-chat-ui normal ng-star-inserted\" data-start-index=\"238\"><span class=\"ng-star-inserted\" data-start-index=\"238\">En el CEIP Antonio Font\u00e1n, entendemos el aprendizaje como un proceso de construcci\u00f3n personal donde el alumnado no es un mero receptor, sino el motor de su propio conocimiento<\/span><span class=\"ng-star-inserted\" data-start-index=\"413\">. Nuestra pedagog\u00eda huye del aprendizaje repetitivo y apuesta por la <\/span><b class=\"ng-star-inserted\" data-start-index=\"482\">experimentaci\u00f3n, la reflexi\u00f3n y el trabajo compartido<\/b><span class=\"ng-star-inserted\" data-start-index=\"535\">.<\/span><\/div>\n<div data-start-index=\"238\">\u00a0<\/div>\n<div class=\"paragraph is-rich-chat-ui heading4 ng-star-inserted\" role=\"heading\" data-start-index=\"536\" aria-level=\"4\"><b class=\"ng-star-inserted\" data-start-index=\"536\">Aprendizaje Cooperativo: Juntos llegamos m\u00e1s lejos<\/b><\/div>\n<div role=\"heading\" data-start-index=\"536\" aria-level=\"4\">\u00a0<\/div>\n<div class=\"paragraph is-rich-chat-ui normal ng-star-inserted\" data-start-index=\"586\"><span class=\"ng-star-inserted\" data-start-index=\"586\">Esta metodolog\u00eda es la base fundamental de nuestras aulas de Primaria<\/span><span class=\"ng-star-inserted\" data-start-index=\"655\">. Los alumnos se organizan en <\/span><b class=\"ng-star-inserted\" data-start-index=\"685\">equipos heterog\u00e9neos<\/b><span class=\"ng-star-inserted\" data-start-index=\"705\"> con distintos ritmos de aprendizaje, donde se fomenta la ayuda mutua y la responsabilidad colectiva<\/span><span class=\"ng-star-inserted\" data-start-index=\"805\">.<\/span><\/div>\n<ul class=\"ng-star-inserted\">\n<li class=\"paragraph list-item is-rich-chat-ui normal ng-star-inserted\" data-start-index=\"806\"><b class=\"ng-star-inserted\" data-start-index=\"806\">Estructuras de Trabajo:<\/b><span class=\"ng-star-inserted\" data-start-index=\"829\"> Utilizamos t\u00e9cnicas cooperativas espec\u00edficas para asegurar que todos participen y aporten al grupo, como el <\/span><b class=\"ng-star-inserted\" data-start-index=\"938\">\u00abfolio giratorio\u00bb<\/b><span class=\"ng-star-inserted\" data-start-index=\"955\">, <\/span><b class=\"ng-star-inserted\" data-start-index=\"957\">\u00abl\u00e1pices al centro\u00bb<\/b><span class=\"ng-star-inserted\" data-start-index=\"976\"> o la <\/span><b class=\"ng-star-inserted\" data-start-index=\"982\">\u00abrueda de papel\u00bb<\/b><span class=\"ng-star-inserted\" data-start-index=\"998\">.<\/span><\/li>\n<li class=\"paragraph list-item is-rich-chat-ui normal ng-star-inserted\" data-start-index=\"999\"><b class=\"ng-star-inserted\" data-start-index=\"999\">Roles en el Equipo:<\/b><span class=\"ng-star-inserted\" data-start-index=\"1018\"> Cada miembro asume un rol y una funci\u00f3n dentro del grupo, potenciando sus habilidades sociales y la capacidad de llegar a acuerdos por consenso<\/span><span class=\"ng-star-inserted\" data-start-index=\"1162\">.<\/span><\/li>\n<li class=\"paragraph list-item is-rich-chat-ui normal ng-star-inserted\" data-start-index=\"1163\"><b class=\"ng-star-inserted\" data-start-index=\"1163\">Socializaci\u00f3n Acad\u00e9mica:<\/b><span class=\"ng-star-inserted\" data-start-index=\"1187\"> El trabajo cooperativo no solo mejora los resultados acad\u00e9micos, sino que crea un clima de aula c\u00e1lido y seguro que previene conflictos<\/span><span class=\"ng-star-inserted\" data-start-index=\"1323\">.<\/span><\/li>\n<\/ul>\n<div class=\"paragraph is-rich-chat-ui heading4 ng-star-inserted\" role=\"heading\" data-start-index=\"1324\" aria-level=\"4\"><b class=\"ng-star-inserted\" data-start-index=\"1324\">\u00abAprender Haciendo\u00bb: De la teor\u00eda a la pr\u00e1ctica<\/b><\/div>\n<div role=\"heading\" data-start-index=\"1324\" aria-level=\"4\">\u00a0<\/div>\n<div class=\"paragraph is-rich-chat-ui normal ng-star-inserted\" data-start-index=\"1371\"><span class=\"ng-star-inserted\" data-start-index=\"1371\">Nuestra metodolog\u00eda es activa, participativa y globalizada<\/span><span class=\"ng-star-inserted\" data-start-index=\"1429\">. Buscamos que los contenidos cobren vida a trav\u00e9s de <\/span><b class=\"ng-star-inserted\" data-start-index=\"1483\">Situaciones de Aprendizaje<\/b><span class=\"ng-star-inserted\" data-start-index=\"1509\"> pr\u00e1cticas y motivadoras<\/span><span class=\"ng-star-inserted\" data-start-index=\"1533\">.<\/span><\/div>\n<ul class=\"ng-star-inserted\">\n<li class=\"paragraph list-item is-rich-chat-ui normal ng-star-inserted\" data-start-index=\"1534\"><b class=\"ng-star-inserted\" data-start-index=\"1534\">Construcci\u00f3n de Significados:<\/b><span class=\"ng-star-inserted\" data-start-index=\"1563\"> Partimos de los conocimientos previos del alumno y de problemas basados en la vida real para despertar su curiosidad<\/span><span class=\"ng-star-inserted\" data-start-index=\"1680\">.<\/span><\/li>\n<li class=\"paragraph list-item is-rich-chat-ui normal ng-star-inserted\" data-start-index=\"1681\"><b class=\"ng-star-inserted\" data-start-index=\"1681\">Manipulaci\u00f3n y Experimentaci\u00f3n:<\/b><span class=\"ng-star-inserted\" data-start-index=\"1712\"> Valoramos el <\/span><b class=\"ng-star-inserted\" data-start-index=\"1726\">error como una fuente poderosa de aprendizaje<\/b><span class=\"ng-star-inserted\" data-start-index=\"1771\">. Los alumnos aprenden probando, equivoc\u00e1ndose y buscando explicaciones cr\u00edticas y creativas<\/span><span class=\"ng-star-inserted\" data-start-index=\"1863\">.<\/span><\/li>\n<li class=\"paragraph list-item is-rich-chat-ui normal ng-star-inserted\" data-start-index=\"1864\"><b class=\"ng-star-inserted\" data-start-index=\"1864\">Fases del Proceso:<\/b><span class=\"ng-star-inserted\" data-start-index=\"1882\"> Cada tema se aborda mediante fases de investigaci\u00f3n, desarrollo de tareas en equipo y exposici\u00f3n final de resultados ante el resto de la clase<\/span><span class=\"ng-star-inserted\" data-start-index=\"2025\">.<\/span><\/li>\n<\/ul>\n<div class=\"paragraph is-rich-chat-ui heading4 ng-star-inserted\" role=\"heading\" data-start-index=\"2026\" aria-level=\"4\"><b class=\"ng-star-inserted\" data-start-index=\"2026\">Plan Lector: Pasi\u00f3n por la lectura desde el primer minuto<\/b><\/div>\n<div role=\"heading\" data-start-index=\"2026\" aria-level=\"4\">\u00a0<\/div>\n<div class=\"paragraph is-rich-chat-ui normal ng-star-inserted\" data-start-index=\"2083\"><span class=\"ng-star-inserted\" data-start-index=\"2083\">La competencia lectora es la llave que abre todas las dem\u00e1s \u00e1reas de conocimiento. Por ello, la integramos de forma innovadora en la rutina diaria<\/span><span class=\"ng-star-inserted\" data-start-index=\"2229\">.<\/span><\/div>\n<ul class=\"ng-star-inserted\">\n<li class=\"paragraph list-item is-rich-chat-ui normal ng-star-inserted\" data-start-index=\"2230\"><b class=\"ng-star-inserted\" data-start-index=\"2230\">Minutos Lectores:<\/b><span class=\"ng-star-inserted\" data-start-index=\"2247\"> Comenzamos cada jornada lectiva con <\/span><b class=\"ng-star-inserted\" data-start-index=\"2284\">cinco minutos de lectura individual<\/b><span class=\"ng-star-inserted\" data-start-index=\"2319\"> nada m\u00e1s entrar al aula, a menudo acompa\u00f1ados de m\u00fasica ambiental para favorecer la concentraci\u00f3n<\/span><span class=\"ng-star-inserted\" data-start-index=\"2417\">.<\/span><\/li>\n<li class=\"paragraph list-item is-rich-chat-ui normal ng-star-inserted\" data-start-index=\"2418\"><b class=\"ng-star-inserted\" data-start-index=\"2418\">Padrinos Lectores:<\/b><span class=\"ng-star-inserted\" data-start-index=\"2436\"> Es uno de nuestros programas m\u00e1s queridos. Los alumnos de los cursos superiores (Padrinos) se hermanan con los de cursos inferiores (Ahijados) para compartir momentos de lectura, fomentando el v\u00ednculo afectivo y el h\u00e1bito lector<\/span><span class=\"ng-star-inserted\" data-start-index=\"2665\">.<\/span><\/li>\n<li class=\"paragraph list-item is-rich-chat-ui normal ng-star-inserted\" data-start-index=\"2666\"><b class=\"ng-star-inserted\" data-start-index=\"2666\">Biblioteca Activa:<\/b><span class=\"ng-star-inserted\" data-start-index=\"2684\"> Nuestra biblioteca es un \u00abn\u00facleo generador\u00bb de actividades que incluyen pr\u00e9stamos de aula, concursos literarios, dramatizaciones y proyectos de lectura digital con plataformas como <\/span><i class=\"ng-star-inserted\" data-start-index=\"2866\">MadRead<\/i><span class=\"ng-star-inserted\" data-start-index=\"2873\"> u <\/span><i class=\"ng-star-inserted\" data-start-index=\"2876\">Oxford Owl<\/i><span class=\"ng-star-inserted\" data-start-index=\"2886\">.<\/span><\/li>\n<\/ul>\n<div class=\"paragraph is-rich-chat-ui heading4 ng-star-inserted\" role=\"heading\" data-start-index=\"2887\" aria-level=\"4\"><b class=\"ng-star-inserted\" data-start-index=\"2887\">Evaluaci\u00f3n y Metacognici\u00f3n<\/b><\/div>\n<div role=\"heading\" data-start-index=\"2887\" aria-level=\"4\">\u00a0<\/div>\n<div class=\"paragraph is-rich-chat-ui normal ng-star-inserted\" data-start-index=\"2913\"><span class=\"ng-star-inserted\" data-start-index=\"2913\">No solo evaluamos lo que aprenden, sino c\u00f3mo lo aprenden. Fomentamos la <\/span><b class=\"ng-star-inserted\" data-start-index=\"2985\">metacognici\u00f3n<\/b><span class=\"ng-star-inserted\" data-start-index=\"2998\">, ayudando a los ni\u00f1os a ser conscientes de sus propios procesos mentales y a autoevaluar su esfuerzo mediante herramientas visuales como r\u00fabricas o dianas de aprendizaje<\/span><span class=\"ng-star-inserted\" data-start-index=\"3168\">.<\/span><\/div>\n<\/div>\n<\/div>\n<\/div>\n<\/div>\n<\/div>\n<\/div>\n\n\n<div style=\"height:50px\" aria-hidden=\"true\" class=\"wp-block-spacer\"><\/div>\n\n\n\n<p><\/p>\n","protected":false},"excerpt":{"rendered":"<p>Metodolog\u00edas Activas: El Alumno como Protagonistaas al Mundo En el CEIP Antonio Font\u00e1n, entendemos el aprendizaje como un proceso de construcci\u00f3n personal donde el alumnado no es un mero receptor, &#8230;<\/p>\n","protected":false},"author":14,"featured_media":894,"parent":0,"menu_order":0,"comment_status":"closed","ping_status":"closed","template":"template-fullwidth.php","meta":{"footnotes":""},"folder":[],"class_list":["post-1714","page","type-page","status-publish","has-post-thumbnail","hentry"],"rttpg_featured_image_url":{"full":["https:\/\/site.educa.madrid.org\/cp.antoniofontan.madrid\/\/wp-content\/uploads\/cp.antoniofontan.madrid\/2026\/02\/image.jpg",2300,320,false],"landscape":["https:\/\/site.educa.madrid.org\/cp.antoniofontan.madrid\/\/wp-content\/uploads\/cp.antoniofontan.madrid\/2026\/02\/image.jpg",2300,320,false],"portraits":["https:\/\/site.educa.madrid.org\/cp.antoniofontan.madrid\/\/wp-content\/uploads\/cp.antoniofontan.madrid\/2026\/02\/image.jpg",2300,320,false],"thumbnail":["https:\/\/site.educa.madrid.org\/cp.antoniofontan.madrid\/\/wp-content\/uploads\/cp.antoniofontan.madrid\/2026\/02\/image-150x150.jpg",150,150,true],"medium":["https:\/\/site.educa.madrid.org\/cp.antoniofontan.madrid\/\/wp-content\/uploads\/cp.antoniofontan.madrid\/2026\/02\/image-300x42.jpg",300,42,true],"large":["https:\/\/site.educa.madrid.org\/cp.antoniofontan.madrid\/\/wp-content\/uploads\/cp.antoniofontan.madrid\/2026\/02\/image-1024x142.jpg",800,111,true],"thumblist":["https:\/\/site.educa.madrid.org\/cp.antoniofontan.madrid\/\/wp-content\/uploads\/cp.antoniofontan.madrid\/2026\/02\/image-300x300.jpg",300,300,true],"thumbrelated":["https:\/\/site.educa.madrid.org\/cp.antoniofontan.madrid\/\/wp-content\/uploads\/cp.antoniofontan.madrid\/2026\/02\/image-500x320.jpg",500,320,true],"meccarouselthumb":["https:\/\/site.educa.madrid.org\/cp.antoniofontan.madrid\/\/wp-content\/uploads\/cp.antoniofontan.madrid\/2026\/02\/image-474x320.jpg",474,320,true],"gridsquare":["https:\/\/site.educa.madrid.org\/cp.antoniofontan.madrid\/\/wp-content\/uploads\/cp.antoniofontan.madrid\/2026\/02\/image-391x260.jpg",391,260,true],"tileview":["https:\/\/site.educa.madrid.org\/cp.antoniofontan.madrid\/\/wp-content\/uploads\/cp.antoniofontan.madrid\/2026\/02\/image-300x320.jpg",300,320,true],"1536x1536":["https:\/\/site.educa.madrid.org\/cp.antoniofontan.madrid\/\/wp-content\/uploads\/cp.antoniofontan.madrid\/2026\/02\/image-1536x214.jpg",1536,214,true],"2048x2048":["https:\/\/site.educa.madrid.org\/cp.antoniofontan.madrid\/\/wp-content\/uploads\/cp.antoniofontan.madrid\/2026\/02\/image-2048x285.jpg",2048,285,true],"onepress-blog-small":["https:\/\/site.educa.madrid.org\/cp.antoniofontan.madrid\/\/wp-content\/uploads\/cp.antoniofontan.madrid\/2026\/02\/image-300x150.jpg",300,150,true],"onepress-small":["https:\/\/site.educa.madrid.org\/cp.antoniofontan.madrid\/\/wp-content\/uploads\/cp.antoniofontan.madrid\/2026\/02\/image-480x300.jpg",480,300,true],"onepress-medium":["https:\/\/site.educa.madrid.org\/cp.antoniofontan.madrid\/\/wp-content\/uploads\/cp.antoniofontan.madrid\/2026\/02\/image-640x320.jpg",640,320,true],"sow-carousel-default":["https:\/\/site.educa.madrid.org\/cp.antoniofontan.madrid\/\/wp-content\/uploads\/cp.antoniofontan.madrid\/2026\/02\/image-272x182.jpg",272,182,true],"sow-post-carousel-overlay-theme":["https:\/\/site.educa.madrid.org\/cp.antoniofontan.madrid\/\/wp-content\/uploads\/cp.antoniofontan.madrid\/2026\/02\/image-360x320.jpg",360,320,true],"sow-post-carousel-cards-theme":["https:\/\/site.educa.madrid.org\/cp.antoniofontan.madrid\/\/wp-content\/uploads\/cp.antoniofontan.madrid\/2026\/02\/image-360x240.jpg",360,240,true],"rt_custom":["https:\/\/site.educa.madrid.org\/cp.antoniofontan.madrid\/\/wp-content\/uploads\/cp.antoniofontan.madrid\/2026\/02\/image.jpg",2300,320,false]},"rttpg_author":{"display_name":"Cuenta Compdigedu cp antoniofontan madrid","author_link":"https:\/\/site.educa.madrid.org\/cp.antoniofontan.madrid\/index.php\/author\/cuenta_compdigedu-cp-antoniofontan-madrid\/"},"rttpg_comment":0,"rttpg_category":false,"rttpg_excerpt":"Metodolog\u00edas Activas: El Alumno como Protagonistaas al Mundo En el CEIP Antonio Font\u00e1n, entendemos el aprendizaje como un proceso de construcci\u00f3n personal donde el alumnado no es un mero receptor, ...","post_mailing_queue_ids":[],"_links":{"self":[{"href":"https:\/\/site.educa.madrid.org\/cp.antoniofontan.madrid\/index.php\/wp-json\/wp\/v2\/pages\/1714","targetHints":{"allow":["GET"]}}],"collection":[{"href":"https:\/\/site.educa.madrid.org\/cp.antoniofontan.madrid\/index.php\/wp-json\/wp\/v2\/pages"}],"about":[{"href":"https:\/\/site.educa.madrid.org\/cp.antoniofontan.madrid\/index.php\/wp-json\/wp\/v2\/types\/page"}],"author":[{"embeddable":true,"href":"https:\/\/site.educa.madrid.org\/cp.antoniofontan.madrid\/index.php\/wp-json\/wp\/v2\/users\/14"}],"replies":[{"embeddable":true,"href":"https:\/\/site.educa.madrid.org\/cp.antoniofontan.madrid\/index.php\/wp-json\/wp\/v2\/comments?post=1714"}],"version-history":[{"count":1,"href":"https:\/\/site.educa.madrid.org\/cp.antoniofontan.madrid\/index.php\/wp-json\/wp\/v2\/pages\/1714\/revisions"}],"predecessor-version":[{"id":1718,"href":"https:\/\/site.educa.madrid.org\/cp.antoniofontan.madrid\/index.php\/wp-json\/wp\/v2\/pages\/1714\/revisions\/1718"}],"wp:featuredmedia":[{"embeddable":true,"href":"https:\/\/site.educa.madrid.org\/cp.antoniofontan.madrid\/index.php\/wp-json\/wp\/v2\/media\/894"}],"wp:attachment":[{"href":"https:\/\/site.educa.madrid.org\/cp.antoniofontan.madrid\/index.php\/wp-json\/wp\/v2\/media?parent=1714"}],"wp:term":[{"taxonomy":"folder","embeddable":true,"href":"https:\/\/site.educa.madrid.org\/cp.antoniofontan.madrid\/index.php\/wp-json\/wp\/v2\/folder?post=1714"}],"curies":[{"name":"wp","href":"https:\/\/api.w.org\/{rel}","templated":true}]}}