{"id":1719,"date":"2026-03-08T17:37:13","date_gmt":"2026-03-08T16:37:13","guid":{"rendered":"https:\/\/site.educa.madrid.org\/cp.antoniofontan.madrid\/?page_id=1719"},"modified":"2026-03-08T17:37:14","modified_gmt":"2026-03-08T16:37:14","slug":"inclusion-y-atencion-ep","status":"publish","type":"page","link":"https:\/\/site.educa.madrid.org\/cp.antoniofontan.madrid\/index.php\/inclusion-y-atencion-ep\/","title":{"rendered":"inclusi\u00f3n y atencion EP"},"content":{"rendered":"\n<div style=\"margin-top: -90px;\">\n    \n<\/div>\n\n\n\n<div style=\"height:50px\" aria-hidden=\"true\" class=\"wp-block-spacer\"><\/div>\n\n\n\n<h2 class=\"wp-block-heading has-text-align-center has-text-color has-link-color wp-elements-d300d7fb09bcfdc5ac19226205c4feb3\" style=\"color:#385d9b\"><strong><strong><strong><strong><strong><strong><strong><strong>Inclusi\u00f3n y Atenci\u00f3n a la Diversidad: Un Compromiso con Cada Alumno<\/strong><\/strong><\/strong><\/strong><\/strong><\/strong><\/strong><\/strong><\/h2>\n\n\n\n<div style=\"height:50px\" aria-hidden=\"true\" class=\"wp-block-spacer\"><\/div>\n\n\n<div class=\"paragraph is-rich-chat-ui normal ng-star-inserted\" data-start-index=\"288\"><span class=\"ng-star-inserted\" data-start-index=\"288\">En el CEIP Antonio Font\u00e1n, entendemos la <\/span><b class=\"ng-star-inserted\" data-start-index=\"329\">Atenci\u00f3n a la Diversidad<\/b><span class=\"ng-star-inserted\" data-start-index=\"353\"> como el conjunto de acciones educativas destinadas a prevenir y dar respuesta a las necesidades de todo nuestro alumnado<\/span><span class=\"ng-star-inserted\" data-start-index=\"474\">. Nuestra identidad es la de un centro <\/span><b class=\"ng-star-inserted\" data-start-index=\"513\">p\u00fablico, democr\u00e1tico, integral e integrador<\/b><span class=\"ng-star-inserted\" data-start-index=\"556\">, donde la variabilidad de capacidades y ritmos de maduraci\u00f3n es el punto de partida para adecuar nuestra respuesta pedag\u00f3gica<\/span><span class=\"ng-star-inserted\" data-start-index=\"682\">.<\/span><\/div>\n<div data-start-index=\"288\">\u00a0<\/div>\n<div class=\"paragraph is-rich-chat-ui heading4 ng-star-inserted\" role=\"heading\" data-start-index=\"683\" aria-level=\"4\"><b class=\"ng-star-inserted\" data-start-index=\"683\">Centro de Escolarizaci\u00f3n Preferente TEA<\/b><\/div>\n<div role=\"heading\" data-start-index=\"683\" aria-level=\"4\">\u00a0<\/div>\n<div class=\"paragraph is-rich-chat-ui normal ng-star-inserted\" data-start-index=\"722\"><span class=\"ng-star-inserted\" data-start-index=\"722\">Desde el curso 2017-18, somos un colegio de atenci\u00f3n preferente para alumnos con Necesidades Educativas Especiales derivadas de <\/span><b class=\"ng-star-inserted\" data-start-index=\"850\">Trastorno del Espectro Autista (TEA)<\/b><span class=\"ng-star-inserted\" data-start-index=\"886\">.<\/span><\/div>\n<ul class=\"ng-star-inserted\">\n<li class=\"paragraph list-item is-rich-chat-ui normal ng-star-inserted\" data-start-index=\"887\"><b class=\"ng-star-inserted\" data-start-index=\"887\">Aula Arco\u00edris:<\/b><span class=\"ng-star-inserted\" data-start-index=\"901\"> Situada en la zona de Primaria, es un aula de <\/span><b class=\"ng-star-inserted\" data-start-index=\"948\">apoyo extenso<\/b><span class=\"ng-star-inserted\" data-start-index=\"961\"> configurada como un entorno abierto<\/span><span class=\"ng-star-inserted\" data-start-index=\"997\">.<\/span><\/li>\n<li class=\"paragraph list-item is-rich-chat-ui normal ng-star-inserted\" data-start-index=\"998\"><b class=\"ng-star-inserted\" data-start-index=\"998\">Modelo de Inclusi\u00f3n:<\/b><span class=\"ng-star-inserted\" data-start-index=\"1018\"> El alumnado TEA cuenta con un aula de referencia ordinaria y acude al Aula Arco\u00edris para trabajar aspectos espec\u00edficos de <\/span><b class=\"ng-star-inserted\" data-start-index=\"1141\">socializaci\u00f3n, autonom\u00eda y comunicaci\u00f3n<\/b><span class=\"ng-star-inserted\" data-start-index=\"1180\">.<\/span><\/li>\n<li class=\"paragraph list-item is-rich-chat-ui normal ng-star-inserted\" data-start-index=\"1181\"><b class=\"ng-star-inserted\" data-start-index=\"1181\">Entornos Predictibles:<\/b><span class=\"ng-star-inserted\" data-start-index=\"1203\"> Utilizamos apoyos visuales, agendas, guiones sociales y pictogramas para que el alumno se sienta seguro y pueda anticipar los acontecimientos diarios<\/span><span class=\"ng-star-inserted\" data-start-index=\"1353\">.<\/span><\/li>\n<li class=\"paragraph list-item is-rich-chat-ui normal ng-star-inserted\" data-start-index=\"1354\"><b class=\"ng-star-inserted\" data-start-index=\"1354\">Accesibilidad Cognitiva:<\/b><span class=\"ng-star-inserted\" data-start-index=\"1378\"> Todo el claustro trabaja en la se\u00f1alizaci\u00f3n del centro y la creaci\u00f3n de materiales que faciliten la comprensi\u00f3n del entorno para todos los ni\u00f1os y ni\u00f1as<\/span><span class=\"ng-star-inserted\" data-start-index=\"1531\">.<\/span><\/li>\n<\/ul>\n<div class=\"paragraph is-rich-chat-ui heading4 ng-star-inserted\" role=\"heading\" data-start-index=\"1532\" aria-level=\"4\"><b class=\"ng-star-inserted\" data-start-index=\"1532\">Taller de Investigaci\u00f3n: Potenciando el Talento<\/b><\/div>\n<div role=\"heading\" data-start-index=\"1532\" aria-level=\"4\">\u00a0<\/div>\n<div class=\"paragraph is-rich-chat-ui normal ng-star-inserted\" data-start-index=\"1579\"><span class=\"ng-star-inserted\" data-start-index=\"1579\">Ofrecemos una respuesta educativa espec\u00edfica para los alumnos con <\/span><b class=\"ng-star-inserted\" data-start-index=\"1645\">Altas Capacidades Intelectuales<\/b><span class=\"ng-star-inserted\" data-start-index=\"1676\"> y aquellos que forman parte de la \u00abcantera del talento\u00bb<\/span><span class=\"ng-star-inserted\" data-start-index=\"1732\">.<\/span><\/div>\n<ul class=\"ng-star-inserted\">\n<li class=\"paragraph list-item is-rich-chat-ui normal ng-star-inserted\" data-start-index=\"1733\"><b class=\"ng-star-inserted\" data-start-index=\"1733\">Aula Maravillas:<\/b><span class=\"ng-star-inserted\" data-start-index=\"1749\"> Es el espacio f\u00edsico dedicado a los desdobles y talleres donde se desarrollan estos proyectos enriquecedores<\/span><span class=\"ng-star-inserted\" data-start-index=\"1858\">.<\/span><\/li>\n<li class=\"paragraph list-item is-rich-chat-ui normal ng-star-inserted\" data-start-index=\"1859\"><b class=\"ng-star-inserted\" data-start-index=\"1859\">Metodolog\u00eda de Enriquecimiento:<\/b><span class=\"ng-star-inserted\" data-start-index=\"1890\"> Se promueve la motivaci\u00f3n hacia el conocimiento a trav\u00e9s de experiencias de aprendizaje adaptadas a sus intereses, garantizando su <\/span><b class=\"ng-star-inserted\" data-start-index=\"2022\">desarrollo emocional y social<\/b><span class=\"ng-star-inserted\" data-start-index=\"2051\"> en un clima positivo<\/span><span class=\"ng-star-inserted\" data-start-index=\"2072\">.<\/span><\/li>\n<li class=\"paragraph list-item is-rich-chat-ui normal ng-star-inserted\" data-start-index=\"2073\"><b class=\"ng-star-inserted\" data-start-index=\"2073\">Agrupamientos:<\/b><span class=\"ng-star-inserted\" data-start-index=\"2087\"> Se realizan talleres semanales internivelares que permiten a alumnos de diferentes cursos colaborar en retos intelectuales complejos<\/span><span class=\"ng-star-inserted\" data-start-index=\"2220\">.<\/span><\/li>\n<\/ul>\n<div class=\"paragraph is-rich-chat-ui heading4 ng-star-inserted\" role=\"heading\" data-start-index=\"2221\" aria-level=\"4\"><b class=\"ng-star-inserted\" data-start-index=\"2221\">Plan Incluyo: Respuestas a Medida<\/b><\/div>\n<div role=\"heading\" data-start-index=\"2221\" aria-level=\"4\">\u00a0<\/div>\n<div class=\"paragraph is-rich-chat-ui normal ng-star-inserted\" data-start-index=\"2254\"><span class=\"ng-star-inserted\" data-start-index=\"2254\">Es nuestro marco de acci\u00f3n para coordinar todas las medidas de apoyo, ya sean ordinarias o extraordinarias<\/span><span class=\"ng-star-inserted\" data-start-index=\"2360\">.<\/span><\/div>\n<ul class=\"ng-star-inserted\">\n<li class=\"paragraph list-item is-rich-chat-ui normal ng-star-inserted\" data-start-index=\"2361\"><b class=\"ng-star-inserted\" data-start-index=\"2361\">Coordinaci\u00f3n Especializada:<\/b><span class=\"ng-star-inserted\" data-start-index=\"2388\"> El profesorado trabaja en estrecha relaci\u00f3n con el <\/span><b class=\"ng-star-inserted\" data-start-index=\"2440\">Equipo de Orientaci\u00f3n (EOEP)<\/b><span class=\"ng-star-inserted\" data-start-index=\"2468\">, compuesto por orientadora y trabajadora social, que asiste al centro para asesorar en la detecci\u00f3n de dificultades<\/span><span class=\"ng-star-inserted\" data-start-index=\"2584\">.<\/span><\/li>\n<li class=\"paragraph list-item is-rich-chat-ui normal ng-star-inserted\" data-start-index=\"2585\"><b class=\"ng-star-inserted\" data-start-index=\"2585\">Adaptaciones Personalizadas:<\/b><span class=\"ng-star-inserted\" data-start-index=\"2613\"> Elaboramos y evaluamos peri\u00f3dicamente las <\/span><b class=\"ng-star-inserted\" data-start-index=\"2656\">Adaptaciones Curriculares Individualizadas (ACIS)<\/b><span class=\"ng-star-inserted\" data-start-index=\"2705\"> y los planes para alumnos con necesidades de compensaci\u00f3n educativa<\/span><span class=\"ng-star-inserted\" data-start-index=\"2773\">.<\/span><\/li>\n<li class=\"paragraph list-item is-rich-chat-ui normal ng-star-inserted\" data-start-index=\"2774\"><b class=\"ng-star-inserted\" data-start-index=\"2774\">Prioridad en el Apoyo:<\/b><span class=\"ng-star-inserted\" data-start-index=\"2796\"> Los apoyos ordinarios se priorizan en los cursos de <\/span><b class=\"ng-star-inserted\" data-start-index=\"2849\">1\u00ba y 2\u00ba de Primaria<\/b><span class=\"ng-star-inserted\" data-start-index=\"2868\"> para asentar las bases del aprendizaje de forma s\u00f3lida<\/span><span class=\"ng-star-inserted\" data-start-index=\"2923\">.<\/span><\/li>\n<li class=\"paragraph list-item is-rich-chat-ui normal ng-star-inserted\" data-start-index=\"2924\"><b class=\"ng-star-inserted\" data-start-index=\"2924\">Equipo Multidisciplinar:<\/b><span class=\"ng-star-inserted\" data-start-index=\"2948\"> Contamos con especialistas en <\/span><b class=\"ng-star-inserted\" data-start-index=\"2979\">Pedagog\u00eda Terap\u00e9utica (PT)<\/b><span class=\"ng-star-inserted\" data-start-index=\"3005\">, <\/span><b class=\"ng-star-inserted\" data-start-index=\"3007\">Audici\u00f3n y Lenguaje (AL)<\/b><span class=\"ng-star-inserted\" data-start-index=\"3031\">, fisioterapeuta y <\/span><b class=\"ng-star-inserted\" data-start-index=\"3050\">T\u00e9cnicos de Integraci\u00f3n Social (TIS)<\/b><span class=\"ng-star-inserted\" data-start-index=\"3086\"> que colaboran diariamente con los tutores<\/span><span class=\"ng-star-inserted\" data-start-index=\"3128\">.<\/span><\/li>\n<\/ul>\n<div class=\"paragraph is-rich-chat-ui heading4 ng-star-inserted\" role=\"heading\" data-start-index=\"3129\" aria-level=\"4\"><b class=\"ng-star-inserted\" data-start-index=\"3129\">Igualdad y Convivencia<\/b><\/div>\n<div role=\"heading\" data-start-index=\"3129\" aria-level=\"4\">\u00a0<\/div>\n<div class=\"paragraph is-rich-chat-ui normal ng-star-inserted\" data-start-index=\"3151\"><span class=\"ng-star-inserted\" data-start-index=\"3151\">La inclusi\u00f3n no es solo acad\u00e9mica, sino tambi\u00e9n social. Por ello, implementamos el programa de <\/span><b class=\"ng-star-inserted\" data-start-index=\"3246\">Ayudante Tutor<\/b><span class=\"ng-star-inserted\" data-start-index=\"3260\"> y actividades de sensibilizaci\u00f3n en las aulas ordinarias para imprimir una huella de respeto y valoraci\u00f3n de las diferencias en toda nuestra comunidad escolar<\/span><span class=\"ng-star-inserted\" data-start-index=\"3419\">.<\/span><\/div>\n\n\n<div style=\"height:50px\" aria-hidden=\"true\" class=\"wp-block-spacer\"><\/div>\n\n\n\n<p><\/p>\n","protected":false},"excerpt":{"rendered":"<p>Inclusi\u00f3n y Atenci\u00f3n a la Diversidad: Un Compromiso con Cada Alumno En el CEIP Antonio Font\u00e1n, entendemos la Atenci\u00f3n a la Diversidad como el conjunto de acciones educativas destinadas a &#8230;<\/p>\n","protected":false},"author":14,"featured_media":894,"parent":0,"menu_order":0,"comment_status":"closed","ping_status":"closed","template":"template-fullwidth.php","meta":{"footnotes":""},"folder":[],"class_list":["post-1719","page","type-page","status-publish","has-post-thumbnail","hentry"],"rttpg_featured_image_url":{"full":["https:\/\/site.educa.madrid.org\/cp.antoniofontan.madrid\/\/wp-content\/uploads\/cp.antoniofontan.madrid\/2026\/02\/image.jpg",2300,320,false],"landscape":["https:\/\/site.educa.madrid.org\/cp.antoniofontan.madrid\/\/wp-content\/uploads\/cp.antoniofontan.madrid\/2026\/02\/image.jpg",2300,320,false],"portraits":["https:\/\/site.educa.madrid.org\/cp.antoniofontan.madrid\/\/wp-content\/uploads\/cp.antoniofontan.madrid\/2026\/02\/image.jpg",2300,320,false],"thumbnail":["https:\/\/site.educa.madrid.org\/cp.antoniofontan.madrid\/\/wp-content\/uploads\/cp.antoniofontan.madrid\/2026\/02\/image-150x150.jpg",150,150,true],"medium":["https:\/\/site.educa.madrid.org\/cp.antoniofontan.madrid\/\/wp-content\/uploads\/cp.antoniofontan.madrid\/2026\/02\/image-300x42.jpg",300,42,true],"large":["https:\/\/site.educa.madrid.org\/cp.antoniofontan.madrid\/\/wp-content\/uploads\/cp.antoniofontan.madrid\/2026\/02\/image-1024x142.jpg",800,111,true],"thumblist":["https:\/\/site.educa.madrid.org\/cp.antoniofontan.madrid\/\/wp-content\/uploads\/cp.antoniofontan.madrid\/2026\/02\/image-300x300.jpg",300,300,true],"thumbrelated":["https:\/\/site.educa.madrid.org\/cp.antoniofontan.madrid\/\/wp-content\/uploads\/cp.antoniofontan.madrid\/2026\/02\/image-500x320.jpg",500,320,true],"meccarouselthumb":["https:\/\/site.educa.madrid.org\/cp.antoniofontan.madrid\/\/wp-content\/uploads\/cp.antoniofontan.madrid\/2026\/02\/image-474x320.jpg",474,320,true],"gridsquare":["https:\/\/site.educa.madrid.org\/cp.antoniofontan.madrid\/\/wp-content\/uploads\/cp.antoniofontan.madrid\/2026\/02\/image-391x260.jpg",391,260,true],"tileview":["https:\/\/site.educa.madrid.org\/cp.antoniofontan.madrid\/\/wp-content\/uploads\/cp.antoniofontan.madrid\/2026\/02\/image-300x320.jpg",300,320,true],"1536x1536":["https:\/\/site.educa.madrid.org\/cp.antoniofontan.madrid\/\/wp-content\/uploads\/cp.antoniofontan.madrid\/2026\/02\/image-1536x214.jpg",1536,214,true],"2048x2048":["https:\/\/site.educa.madrid.org\/cp.antoniofontan.madrid\/\/wp-content\/uploads\/cp.antoniofontan.madrid\/2026\/02\/image-2048x285.jpg",2048,285,true],"onepress-blog-small":["https:\/\/site.educa.madrid.org\/cp.antoniofontan.madrid\/\/wp-content\/uploads\/cp.antoniofontan.madrid\/2026\/02\/image-300x150.jpg",300,150,true],"onepress-small":["https:\/\/site.educa.madrid.org\/cp.antoniofontan.madrid\/\/wp-content\/uploads\/cp.antoniofontan.madrid\/2026\/02\/image-480x300.jpg",480,300,true],"onepress-medium":["https:\/\/site.educa.madrid.org\/cp.antoniofontan.madrid\/\/wp-content\/uploads\/cp.antoniofontan.madrid\/2026\/02\/image-640x320.jpg",640,320,true],"sow-carousel-default":["https:\/\/site.educa.madrid.org\/cp.antoniofontan.madrid\/\/wp-content\/uploads\/cp.antoniofontan.madrid\/2026\/02\/image-272x182.jpg",272,182,true],"sow-post-carousel-overlay-theme":["https:\/\/site.educa.madrid.org\/cp.antoniofontan.madrid\/\/wp-content\/uploads\/cp.antoniofontan.madrid\/2026\/02\/image-360x320.jpg",360,320,true],"sow-post-carousel-cards-theme":["https:\/\/site.educa.madrid.org\/cp.antoniofontan.madrid\/\/wp-content\/uploads\/cp.antoniofontan.madrid\/2026\/02\/image-360x240.jpg",360,240,true],"rt_custom":["https:\/\/site.educa.madrid.org\/cp.antoniofontan.madrid\/\/wp-content\/uploads\/cp.antoniofontan.madrid\/2026\/02\/image.jpg",2300,320,false]},"rttpg_author":{"display_name":"Cuenta Compdigedu cp antoniofontan madrid","author_link":"https:\/\/site.educa.madrid.org\/cp.antoniofontan.madrid\/index.php\/author\/cuenta_compdigedu-cp-antoniofontan-madrid\/"},"rttpg_comment":0,"rttpg_category":false,"rttpg_excerpt":"Inclusi\u00f3n y Atenci\u00f3n a la Diversidad: Un Compromiso con Cada Alumno En el CEIP Antonio Font\u00e1n, entendemos la Atenci\u00f3n a la Diversidad como el conjunto de acciones educativas destinadas a ...","post_mailing_queue_ids":[],"_links":{"self":[{"href":"https:\/\/site.educa.madrid.org\/cp.antoniofontan.madrid\/index.php\/wp-json\/wp\/v2\/pages\/1719","targetHints":{"allow":["GET"]}}],"collection":[{"href":"https:\/\/site.educa.madrid.org\/cp.antoniofontan.madrid\/index.php\/wp-json\/wp\/v2\/pages"}],"about":[{"href":"https:\/\/site.educa.madrid.org\/cp.antoniofontan.madrid\/index.php\/wp-json\/wp\/v2\/types\/page"}],"author":[{"embeddable":true,"href":"https:\/\/site.educa.madrid.org\/cp.antoniofontan.madrid\/index.php\/wp-json\/wp\/v2\/users\/14"}],"replies":[{"embeddable":true,"href":"https:\/\/site.educa.madrid.org\/cp.antoniofontan.madrid\/index.php\/wp-json\/wp\/v2\/comments?post=1719"}],"version-history":[{"count":1,"href":"https:\/\/site.educa.madrid.org\/cp.antoniofontan.madrid\/index.php\/wp-json\/wp\/v2\/pages\/1719\/revisions"}],"predecessor-version":[{"id":1723,"href":"https:\/\/site.educa.madrid.org\/cp.antoniofontan.madrid\/index.php\/wp-json\/wp\/v2\/pages\/1719\/revisions\/1723"}],"wp:featuredmedia":[{"embeddable":true,"href":"https:\/\/site.educa.madrid.org\/cp.antoniofontan.madrid\/index.php\/wp-json\/wp\/v2\/media\/894"}],"wp:attachment":[{"href":"https:\/\/site.educa.madrid.org\/cp.antoniofontan.madrid\/index.php\/wp-json\/wp\/v2\/media?parent=1719"}],"wp:term":[{"taxonomy":"folder","embeddable":true,"href":"https:\/\/site.educa.madrid.org\/cp.antoniofontan.madrid\/index.php\/wp-json\/wp\/v2\/folder?post=1719"}],"curies":[{"name":"wp","href":"https:\/\/api.w.org\/{rel}","templated":true}]}}