{"id":1724,"date":"2026-03-08T17:41:12","date_gmt":"2026-03-08T16:41:12","guid":{"rendered":"https:\/\/site.educa.madrid.org\/cp.antoniofontan.madrid\/?page_id=1724"},"modified":"2026-03-08T17:41:13","modified_gmt":"2026-03-08T16:41:13","slug":"convivencia","status":"publish","type":"page","link":"https:\/\/site.educa.madrid.org\/cp.antoniofontan.madrid\/index.php\/convivencia\/","title":{"rendered":"convivencia EP"},"content":{"rendered":"\n<div style=\"margin-top: -90px;\">\n    \n<\/div>\n\n\n\n<div style=\"height:50px\" aria-hidden=\"true\" class=\"wp-block-spacer\"><\/div>\n\n\n\n<h2 class=\"wp-block-heading has-text-align-center has-text-color has-link-color wp-elements-1f928ec3aa6215f090f8ef68014faffc\" style=\"color:#385d9b\"><strong><strong><strong><strong><strong><strong><strong><strong><strong>Convivencia, Participaci\u00f3n y Tr\u00e1nsito a Secundaria: Creciendo como Ciudadanos<\/strong><\/strong><\/strong><\/strong><\/strong><\/strong><\/strong><\/strong><\/strong><\/h2>\n\n\n\n<div style=\"height:50px\" aria-hidden=\"true\" class=\"wp-block-spacer\"><\/div>\n\n\n<div class=\"paragraph is-rich-chat-ui normal ng-star-inserted\" data-start-index=\"316\"><span class=\"ng-star-inserted\" data-start-index=\"316\">En el CEIP Antonio Font\u00e1n, la convivencia no se entiende como una serie de actividades aisladas, sino como un eje vertebrador que permite al alumnado desarrollarse integralmente en un entorno de seguridad, respeto y confianza<\/span><span class=\"ng-star-inserted\" data-start-index=\"541\">. Nuestro objetivo es que los alumnos no solo adquieran conocimientos, sino que aprendan a <\/span><b class=\"ng-star-inserted\" data-start-index=\"632\">convivir y a participar activamente<\/b><span class=\"ng-star-inserted\" data-start-index=\"667\"> en su comunidad<\/span><span class=\"ng-star-inserted\" data-start-index=\"683\">.<\/span><\/div>\n<div data-start-index=\"316\">\u00a0<\/div>\n<div class=\"paragraph is-rich-chat-ui heading4 ng-star-inserted\" role=\"heading\" data-start-index=\"684\" aria-level=\"4\"><b class=\"ng-star-inserted\" data-start-index=\"684\">Plan de Patios: Mucho m\u00e1s que un Recreo<\/b><\/div>\n<div role=\"heading\" data-start-index=\"684\" aria-level=\"4\">\u00a0<\/div>\n<div class=\"paragraph is-rich-chat-ui normal ng-star-inserted\" data-start-index=\"723\"><span class=\"ng-star-inserted\" data-start-index=\"723\">Entendemos el tiempo de recreo como un espacio fundamental para la socializaci\u00f3n y el aprendizaje a trav\u00e9s del juego<\/span><span class=\"ng-star-inserted\" data-start-index=\"839\">. Por ello, contamos con un <\/span><b class=\"ng-star-inserted\" data-start-index=\"867\">Plan de Dinamizaci\u00f3n de Patios<\/b><span class=\"ng-star-inserted\" data-start-index=\"897\"> dise\u00f1ado para fomentar la inclusi\u00f3n y resolver conflictos de forma pac\u00edfica<\/span><span class=\"ng-star-inserted\" data-start-index=\"973\">.<\/span><\/div>\n<ul class=\"ng-star-inserted\">\n<li class=\"paragraph list-item is-rich-chat-ui normal ng-star-inserted\" data-start-index=\"974\"><b class=\"ng-star-inserted\" data-start-index=\"974\">Oferta de Actividades:<\/b><span class=\"ng-star-inserted\" data-start-index=\"996\"> Organizamos torneos de f\u00fatbol, baloncesto, b\u00e1dminton y voley, adem\u00e1s de rescatar juegos tradicionales como la comba, las chapas o las peonzas<\/span><button class=\"xap-inline-dialog citation-marker ng-star-inserted\" aria-haspopup=\"dialog\" aria-describedby=\"cdk-describedby-message-ng-1-16\" data-disabled=\"false\"><\/button><span class=\"ng-star-inserted\" data-start-index=\"1138\">.<\/span><\/li>\n<li class=\"paragraph list-item is-rich-chat-ui normal ng-star-inserted\" data-start-index=\"1139\"><b class=\"ng-star-inserted\" data-start-index=\"1139\">Patrullas de 6\u00ba:<\/b><span class=\"ng-star-inserted\" data-start-index=\"1155\"> Los alumnos de sexto curso asumen una responsabilidad especial formando la <\/span><b class=\"ng-star-inserted\" data-start-index=\"1231\">Patrulla Deportiva<\/b><span class=\"ng-star-inserted\" data-start-index=\"1249\"> y la <\/span><b class=\"ng-star-inserted\" data-start-index=\"1255\">Patrulla de Juego<\/b><span class=\"ng-star-inserted\" data-start-index=\"1272\">, colaborando con los profesores de Educaci\u00f3n F\u00edsica en la organizaci\u00f3n de las actividades y torneos<\/span><span class=\"ng-star-inserted\" data-start-index=\"1372\">.<\/span><\/li>\n<li class=\"paragraph list-item is-rich-chat-ui normal ng-star-inserted\" data-start-index=\"1373\"><b class=\"ng-star-inserted\" data-start-index=\"1373\">Enfermer\u00eda del Coraz\u00f3n:<\/b><span class=\"ng-star-inserted\" data-start-index=\"1396\"> Es una iniciativa pionera de mediaci\u00f3n entre iguales donde los alumnos cuentan con un espacio para la <\/span><b class=\"ng-star-inserted\" data-start-index=\"1499\">gesti\u00f3n emocional<\/b><span class=\"ng-star-inserted\" data-start-index=\"1516\"> y la resoluci\u00f3n de peque\u00f1os conflictos relacionales que surgen durante el juego<\/span><span class=\"ng-star-inserted\" data-start-index=\"1596\">.<\/span><\/li>\n<li class=\"paragraph list-item is-rich-chat-ui normal ng-star-inserted\" data-start-index=\"1597\"><b class=\"ng-star-inserted\" data-start-index=\"1597\">Inclusi\u00f3n:<\/b><span class=\"ng-star-inserted\" data-start-index=\"1607\"> El <\/span><b class=\"ng-star-inserted\" data-start-index=\"1611\">Aula Arco\u00edris<\/b><span class=\"ng-star-inserted\" data-start-index=\"1624\"> dinamiza juegos dirigidos para asegurar que todo el alumnado, especialmente aquellos con TEA, participe plenamente de este tiempo de ocio<\/span><span class=\"ng-star-inserted\" data-start-index=\"1762\">.<\/span><\/li>\n<\/ul>\n<div class=\"paragraph is-rich-chat-ui heading4 ng-star-inserted\" role=\"heading\" data-start-index=\"1763\" aria-level=\"4\"><b class=\"ng-star-inserted\" data-start-index=\"1763\">Participaci\u00f3n del Alumnado: La Voz de los Ni\u00f1os<\/b><\/div>\n<div role=\"heading\" data-start-index=\"1763\" aria-level=\"4\">\u00a0<\/div>\n<div class=\"paragraph is-rich-chat-ui normal ng-star-inserted\" data-start-index=\"1810\"><span class=\"ng-star-inserted\" data-start-index=\"1810\">Fomentamos una gesti\u00f3n participativa donde los alumnos son protagonistas de la mejora de su colegio<\/span><span class=\"ng-star-inserted\" data-start-index=\"1909\">.<\/span><\/div>\n<ul class=\"ng-star-inserted\">\n<li class=\"paragraph list-item is-rich-chat-ui normal ng-star-inserted\" data-start-index=\"1910\"><b class=\"ng-star-inserted\" data-start-index=\"1910\">Junta de Delegados:<\/b><span class=\"ng-star-inserted\" data-start-index=\"1929\"> A partir de <\/span><b class=\"ng-star-inserted\" data-start-index=\"1942\">4\u00ba de Primaria<\/b><span class=\"ng-star-inserted\" data-start-index=\"1956\">, cada clase elige a sus representantes, quienes se re\u00fanen mensualmente con la <\/span><b class=\"ng-star-inserted\" data-start-index=\"2035\">Coordinadora de Bienestar<\/b><span class=\"ng-star-inserted\" data-start-index=\"2060\"> y el equipo directivo<\/span><span class=\"ng-star-inserted\" data-start-index=\"2082\">.<\/span><\/li>\n<li class=\"paragraph list-item is-rich-chat-ui normal ng-star-inserted\" data-start-index=\"2083\"><b class=\"ng-star-inserted\" data-start-index=\"2083\">Buz\u00f3n de Sugerencias:<\/b><span class=\"ng-star-inserted\" data-start-index=\"2104\"> Cada aula dispone de un buz\u00f3n donde el alumnado puede depositar sus quejas, necesidades o propuestas de mejora para ser tratadas en las juntas<\/span><span class=\"ng-star-inserted\" data-start-index=\"2247\">.<\/span><\/li>\n<li class=\"paragraph list-item is-rich-chat-ui normal ng-star-inserted\" data-start-index=\"2248\"><b class=\"ng-star-inserted\" data-start-index=\"2248\">Panel Informativo:<\/b><span class=\"ng-star-inserted\" data-start-index=\"2266\"> Los acuerdos alcanzados en estas reuniones se exponen en un panel espec\u00edfico a la entrada del edificio, junto a las fotograf\u00edas de los delegados, para dar transparencia a su labor<\/span><span class=\"ng-star-inserted\" data-start-index=\"2446\">.<\/span><\/li>\n<\/ul>\n<div class=\"paragraph is-rich-chat-ui heading4 ng-star-inserted\" role=\"heading\" data-start-index=\"2447\" aria-level=\"4\"><b class=\"ng-star-inserted\" data-start-index=\"2447\">Tr\u00e1nsito a la ESO: Un Salto Seguro<\/b><\/div>\n<div role=\"heading\" data-start-index=\"2447\" aria-level=\"4\">\u00a0<\/div>\n<div class=\"paragraph is-rich-chat-ui normal ng-star-inserted\" data-start-index=\"2481\"><span class=\"ng-star-inserted\" data-start-index=\"2481\">Preparamos con especial cuidado el paso de nuestros alumnos de 6\u00ba de Primaria hacia la etapa de Educaci\u00f3n Secundaria Obligatoria (ESO), asegurando una transici\u00f3n arm\u00f3nica<\/span><span class=\"ng-star-inserted\" data-start-index=\"2651\">.<\/span><\/div>\n<ul class=\"ng-star-inserted\">\n<li class=\"paragraph list-item is-rich-chat-ui normal ng-star-inserted\" data-start-index=\"2652\"><b class=\"ng-star-inserted\" data-start-index=\"2652\">Metodolog\u00eda Pre-Secundaria:<\/b><span class=\"ng-star-inserted\" data-start-index=\"2679\"> En el \u00faltimo curso de Primaria, se potencia una metodolog\u00eda orientada al <\/span><b class=\"ng-star-inserted\" data-start-index=\"2753\">estudio aut\u00f3nomo<\/b><span class=\"ng-star-inserted\" data-start-index=\"2769\">, la investigaci\u00f3n y el trabajo en grupo, alej\u00e1ndose del aprendizaje puramente repetitivo<\/span><span class=\"ng-star-inserted\" data-start-index=\"2858\">.<\/span><\/li>\n<li class=\"paragraph list-item is-rich-chat-ui normal ng-star-inserted\" data-start-index=\"2859\"><b class=\"ng-star-inserted\" data-start-index=\"2859\">Organizaci\u00f3n y Autonom\u00eda:<\/b><span class=\"ng-star-inserted\" data-start-index=\"2884\"> Se realiza un trabajo sistem\u00e1tico con la <\/span><b class=\"ng-star-inserted\" data-start-index=\"2926\">agenda escolar<\/b><span class=\"ng-star-inserted\" data-start-index=\"2940\"> para que el alumnado interiorice la gesti\u00f3n del tiempo y la anticipaci\u00f3n<\/span><span class=\"ng-star-inserted\" data-start-index=\"3013\">.<\/span><\/li>\n<li class=\"paragraph list-item is-rich-chat-ui normal ng-star-inserted\" data-start-index=\"3014\"><b class=\"ng-star-inserted\" data-start-index=\"3014\">Acompa\u00f1amiento a Familias:<\/b><span class=\"ng-star-inserted\" data-start-index=\"3040\"> Realizamos reuniones espec\u00edficas en el segundo y tercer trimestre para explicar el proceso de reserva de plaza, las diferencias entre el colegio y el instituto, y ofrecemos charlas sobre la <\/span><b class=\"ng-star-inserted\" data-start-index=\"3231\">adolescencia<\/b><span class=\"ng-star-inserted\" data-start-index=\"3243\"> impartidas por el Equipo de Orientaci\u00f3n<\/span><span class=\"ng-star-inserted\" data-start-index=\"3283\">.<\/span><\/li>\n<li class=\"paragraph list-item is-rich-chat-ui normal ng-star-inserted\" data-start-index=\"3284\"><b class=\"ng-star-inserted\" data-start-index=\"3284\">Jornadas de Encuentro:<\/b><span class=\"ng-star-inserted\" data-start-index=\"3306\"> Facilitamos visitas a los Institutos (IES) adscritos para que los alumnos conozcan su futuro entorno y profesorado antes de matricularse<\/span><span class=\"ng-star-inserted\" data-start-index=\"3443\">.<\/span><\/li>\n<li class=\"paragraph list-item is-rich-chat-ui normal ng-star-inserted\" data-start-index=\"3444\"><b class=\"ng-star-inserted\" data-start-index=\"3444\">Coordinaci\u00f3n Docente:<\/b><span class=\"ng-star-inserted\" data-start-index=\"3465\"> Nuestros tutores se re\u00fanen con el profesorado de los institutos para traspasar informaci\u00f3n relevante sobre el alumnado con dificultades y garantizar la continuidad de sus adaptaciones curriculares<\/span><span class=\"ng-star-inserted\" data-start-index=\"3662\">.<\/span><\/li>\n<\/ul>\n<div class=\"paragraph is-rich-chat-ui normal ng-star-inserted\" data-start-index=\"3663\"><span class=\"ng-star-inserted\" data-start-index=\"3663\">Con estas actuaciones, el CEIP Antonio Font\u00e1n garantiza que el alumnado finalice su etapa de Primaria con una base s\u00f3lida de <\/span><b class=\"ng-star-inserted\" data-start-index=\"3788\">habilidades sociales, inteligencia emocional y autonom\u00eda acad\u00e9mica<\/b><span class=\"ng-star-inserted\" data-start-index=\"3854\">.<\/span><\/div>\n\n\n<div style=\"height:50px\" aria-hidden=\"true\" class=\"wp-block-spacer\"><\/div>\n\n\n\n<p><\/p>\n","protected":false},"excerpt":{"rendered":"<p>Convivencia, Participaci\u00f3n y Tr\u00e1nsito a Secundaria: Creciendo como Ciudadanos En el CEIP Antonio Font\u00e1n, la convivencia no se entiende como una serie de actividades aisladas, sino como un eje vertebrador &#8230;<\/p>\n","protected":false},"author":14,"featured_media":894,"parent":0,"menu_order":0,"comment_status":"closed","ping_status":"closed","template":"template-fullwidth.php","meta":{"footnotes":""},"folder":[],"class_list":["post-1724","page","type-page","status-publish","has-post-thumbnail","hentry"],"rttpg_featured_image_url":{"full":["https:\/\/site.educa.madrid.org\/cp.antoniofontan.madrid\/\/wp-content\/uploads\/cp.antoniofontan.madrid\/2026\/02\/image.jpg",2300,320,false],"landscape":["https:\/\/site.educa.madrid.org\/cp.antoniofontan.madrid\/\/wp-content\/uploads\/cp.antoniofontan.madrid\/2026\/02\/image.jpg",2300,320,false],"portraits":["https:\/\/site.educa.madrid.org\/cp.antoniofontan.madrid\/\/wp-content\/uploads\/cp.antoniofontan.madrid\/2026\/02\/image.jpg",2300,320,false],"thumbnail":["https:\/\/site.educa.madrid.org\/cp.antoniofontan.madrid\/\/wp-content\/uploads\/cp.antoniofontan.madrid\/2026\/02\/image-150x150.jpg",150,150,true],"medium":["https:\/\/site.educa.madrid.org\/cp.antoniofontan.madrid\/\/wp-content\/uploads\/cp.antoniofontan.madrid\/2026\/02\/image-300x42.jpg",300,42,true],"large":["https:\/\/site.educa.madrid.org\/cp.antoniofontan.madrid\/\/wp-content\/uploads\/cp.antoniofontan.madrid\/2026\/02\/image-1024x142.jpg",800,111,true],"thumblist":["https:\/\/site.educa.madrid.org\/cp.antoniofontan.madrid\/\/wp-content\/uploads\/cp.antoniofontan.madrid\/2026\/02\/image-300x300.jpg",300,300,true],"thumbrelated":["https:\/\/site.educa.madrid.org\/cp.antoniofontan.madrid\/\/wp-content\/uploads\/cp.antoniofontan.madrid\/2026\/02\/image-500x320.jpg",500,320,true],"meccarouselthumb":["https:\/\/site.educa.madrid.org\/cp.antoniofontan.madrid\/\/wp-content\/uploads\/cp.antoniofontan.madrid\/2026\/02\/image-474x320.jpg",474,320,true],"gridsquare":["https:\/\/site.educa.madrid.org\/cp.antoniofontan.madrid\/\/wp-content\/uploads\/cp.antoniofontan.madrid\/2026\/02\/image-391x260.jpg",391,260,true],"tileview":["https:\/\/site.educa.madrid.org\/cp.antoniofontan.madrid\/\/wp-content\/uploads\/cp.antoniofontan.madrid\/2026\/02\/image-300x320.jpg",300,320,true],"1536x1536":["https:\/\/site.educa.madrid.org\/cp.antoniofontan.madrid\/\/wp-content\/uploads\/cp.antoniofontan.madrid\/2026\/02\/image-1536x214.jpg",1536,214,true],"2048x2048":["https:\/\/site.educa.madrid.org\/cp.antoniofontan.madrid\/\/wp-content\/uploads\/cp.antoniofontan.madrid\/2026\/02\/image-2048x285.jpg",2048,285,true],"onepress-blog-small":["https:\/\/site.educa.madrid.org\/cp.antoniofontan.madrid\/\/wp-content\/uploads\/cp.antoniofontan.madrid\/2026\/02\/image-300x150.jpg",300,150,true],"onepress-small":["https:\/\/site.educa.madrid.org\/cp.antoniofontan.madrid\/\/wp-content\/uploads\/cp.antoniofontan.madrid\/2026\/02\/image-480x300.jpg",480,300,true],"onepress-medium":["https:\/\/site.educa.madrid.org\/cp.antoniofontan.madrid\/\/wp-content\/uploads\/cp.antoniofontan.madrid\/2026\/02\/image-640x320.jpg",640,320,true],"sow-carousel-default":["https:\/\/site.educa.madrid.org\/cp.antoniofontan.madrid\/\/wp-content\/uploads\/cp.antoniofontan.madrid\/2026\/02\/image-272x182.jpg",272,182,true],"sow-post-carousel-overlay-theme":["https:\/\/site.educa.madrid.org\/cp.antoniofontan.madrid\/\/wp-content\/uploads\/cp.antoniofontan.madrid\/2026\/02\/image-360x320.jpg",360,320,true],"sow-post-carousel-cards-theme":["https:\/\/site.educa.madrid.org\/cp.antoniofontan.madrid\/\/wp-content\/uploads\/cp.antoniofontan.madrid\/2026\/02\/image-360x240.jpg",360,240,true],"rt_custom":["https:\/\/site.educa.madrid.org\/cp.antoniofontan.madrid\/\/wp-content\/uploads\/cp.antoniofontan.madrid\/2026\/02\/image.jpg",2300,320,false]},"rttpg_author":{"display_name":"Cuenta Compdigedu cp antoniofontan madrid","author_link":"https:\/\/site.educa.madrid.org\/cp.antoniofontan.madrid\/index.php\/author\/cuenta_compdigedu-cp-antoniofontan-madrid\/"},"rttpg_comment":0,"rttpg_category":false,"rttpg_excerpt":"Convivencia, Participaci\u00f3n y Tr\u00e1nsito a Secundaria: Creciendo como Ciudadanos En el CEIP Antonio Font\u00e1n, la convivencia no se entiende como una serie de actividades aisladas, sino como un eje vertebrador ...","post_mailing_queue_ids":[],"_links":{"self":[{"href":"https:\/\/site.educa.madrid.org\/cp.antoniofontan.madrid\/index.php\/wp-json\/wp\/v2\/pages\/1724","targetHints":{"allow":["GET"]}}],"collection":[{"href":"https:\/\/site.educa.madrid.org\/cp.antoniofontan.madrid\/index.php\/wp-json\/wp\/v2\/pages"}],"about":[{"href":"https:\/\/site.educa.madrid.org\/cp.antoniofontan.madrid\/index.php\/wp-json\/wp\/v2\/types\/page"}],"author":[{"embeddable":true,"href":"https:\/\/site.educa.madrid.org\/cp.antoniofontan.madrid\/index.php\/wp-json\/wp\/v2\/users\/14"}],"replies":[{"embeddable":true,"href":"https:\/\/site.educa.madrid.org\/cp.antoniofontan.madrid\/index.php\/wp-json\/wp\/v2\/comments?post=1724"}],"version-history":[{"count":1,"href":"https:\/\/site.educa.madrid.org\/cp.antoniofontan.madrid\/index.php\/wp-json\/wp\/v2\/pages\/1724\/revisions"}],"predecessor-version":[{"id":1728,"href":"https:\/\/site.educa.madrid.org\/cp.antoniofontan.madrid\/index.php\/wp-json\/wp\/v2\/pages\/1724\/revisions\/1728"}],"wp:featuredmedia":[{"embeddable":true,"href":"https:\/\/site.educa.madrid.org\/cp.antoniofontan.madrid\/index.php\/wp-json\/wp\/v2\/media\/894"}],"wp:attachment":[{"href":"https:\/\/site.educa.madrid.org\/cp.antoniofontan.madrid\/index.php\/wp-json\/wp\/v2\/media?parent=1724"}],"wp:term":[{"taxonomy":"folder","embeddable":true,"href":"https:\/\/site.educa.madrid.org\/cp.antoniofontan.madrid\/index.php\/wp-json\/wp\/v2\/folder?post=1724"}],"curies":[{"name":"wp","href":"https:\/\/api.w.org\/{rel}","templated":true}]}}