{"id":1729,"date":"2026-03-08T17:47:57","date_gmt":"2026-03-08T16:47:57","guid":{"rendered":"https:\/\/site.educa.madrid.org\/cp.antoniofontan.madrid\/?page_id=1729"},"modified":"2026-03-08T17:47:58","modified_gmt":"2026-03-08T16:47:58","slug":"innovacion-tecnologica-ep","status":"publish","type":"page","link":"https:\/\/site.educa.madrid.org\/cp.antoniofontan.madrid\/index.php\/innovacion-tecnologica-ep\/","title":{"rendered":"Innovacion tecnologica EP"},"content":{"rendered":"\n<div style=\"margin-top: -90px;\">\n    \n<\/div>\n\n\n\n<div style=\"height:50px\" aria-hidden=\"true\" class=\"wp-block-spacer\"><\/div>\n\n\n\n<h2 class=\"wp-block-heading has-text-align-center has-text-color has-link-color wp-elements-323faf3018a522c940013cb63ed32257\" style=\"color:#385d9b\"><strong><strong><strong><strong><strong><strong><strong><strong><strong>Innovaci\u00f3n Tecnol\u00f3gica y STEM: Educando para el Ma\u00f1ana<\/strong><\/strong><\/strong><\/strong><\/strong><\/strong><\/strong><\/strong><\/strong><\/h2>\n\n\n\n<div style=\"height:50px\" aria-hidden=\"true\" class=\"wp-block-spacer\"><\/div>\n\n\n<div class=\"paragraph is-rich-chat-ui normal ng-star-inserted\" data-start-index=\"303\"><span class=\"ng-star-inserted\" data-start-index=\"303\">En nuestro centro, la tecnolog\u00eda no se ense\u00f1a como una asignatura aislada, sino que se integra de forma <\/span><b class=\"ng-star-inserted\" data-start-index=\"407\">inmersiva<\/b><span class=\"ng-star-inserted\" data-start-index=\"416\"> en el proceso de ense\u00f1anza-aprendizaje<\/span><span class=\"ng-star-inserted\" data-start-index=\"455\">. Apostamos por una metodolog\u00eda <\/span><b class=\"ng-star-inserted\" data-start-index=\"487\">STEAM<\/b><span class=\"ng-star-inserted\" data-start-index=\"492\"> (Ciencia, Tecnolog\u00eda, Ingenier\u00eda, Artes y Matem\u00e1ticas) que fomenta la creatividad, la investigaci\u00f3n y la creaci\u00f3n de producciones propias por parte del alumnado<\/span><span class=\"ng-star-inserted\" data-start-index=\"653\">.<\/span><\/div>\n<div data-start-index=\"303\">\u00a0<\/div>\n<div class=\"paragraph is-rich-chat-ui heading4 ng-star-inserted\" role=\"heading\" data-start-index=\"654\" aria-level=\"4\"><b class=\"ng-star-inserted\" data-start-index=\"654\">Recursos Digitales de Vanguardia<\/b><\/div>\n<div role=\"heading\" data-start-index=\"654\" aria-level=\"4\">\u00a0<\/div>\n<div class=\"paragraph is-rich-chat-ui normal ng-star-inserted\" data-start-index=\"686\"><span class=\"ng-star-inserted\" data-start-index=\"686\">Disponemos de una infraestructura tecnol\u00f3gica de primer nivel que permite que todos los alumnos utilicen dispositivos personales de forma habitual<\/span><span class=\"ng-star-inserted\" data-start-index=\"832\">:<\/span><\/div>\n<ul class=\"ng-star-inserted\">\n<li class=\"paragraph list-item is-rich-chat-ui normal ng-star-inserted\" data-start-index=\"833\"><b class=\"ng-star-inserted\" data-start-index=\"833\">Equipamiento en el Aula:<\/b><span class=\"ng-star-inserted\" data-start-index=\"857\"> Contamos con carros m\u00f3viles que albergan <\/span><b class=\"ng-star-inserted\" data-start-index=\"899\">tabletas (Samsung, Lenovo y Adoc)<\/b><span class=\"ng-star-inserted\" data-start-index=\"932\"> y <\/span><b class=\"ng-star-inserted\" data-start-index=\"935\">Chromebooks<\/b><span class=\"ng-star-inserted\" data-start-index=\"946\">, distribuidos estrat\u00e9gicamente por ciclos para investigaci\u00f3n y creaci\u00f3n de contenidos<\/span><span class=\"ng-star-inserted\" data-start-index=\"1032\">.<\/span><\/li>\n<li class=\"paragraph list-item is-rich-chat-ui normal ng-star-inserted\" data-start-index=\"1033\"><b class=\"ng-star-inserted\" data-start-index=\"1033\">Entornos de Aprendizaje:<\/b><span class=\"ng-star-inserted\" data-start-index=\"1057\"> Todas nuestras aulas est\u00e1n equipadas con monitores interactivos (Iboard\/V7) o pizarras digitales<\/span><span class=\"ng-star-inserted\" data-start-index=\"1154\">. A partir de 3\u00ba de Primaria, el alumnado utiliza su cuenta institucional de <\/span><b class=\"ng-star-inserted\" data-start-index=\"1231\">EducaMadrid<\/b><span class=\"ng-star-inserted\" data-start-index=\"1242\"> para acceder al aula virtual <\/span><b class=\"ng-star-inserted\" data-start-index=\"1272\">Google Classroom<\/b><span class=\"ng-star-inserted\" data-start-index=\"1288\">.<\/span><\/li>\n<li class=\"paragraph list-item is-rich-chat-ui normal ng-star-inserted\" data-start-index=\"1289\"><b class=\"ng-star-inserted\" data-start-index=\"1289\">Aula del Futuro:<\/b><span class=\"ng-star-inserted\" data-start-index=\"1305\"> Estamos implementando este espacio innovador con mobiliario flexible y recursos avanzados para potenciar la autonom\u00eda del alumno y la experimentaci\u00f3n simult\u00e1nea con diversas herramientas digitales<\/span><span class=\"ng-star-inserted\" data-start-index=\"1502\">.<\/span><\/li>\n<\/ul>\n<div class=\"paragraph is-rich-chat-ui heading4 ng-star-inserted\" role=\"heading\" data-start-index=\"1503\" aria-level=\"4\"><b class=\"ng-star-inserted\" data-start-index=\"1503\">Rob\u00f3tica: Programa C\u00f3digo Escuela 4.0<\/b><\/div>\n<div role=\"heading\" data-start-index=\"1503\" aria-level=\"4\">\u00a0<\/div>\n<div class=\"paragraph is-rich-chat-ui normal ng-star-inserted\" data-start-index=\"1540\"><span class=\"ng-star-inserted\" data-start-index=\"1540\">Nuestro objetivo es que el alumnado pase de ser consumidor de tecnolog\u00eda a ser creador, desarrollando el <\/span><b class=\"ng-star-inserted\" data-start-index=\"1645\">pensamiento computacional<\/b><span class=\"ng-star-inserted\" data-start-index=\"1670\"> desde edades tempranas<\/span><span class=\"ng-star-inserted\" data-start-index=\"1693\">.<\/span><\/div>\n<ul class=\"ng-star-inserted\">\n<li class=\"paragraph list-item is-rich-chat-ui normal ng-star-inserted\" data-start-index=\"1694\"><b class=\"ng-star-inserted\" data-start-index=\"1694\">Formaci\u00f3n y Apoyo:<\/b><span class=\"ng-star-inserted\" data-start-index=\"1712\"> Participamos en el programa <\/span><b class=\"ng-star-inserted\" data-start-index=\"1741\">C\u00f3digo Escuela 4.0 de Madrid<\/b><span class=\"ng-star-inserted\" data-start-index=\"1769\">, contando con el apoyo de un Mentor de Rob\u00f3tica para integrar estos contenidos en las \u00e1reas curriculares<\/span><span class=\"ng-star-inserted\" data-start-index=\"1874\">.<\/span><\/li>\n<li class=\"paragraph list-item is-rich-chat-ui normal ng-star-inserted\" data-start-index=\"1875\"><b class=\"ng-star-inserted\" data-start-index=\"1875\">Materiales Especializados:<\/b><span class=\"ng-star-inserted\" data-start-index=\"1901\"> El centro cuenta con una amplia dotaci\u00f3n que incluye kits de <\/span><b class=\"ng-star-inserted\" data-start-index=\"1963\">Lego (Mindstorm, WeDo y Steam Park)<\/b><span class=\"ng-star-inserted\" data-start-index=\"1998\">, as\u00ed como robots avanzados como <\/span><b class=\"ng-star-inserted\" data-start-index=\"2031\">True-True, Tale-Bot<\/b><span class=\"ng-star-inserted\" data-start-index=\"2050\"> y placas <\/span><b class=\"ng-star-inserted\" data-start-index=\"2060\">Microbit<\/b><span class=\"ng-star-inserted\" data-start-index=\"2068\">.<\/span><\/li>\n<li class=\"paragraph list-item is-rich-chat-ui normal ng-star-inserted\" data-start-index=\"2069\"><b class=\"ng-star-inserted\" data-start-index=\"2069\">Seminarios:<\/b><span class=\"ng-star-inserted\" data-start-index=\"2080\"> Realizamos seminarios espec\u00edficos para que el profesorado aplique la rob\u00f3tica y la programaci\u00f3n de forma progresiva y l\u00fadica en todos los niveles<\/span><span class=\"ng-star-inserted\" data-start-index=\"2226\">.<\/span><\/li>\n<\/ul>\n<div class=\"paragraph is-rich-chat-ui heading4 ng-star-inserted\" role=\"heading\" data-start-index=\"2227\" aria-level=\"4\"><b class=\"ng-star-inserted\" data-start-index=\"2227\">Proyectos Cient\u00edficos y M\u00e9todo Experimental<\/b><\/div>\n<div role=\"heading\" data-start-index=\"2227\" aria-level=\"4\">\u00a0<\/div>\n<div class=\"paragraph is-rich-chat-ui normal ng-star-inserted\" data-start-index=\"2270\"><span class=\"ng-star-inserted\" data-start-index=\"2270\">Fomentamos la curiosidad cient\u00edfica a trav\u00e9s de proyectos pr\u00e1cticos que conectan al alumnado con la comunidad cient\u00edfica real:<\/span><\/div>\n<ul class=\"ng-star-inserted\">\n<li class=\"paragraph list-item is-rich-chat-ui normal ng-star-inserted\" data-start-index=\"2396\"><b class=\"ng-star-inserted\" data-start-index=\"2396\">Misi\u00f3n Alba:<\/b><span class=\"ng-star-inserted\" data-start-index=\"2408\"> Los alumnos de <\/span><b class=\"ng-star-inserted\" data-start-index=\"2424\">5\u00ba de Primaria<\/b><span class=\"ng-star-inserted\" data-start-index=\"2438\"> participan en este proyecto del Sincrotr\u00f3n ALBA para iniciarse en el <\/span><b class=\"ng-star-inserted\" data-start-index=\"2508\">m\u00e9todo cient\u00edfico<\/b><span class=\"ng-star-inserted\" data-start-index=\"2525\"> a trav\u00e9s de retos y experimentos en el aula<\/span><span class=\"ng-star-inserted\" data-start-index=\"2569\">.<\/span><\/li>\n<li class=\"paragraph list-item is-rich-chat-ui normal ng-star-inserted\" data-start-index=\"2570\"><b class=\"ng-star-inserted\" data-start-index=\"2570\">Huerto Escolar:<\/b><span class=\"ng-star-inserted\" data-start-index=\"2585\"> Es una herramienta fundamental de aprendizaje STEM donde el alumnado de <\/span><b class=\"ng-star-inserted\" data-start-index=\"2658\">4\u00ba de Primaria<\/b><span class=\"ng-star-inserted\" data-start-index=\"2672\"> aplica conocimientos de ciencias naturales, sostenibilidad y trabajo en equipo de forma vivencial<\/span><span class=\"ng-star-inserted\" data-start-index=\"2770\">.<\/span><\/li>\n<\/ul>\n<div class=\"paragraph is-rich-chat-ui heading4 ng-star-inserted\" role=\"heading\" data-start-index=\"2771\" aria-level=\"4\"><b class=\"ng-star-inserted\" data-start-index=\"2771\">Apertura Internacional: Erasmus+ y eTwinning<\/b><\/div>\n<div role=\"heading\" data-start-index=\"2771\" aria-level=\"4\">\u00a0<\/div>\n<div class=\"paragraph is-rich-chat-ui normal ng-star-inserted\" data-start-index=\"2815\"><span class=\"ng-star-inserted\" data-start-index=\"2815\">La innovaci\u00f3n en el Font\u00e1n no tiene fronteras. Somos un <\/span><b class=\"ng-star-inserted\" data-start-index=\"2871\">centro acreditado Erasmus+<\/b><span class=\"ng-star-inserted\" data-start-index=\"2897\">, lo que nos permite:<\/span><\/div>\n<ul class=\"ng-star-inserted\">\n<li class=\"paragraph list-item is-rich-chat-ui normal ng-star-inserted\" data-start-index=\"2918\"><b class=\"ng-star-inserted\" data-start-index=\"2918\">Movilidad Internacional:<\/b><span class=\"ng-star-inserted\" data-start-index=\"2942\"> Alumnos de <\/span><b class=\"ng-star-inserted\" data-start-index=\"2954\">6\u00ba de Primaria<\/b><span class=\"ng-star-inserted\" data-start-index=\"2968\"> realizan viajes de intercambio a pa\u00edses como Italia para colaborar en proyectos conjuntos con otros colegios europeos<\/span><span class=\"ng-star-inserted\" data-start-index=\"3086\">.<\/span><\/li>\n<li class=\"paragraph list-item is-rich-chat-ui normal ng-star-inserted\" data-start-index=\"3087\"><b class=\"ng-star-inserted\" data-start-index=\"3087\">eTwinning:<\/b><span class=\"ng-star-inserted\" data-start-index=\"3097\"> Participamos en proyectos de colaboraci\u00f3n escolar en Europa a trav\u00e9s de plataformas digitales, realizando videollamadas y retos mensuales con socios de <\/span><b class=\"ng-star-inserted\" data-start-index=\"3250\">Alemania, Italia y Eslovenia<\/b><span class=\"ng-star-inserted\" data-start-index=\"3278\">.<\/span><\/li>\n<\/ul>\n<div class=\"paragraph is-rich-chat-ui normal ng-star-inserted\" data-start-index=\"3279\"><span class=\"ng-star-inserted\" data-start-index=\"3279\">Con este enfoque, garantizamos que nuestro alumnado desarrolle una <\/span><b class=\"ng-star-inserted\" data-start-index=\"3346\">competencia digital cr\u00edtica, segura y responsable<\/b><span class=\"ng-star-inserted\" data-start-index=\"3395\">, prepar\u00e1ndoles para los retos de la sociedad actual<\/span><span class=\"ng-star-inserted\" data-start-index=\"3447\">.<\/span><\/div>\n\n\n<div style=\"height:50px\" aria-hidden=\"true\" class=\"wp-block-spacer\"><\/div>\n\n\n\n<p><\/p>\n","protected":false},"excerpt":{"rendered":"<p>Innovaci\u00f3n Tecnol\u00f3gica y STEM: Educando para el Ma\u00f1ana En nuestro centro, la tecnolog\u00eda no se ense\u00f1a como una asignatura aislada, sino que se integra de forma inmersiva en el proceso &#8230;<\/p>\n","protected":false},"author":14,"featured_media":894,"parent":0,"menu_order":0,"comment_status":"closed","ping_status":"closed","template":"template-fullwidth.php","meta":{"footnotes":""},"folder":[],"class_list":["post-1729","page","type-page","status-publish","has-post-thumbnail","hentry"],"rttpg_featured_image_url":{"full":["https:\/\/site.educa.madrid.org\/cp.antoniofontan.madrid\/\/wp-content\/uploads\/cp.antoniofontan.madrid\/2026\/02\/image.jpg",2300,320,false],"landscape":["https:\/\/site.educa.madrid.org\/cp.antoniofontan.madrid\/\/wp-content\/uploads\/cp.antoniofontan.madrid\/2026\/02\/image.jpg",2300,320,false],"portraits":["https:\/\/site.educa.madrid.org\/cp.antoniofontan.madrid\/\/wp-content\/uploads\/cp.antoniofontan.madrid\/2026\/02\/image.jpg",2300,320,false],"thumbnail":["https:\/\/site.educa.madrid.org\/cp.antoniofontan.madrid\/\/wp-content\/uploads\/cp.antoniofontan.madrid\/2026\/02\/image-150x150.jpg",150,150,true],"medium":["https:\/\/site.educa.madrid.org\/cp.antoniofontan.madrid\/\/wp-content\/uploads\/cp.antoniofontan.madrid\/2026\/02\/image-300x42.jpg",300,42,true],"large":["https:\/\/site.educa.madrid.org\/cp.antoniofontan.madrid\/\/wp-content\/uploads\/cp.antoniofontan.madrid\/2026\/02\/image-1024x142.jpg",800,111,true],"thumblist":["https:\/\/site.educa.madrid.org\/cp.antoniofontan.madrid\/\/wp-content\/uploads\/cp.antoniofontan.madrid\/2026\/02\/image-300x300.jpg",300,300,true],"thumbrelated":["https:\/\/site.educa.madrid.org\/cp.antoniofontan.madrid\/\/wp-content\/uploads\/cp.antoniofontan.madrid\/2026\/02\/image-500x320.jpg",500,320,true],"meccarouselthumb":["https:\/\/site.educa.madrid.org\/cp.antoniofontan.madrid\/\/wp-content\/uploads\/cp.antoniofontan.madrid\/2026\/02\/image-474x320.jpg",474,320,true],"gridsquare":["https:\/\/site.educa.madrid.org\/cp.antoniofontan.madrid\/\/wp-content\/uploads\/cp.antoniofontan.madrid\/2026\/02\/image-391x260.jpg",391,260,true],"tileview":["https:\/\/site.educa.madrid.org\/cp.antoniofontan.madrid\/\/wp-content\/uploads\/cp.antoniofontan.madrid\/2026\/02\/image-300x320.jpg",300,320,true],"1536x1536":["https:\/\/site.educa.madrid.org\/cp.antoniofontan.madrid\/\/wp-content\/uploads\/cp.antoniofontan.madrid\/2026\/02\/image-1536x214.jpg",1536,214,true],"2048x2048":["https:\/\/site.educa.madrid.org\/cp.antoniofontan.madrid\/\/wp-content\/uploads\/cp.antoniofontan.madrid\/2026\/02\/image-2048x285.jpg",2048,285,true],"onepress-blog-small":["https:\/\/site.educa.madrid.org\/cp.antoniofontan.madrid\/\/wp-content\/uploads\/cp.antoniofontan.madrid\/2026\/02\/image-300x150.jpg",300,150,true],"onepress-small":["https:\/\/site.educa.madrid.org\/cp.antoniofontan.madrid\/\/wp-content\/uploads\/cp.antoniofontan.madrid\/2026\/02\/image-480x300.jpg",480,300,true],"onepress-medium":["https:\/\/site.educa.madrid.org\/cp.antoniofontan.madrid\/\/wp-content\/uploads\/cp.antoniofontan.madrid\/2026\/02\/image-640x320.jpg",640,320,true],"sow-carousel-default":["https:\/\/site.educa.madrid.org\/cp.antoniofontan.madrid\/\/wp-content\/uploads\/cp.antoniofontan.madrid\/2026\/02\/image-272x182.jpg",272,182,true],"sow-post-carousel-overlay-theme":["https:\/\/site.educa.madrid.org\/cp.antoniofontan.madrid\/\/wp-content\/uploads\/cp.antoniofontan.madrid\/2026\/02\/image-360x320.jpg",360,320,true],"sow-post-carousel-cards-theme":["https:\/\/site.educa.madrid.org\/cp.antoniofontan.madrid\/\/wp-content\/uploads\/cp.antoniofontan.madrid\/2026\/02\/image-360x240.jpg",360,240,true],"rt_custom":["https:\/\/site.educa.madrid.org\/cp.antoniofontan.madrid\/\/wp-content\/uploads\/cp.antoniofontan.madrid\/2026\/02\/image.jpg",2300,320,false]},"rttpg_author":{"display_name":"Cuenta Compdigedu cp antoniofontan madrid","author_link":"https:\/\/site.educa.madrid.org\/cp.antoniofontan.madrid\/index.php\/author\/cuenta_compdigedu-cp-antoniofontan-madrid\/"},"rttpg_comment":0,"rttpg_category":false,"rttpg_excerpt":"Innovaci\u00f3n Tecnol\u00f3gica y STEM: Educando para el Ma\u00f1ana En nuestro centro, la tecnolog\u00eda no se ense\u00f1a como una asignatura aislada, sino que se integra de forma inmersiva en el proceso ...","post_mailing_queue_ids":[],"_links":{"self":[{"href":"https:\/\/site.educa.madrid.org\/cp.antoniofontan.madrid\/index.php\/wp-json\/wp\/v2\/pages\/1729","targetHints":{"allow":["GET"]}}],"collection":[{"href":"https:\/\/site.educa.madrid.org\/cp.antoniofontan.madrid\/index.php\/wp-json\/wp\/v2\/pages"}],"about":[{"href":"https:\/\/site.educa.madrid.org\/cp.antoniofontan.madrid\/index.php\/wp-json\/wp\/v2\/types\/page"}],"author":[{"embeddable":true,"href":"https:\/\/site.educa.madrid.org\/cp.antoniofontan.madrid\/index.php\/wp-json\/wp\/v2\/users\/14"}],"replies":[{"embeddable":true,"href":"https:\/\/site.educa.madrid.org\/cp.antoniofontan.madrid\/index.php\/wp-json\/wp\/v2\/comments?post=1729"}],"version-history":[{"count":1,"href":"https:\/\/site.educa.madrid.org\/cp.antoniofontan.madrid\/index.php\/wp-json\/wp\/v2\/pages\/1729\/revisions"}],"predecessor-version":[{"id":1733,"href":"https:\/\/site.educa.madrid.org\/cp.antoniofontan.madrid\/index.php\/wp-json\/wp\/v2\/pages\/1729\/revisions\/1733"}],"wp:featuredmedia":[{"embeddable":true,"href":"https:\/\/site.educa.madrid.org\/cp.antoniofontan.madrid\/index.php\/wp-json\/wp\/v2\/media\/894"}],"wp:attachment":[{"href":"https:\/\/site.educa.madrid.org\/cp.antoniofontan.madrid\/index.php\/wp-json\/wp\/v2\/media?parent=1729"}],"wp:term":[{"taxonomy":"folder","embeddable":true,"href":"https:\/\/site.educa.madrid.org\/cp.antoniofontan.madrid\/index.php\/wp-json\/wp\/v2\/folder?post=1729"}],"curies":[{"name":"wp","href":"https:\/\/api.w.org\/{rel}","templated":true}]}}