{"id":889,"date":"2026-02-24T10:24:45","date_gmt":"2026-02-24T09:24:45","guid":{"rendered":"https:\/\/site.educa.madrid.org\/cp.antoniofontan.madrid\/?page_id=889"},"modified":"2026-02-24T19:42:19","modified_gmt":"2026-02-24T18:42:19","slug":"el-colegio","status":"publish","type":"page","link":"https:\/\/site.educa.madrid.org\/cp.antoniofontan.madrid\/index.php\/el-colegio\/","title":{"rendered":"El colegio"},"content":{"rendered":"\n<div style=\"margin-top: -90px;\">\n    \n<\/div>\n\n\n\n<div style=\"height:50px\" aria-hidden=\"true\" class=\"wp-block-spacer\"><\/div>\n\n\n\n<h2 class=\"wp-block-heading has-text-align-center has-text-color has-link-color wp-elements-b992890f62a72018b724aa9baf205bcb\" style=\"color:#385d9b\">BIENVENIDOS AL CEIP ANTONIO FONT\u00c1N<\/h2>\n\n\n\n<div style=\"height:50px\" aria-hidden=\"true\" class=\"wp-block-spacer\"><\/div>\n\n\n\n<div class=\"wp-block-columns alignwide are-vertically-aligned-center is-layout-flex wp-container-core-columns-is-layout-9d6595d7 wp-block-columns-is-layout-flex\">\n<div class=\"wp-block-column is-vertically-aligned-center is-layout-flow wp-block-column-is-layout-flow\">\n<figure class=\"wp-block-embed aligncenter is-type-rich is-provider-gestor-del-servicio wp-block-embed-gestor-del-servicio\"><div class=\"wp-block-embed__wrapper\">\n<div style=\"width: 640px;\" class=\"wp-video\"><video class=\"wp-video-shortcode\" id=\"video-889-1\" width=\"640\" height=\"360\" preload=\"metadata\" controls=\"controls\"><source type=\"video\/mp4\" src=\"https:\/\/site.educa.madrid.org\/cp.antoniofontan.madrid\/\/wp-content\/uploads\/cp.antoniofontan.madrid\/2026\/02\/Presentacion-AF.mp4?_=1\" \/><a href=\"https:\/\/site.educa.madrid.org\/cp.antoniofontan.madrid\/\/wp-content\/uploads\/cp.antoniofontan.madrid\/2026\/02\/Presentacion-AF.mp4\">https:\/\/site.educa.madrid.org\/cp.antoniofontan.madrid\/\/wp-content\/uploads\/cp.antoniofontan.madrid\/2026\/02\/Presentacion-AF.mp4<\/a><\/video><\/div>\n<\/div><\/figure>\n<\/div>\n<\/div>\n\n\n\n<div style=\"height:30px\" aria-hidden=\"true\" class=\"wp-block-spacer\"><\/div>\n\n\n<div class=\"relative basis-auto flex-col -mb-(--composer-overlap-px) [--composer-overlap-px:28px] grow flex\">\n<div class=\"flex flex-col text-sm pb-25\">\n<article class=\"text-token-text-primary w-full focus:outline-none [--shadow-height:45px] has-data-writing-block:pointer-events-none has-data-writing-block:-mt-(--shadow-height) has-data-writing-block:pt-(--shadow-height) [&amp;:has([data-writing-block])&gt;*]:pointer-events-auto scroll-mt-[calc(var(--header-height)+min(200px,max(70px,20svh)))]\" dir=\"auto\" tabindex=\"-1\" data-turn-id=\"request-WEB:1953df32-67a9-4b1a-acc3-644177946e04-0\" data-testid=\"conversation-turn-2\" data-scroll-anchor=\"true\" data-turn=\"assistant\">\n<div class=\"text-base my-auto mx-auto pb-10 [--thread-content-margin:--spacing(4)] @w-sm\/main:[--thread-content-margin:--spacing(6)] @w-lg\/main:[--thread-content-margin:--spacing(16)] px-(--thread-content-margin)\">\n<div class=\"[--thread-content-max-width:40rem] @w-lg\/main:[--thread-content-max-width:48rem] mx-auto max-w-(--thread-content-max-width) flex-1 group\/turn-messages focus-visible:outline-hidden relative flex w-full min-w-0 flex-col agent-turn\" tabindex=\"-1\">\n<div class=\"flex max-w-full flex-col grow\">\n<div class=\"min-h-8 text-message relative flex w-full flex-col items-end gap-2 text-start break-words whitespace-normal [.text-message+&amp;]:mt-1\" dir=\"auto\" data-message-author-role=\"assistant\" data-message-id=\"3e4e9b14-6e8a-4b4b-80a8-1eca3468ecbf\" data-message-model-slug=\"gpt-5-2\">\n<div class=\"flex w-full flex-col gap-1 empty:hidden first:pt-[1px]\">\n<div class=\"streaming-animation markdown prose dark:prose-invert w-full wrap-break-word light markdown-new-styling\">\n<p data-start=\"39\" data-end=\"219\">En el <strong data-start=\"45\" data-end=\"68\">CEIP Antonio Font\u00e1n<\/strong> creemos que educar es mucho m\u00e1s que ense\u00f1ar contenidos: es acompa\u00f1ar, escuchar y ayudar a cada alumno a descubrir qui\u00e9n es y hasta d\u00f3nde puede llegar.<\/p>\n<p data-start=\"221\" data-end=\"526\">Somos un centro p\u00fablico de ense\u00f1anza, creado en 2010, perteneciente a la Direcci\u00f3n de \u00c1rea Territorial Madrid-Capital y dependiente de la Consejer\u00eda de Educaci\u00f3n, Juventud y Deporte de la Comunidad de Madrid. Nacimos con una vocaci\u00f3n clara: ofrecer una educaci\u00f3n s\u00f3lida, innovadora y profundamente humana.<\/p>\n<p data-start=\"528\" data-end=\"884\">En 2013 incorporamos el <strong data-start=\"552\" data-end=\"583\">Proyecto Biling\u00fce en Ingl\u00e9s<\/strong> de la Consejer\u00eda de Educaci\u00f3n, ampliando horizontes y preparando a nuestro alumnado para un mundo cada vez m\u00e1s global. Desde 2016 formamos parte del programa <strong data-start=\"742\" data-end=\"774\">Erasmus+ de la Uni\u00f3n Europea<\/strong>, abriendo nuestras aulas a Europa y enriqueciendo la experiencia educativa con una dimensi\u00f3n internacional.<\/p>\n<p data-start=\"886\" data-end=\"1145\">En el curso 2017\/2018 inauguramos nuestra aula <strong data-start=\"933\" data-end=\"947\">\u201cArco\u00edris\u201d<\/strong>, destinada a alumnado con Trastorno Generalizado del Desarrollo (TGD), reafirmando nuestro compromiso con una educaci\u00f3n inclusiva, donde cada ni\u00f1o y cada ni\u00f1a tiene su espacio, su ritmo y su valor.<\/p>\n<p data-start=\"1147\" data-end=\"1386\">Nuestra comunidad educativa \u2014docentes, familias y alumnado\u2014 comparte un mismo prop\u00f3sito: construir una escuela de calidad, democr\u00e1tica, participativa e integradora, donde el respeto, el esfuerzo y la convivencia sean pilares fundamentales.<\/p>\n<p data-start=\"1388\" data-end=\"1615\">A trav\u00e9s de esta web podr\u00e1s conocer c\u00f3mo nos organizamos, los proyectos y actividades que desarrollamos, los servicios que ofrecemos y toda la informaci\u00f3n relevante sobre el funcionamiento educativo y administrativo del centro.<\/p>\n<p data-start=\"1617\" data-end=\"1765\" data-is-last-node=\"\" data-is-only-node=\"\">Te invitamos a recorrerla.<\/p>\n<p style=\"text-align: left;\" data-start=\"1617\" data-end=\"1765\" data-is-last-node=\"\" data-is-only-node=\"\"><strong>Porque detr\u00e1s de cada aula hay un equipo comprometido, y detr\u00e1s de cada alumno, una historia que merece ser acompa\u00f1ada.<\/strong><\/p>\n<\/div>\n<\/div>\n<\/div>\n<\/div>\n<\/div>\n<\/div>\n<\/article>\n<\/div>\n<div class=\"pointer-events-none h-px w-px absolute bottom-0\" aria-hidden=\"true\" data-edge=\"true\">\u00a0<\/div>\n<\/div>\n<div id=\"thread-bottom-container\" class=\"sticky bottom-0 group\/thread-bottom-container relative isolate z-10 w-full basis-auto has-data-has-thread-error:pt-2 has-data-has-thread-error:[box-shadow:var(--sharp-edge-bottom-shadow)] md:border-transparent md:pt-0 dark:border-white\/20 md:dark:border-transparent print:hidden content-fade single-line flex flex-col\">\n<div class=\"relative h-0\">\u00a0<\/div>\n<div id=\"thread-bottom\">\n<div class=\"text-base mx-auto [--thread-content-margin:--spacing(4)] @w-sm\/main:[--thread-content-margin:--spacing(6)] @w-lg\/main:[--thread-content-margin:--spacing(16)] px-(--thread-content-margin)\">\n<div class=\"[--thread-content-max-width:40rem] @w-lg\/main:[--thread-content-max-width:48rem] mx-auto max-w-(--thread-content-max-width) flex-1 mb-4\">\n<div class=\"flex justify-center empty:hidden\">\u00a0<\/div>\n<\/div>\n<\/div>\n<\/div>\n<\/div>\n\n\n<p><\/p>\n","protected":false},"excerpt":{"rendered":"<p>BIENVENIDOS AL CEIP ANTONIO FONT\u00c1N En el CEIP Antonio Font\u00e1n creemos que educar es mucho m\u00e1s que ense\u00f1ar contenidos: es acompa\u00f1ar, escuchar y ayudar a cada alumno a descubrir qui\u00e9n &#8230;<\/p>\n","protected":false},"author":14,"featured_media":894,"parent":0,"menu_order":0,"comment_status":"closed","ping_status":"closed","template":"template-fullwidth.php","meta":{"footnotes":""},"folder":[],"class_list":["post-889","page","type-page","status-publish","has-post-thumbnail","hentry"],"rttpg_featured_image_url":{"full":["https:\/\/site.educa.madrid.org\/cp.antoniofontan.madrid\/\/wp-content\/uploads\/cp.antoniofontan.madrid\/2026\/02\/image.jpg",2300,320,false],"landscape":["https:\/\/site.educa.madrid.org\/cp.antoniofontan.madrid\/\/wp-content\/uploads\/cp.antoniofontan.madrid\/2026\/02\/image.jpg",2300,320,false],"portraits":["https:\/\/site.educa.madrid.org\/cp.antoniofontan.madrid\/\/wp-content\/uploads\/cp.antoniofontan.madrid\/2026\/02\/image.jpg",2300,320,false],"thumbnail":["https:\/\/site.educa.madrid.org\/cp.antoniofontan.madrid\/\/wp-content\/uploads\/cp.antoniofontan.madrid\/2026\/02\/image-150x150.jpg",150,150,true],"medium":["https:\/\/site.educa.madrid.org\/cp.antoniofontan.madrid\/\/wp-content\/uploads\/cp.antoniofontan.madrid\/2026\/02\/image-300x42.jpg",300,42,true],"large":["https:\/\/site.educa.madrid.org\/cp.antoniofontan.madrid\/\/wp-content\/uploads\/cp.antoniofontan.madrid\/2026\/02\/image-1024x142.jpg",800,111,true],"thumblist":["https:\/\/site.educa.madrid.org\/cp.antoniofontan.madrid\/\/wp-content\/uploads\/cp.antoniofontan.madrid\/2026\/02\/image-300x300.jpg",300,300,true],"thumbrelated":["https:\/\/site.educa.madrid.org\/cp.antoniofontan.madrid\/\/wp-content\/uploads\/cp.antoniofontan.madrid\/2026\/02\/image-500x320.jpg",500,320,true],"meccarouselthumb":["https:\/\/site.educa.madrid.org\/cp.antoniofontan.madrid\/\/wp-content\/uploads\/cp.antoniofontan.madrid\/2026\/02\/image-474x320.jpg",474,320,true],"gridsquare":["https:\/\/site.educa.madrid.org\/cp.antoniofontan.madrid\/\/wp-content\/uploads\/cp.antoniofontan.madrid\/2026\/02\/image-391x260.jpg",391,260,true],"tileview":["https:\/\/site.educa.madrid.org\/cp.antoniofontan.madrid\/\/wp-content\/uploads\/cp.antoniofontan.madrid\/2026\/02\/image-300x320.jpg",300,320,true],"1536x1536":["https:\/\/site.educa.madrid.org\/cp.antoniofontan.madrid\/\/wp-content\/uploads\/cp.antoniofontan.madrid\/2026\/02\/image-1536x214.jpg",1536,214,true],"2048x2048":["https:\/\/site.educa.madrid.org\/cp.antoniofontan.madrid\/\/wp-content\/uploads\/cp.antoniofontan.madrid\/2026\/02\/image-2048x285.jpg",2048,285,true],"onepress-blog-small":["https:\/\/site.educa.madrid.org\/cp.antoniofontan.madrid\/\/wp-content\/uploads\/cp.antoniofontan.madrid\/2026\/02\/image-300x150.jpg",300,150,true],"onepress-small":["https:\/\/site.educa.madrid.org\/cp.antoniofontan.madrid\/\/wp-content\/uploads\/cp.antoniofontan.madrid\/2026\/02\/image-480x300.jpg",480,300,true],"onepress-medium":["https:\/\/site.educa.madrid.org\/cp.antoniofontan.madrid\/\/wp-content\/uploads\/cp.antoniofontan.madrid\/2026\/02\/image-640x320.jpg",640,320,true],"sow-carousel-default":["https:\/\/site.educa.madrid.org\/cp.antoniofontan.madrid\/\/wp-content\/uploads\/cp.antoniofontan.madrid\/2026\/02\/image-272x182.jpg",272,182,true],"sow-post-carousel-overlay-theme":["https:\/\/site.educa.madrid.org\/cp.antoniofontan.madrid\/\/wp-content\/uploads\/cp.antoniofontan.madrid\/2026\/02\/image-360x320.jpg",360,320,true],"sow-post-carousel-cards-theme":["https:\/\/site.educa.madrid.org\/cp.antoniofontan.madrid\/\/wp-content\/uploads\/cp.antoniofontan.madrid\/2026\/02\/image-360x240.jpg",360,240,true],"rt_custom":["https:\/\/site.educa.madrid.org\/cp.antoniofontan.madrid\/\/wp-content\/uploads\/cp.antoniofontan.madrid\/2026\/02\/image.jpg",2300,320,false]},"rttpg_author":{"display_name":"Cuenta Compdigedu cp antoniofontan madrid","author_link":"https:\/\/site.educa.madrid.org\/cp.antoniofontan.madrid\/index.php\/author\/cuenta_compdigedu-cp-antoniofontan-madrid\/"},"rttpg_comment":0,"rttpg_category":false,"rttpg_excerpt":"BIENVENIDOS AL CEIP ANTONIO FONT\u00c1N En el CEIP Antonio Font\u00e1n creemos que educar es mucho m\u00e1s que ense\u00f1ar contenidos: es acompa\u00f1ar, escuchar y ayudar a cada alumno a descubrir qui\u00e9n ...","post_mailing_queue_ids":[],"_links":{"self":[{"href":"https:\/\/site.educa.madrid.org\/cp.antoniofontan.madrid\/index.php\/wp-json\/wp\/v2\/pages\/889","targetHints":{"allow":["GET"]}}],"collection":[{"href":"https:\/\/site.educa.madrid.org\/cp.antoniofontan.madrid\/index.php\/wp-json\/wp\/v2\/pages"}],"about":[{"href":"https:\/\/site.educa.madrid.org\/cp.antoniofontan.madrid\/index.php\/wp-json\/wp\/v2\/types\/page"}],"author":[{"embeddable":true,"href":"https:\/\/site.educa.madrid.org\/cp.antoniofontan.madrid\/index.php\/wp-json\/wp\/v2\/users\/14"}],"replies":[{"embeddable":true,"href":"https:\/\/site.educa.madrid.org\/cp.antoniofontan.madrid\/index.php\/wp-json\/wp\/v2\/comments?post=889"}],"version-history":[{"count":21,"href":"https:\/\/site.educa.madrid.org\/cp.antoniofontan.madrid\/index.php\/wp-json\/wp\/v2\/pages\/889\/revisions"}],"predecessor-version":[{"id":923,"href":"https:\/\/site.educa.madrid.org\/cp.antoniofontan.madrid\/index.php\/wp-json\/wp\/v2\/pages\/889\/revisions\/923"}],"wp:featuredmedia":[{"embeddable":true,"href":"https:\/\/site.educa.madrid.org\/cp.antoniofontan.madrid\/index.php\/wp-json\/wp\/v2\/media\/894"}],"wp:attachment":[{"href":"https:\/\/site.educa.madrid.org\/cp.antoniofontan.madrid\/index.php\/wp-json\/wp\/v2\/media?parent=889"}],"wp:term":[{"taxonomy":"folder","embeddable":true,"href":"https:\/\/site.educa.madrid.org\/cp.antoniofontan.madrid\/index.php\/wp-json\/wp\/v2\/folder?post=889"}],"curies":[{"name":"wp","href":"https:\/\/api.w.org\/{rel}","templated":true}]}}