{"id":1480,"date":"2023-01-24T10:51:31","date_gmt":"2023-01-24T09:51:31","guid":{"rendered":"https:\/\/site.educa.madrid.org\/cp.beethoven.torrejondeardoz\/?page_id=1480"},"modified":"2025-11-20T13:14:59","modified_gmt":"2025-11-20T12:14:59","slug":"documentos-de-centro","status":"publish","type":"page","link":"https:\/\/site.educa.madrid.org\/cp.beethoven.torrejondeardoz\/index.php\/documentos-de-centro\/","title":{"rendered":"Documentos de Centro"},"content":{"rendered":"\n<figure class=\"wp-block-image size-full is-resized\"><a href=\"https:\/\/site.educa.madrid.org\/cp.beethoven.torrejondeardoz\/\/wp-content\/uploads\/cp.beethoven.torrejondeardoz\/2025\/10\/PEC.pdf\" target=\"_blank\" rel=\"noreferrer noopener\"><img loading=\"lazy\" decoding=\"async\" width=\"1000\" height=\"523\" src=\"https:\/\/site.educa.madrid.org\/cp.beethoven.torrejondeardoz\/\/wp-content\/uploads\/cp.beethoven.torrejondeardoz\/2024\/01\/proyecto-educativo-de-centro.jpg\" alt=\"\" class=\"wp-image-1787\" style=\"width:500px;height:262px\" srcset=\"https:\/\/site.educa.madrid.org\/cp.beethoven.torrejondeardoz\/\/wp-content\/uploads\/cp.beethoven.torrejondeardoz\/2024\/01\/proyecto-educativo-de-centro.jpg 1000w, https:\/\/site.educa.madrid.org\/cp.beethoven.torrejondeardoz\/\/wp-content\/uploads\/cp.beethoven.torrejondeardoz\/2024\/01\/proyecto-educativo-de-centro-300x157.jpg 300w, https:\/\/site.educa.madrid.org\/cp.beethoven.torrejondeardoz\/\/wp-content\/uploads\/cp.beethoven.torrejondeardoz\/2024\/01\/proyecto-educativo-de-centro-768x402.jpg 768w, https:\/\/site.educa.madrid.org\/cp.beethoven.torrejondeardoz\/\/wp-content\/uploads\/cp.beethoven.torrejondeardoz\/2024\/01\/proyecto-educativo-de-centro-230x120.jpg 230w, https:\/\/site.educa.madrid.org\/cp.beethoven.torrejondeardoz\/\/wp-content\/uploads\/cp.beethoven.torrejondeardoz\/2024\/01\/proyecto-educativo-de-centro-350x183.jpg 350w, https:\/\/site.educa.madrid.org\/cp.beethoven.torrejondeardoz\/\/wp-content\/uploads\/cp.beethoven.torrejondeardoz\/2024\/01\/proyecto-educativo-de-centro-480x251.jpg 480w\" sizes=\"auto, (max-width: 1000px) 100vw, 1000px\" \/><\/a><\/figure>\n\n\n\n<figure class=\"wp-block-image size-full\"><a href=\"https:\/\/site.educa.madrid.org\/cp.beethoven.torrejondeardoz\/\/wp-content\/uploads\/cp.beethoven.torrejondeardoz\/2025\/10\/NOFC-BEETHOVEN-OK.pdf\" target=\"_blank\" rel=\"noreferrer noopener\"><img loading=\"lazy\" decoding=\"async\" width=\"450\" height=\"408\" src=\"https:\/\/site.educa.madrid.org\/cp.beethoven.torrejondeardoz\/\/wp-content\/uploads\/cp.beethoven.torrejondeardoz\/2023\/07\/normas-de-organizacion-y-funcionamiento.png\" alt=\"\" class=\"wp-image-1671\" srcset=\"https:\/\/site.educa.madrid.org\/cp.beethoven.torrejondeardoz\/\/wp-content\/uploads\/cp.beethoven.torrejondeardoz\/2023\/07\/normas-de-organizacion-y-funcionamiento.png 450w, https:\/\/site.educa.madrid.org\/cp.beethoven.torrejondeardoz\/\/wp-content\/uploads\/cp.beethoven.torrejondeardoz\/2023\/07\/normas-de-organizacion-y-funcionamiento-300x272.png 300w, https:\/\/site.educa.madrid.org\/cp.beethoven.torrejondeardoz\/\/wp-content\/uploads\/cp.beethoven.torrejondeardoz\/2023\/07\/normas-de-organizacion-y-funcionamiento-230x209.png 230w, https:\/\/site.educa.madrid.org\/cp.beethoven.torrejondeardoz\/\/wp-content\/uploads\/cp.beethoven.torrejondeardoz\/2023\/07\/normas-de-organizacion-y-funcionamiento-350x317.png 350w\" sizes=\"auto, (max-width: 450px) 100vw, 450px\" \/><\/a><\/figure>\n\n\n\n<figure class=\"wp-block-image size-full is-resized\"><a href=\"https:\/\/site.educa.madrid.org\/cp.beethoven.torrejondeardoz\/\/wp-content\/uploads\/cp.beethoven.torrejondeardoz\/2025\/10\/CONVIVENCIA.pdf\" target=\"_blank\" rel=\"noopener\"><img loading=\"lazy\" decoding=\"async\" width=\"300\" height=\"300\" src=\"https:\/\/site.educa.madrid.org\/cp.beethoven.torrejondeardoz\/\/wp-content\/uploads\/cp.beethoven.torrejondeardoz\/2023\/06\/Plan-de-convivencia-300x300-1.png\" alt=\"\" class=\"wp-image-1611\" style=\"width:400px;height:400px\" srcset=\"https:\/\/site.educa.madrid.org\/cp.beethoven.torrejondeardoz\/\/wp-content\/uploads\/cp.beethoven.torrejondeardoz\/2023\/06\/Plan-de-convivencia-300x300-1.png 300w, https:\/\/site.educa.madrid.org\/cp.beethoven.torrejondeardoz\/\/wp-content\/uploads\/cp.beethoven.torrejondeardoz\/2023\/06\/Plan-de-convivencia-300x300-1-150x150.png 150w, https:\/\/site.educa.madrid.org\/cp.beethoven.torrejondeardoz\/\/wp-content\/uploads\/cp.beethoven.torrejondeardoz\/2023\/06\/Plan-de-convivencia-300x300-1-230x230.png 230w\" sizes=\"auto, (max-width: 300px) 100vw, 300px\" \/><\/a><\/figure>\n\n\n\n<p class=\"has-small-font-size\">PLAN DE PREVENCI\u00d3N, PROTECCI\u00d3N E INTERVENCI\u00d3N&nbsp;<a href=\"https:\/\/site.educa.madrid.org\/cp.beethoven.torrejondeardoz\/\/wp-content\/uploads\/cp.beethoven.torrejondeardoz\/2023\/06\/ACOSO-ESCOLAR.pdf\" target=\"_blank\" rel=\"noreferrer noopener\"><strong>EN SITUACIONES D<\/strong>E&nbsp;<strong>ACOSO ESCOLAR<\/strong><\/a><\/p>\n\n\n\n<p class=\"has-small-font-size\">PLAN DE PREVENCI\u00d3N, PROTECCI\u00d3N E INTERVENCI\u00d3N&nbsp;<strong><a href=\"https:\/\/site.educa.madrid.org\/cp.beethoven.torrejondeardoz\/\/wp-content\/uploads\/cp.beethoven.torrejondeardoz\/2023\/06\/AUTOLESIONES.pdf\" target=\"_blank\" rel=\"noreferrer noopener\">EN SITUACIONES DE AUTOLESI\u00d3N Y RIESGO DE CONDUCTA SUICIDA<\/a><\/strong><\/p>\n\n\n\n<p class=\"has-small-font-size\">PLAN DE PREVENCI\u00d3N, PROTECCI\u00d3N E INTERVENCI\u00d3N&nbsp;<strong><a href=\"https:\/\/site.educa.madrid.org\/cp.beethoven.torrejondeardoz\/\/wp-content\/uploads\/cp.beethoven.torrejondeardoz\/2023\/06\/SUSTANCIAS-ADICTIVAS.pdf\" target=\"_blank\" rel=\"noreferrer noopener\">EN SITUACIONES DE&nbsp;DE RIESGO DE CONSUMO DE SUSTANCIAS ADICTIVAS<\/a><\/strong><\/p>\n\n\n\n<p class=\"has-small-font-size\">PLAN DE PREVENCI\u00d3N, PROTECCI\u00d3N E INTERVENCI\u00d3N&nbsp;<strong><a href=\"https:\/\/site.educa.madrid.org\/cp.beethoven.torrejondeardoz\/\/wp-content\/uploads\/cp.beethoven.torrejondeardoz\/2023\/06\/GRUPOS-VIOLENTOS.pdf\" target=\"_blank\" rel=\"noreferrer noopener\">EN SITUACIONES DE RIESGO DE PERTENENCIA A GRUPOS JUVENILES VIOLENTOS<\/a><\/strong><\/p>\n\n\n\n<p class=\"has-small-font-size\">PLAN DE PREVENCI\u00d3N, PROTECCI\u00d3N E INTERVENCI\u00d3N&nbsp;<strong><a href=\"https:\/\/site.educa.madrid.org\/cp.beethoven.torrejondeardoz\/\/wp-content\/uploads\/cp.beethoven.torrejondeardoz\/2024\/01\/ADICCION-SIN-SUSTANCIAS.pdf\" target=\"_blank\" rel=\"noreferrer noopener\">EN SITUACIONES DE&nbsp;RIESGO DE COMPORTAMIENTO\/CONSUMO ADICTIVO SIN SUSTANCIAS<\/a><\/strong>&nbsp;(PANTALLAS, INTERNET, REDES SOCIALES, M\u00d3VIL, VIDEOJUEGOS )<\/p>\n\n\n\n<p class=\"has-small-font-size\">PLAN PREVENCI\u00d3N <a href=\"https:\/\/site.educa.madrid.org\/cp.beethoven.torrejondeardoz\/\/wp-content\/uploads\/cp.beethoven.torrejondeardoz\/2025\/01\/Plan-prevencion-consumo-drogas.pdf\"><strong>EN SITUACION DE RIESGO DE CONSUMO DE SUSTANCIAS ADICTIVAS<\/strong><\/a>&nbsp;(ALCOHOL, DROGAS, TABACO, F\u00c1RMACOS)<\/p>\n\n\n\n<p class=\"has-small-font-size\"><strong>BUZ\u00d3N DE DENUNCIAS<\/strong> &#8212;  <a href=\"mailto:buzonfueradrogas@educa.madrid.org\">buzonfueradrogas@educa.madrid.org<\/a><\/p>\n\n\n\n<figure class=\"wp-block-image size-full\"><img loading=\"lazy\" decoding=\"async\" width=\"238\" height=\"300\" src=\"https:\/\/site.educa.madrid.org\/cp.beethoven.torrejondeardoz\/\/wp-content\/uploads\/cp.beethoven.torrejondeardoz\/2025\/01\/image.png\" alt=\"\" class=\"wp-image-2122\" srcset=\"https:\/\/site.educa.madrid.org\/cp.beethoven.torrejondeardoz\/\/wp-content\/uploads\/cp.beethoven.torrejondeardoz\/2025\/01\/image.png 238w, https:\/\/site.educa.madrid.org\/cp.beethoven.torrejondeardoz\/\/wp-content\/uploads\/cp.beethoven.torrejondeardoz\/2025\/01\/image-230x290.png 230w\" sizes=\"auto, (max-width: 238px) 100vw, 238px\" \/><\/figure>\n\n\n\n<figure class=\"wp-block-image size-large\"><a href=\"https:\/\/site.educa.madrid.org\/cp.beethoven.torrejondeardoz\/\/wp-content\/uploads\/cp.beethoven.torrejondeardoz\/2023\/07\/Plan-de-Accion-ALTAS-TEMPERATURAS-beethoven.pdf\" target=\"_blank\" rel=\"noopener\"><img loading=\"lazy\" decoding=\"async\" width=\"1024\" height=\"263\" src=\"https:\/\/site.educa.madrid.org\/cp.beethoven.torrejondeardoz\/\/wp-content\/uploads\/cp.beethoven.torrejondeardoz\/2023\/07\/plan_altas_temperaturas-1024x263.png\" alt=\"\" class=\"wp-image-1674\" srcset=\"https:\/\/site.educa.madrid.org\/cp.beethoven.torrejondeardoz\/\/wp-content\/uploads\/cp.beethoven.torrejondeardoz\/2023\/07\/plan_altas_temperaturas-1024x263.png 1024w, https:\/\/site.educa.madrid.org\/cp.beethoven.torrejondeardoz\/\/wp-content\/uploads\/cp.beethoven.torrejondeardoz\/2023\/07\/plan_altas_temperaturas-300x77.png 300w, https:\/\/site.educa.madrid.org\/cp.beethoven.torrejondeardoz\/\/wp-content\/uploads\/cp.beethoven.torrejondeardoz\/2023\/07\/plan_altas_temperaturas-768x197.png 768w, https:\/\/site.educa.madrid.org\/cp.beethoven.torrejondeardoz\/\/wp-content\/uploads\/cp.beethoven.torrejondeardoz\/2023\/07\/plan_altas_temperaturas-920x236.png 920w, https:\/\/site.educa.madrid.org\/cp.beethoven.torrejondeardoz\/\/wp-content\/uploads\/cp.beethoven.torrejondeardoz\/2023\/07\/plan_altas_temperaturas-230x59.png 230w, https:\/\/site.educa.madrid.org\/cp.beethoven.torrejondeardoz\/\/wp-content\/uploads\/cp.beethoven.torrejondeardoz\/2023\/07\/plan_altas_temperaturas-350x90.png 350w, https:\/\/site.educa.madrid.org\/cp.beethoven.torrejondeardoz\/\/wp-content\/uploads\/cp.beethoven.torrejondeardoz\/2023\/07\/plan_altas_temperaturas-480x123.png 480w, https:\/\/site.educa.madrid.org\/cp.beethoven.torrejondeardoz\/\/wp-content\/uploads\/cp.beethoven.torrejondeardoz\/2023\/07\/plan_altas_temperaturas.png 1170w\" sizes=\"auto, (max-width: 1024px) 100vw, 1024px\" \/><\/a><\/figure>\n\n\n\n<figure class=\"wp-block-image size-full is-resized\"><a href=\"https:\/\/site.educa.madrid.org\/cp.beethoven.torrejondeardoz\/\/wp-content\/uploads\/cp.beethoven.torrejondeardoz\/2025\/11\/PDC-2025_26-Beethoven-TAPADO-2.pdf\" target=\"_blank\" rel=\"noopener\"><img loading=\"lazy\" decoding=\"async\" width=\"724\" height=\"572\" src=\"https:\/\/site.educa.madrid.org\/cp.beethoven.torrejondeardoz\/\/wp-content\/uploads\/cp.beethoven.torrejondeardoz\/2023\/01\/PLAN-DIGITAL.jpg\" alt=\"\" class=\"wp-image-1484\" style=\"width:583px;height:auto\" srcset=\"https:\/\/site.educa.madrid.org\/cp.beethoven.torrejondeardoz\/\/wp-content\/uploads\/cp.beethoven.torrejondeardoz\/2023\/01\/PLAN-DIGITAL.jpg 724w, https:\/\/site.educa.madrid.org\/cp.beethoven.torrejondeardoz\/\/wp-content\/uploads\/cp.beethoven.torrejondeardoz\/2023\/01\/PLAN-DIGITAL-300x237.jpg 300w, https:\/\/site.educa.madrid.org\/cp.beethoven.torrejondeardoz\/\/wp-content\/uploads\/cp.beethoven.torrejondeardoz\/2023\/01\/PLAN-DIGITAL-230x182.jpg 230w, https:\/\/site.educa.madrid.org\/cp.beethoven.torrejondeardoz\/\/wp-content\/uploads\/cp.beethoven.torrejondeardoz\/2023\/01\/PLAN-DIGITAL-350x277.jpg 350w, https:\/\/site.educa.madrid.org\/cp.beethoven.torrejondeardoz\/\/wp-content\/uploads\/cp.beethoven.torrejondeardoz\/2023\/01\/PLAN-DIGITAL-480x379.jpg 480w\" sizes=\"auto, (max-width: 724px) 100vw, 724px\" \/><\/a><\/figure>\n","protected":false},"excerpt":{"rendered":"<p>PLAN DE PREVENCI\u00d3N, PROTECCI\u00d3N E INTERVENCI\u00d3N&nbsp;EN SITUACIONES DE&nbsp;ACOSO ESCOLAR PLAN DE PREVENCI\u00d3N, PROTECCI\u00d3N E INTERVENCI\u00d3N&nbsp;EN SITUACIONES DE AUTOLESI\u00d3N Y RIESGO DE CONDUCTA [&hellip;]<\/p>\n","protected":false},"author":3,"featured_media":0,"parent":0,"menu_order":0,"comment_status":"closed","ping_status":"closed","template":"","meta":{"footnotes":""},"folder":[],"class_list":["post-1480","page","type-page","status-publish","hentry"],"rttpg_featured_image_url":null,"rttpg_author":{"display_name":"cp.beethoven.torrejondeardoz","author_link":"https:\/\/site.educa.madrid.org\/cp.beethoven.torrejondeardoz\/index.php\/author\/cuenta_cp-beethoven-torrejondeardoz\/"},"rttpg_comment":0,"rttpg_category":false,"rttpg_excerpt":"PLAN DE PREVENCI\u00d3N, PROTECCI\u00d3N E INTERVENCI\u00d3N&nbsp;EN SITUACIONES DE&nbsp;ACOSO ESCOLAR PLAN DE PREVENCI\u00d3N, PROTECCI\u00d3N E INTERVENCI\u00d3N&nbsp;EN SITUACIONES DE AUTOLESI\u00d3N Y RIESGO DE CONDUCTA [&hellip;]","post_mailing_queue_ids":[],"_links":{"self":[{"href":"https:\/\/site.educa.madrid.org\/cp.beethoven.torrejondeardoz\/index.php\/wp-json\/wp\/v2\/pages\/1480","targetHints":{"allow":["GET"]}}],"collection":[{"href":"https:\/\/site.educa.madrid.org\/cp.beethoven.torrejondeardoz\/index.php\/wp-json\/wp\/v2\/pages"}],"about":[{"href":"https:\/\/site.educa.madrid.org\/cp.beethoven.torrejondeardoz\/index.php\/wp-json\/wp\/v2\/types\/page"}],"author":[{"embeddable":true,"href":"https:\/\/site.educa.madrid.org\/cp.beethoven.torrejondeardoz\/index.php\/wp-json\/wp\/v2\/users\/3"}],"replies":[{"embeddable":true,"href":"https:\/\/site.educa.madrid.org\/cp.beethoven.torrejondeardoz\/index.php\/wp-json\/wp\/v2\/comments?post=1480"}],"version-history":[{"count":39,"href":"https:\/\/site.educa.madrid.org\/cp.beethoven.torrejondeardoz\/index.php\/wp-json\/wp\/v2\/pages\/1480\/revisions"}],"predecessor-version":[{"id":2460,"href":"https:\/\/site.educa.madrid.org\/cp.beethoven.torrejondeardoz\/index.php\/wp-json\/wp\/v2\/pages\/1480\/revisions\/2460"}],"wp:attachment":[{"href":"https:\/\/site.educa.madrid.org\/cp.beethoven.torrejondeardoz\/index.php\/wp-json\/wp\/v2\/media?parent=1480"}],"wp:term":[{"taxonomy":"folder","embeddable":true,"href":"https:\/\/site.educa.madrid.org\/cp.beethoven.torrejondeardoz\/index.php\/wp-json\/wp\/v2\/folder?post=1480"}],"curies":[{"name":"wp","href":"https:\/\/api.w.org\/{rel}","templated":true}]}}