{"id":1514,"date":"2023-03-02T15:45:19","date_gmt":"2023-03-02T14:45:19","guid":{"rendered":"https:\/\/site.educa.madrid.org\/cp.beethoven.torrejondeardoz\/?page_id=1514"},"modified":"2024-06-27T12:47:06","modified_gmt":"2024-06-27T10:47:06","slug":"guias","status":"publish","type":"page","link":"https:\/\/site.educa.madrid.org\/cp.beethoven.torrejondeardoz\/index.php\/guias\/","title":{"rendered":"GU\u00cdAS"},"content":{"rendered":"\n<figure class=\"wp-block-image size-medium\"><img decoding=\"async\" src=\"https:\/\/site.educa.madrid.org\/cp.serracines.fresno\/\/wp-content\/uploads\/cp.serracines.fresno\/2023\/03\/Roble-OK-300x153.png\" alt=\"\" class=\"wp-image-1754\"\/><\/figure>\n\n\n\n<div class=\"wp-block-file\"><a id=\"wp-block-file--media-364e244c-812d-4855-9c5f-def6cabbb3c3\" href=\"https:\/\/site.educa.madrid.org\/cp.beethoven.torrejondeardoz\/\/wp-content\/uploads\/cp.beethoven.torrejondeardoz\/2024\/04\/Manual-de-Roble-v2.pdf\" target=\"_blank\" rel=\"noreferrer noopener\">MANUAL ROBLE-v2<\/a><\/div>\n\n\n\n<p><a href=\"https:\/\/site.educa.madrid.org\/cp.beethoven.torrejondeardoz\/\/wp-content\/uploads\/cp.beethoven.torrejondeardoz\/2024\/06\/Informaciones-de-interes-1.pdf\">JUSTIFICACI\u00d3N DE FALTAS + ENV\u00cdO DE COMUNICACIONES<\/a><\/p>\n\n\n\n<div class=\"wp-block-file\"><a id=\"wp-block-file--media-b6626d52-db4b-4688-8459-9069f6339180\" href=\"https:\/\/site.educa.madrid.org\/cp.beethoven.torrejondeardoz\/\/wp-content\/uploads\/cp.beethoven.torrejondeardoz\/2023\/10\/Guia-Subir-mi-foto-en-Raices-perfiles-ALUMNADO.pdf\" target=\"_blank\" rel=\"noreferrer noopener\">SUBIR FOTO DE ALUMNO<\/a><\/div>\n\n\n\n<p class=\"has-x-large-font-size\">_____________________________________________<\/p>\n\n\n\n<figure class=\"wp-block-image size-medium\"><img decoding=\"async\" src=\"https:\/\/site.educa.madrid.org\/cp.serracines.fresno\/\/wp-content\/uploads\/cp.serracines.fresno\/2023\/03\/educamadrid-300x48.png\" alt=\"\" class=\"wp-image-1751\"\/><\/figure>\n\n\n\n<p><a href=\"https:\/\/site.educa.madrid.org\/cp.beethoven.torrejondeardoz\/\/wp-content\/uploads\/cp.beethoven.torrejondeardoz\/2024\/06\/Cambio-de-contrasena.pdf\">CAMBIO CONTRASE\u00d1A<\/a><\/p>\n\n\n\n<p class=\"has-x-large-font-size\">_____________________________________________<\/p>\n\n\n\n<figure class=\"wp-block-image size-medium\"><img decoding=\"async\" src=\"https:\/\/site.educa.madrid.org\/cp.serracines.fresno\/\/wp-content\/uploads\/cp.serracines.fresno\/2023\/03\/Aulasvirtualeseducamadrid-1024x299-1-300x88.png\" alt=\"\" class=\"wp-image-1755\"\/><\/figure>\n\n\n\n<p><a href=\"https:\/\/site.educa.madrid.org\/cp.beethoven.torrejondeardoz\/\/wp-content\/uploads\/cp.beethoven.torrejondeardoz\/2024\/06\/Aula-virtual.pdf\">ACCESO A PLATAFORMA<\/a><\/p>\n\n\n\n<p class=\"has-x-large-font-size\">_____________________________________________<\/p>\n\n\n\n<figure class=\"wp-block-image size-medium\"><img decoding=\"async\" src=\"https:\/\/site.educa.madrid.org\/cp.serracines.fresno\/\/wp-content\/uploads\/cp.serracines.fresno\/2023\/03\/JITSI-MEET-300x118.jpeg\" alt=\"\" class=\"wp-image-1756\"\/><\/figure>\n\n\n\n<p><a href=\"https:\/\/site.educa.madrid.org\/cp.beethoven.torrejondeardoz\/\/wp-content\/uploads\/cp.beethoven.torrejondeardoz\/2024\/06\/JITSI-MEET.pdf\">CONECTARSE A UNA REUNI\u00d3N<\/a><\/p>\n\n\n\n<p class=\"has-x-large-font-size\">_____________________________________________<\/p>\n\n\n\n<figure class=\"wp-block-image size-full\"><a href=\"https:\/\/site.educa.madrid.org\/cp.beethoven.torrejondeardoz\/\/wp-content\/uploads\/cp.beethoven.torrejondeardoz\/2024\/06\/Ciber-Seguridad.pdf\"><img loading=\"lazy\" decoding=\"async\" width=\"300\" height=\"225\" src=\"https:\/\/site.educa.madrid.org\/cp.beethoven.torrejondeardoz\/\/wp-content\/uploads\/cp.beethoven.torrejondeardoz\/2024\/06\/image-1.png\" alt=\"\" class=\"wp-image-1983\" srcset=\"https:\/\/site.educa.madrid.org\/cp.beethoven.torrejondeardoz\/\/wp-content\/uploads\/cp.beethoven.torrejondeardoz\/2024\/06\/image-1.png 300w, https:\/\/site.educa.madrid.org\/cp.beethoven.torrejondeardoz\/\/wp-content\/uploads\/cp.beethoven.torrejondeardoz\/2024\/06\/image-1-230x173.png 230w\" sizes=\"auto, (max-width: 300px) 100vw, 300px\" \/><\/a><\/figure>\n","protected":false},"excerpt":{"rendered":"<p>JUSTIFICACI\u00d3N DE FALTAS + ENV\u00cdO DE COMUNICACIONES _____________________________________________ CAMBIO CONTRASE\u00d1A _____________________________________________ ACCESO A PLATAFORMA _____________________________________________ CONECTARSE A UNA REUNI\u00d3N _____________________________________________<\/p>\n","protected":false},"author":3,"featured_media":0,"parent":0,"menu_order":0,"comment_status":"closed","ping_status":"closed","template":"","meta":{"footnotes":""},"folder":[],"class_list":["post-1514","page","type-page","status-publish","hentry"],"rttpg_featured_image_url":null,"rttpg_author":{"display_name":"cp.beethoven.torrejondeardoz","author_link":"https:\/\/site.educa.madrid.org\/cp.beethoven.torrejondeardoz\/index.php\/author\/cuenta_cp-beethoven-torrejondeardoz\/"},"rttpg_comment":0,"rttpg_category":false,"rttpg_excerpt":"JUSTIFICACI\u00d3N DE FALTAS + ENV\u00cdO DE COMUNICACIONES _____________________________________________ CAMBIO CONTRASE\u00d1A _____________________________________________ ACCESO A PLATAFORMA _____________________________________________ CONECTARSE A UNA REUNI\u00d3N _____________________________________________","post_mailing_queue_ids":[],"_links":{"self":[{"href":"https:\/\/site.educa.madrid.org\/cp.beethoven.torrejondeardoz\/index.php\/wp-json\/wp\/v2\/pages\/1514","targetHints":{"allow":["GET"]}}],"collection":[{"href":"https:\/\/site.educa.madrid.org\/cp.beethoven.torrejondeardoz\/index.php\/wp-json\/wp\/v2\/pages"}],"about":[{"href":"https:\/\/site.educa.madrid.org\/cp.beethoven.torrejondeardoz\/index.php\/wp-json\/wp\/v2\/types\/page"}],"author":[{"embeddable":true,"href":"https:\/\/site.educa.madrid.org\/cp.beethoven.torrejondeardoz\/index.php\/wp-json\/wp\/v2\/users\/3"}],"replies":[{"embeddable":true,"href":"https:\/\/site.educa.madrid.org\/cp.beethoven.torrejondeardoz\/index.php\/wp-json\/wp\/v2\/comments?post=1514"}],"version-history":[{"count":10,"href":"https:\/\/site.educa.madrid.org\/cp.beethoven.torrejondeardoz\/index.php\/wp-json\/wp\/v2\/pages\/1514\/revisions"}],"predecessor-version":[{"id":1988,"href":"https:\/\/site.educa.madrid.org\/cp.beethoven.torrejondeardoz\/index.php\/wp-json\/wp\/v2\/pages\/1514\/revisions\/1988"}],"wp:attachment":[{"href":"https:\/\/site.educa.madrid.org\/cp.beethoven.torrejondeardoz\/index.php\/wp-json\/wp\/v2\/media?parent=1514"}],"wp:term":[{"taxonomy":"folder","embeddable":true,"href":"https:\/\/site.educa.madrid.org\/cp.beethoven.torrejondeardoz\/index.php\/wp-json\/wp\/v2\/folder?post=1514"}],"curies":[{"name":"wp","href":"https:\/\/api.w.org\/{rel}","templated":true}]}}