{"id":195,"date":"2020-09-08T06:52:24","date_gmt":"2020-09-08T06:52:24","guid":{"rendered":"https:\/\/site.educa.madrid.org\/cp.beethoven.torrejondeardoz\/?page_id=195"},"modified":"2026-04-08T11:02:25","modified_gmt":"2026-04-08T09:02:25","slug":"comedor","status":"publish","type":"page","link":"https:\/\/site.educa.madrid.org\/cp.beethoven.torrejondeardoz\/index.php\/comedor\/","title":{"rendered":"Comedor"},"content":{"rendered":"\n<p>El C.E.I.P. Beethoven cuenta con un Servicio de Comedor con cocina propia, gestionado por la empresa \u00abCocinas Centrales\u00bb.<\/p>\n\n\n\n<p>El Servicio de Comedor funciona durante todo el curso,&nbsp;<strong>desde el 8 de septiembre hasta el 19 de junio<\/strong>.<\/p>\n\n\n\n<p>.*Aquellos alumnos\/as que quieran solicitar el servicio de comedor de manera regular, deber\u00e1n entregar en la Secretar\u00eda del centro el&nbsp;<strong><a href=\"https:\/\/site.educa.madrid.org\/cp.beethoven.torrejondeardoz\/\/wp-content\/uploads\/cp.beethoven.torrejondeardoz\/2022\/06\/DOCUMENTO-COMEDOR-RELLENABLE.pdf\" target=\"_blank\" rel=\"noreferrer noopener\">formulario de inscripci\u00f3n<\/a><\/strong>&nbsp;debidamente cumplimentado.<\/p>\n\n\n\n<p>El men\u00fa diario est\u00e1 elaborado por profesionales, que tienen en cuenta las necesidades de nuestros alumnos, con la elecci\u00f3n de alimentos nutritivos, saludables y adecuados a su edad, para que repongan toda la energ\u00eda necesaria para estudiar y crecer sanos.<\/p>\n\n\n\n<p><a href=\"https:\/\/site.educa.madrid.org\/cp.beethoven.torrejondeardoz\/\/wp-content\/uploads\/cp.beethoven.torrejondeardoz\/2021\/09\/circular-informativa-polA\u00adtica-nutricional.pdf\" target=\"_blank\" rel=\"noreferrer noopener\">NOTA INFORMATIVA POL\u00cdTICA NUTRICIONAL COCINAS CENTRALES<\/a><\/p>\n\n\n\n<figure class=\"wp-block-image size-large\"><a href=\"https:\/\/menuak.ausolan.com\/\" target=\"_blank\" rel=\"noopener noreferrer\"><img loading=\"lazy\" decoding=\"async\" width=\"200\" height=\"70\" src=\"https:\/\/site.educa.madrid.org\/cp.beethoven.torrejondeardoz\/\/wp-content\/uploads\/cp.beethoven.torrejondeardoz\/2020\/10\/menu.jpg\" alt=\"\" class=\"wp-image-584\"\/><\/a><\/figure>\n\n\n\n<p>Consulta men\u00fas y dietas &#8211; <em><a href=\"https:\/\/menuo.ausolan.com\/\" target=\"_blank\" rel=\"noreferrer noopener\">pincha aqu\u00ed<\/a><\/em><\/p>\n\n\n\n<p class=\"has-small-font-size\"><em>*El c\u00f3digo para acceder a la plataforma es <\/em>7631<\/p>\n\n\n\n<div class=\"wp-block-file\"><a id=\"wp-block-file--media-4f9d48a6-d83b-4e77-9c98-29571b096e53\" href=\"https:\/\/site.educa.madrid.org\/cp.beethoven.torrejondeardoz\/\/wp-content\/uploads\/cp.beethoven.torrejondeardoz\/2026\/04\/Documento-informativo-RD-315.2025-206-207-y-2027-2028.pdf\" target=\"_blank\" rel=\"noreferrer noopener\"><strong>A PARTIR DE ABRIL DE 2026, LOS COMEDORES ESCOLARES IMPLEMENTAR\u00c1N MEN\u00daS M\u00c1S SALUDABLES<\/strong><\/a><a href=\"https:\/\/site.educa.madrid.org\/cp.beethoven.torrejondeardoz\/\/wp-content\/uploads\/cp.beethoven.torrejondeardoz\/2026\/04\/Documento-informativo-RD-315.2025-206-207-y-2027-2028.pdf\" class=\"wp-block-file__button wp-element-button\" download aria-describedby=\"wp-block-file--media-4f9d48a6-d83b-4e77-9c98-29571b096e53\">Descarga<\/a><\/div>\n\n\n\n<p class=\"has-vivid-cyan-blue-color has-text-color\"><strong>HORARIO DEL SERVICIO DE COMEDOR<\/strong><\/p>\n\n\n\n<ul class=\"wp-block-list\">\n<li><em>Septiembre y Junio:<\/em>&nbsp;De 13 a 15 horas.<\/li>\n\n\n\n<li><em>De Octubre a Mayo:<\/em>&nbsp;De 14 a 16 horas.<\/li>\n<\/ul>\n\n\n\n<p class=\"has-vivid-cyan-blue-color has-text-color\"><strong>HORARIO DE RECOGIDA DE ALUMNOS<\/strong><\/p>\n\n\n\n<ul class=\"wp-block-list\">\n<li>Septiembre y Junio: A las 15:00 horas.<\/li>\n\n\n\n<li>De Octubre a Mayo: A las 16:00 horas.<\/li>\n<\/ul>\n\n\n\n<p class=\"has-vivid-cyan-blue-color has-text-color\"><strong>PRECIOS<\/strong><\/p>\n\n\n\n<p><strong>Uso regular<\/strong>&nbsp;del servicio de comedor:&nbsp;<strong>5,50 euros\/comida.<\/strong><\/p>\n\n\n\n<p><strong>Uso&nbsp;<\/strong>urgente o&nbsp;<strong>espor\u00e1dico&nbsp;<\/strong>del servicio de comedor:&nbsp;<strong>6,60 euros\/comida.<\/strong><\/p>\n\n\n\n<p class=\"has-background\" style=\"background-color:#f0a0a0\">Por razones de log\u00edstica y organizaci\u00f3n,&nbsp;<strong>el servicio de espor\u00e1dicos&nbsp;<\/strong>estar\u00e1 condicionado al n\u00famero de comensales fijos y deber\u00e1 solicitarse con al menos 24h. de antelaci\u00f3n para no interferir en la organizaci\u00f3n del servicio. El pago se realizar\u00e1 \u00fanicamente mediante transferencia bancaria.<\/p>\n","protected":false},"excerpt":{"rendered":"<p>El C.E.I.P. Beethoven cuenta con un Servicio de Comedor con cocina propia, gestionado por la empresa \u00abCocinas Centrales\u00bb. El Servicio de Comedor [&hellip;]<\/p>\n","protected":false},"author":2,"featured_media":0,"parent":0,"menu_order":0,"comment_status":"closed","ping_status":"closed","template":"","meta":{"footnotes":""},"folder":[],"class_list":["post-195","page","type-page","status-publish","hentry"],"rttpg_featured_image_url":null,"rttpg_author":{"display_name":"tic.cp.beethoven.torrejondeardoz","author_link":"https:\/\/site.educa.madrid.org\/cp.beethoven.torrejondeardoz\/index.php\/author\/cuenta_tic-cp-beethoven-torrejondeardoz\/"},"rttpg_comment":0,"rttpg_category":false,"rttpg_excerpt":"El C.E.I.P. Beethoven cuenta con un Servicio de Comedor con cocina propia, gestionado por la empresa \u00abCocinas Centrales\u00bb. El Servicio de Comedor [&hellip;]","post_mailing_queue_ids":[],"_links":{"self":[{"href":"https:\/\/site.educa.madrid.org\/cp.beethoven.torrejondeardoz\/index.php\/wp-json\/wp\/v2\/pages\/195","targetHints":{"allow":["GET"]}}],"collection":[{"href":"https:\/\/site.educa.madrid.org\/cp.beethoven.torrejondeardoz\/index.php\/wp-json\/wp\/v2\/pages"}],"about":[{"href":"https:\/\/site.educa.madrid.org\/cp.beethoven.torrejondeardoz\/index.php\/wp-json\/wp\/v2\/types\/page"}],"author":[{"embeddable":true,"href":"https:\/\/site.educa.madrid.org\/cp.beethoven.torrejondeardoz\/index.php\/wp-json\/wp\/v2\/users\/2"}],"replies":[{"embeddable":true,"href":"https:\/\/site.educa.madrid.org\/cp.beethoven.torrejondeardoz\/index.php\/wp-json\/wp\/v2\/comments?post=195"}],"version-history":[{"count":16,"href":"https:\/\/site.educa.madrid.org\/cp.beethoven.torrejondeardoz\/index.php\/wp-json\/wp\/v2\/pages\/195\/revisions"}],"predecessor-version":[{"id":2508,"href":"https:\/\/site.educa.madrid.org\/cp.beethoven.torrejondeardoz\/index.php\/wp-json\/wp\/v2\/pages\/195\/revisions\/2508"}],"wp:attachment":[{"href":"https:\/\/site.educa.madrid.org\/cp.beethoven.torrejondeardoz\/index.php\/wp-json\/wp\/v2\/media?parent=195"}],"wp:term":[{"taxonomy":"folder","embeddable":true,"href":"https:\/\/site.educa.madrid.org\/cp.beethoven.torrejondeardoz\/index.php\/wp-json\/wp\/v2\/folder?post=195"}],"curies":[{"name":"wp","href":"https:\/\/api.w.org\/{rel}","templated":true}]}}