{"id":199,"date":"2020-09-08T06:53:56","date_gmt":"2020-09-08T06:53:56","guid":{"rendered":"https:\/\/site.educa.madrid.org\/cp.beethoven.torrejondeardoz\/?page_id=199"},"modified":"2026-04-29T12:21:12","modified_gmt":"2026-04-29T10:21:12","slug":"solicitud-de-becas","status":"publish","type":"page","link":"https:\/\/site.educa.madrid.org\/cp.beethoven.torrejondeardoz\/index.php\/solicitud-de-becas\/","title":{"rendered":"Solicitud de Becas"},"content":{"rendered":"\n<ul class=\"wp-block-list has-medium-font-size\">\n<li><strong>Solicitud de&nbsp;becas de COMEDOR&nbsp;<\/strong>&nbsp;&nbsp;<\/li>\n<\/ul>\n\n\n\n<p class=\"has-vivid-green-cyan-background-color has-background\"><strong><strong>ABIERTO<\/strong>&#8211;Plazo de solicitud para el curso 2026\/2027 &#8212; del 29 de abril al 28  de mayo de 2026<\/strong><\/p>\n\n\n\n<p class=\"has-black-color has-text-color\"><a href=\"https:\/\/www.comunidad.madrid\/educacion\/becas-comedor-escolar\" target=\"_blank\" rel=\"noreferrer noopener\">Enlace<\/a> a web<\/p>\n\n\n\n<p>Presentaci\u00f3n de la&nbsp;<strong>solicitud&nbsp;<\/strong>de forma&nbsp;<strong>telem\u00e1tica&nbsp;<\/strong>a trav\u00e9s del siguiente&nbsp;<a href=\"https:\/\/digital.comunidad.madrid\/acceso\" target=\"_blank\" rel=\"noreferrer noopener\">enlace<\/a>.<\/p>\n\n\n\n<p>* Adem\u00e1s de cumplimentar la solicitud deber\u00e1n aportar la documentaci\u00f3n necesaria con car\u00e1cter general y la relativa a la modalidad para la que soliciten la beca.<\/p>\n\n\n\n<p><a href=\"https:\/\/gestiona.comunidad.madrid\/ereg_webapp_regelectronico\/#\/acceso-tramite\/1963F1_26\" target=\"_blank\" rel=\"noreferrer noopener\">MODELO DE SOLICITUD<\/a><\/p>\n\n\n\n<p class=\"has-cyan-bluish-gray-color has-text-color has-medium-font-size\"><strong>FASE DE SUBSANACI\u00d3N<\/strong><\/p>\n\n\n\n<p class=\"has-cyan-bluish-gray-color has-text-color has-small-font-size\">-Causas de exclusi\u00f3n-<\/p>\n\n\n\n<p class=\"has-cyan-bluish-gray-color has-text-color\">Puede comprobar el&nbsp;<strong>estado de la solicitud<\/strong>&nbsp;pulsando en el siguiente enlace:<\/p>\n\n\n\n<p class=\"has-cyan-bluish-gray-color has-text-color\">Consulta estado solicitud&nbsp;\u2014&nbsp;<em>Pulsar en acceder sin certificado e introducir datos de acceso.<\/em><\/p>\n\n\n\n<p class=\"has-cyan-bluish-gray-color has-text-color\">Las subsanaciones se pueden presentar del   al   de       <strong>, ambos inclusive.<\/strong><\/p>\n\n\n\n<p class=\"has-text-align-center has-cyan-bluish-gray-color has-text-color\">Subsanaci\u00f3n telem\u00e1tica<\/p>\n\n\n\n<p class=\"has-cyan-bluish-gray-color has-text-color\">* Las familias que no dispongan de los medios necesarios para presentar la subsanaci\u00f3n de forma telem\u00e1tica, pueden descargar la solicitud. La podr\u00e1n presentar, con la documentaci\u00f3n necesaria, de manera presencial en el centro educativo.<\/p>\n\n\n\n<p class=\"has-cyan-bluish-gray-color has-text-color\">Preguntas frecuentes en fase de subsanaci\u00f3n<\/p>\n\n\n\n<p class=\"has-cyan-bluish-gray-color has-text-color has-medium-font-size\"><strong>RESOLUCI\u00d3N DEFINITIVA<\/strong><\/p>\n\n\n\n<p class=\"has-cyan-bluish-gray-color has-text-color\">Puede comprobar el <strong>estado de la solicitud<\/strong> pulsando en el siguiente enlace:   <\/p>\n\n\n\n<p class=\"has-cyan-bluish-gray-color has-text-color\">Consulta estado solicitud &#8212; <em>Pulsar en acceder sin certificado e introducir datos de acceso.<\/em><\/p>\n\n\n\n<p class=\"has-cyan-bluish-gray-color has-text-color\">Los recursos de reposici\u00f3n se pueden presentar del   al  de       <strong>, ambos inclusive.<\/strong><\/p>\n\n\n\n<p class=\"has-text-align-center has-cyan-bluish-gray-color has-text-color\">Tramitar Recurso<\/p>\n\n\n\n<p class=\"has-cyan-bluish-gray-color has-text-color\">* Las familias que no dispongan de los medios necesarios para presentar el recurso de forma telem\u00e1tica, pueden descargar la el formulario. Y lo podr\u00e1n presentar, con la documentaci\u00f3n necesaria, de manera presencial en el centro educativo.<\/p>\n\n\n\n<p class=\"has-cyan-bluish-gray-color has-text-color\">Preguntas frecuentes en fase de recurso<\/p>\n\n\n\n<ul class=\"wp-block-list\">\n<li><strong>Solicitud de&nbsp;SERVICO DE DESAYUNOS ESCOLARES &nbsp;<\/strong>\u2014&nbsp;<em><strong>Familias<\/strong><\/em>&nbsp;<strong>perceptoras de R.M.I o I.M.V<\/strong>&nbsp;&nbsp;<\/li>\n<\/ul>\n\n\n\n<p class=\"has-background\" style=\"background-color:#cf2d2d99\"><strong>CERRADO<\/strong>\u2014 Plazo de solicitud para el curso 2025\/2026 \u2014&nbsp;del 2 al 22 de septiembre de 2025<\/p>\n\n\n\n<p>Presentaci\u00f3n de la <strong>solicitud <\/strong>de forma <strong>telem\u00e1tica <\/strong>a trav\u00e9s del siguiente <a href=\"https:\/\/sede.comunidad.madrid\/ayudas-becas-subvenciones\/ayudas-desayuno-escolar\" target=\"_blank\" rel=\"noreferrer noopener\"><strong>enlace<\/strong><\/a>.<\/p>\n\n\n\n<p>Descarga de&nbsp;<strong><a href=\"https:\/\/site.educa.madrid.org\/cp.beethoven.torrejondeardoz\/\/wp-content\/uploads\/cp.beethoven.torrejondeardoz\/2025\/09\/Formulario-3458F1_25.pdf\" target=\"_blank\" rel=\"noreferrer noopener\">solicitud&nbsp;<\/a><\/strong>aqu\u00ed.<\/p>\n\n\n\n<ul class=\"wp-block-list has-medium-font-size\">\n<li><strong>Solicitud de&nbsp;&nbsp;becas de PR\u00c9STAMO DE LIBROS&nbsp; \u2013<\/strong>\u2013<strong><em>&nbsp;Ed. Infantil<\/em><\/strong>&nbsp;<\/li>\n<\/ul>\n\n\n\n<p class=\"has-background\" style=\"background-color:#eb8b8b\"><strong>CERRADO<\/strong>\u2014 Plazo de solicitud para el curso 2025\/2026 \u2014&nbsp;del 13 de junio al 25 de junio de 2025<\/p>\n\n\n\n<p>Descarga de <a href=\"https:\/\/site.educa.madrid.org\/cp.beethoven.torrejondeardoz\/\/wp-content\/uploads\/cp.beethoven.torrejondeardoz\/2025\/06\/SOLICITUD-PRESTAMO-LIBROS.pdf\" target=\"_blank\" rel=\"noreferrer noopener\"><strong>impreso<\/strong>&nbsp;<\/a>aqu\u00ed.<\/p>\n\n\n\n<ul class=\"wp-block-list has-medium-font-size\">\n<li><strong>Solicitud de&nbsp;&nbsp;Programa ACCEDE<\/strong>&nbsp; \u2014&nbsp;<strong><em>Ed. Primaria<\/em>&nbsp; &nbsp;<\/strong><\/li>\n<\/ul>\n\n\n\n<p class=\"has-very-dark-gray-color has-text-color has-background\" style=\"background-color:#e69191\"><strong>CERRADO<\/strong>\u2014 Plazo de solicitud para el curso 2025\/2026 \u2014&nbsp;del 20 al 27 de junio de 2025<\/p>\n\n\n\n<p>Descarga la&nbsp;<strong><a rel=\"noreferrer noopener\" href=\"https:\/\/site.educa.madrid.org\/cp.beethoven.torrejondeardoz\/\/wp-content\/uploads\/cp.beethoven.torrejondeardoz\/2020\/10\/Anexo-I-Adhesion-alumno-Programa-Accede.pdf\" target=\"_blank\">solicitud<\/a><\/strong>&nbsp;de adhesi\u00f3n aqu\u00ed.<\/p>\n\n\n\n<p>Descarga ANEXO IV &#8211; <a href=\"https:\/\/site.educa.madrid.org\/cp.beethoven.torrejondeardoz\/\/wp-content\/uploads\/cp.beethoven.torrejondeardoz\/2020\/10\/ANEXOIVRenuncia.pdf\" target=\"_blank\" rel=\"noreferrer noopener\"><strong>Renuncia<\/strong><\/a><\/p>\n\n\n\n<ul class=\"wp-block-list has-medium-font-size\">\n<li>S<strong>olicitud de&nbsp;becas para ALUMNADO CON NECESIDAD ESPEC\u00cdFICA DE APOYO EDUCATIVO<\/strong>&nbsp;&nbsp;<\/li>\n<\/ul>\n\n\n\n<p class=\"has-background\" style=\"background-color:#cf2d2d85\"><strong>CERRADO<\/strong>&#8212; Plazo de solicitud para el curso 2025\/2026 &#8212;&nbsp;del 30 de abril al 11 de septiembre de 2025<\/p>\n\n\n\n<p><a rel=\"noreferrer noopener\" href=\"https:\/\/www.becaseducacion.gob.es\/becas-y-ayudas\/ayudas-apoyo-educativo\/tipos-de-becas.html\" target=\"_blank\"><strong>Enlace<\/strong> <\/a>a Web<\/p>\n\n\n\n<p><a rel=\"noreferrer noopener\" href=\"https:\/\/www.becaseducacion.gob.es\/becas-y-ayudas\/ayudas-apoyo-educativo\/como-solicitarla.html#cuando-debes-solicitarla\u200b\" target=\"_blank\"><strong>\u00bfC\u00f3mo solicitarla?<\/strong><\/a><\/p>\n\n\n\n<figure class=\"wp-block-image\"><img decoding=\"async\" src=\"https:\/\/site.educa.madrid.org\/cp.serracines.fresno\/\/wp-content\/uploads\/cp.serracines.fresno\/2025\/05\/image-3.png\" alt=\"\" class=\"wp-image-2765\"\/><\/figure>\n\n\n\n<p class=\"has-vivid-red-color has-text-color has-link-color has-medium-font-size wp-elements-adc0b9ef02b989b35b5df38a876c07c4\"><strong>NUEVA MODALIDAD DE PRESENTACI\u00d3N<\/strong><\/p>\n\n\n\n<div class=\"wp-block-file\"><a id=\"wp-block-file--media-7c28386c-b99f-4a79-886d-995a27a84a68\" href=\"https:\/\/site.educa.madrid.org\/cp.beethoven.torrejondeardoz\/\/wp-content\/uploads\/cp.beethoven.torrejondeardoz\/2025\/05\/Instrucciones-NEE-25-26.pdf\" target=\"_blank\" rel=\"noreferrer noopener\">INSTRUCCIONES<\/a><a href=\"https:\/\/site.educa.madrid.org\/cp.beethoven.torrejondeardoz\/\/wp-content\/uploads\/cp.beethoven.torrejondeardoz\/2025\/05\/Instrucciones-NEE-25-26.pdf\" class=\"wp-block-file__button wp-element-button\" download aria-describedby=\"wp-block-file--media-7c28386c-b99f-4a79-886d-995a27a84a68\">Descarga<\/a><\/div>\n\n\n\n<p><strong><a href=\"https:\/\/sede.educacion.gob.es\/sede\/login\/seleccionarConvocatoria.jjsp\" target=\"_blank\" rel=\"noreferrer noopener\">SEDE ELECTR\u00d3NICA<\/a><\/strong>&nbsp;\u2014 INCLUIR TEXTO \u00ab<em>NECESIDAD ESPECIFICA APOYO EDUCATIVO<\/em>\u00bb + BUSCAR<\/p>\n","protected":false},"excerpt":{"rendered":"<p>ABIERTO&#8211;Plazo de solicitud para el curso 2026\/2027 &#8212; del 29 de abril al 28 de mayo de 2026 Enlace a web Presentaci\u00f3n [&hellip;]<\/p>\n","protected":false},"author":2,"featured_media":0,"parent":0,"menu_order":0,"comment_status":"closed","ping_status":"closed","template":"","meta":{"footnotes":""},"folder":[],"class_list":["post-199","page","type-page","status-publish","hentry"],"rttpg_featured_image_url":null,"rttpg_author":{"display_name":"tic.cp.beethoven.torrejondeardoz","author_link":"https:\/\/site.educa.madrid.org\/cp.beethoven.torrejondeardoz\/index.php\/author\/cuenta_tic-cp-beethoven-torrejondeardoz\/"},"rttpg_comment":0,"rttpg_category":false,"rttpg_excerpt":"ABIERTO&#8211;Plazo de solicitud para el curso 2026\/2027 &#8212; del 29 de abril al 28 de mayo de 2026 Enlace a web Presentaci\u00f3n [&hellip;]","post_mailing_queue_ids":[],"_links":{"self":[{"href":"https:\/\/site.educa.madrid.org\/cp.beethoven.torrejondeardoz\/index.php\/wp-json\/wp\/v2\/pages\/199","targetHints":{"allow":["GET"]}}],"collection":[{"href":"https:\/\/site.educa.madrid.org\/cp.beethoven.torrejondeardoz\/index.php\/wp-json\/wp\/v2\/pages"}],"about":[{"href":"https:\/\/site.educa.madrid.org\/cp.beethoven.torrejondeardoz\/index.php\/wp-json\/wp\/v2\/types\/page"}],"author":[{"embeddable":true,"href":"https:\/\/site.educa.madrid.org\/cp.beethoven.torrejondeardoz\/index.php\/wp-json\/wp\/v2\/users\/2"}],"replies":[{"embeddable":true,"href":"https:\/\/site.educa.madrid.org\/cp.beethoven.torrejondeardoz\/index.php\/wp-json\/wp\/v2\/comments?post=199"}],"version-history":[{"count":50,"href":"https:\/\/site.educa.madrid.org\/cp.beethoven.torrejondeardoz\/index.php\/wp-json\/wp\/v2\/pages\/199\/revisions"}],"predecessor-version":[{"id":2530,"href":"https:\/\/site.educa.madrid.org\/cp.beethoven.torrejondeardoz\/index.php\/wp-json\/wp\/v2\/pages\/199\/revisions\/2530"}],"wp:attachment":[{"href":"https:\/\/site.educa.madrid.org\/cp.beethoven.torrejondeardoz\/index.php\/wp-json\/wp\/v2\/media?parent=199"}],"wp:term":[{"taxonomy":"folder","embeddable":true,"href":"https:\/\/site.educa.madrid.org\/cp.beethoven.torrejondeardoz\/index.php\/wp-json\/wp\/v2\/folder?post=199"}],"curies":[{"name":"wp","href":"https:\/\/api.w.org\/{rel}","templated":true}]}}