{"id":2399,"date":"2025-09-23T15:23:46","date_gmt":"2025-09-23T13:23:46","guid":{"rendered":"https:\/\/site.educa.madrid.org\/cp.beethoven.torrejondeardoz\/?page_id=2399"},"modified":"2025-09-23T15:24:18","modified_gmt":"2025-09-23T13:24:18","slug":"entorno-digital-seguro","status":"publish","type":"page","link":"https:\/\/site.educa.madrid.org\/cp.beethoven.torrejondeardoz\/index.php\/entorno-digital-seguro\/","title":{"rendered":"ENTORNO DIGITAL SEGURO"},"content":{"rendered":"\n<p><em>Decreto 64\/2025, de 23 de julio, por el que se regula y limita el uso de dispositivos digitales en centros educativos.<\/em><\/p>\n\n\n\n<p class=\"has-vivid-cyan-blue-color has-text-color has-link-color wp-elements-9b75abf362a1c7f1bec79fccd6fb2b4a\"><strong>ACTUACIONES QUE GARANTIZAR\u00c1N LA ADECUADA UTILIZACI\u00d3N DE LOS MEDIOS DIGITALES<\/strong><\/p>\n\n\n\n<p>Uso compartido de dispositivos bajo supervisi\u00f3n del profesorado y con finalidad pedag\u00f3gica.<\/p>\n\n\n\n<p>Tiempo de exposici\u00f3n a dispositivos digitales limitado, impulsando estrategias de aprendizaje basadas en la escritura, lectura, observaci\u00f3n, experimentaci\u00f3n y manipulaci\u00f3n, asentando aquellos contenidos m\u00e1s memor\u00edsticos.<\/p>\n\n\n\n<ul class=\"wp-block-list\">\n<li>Educaci\u00f3n Infantil y Primer ciclo de Primaria \u2013 1 hora\/semana<\/li>\n<\/ul>\n\n\n\n<ul class=\"wp-block-list\">\n<li>Segundo ciclo de Primaria \u2013 1,5 hora\/semana<\/li>\n<\/ul>\n\n\n\n<ul class=\"wp-block-list\">\n<li>Tercer ciclo de Primaria \u2013 2 horas\/semana<\/li>\n<\/ul>\n\n\n\n<p>No se realizar\u00e1n tareas acad\u00e9micas evaluables fuera del horario escolar utilizando dispositivos digitales.<\/p>\n\n\n\n<p>El empleo de dispositivos digitales de uso no individual (pantallas) no tiene limitaciones temporales ni de uso, pero se emplear\u00e1n bajo supervisi\u00f3n docente y con finalidad educativa.<\/p>\n\n\n\n<p><strong>ORGANIZACI\u00d3N PEDAG\u00d3GICA Y DE AULA<\/strong><\/p>\n\n\n\n<ul class=\"wp-block-list\">\n<li>Integraci\u00f3n curricular equilibrada.<\/li>\n\n\n\n<li>Uso digital siempre vinculado a competencias.<\/li>\n\n\n\n<li>Parejas rotativas: operador (usa el dispositivo) y navegador (gu\u00eda, observa y corrige) \/ Din\u00e1micas grupales.<\/li>\n\n\n\n<li>Tiempo limitado: sesiones digitales no superar\u00e1n los 15-20 minutos seguidos. Actividades digitales no superar\u00e1n el 10-15% del horario semanal.<\/li>\n\n\n\n<li>Tareas digitales voluntarias: ampliaciones y\/o refuerzos no evaluables (Aula Virtual + aplicaciones)<\/li>\n<\/ul>\n","protected":false},"excerpt":{"rendered":"<p>Decreto 64\/2025, de 23 de julio, por el que se regula y limita el uso de dispositivos digitales en centros educativos. ACTUACIONES [&hellip;]<\/p>\n","protected":false},"author":3,"featured_media":0,"parent":0,"menu_order":0,"comment_status":"closed","ping_status":"closed","template":"","meta":{"footnotes":""},"folder":[],"class_list":["post-2399","page","type-page","status-publish","hentry"],"rttpg_featured_image_url":null,"rttpg_author":{"display_name":"cp.beethoven.torrejondeardoz","author_link":"https:\/\/site.educa.madrid.org\/cp.beethoven.torrejondeardoz\/index.php\/author\/cuenta_cp-beethoven-torrejondeardoz\/"},"rttpg_comment":0,"rttpg_category":false,"rttpg_excerpt":"Decreto 64\/2025, de 23 de julio, por el que se regula y limita el uso de dispositivos digitales en centros educativos. ACTUACIONES [&hellip;]","post_mailing_queue_ids":[],"_links":{"self":[{"href":"https:\/\/site.educa.madrid.org\/cp.beethoven.torrejondeardoz\/index.php\/wp-json\/wp\/v2\/pages\/2399","targetHints":{"allow":["GET"]}}],"collection":[{"href":"https:\/\/site.educa.madrid.org\/cp.beethoven.torrejondeardoz\/index.php\/wp-json\/wp\/v2\/pages"}],"about":[{"href":"https:\/\/site.educa.madrid.org\/cp.beethoven.torrejondeardoz\/index.php\/wp-json\/wp\/v2\/types\/page"}],"author":[{"embeddable":true,"href":"https:\/\/site.educa.madrid.org\/cp.beethoven.torrejondeardoz\/index.php\/wp-json\/wp\/v2\/users\/3"}],"replies":[{"embeddable":true,"href":"https:\/\/site.educa.madrid.org\/cp.beethoven.torrejondeardoz\/index.php\/wp-json\/wp\/v2\/comments?post=2399"}],"version-history":[{"count":2,"href":"https:\/\/site.educa.madrid.org\/cp.beethoven.torrejondeardoz\/index.php\/wp-json\/wp\/v2\/pages\/2399\/revisions"}],"predecessor-version":[{"id":2403,"href":"https:\/\/site.educa.madrid.org\/cp.beethoven.torrejondeardoz\/index.php\/wp-json\/wp\/v2\/pages\/2399\/revisions\/2403"}],"wp:attachment":[{"href":"https:\/\/site.educa.madrid.org\/cp.beethoven.torrejondeardoz\/index.php\/wp-json\/wp\/v2\/media?parent=2399"}],"wp:term":[{"taxonomy":"folder","embeddable":true,"href":"https:\/\/site.educa.madrid.org\/cp.beethoven.torrejondeardoz\/index.php\/wp-json\/wp\/v2\/folder?post=2399"}],"curies":[{"name":"wp","href":"https:\/\/api.w.org\/{rel}","templated":true}]}}