{"id":61,"date":"2020-02-06T14:05:54","date_gmt":"2020-02-06T14:05:54","guid":{"rendered":"https:\/\/site.educa.madrid.org\/centro.nuevadinamicas10\/?page_id=61"},"modified":"2022-09-19T09:35:36","modified_gmt":"2022-09-19T07:35:36","slug":"quienes-somos","status":"publish","type":"page","link":"https:\/\/site.educa.madrid.org\/cp.beethoven.torrejondeardoz\/index.php\/quienes-somos\/","title":{"rendered":"Qui\u00e9nes somos"},"content":{"rendered":"\n<h2 class=\"has-vivid-cyan-blue-color has-text-color wp-block-heading\">SOBRE NOSOTROS<\/h2>\n\n\n\n<p>El colegio Beethoven abri\u00f3 sus puertas en el curso acad\u00e9mico 2009-2010.<\/p>\n\n\n\n<p>En la actualidad, es un centro biling\u00fce con una oferta educativa que incluye la etapa de Educaci\u00f3n Infantil y de Educaci\u00f3n Primaria.<\/p>\n\n\n\n<p>Es adem\u00e1s un centro de atenci\u00f3n preferente de alumnos con trastorno del espectro autista (T.E.A).<\/p>\n\n\n\n<p>Est\u00e1 dotado de modernas instalaciones y cuenta con grandes recursos digitales.<\/p>\n\n\n\n<p>A d\u00eda de hoy, contamos con m\u00e1s de 1000 alumnos y un equipo completo de 75 profesores.<\/p>\n\n\n\n<h2 class=\"has-vivid-cyan-blue-color has-text-color wp-block-heading\">VALORES<\/h2>\n\n\n\n<p>Llevamos a cabo una ense\u00f1anza globalizada mediante la cual queremos estimular el desarrollo de todas las capacidades del nino (f\u00edsicas, afectivas, intelectuales y sociales), para favorecer el desarrollo integral de su personalidad.<\/p>\n\n\n\n<p>El Colegio P\u00fablico Beethoven quiere caracterizarse y reconocerse a trav\u00e9s del respeto y la tolerancia, por lo tanto&#8230;<br>Nos comprometemos a:<br><strong>a)&nbsp;<\/strong>Potenciar los valores democr\u00e1ticos.<br><strong>b)<\/strong>&nbsp;Adecuar la oferta educativa del Centro a las necesidades y realidad del alumnado y del entorno.<br><strong>c)<\/strong>&nbsp;Estimular el di\u00e1logo y la participaci\u00f3n de todos los que formamos la Comunidad educativa, para crear un ambiente acogedor y cordial en el centro, que favorezca el aprendizaje.<br><strong>d)<\/strong>&nbsp;Valorar la diversidad como recurso educativo y fuente de enriquecimiento mutuo.<\/p>\n\n\n\n<p>\u201cLa educaci\u00f3n es RESPONSABILIDAD de todos\u201d<\/p>\n\n\n\n<h2 class=\"has-vivid-cyan-blue-color has-text-color wp-block-heading\">NORMAS DE CONVIVENCIA<\/h2>\n\n\n\n<p>El Plan de Convivencia  del centro ser\u00e1 de obligado cumplimiento por parte de todos los miembros de la Comunidad Educativa.  <\/p>\n\n\n\n<div class=\"wp-block-file\"><a id=\"wp-block-file--media-3e418790-9391-4822-ab99-66bc4f458a9a\" href=\"https:\/\/site.educa.madrid.org\/cp.beethoven.torrejondeardoz\/\/wp-content\/uploads\/cp.beethoven.torrejondeardoz\/2022\/03\/PLAN-CONVIVENCIA-1.pdf\" target=\"_blank\" rel=\"noreferrer noopener\"><em>PLAN DE CONVIVENCIA<\/em><\/a><\/div>\n\n\n\n<p><\/p>\n\n\n\n<p><strong>EL DEBER AL ESTUDIO<br><\/strong>\u2022 Asistir a clase con puntualidad.<br>\u2022 Traer el material escolar (incluida la agenda escolar en primaria) propio de cada actividad.<br>\u2022 Participar activamente en la misma.<br>\u2022 Respetar los horarios.<br>\u2022 Seguir las orientaciones de los profesores respecto a su aprendizaje.<br>\u2022 Respetar el derecho al estudio de sus compa\u00f1eros.<br>\u2022 Mantener una actitud correcta en clase, no permiti\u00e9ndose el uso de m\u00f3viles, otros dispositivos electr\u00f3nicos o cualquier objeto que pueda distraerle a \u00e9l o a sus compa\u00f1eros.<br>\u2022 Realizar los trabajos o deberes que le manden sus profesores para ser realizados fuera del horario lectivo.<br>\u2022 Respetar el trabajo docente.<\/p>\n\n\n\n<p><strong>LA AUTORIDAD DEL PROFESOR<br><\/strong>El alumno respetar\u00e1 la autoridad de los profesores tanto dentro de la clase y del recinto escolar, como fuera de \u00e9l.<br>El alumno hablar\u00e1 con respeto y educaci\u00f3n a todo el profesorado del centro.<\/p>\n\n\n\n<p><strong>LA ASISTENCIA A CLASE<br><\/strong>El venir al colegio es una obligaci\u00f3n que como estudiantes tienen los alumnos. Si estuvieran enfermos deben notificarlo al colegio y justificarlo.<\/p>\n\n\n\n<p>En caso de no poder realizar alguna prueba o examen escrito se le realizar\u00e1 posteriormente si ha sido justificada su ausencia.<br>Los alumnos no podr\u00e1n salir de los l\u00edmites del Centro en horas lectivas, a no ser por causa justificada.<br>Cuando exista un n\u00famero preocupante de ausencias injustificadas se pondr\u00e1 en conocimiento del departamento de absentismo escolar.<br>Los alumnos no asistir\u00e1n al centro con s\u00edntomas de enfermedad (fiebre, v\u00f3mitos,\u2026) o enfermedades contagiosas (varicela, escarlatina, conjuntivitis,\u2026), ni en caso de pediculosis hasta haber erradicado los piojos.<\/p>\n\n\n\n<p><strong>LA PUNTUALIDAD<br><\/strong>Las puertas del Centro, para la entrada de los alumnos, se abrir\u00e1n cinco minutos antes y se cerrar\u00e1n diez minutos despu\u00e9s de la hora fijada.<br>Se considera retraso de ma\u00f1ana a aquellos alumnos que no se incorporen con el resto de sus compa\u00f1eros en la fila.<br>Ser\u00e1 responsabilidad de los padres hallarse presentes en el momento de la salida de los alumnos, por si mismos o mediante adulto autorizado.<\/p>\n\n\n\n<p><strong>RESPETO A LOS COMPA\u00d1EROS Y A S\u00cd MISMO<br><\/strong>Cada alumno debe tratar de forma correcta a sus compa\u00f1eros y ser tratado de igual forma por ellos. No se permite en ning\u00fan caso el ejercicio de violencia f\u00edsica o verbal de unos alumnos hacia los otros.<br>Cuando se incurra en conductas tipificadas como agresi\u00f3n f\u00edsica o moral a sus compa\u00f1eros o dem\u00e1s miembros de la Comunidad Educativa, se deber\u00e1 reparar el da\u00f1o causado mediante la presentaci\u00f3n de excusas y el reconocimiento de la responsabilidad de los actos, bien en p\u00fablico o bien en privado, seg\u00fan corresponda por la naturaleza de los hechos y ser\u00e1n sancionadas.<\/p>\n\n\n\n<p><strong>EL VESTUARIO DE LOS ALUMNOS<br><\/strong>\u2022 Pantalones: No se podr\u00e1n traer ba\u00f1adores a modo de pantal\u00f3n, salvo en alguna actividad espec\u00edfica para la que se autorice su uso.<br>\u2022 Zapatos: Los zapatos no deber\u00e1n presentar un riesgo para la seguridad o la salud. Se proh\u00edbe el uso de zapatillas de andar por casa y chanclas de ba\u00f1o, as\u00ed como el uso en el centro de calzado con ruedas y\/o luces.<br>\u2022 Coberturas para la cabeza: No se podr\u00e1 usar ning\u00fan tipo de cobertura para la cabeza en las aulas con la excepci\u00f3n de que formen parte de una actividad escolar o con fines terap\u00e9uticos.<br>\u2022 Cabello \u2013 Maquillaje: El cabello se llevar\u00e1 arreglado y limpio. No se puede venir al centro con maquillaje, exceptuando en las actividades escolares que lo requieran.<\/p>\n\n\n\n<p><strong>EL ORDEN EN EL CENTRO<br><\/strong>Las entradas y salidas han de hacerse de forma ordenada, sin gritos, ni carreras, que puedan ser causa de molestias.<br>Tanto al inicio de la jornada escolar como en los cambios horarios los alumnos est\u00e1n obligados a permanecer en sus aulas preparando lo necesario para iniciar la pr\u00f3xima clase o actividad.<br>Los alumnos devolver\u00e1n debidamente firmado por el padre o la madre o tutor, sin correcciones ni enmiendas, los boletines informativos de evaluaci\u00f3n, as\u00ed como cualquier notificaci\u00f3n enviada por los profesores o la Direcci\u00f3n.<br>No se permitir\u00e1 que los alumnos recojan objetos o hablen a trav\u00e9s de la valla con personas del exterior.<br>Los alumnos no permanecer\u00e1n en las aulas, pasillos, escaleras o gimnasio durante los recreos, sin que un profesor se responsabilice de esa permanencia.<\/p>\n\n\n\n<p><strong>RESPETO A LAS INSTALACIONES Y MATERIALES<br><\/strong>Las pertenencias de los dem\u00e1s, las instalaciones y material del centro deben ser respetados. Apropiarse de ellos o deteriorarlos se considera falta grave o muy grave. Quienes incumplan esta norma tendr\u00e1n que reponer lo sustra\u00eddo o deteriorado y adem\u00e1s, se les impondr\u00e1 la sanci\u00f3n correspondiente, acorde con la falta cometida. En todo caso los padres o representantes legales de los alumnos ser\u00e1n los responsables civiles en los t\u00e9rminos previstos por las leyes.<br>La limpieza y conservaci\u00f3n del Centro es algo que todos deseamos y que da una idea del nivel educativo que tenemos, por lo tanto utilizaremos el material, el mobiliario, las papeleras y los servicios de manera conveniente.<\/p>\n\n\n\n<p><em>Todas aquellas conductas que infrinjan estas normas de conducta y convivencia del Centro, se considerar\u00e1n faltas de disciplina y por lo tanto ser\u00e1n sancionadas seg\u00fan lo establecido en el Reglamento de R\u00e9gimen Interno del centro.<\/em><\/p>\n\n\n\n<p class=\"has-vivid-cyan-blue-background-color has-background\">ES MUY ACONSEJABLE QUE LOS PADRES\/MADRES SEAN RESPONSABLES DE LA EDUCACI\u00d3N DE SUS HIJOS, ESTANDO EN CONTACTO CON LOS TUTORES, COLABORANDO CON EL CENTRO EN AQUELLO QUE SE LES RECOMIENDA Y HACIENDO A SUS HIJOS RESPONSABLES DE SUS OBLIGACIONES COMO ESTUDIANTES.<\/p>\n\n\n\n<p><em><strong>CONVIENE QUE LEAN Y COMENTEN ESTAS INDICACIONES CON ELLOS<\/strong><\/em><\/p>\n","protected":false},"excerpt":{"rendered":"<p>SOBRE NOSOTROS El colegio Beethoven abri\u00f3 sus puertas en el curso acad\u00e9mico 2009-2010. En la actualidad, es un centro biling\u00fce con una [&hellip;]<\/p>\n","protected":false},"author":1,"featured_media":0,"parent":0,"menu_order":0,"comment_status":"closed","ping_status":"closed","template":"","meta":{"footnotes":""},"folder":[],"class_list":["post-61","page","type-page","status-publish","hentry"],"rttpg_featured_image_url":null,"rttpg_author":{"display_name":"jirafa20","author_link":"https:\/\/site.educa.madrid.org\/cp.beethoven.torrejondeardoz\/index.php\/author\/educa\/"},"rttpg_comment":0,"rttpg_category":false,"rttpg_excerpt":"SOBRE NOSOTROS El colegio Beethoven abri\u00f3 sus puertas en el curso acad\u00e9mico 2009-2010. En la actualidad, es un centro biling\u00fce con una [&hellip;]","post_mailing_queue_ids":[],"_links":{"self":[{"href":"https:\/\/site.educa.madrid.org\/cp.beethoven.torrejondeardoz\/index.php\/wp-json\/wp\/v2\/pages\/61","targetHints":{"allow":["GET"]}}],"collection":[{"href":"https:\/\/site.educa.madrid.org\/cp.beethoven.torrejondeardoz\/index.php\/wp-json\/wp\/v2\/pages"}],"about":[{"href":"https:\/\/site.educa.madrid.org\/cp.beethoven.torrejondeardoz\/index.php\/wp-json\/wp\/v2\/types\/page"}],"author":[{"embeddable":true,"href":"https:\/\/site.educa.madrid.org\/cp.beethoven.torrejondeardoz\/index.php\/wp-json\/wp\/v2\/users\/1"}],"replies":[{"embeddable":true,"href":"https:\/\/site.educa.madrid.org\/cp.beethoven.torrejondeardoz\/index.php\/wp-json\/wp\/v2\/comments?post=61"}],"version-history":[{"count":9,"href":"https:\/\/site.educa.madrid.org\/cp.beethoven.torrejondeardoz\/index.php\/wp-json\/wp\/v2\/pages\/61\/revisions"}],"predecessor-version":[{"id":1433,"href":"https:\/\/site.educa.madrid.org\/cp.beethoven.torrejondeardoz\/index.php\/wp-json\/wp\/v2\/pages\/61\/revisions\/1433"}],"wp:attachment":[{"href":"https:\/\/site.educa.madrid.org\/cp.beethoven.torrejondeardoz\/index.php\/wp-json\/wp\/v2\/media?parent=61"}],"wp:term":[{"taxonomy":"folder","embeddable":true,"href":"https:\/\/site.educa.madrid.org\/cp.beethoven.torrejondeardoz\/index.php\/wp-json\/wp\/v2\/folder?post=61"}],"curies":[{"name":"wp","href":"https:\/\/api.w.org\/{rel}","templated":true}]}}