{"id":86,"date":"2020-02-06T14:12:15","date_gmt":"2020-02-06T14:12:15","guid":{"rendered":"https:\/\/site.educa.madrid.org\/cp.beethoven.torrejondeardoz\/?page_id=86"},"modified":"2025-09-26T09:55:05","modified_gmt":"2025-09-26T07:55:05","slug":"evaluaciones-y-boletines","status":"publish","type":"page","link":"https:\/\/site.educa.madrid.org\/cp.beethoven.torrejondeardoz\/index.php\/evaluaciones-y-boletines\/","title":{"rendered":"Evaluaci\u00f3n y Boletines"},"content":{"rendered":"\n<p>En el C.E.I.P. Beethoven llevamos a cabo la\u00a0<em>Evaluaci\u00f3n\u00a0<\/em>siguiendo los tres principios b\u00e1sicos que marca la normativa:<\/p>\n\n\n\n<ul class=\"wp-block-list\">\n<li><strong>Evaluaci\u00f3n Continua<\/strong>: se recogen evidencias de aprendizaje en cada unidad o bloque de contenidos, utilizando diversos instrumentos. Se activan medidas de refuerzo cuando se detectan dificultades.<\/li>\n\n\n\n<li><strong>Evaluaci\u00f3n Formativa<\/strong>: se da retroalimentaci\u00f3n clara y \u00fatil de los resultados. La finalidad es mejorar el proceso.<\/li>\n\n\n\n<li><strong>Evaluaci\u00f3n Global<\/strong>: se tienen en cuenta competencias, conocimientos, destrezas, actitudes y valores.<\/li>\n<\/ul>\n\n\n\n<p>Los&nbsp;<strong>resultados<\/strong>&nbsp;de la evaluaci\u00f3n de los alumnos y la entrega de los boletines de aprendizaje, tendr\u00e1 lugar en cuatro ocasiones:<\/p>\n\n\n\n<ul class=\"wp-block-list\">\n<li><strong>Evaluaci\u00f3n inicial: <\/strong>08\/10\/2025<\/li>\n\n\n\n<li><strong>Primer Trimestre:<\/strong>&nbsp;18\/12\/2025<\/li>\n\n\n\n<li><strong>Segundo Trimestre:&nbsp;<\/strong>25\/03\/2026<\/li>\n\n\n\n<li><strong>Tercer<\/strong>&nbsp;<strong>Trimestre:<\/strong>&nbsp;15\/06\/2026<\/li>\n<\/ul>\n\n\n\n<p><strong>PROCEDIMIENTO PARA SOLICITAR REVISI\u00d3N DE CALIFICACIONES <\/strong><\/p>\n\n\n\n<p><em>Tras la comunicaci\u00f3n oficial de las calificaciones, el profesorado de las diferentes \u00e1reas estar\u00e1 a disposici\u00f3n de las familias o tutores legales para realizar las aclaraciones necesarias sobre las calificaciones obtenidas.<\/em><\/p>\n\n\n\n<p><em>Si tras las aclaraciones del profesorado responsable de la impartici\u00f3n y calificaci\u00f3n de las \u00e1reas persistiera el desacuerdo, los padres o tutores legales del alumno podr\u00e1n solicitar, por escrito y ante la Direcci\u00f3n del centro, una revisi\u00f3n de las calificaciones emitidas en el <strong>plazo m\u00e1ximo de tres d\u00edas h\u00e1biles<\/strong> a partir de aquel en que se produjo su comunicaci\u00f3n.<\/em><\/p>\n","protected":false},"excerpt":{"rendered":"<p>En el C.E.I.P. Beethoven llevamos a cabo la\u00a0Evaluaci\u00f3n\u00a0siguiendo los tres principios b\u00e1sicos que marca la normativa: Los&nbsp;resultados&nbsp;de la evaluaci\u00f3n de los alumnos [&hellip;]<\/p>\n","protected":false},"author":2,"featured_media":0,"parent":0,"menu_order":0,"comment_status":"closed","ping_status":"closed","template":"","meta":{"footnotes":""},"folder":[],"class_list":["post-86","page","type-page","status-publish","hentry"],"rttpg_featured_image_url":null,"rttpg_author":{"display_name":"tic.cp.beethoven.torrejondeardoz","author_link":"https:\/\/site.educa.madrid.org\/cp.beethoven.torrejondeardoz\/index.php\/author\/cuenta_tic-cp-beethoven-torrejondeardoz\/"},"rttpg_comment":0,"rttpg_category":false,"rttpg_excerpt":"En el C.E.I.P. Beethoven llevamos a cabo la\u00a0Evaluaci\u00f3n\u00a0siguiendo los tres principios b\u00e1sicos que marca la normativa: Los&nbsp;resultados&nbsp;de la evaluaci\u00f3n de los alumnos [&hellip;]","post_mailing_queue_ids":[],"_links":{"self":[{"href":"https:\/\/site.educa.madrid.org\/cp.beethoven.torrejondeardoz\/index.php\/wp-json\/wp\/v2\/pages\/86","targetHints":{"allow":["GET"]}}],"collection":[{"href":"https:\/\/site.educa.madrid.org\/cp.beethoven.torrejondeardoz\/index.php\/wp-json\/wp\/v2\/pages"}],"about":[{"href":"https:\/\/site.educa.madrid.org\/cp.beethoven.torrejondeardoz\/index.php\/wp-json\/wp\/v2\/types\/page"}],"author":[{"embeddable":true,"href":"https:\/\/site.educa.madrid.org\/cp.beethoven.torrejondeardoz\/index.php\/wp-json\/wp\/v2\/users\/2"}],"replies":[{"embeddable":true,"href":"https:\/\/site.educa.madrid.org\/cp.beethoven.torrejondeardoz\/index.php\/wp-json\/wp\/v2\/comments?post=86"}],"version-history":[{"count":11,"href":"https:\/\/site.educa.madrid.org\/cp.beethoven.torrejondeardoz\/index.php\/wp-json\/wp\/v2\/pages\/86\/revisions"}],"predecessor-version":[{"id":2406,"href":"https:\/\/site.educa.madrid.org\/cp.beethoven.torrejondeardoz\/index.php\/wp-json\/wp\/v2\/pages\/86\/revisions\/2406"}],"wp:attachment":[{"href":"https:\/\/site.educa.madrid.org\/cp.beethoven.torrejondeardoz\/index.php\/wp-json\/wp\/v2\/media?parent=86"}],"wp:term":[{"taxonomy":"folder","embeddable":true,"href":"https:\/\/site.educa.madrid.org\/cp.beethoven.torrejondeardoz\/index.php\/wp-json\/wp\/v2\/folder?post=86"}],"curies":[{"name":"wp","href":"https:\/\/api.w.org\/{rel}","templated":true}]}}