{"id":92,"date":"2020-02-06T14:12:54","date_gmt":"2020-02-06T14:12:54","guid":{"rendered":"https:\/\/site.educa.madrid.org\/cp.beethoven.torrejondeardoz\/?page_id=92"},"modified":"2025-03-05T10:26:53","modified_gmt":"2025-03-05T09:26:53","slug":"proyectos","status":"publish","type":"page","link":"https:\/\/site.educa.madrid.org\/cp.beethoven.torrejondeardoz\/index.php\/proyectos\/","title":{"rendered":"Nuestros Proyectos"},"content":{"rendered":"\n<div class=\"wp-block-file\"><a href=\"https:\/\/site.educa.madrid.org\/cp.beethoven.torrejondeardoz\/\/wp-content\/uploads\/cp.beethoven.torrejondeardoz\/2022\/03\/NUESTROS-PROYECTOS-1.pdf\" class=\"wp-block-file__button\" download aria-describedby=\"wp-block-file--media-9758a490-37ea-4a5d-a14c-19a30227ec2b\">Descarga<\/a><\/div>\n\n\n\n<p><\/p>\n\n\n\n<h1 class=\"wp-block-heading has-vivid-cyan-blue-color has-text-color\">PROYECTO BILING\u00dcE<\/h1>\n\n\n\n<p>Este Proyecto tiene como objeto formar personas que puedan utilizar la lengua inglesa para comprender, hablar, leer y escribir, por lo que su uso ser\u00e1 clave desde el inicio del aprendizaje.<\/p>\n\n\n\n<p>El punto de partida ser\u00e1n las situaciones de uso cotidiano que fomenten la interiorizaci\u00f3n de reglas de funcionamiento de la lengua inglesa (funcionalidad).<\/p>\n\n\n\n<p>Por otro lado se establece este proyecto a nivel de centro, partiendo del objetivo general de centro, donde el profesorado promover\u00e1 una actitud en los alumnos\/as positiva, cr\u00edtica, y motivadora hacia el aprendizaje del ingl\u00e9s<\/p>\n\n\n\n<p>El proyecto tiene entre sus objetivos facilitar al alumnado el aprendizaje de una segunda lengua, reforzando la competencia comunicativa necesaria para desenvolverse en situaciones cotidianas en lengua inglesa, garantizando una formaci\u00f3n integral que contribuya al pleno desarrollo de la personalidad de los alumnos y prepararlos para el uso correcto y fluido de la lengua inglesa en situaciones cotidianas de la vida, as\u00ed como aprender de la cultura inglesa en cuanto a sus ciudades, autores y festividades importantes, realizando actividades relacionadas con estos temas a lo largo del curso.&nbsp;<\/p>\n\n\n\n<h1 class=\"wp-block-heading has-vivid-cyan-blue-color has-text-color\">AULA TEA<\/h1>\n\n\n\n<p>Nuestro centro escolariza, por la normativa vigente, hasta cinco alumnos con trastornos generalizados del desarrollo.<\/p>\n\n\n\n<p>El proyecto de integraci\u00f3n preferente de alumnado con TEA\/TGD se caracteriza por:<br><strong>&#8211;<\/strong>&nbsp;El alumno est\u00e1 escolarizado en el grupo que le corresponde por edad.<br><strong>&#8211;<\/strong>&nbsp;El centro cuenta con un aula de apoyo para el alumnado con trastornos generalizados del desarrollo, con un maestro de apoyo y un t\u00e9cnico educativo, as\u00ed como material did\u00e1ctico espec\u00edfico.<br><strong>&#8211;<\/strong>&nbsp;La jornada escolar de cada alumno se distribuye entre ambos espacios educativos.<\/p>\n\n\n\n<p class=\"has-vivid-cyan-blue-color has-text-color has-large-font-size\"><strong>PROYECTO ALUMNADO ALTAS CAPACIDADES<\/strong><\/p>\n\n\n\n<p>Este proyecto va dirigido a aquellos &nbsp;alumnos\/as que cursan la etapa de Educaci\u00f3n Primaria y tienen realizada una evaluaci\u00f3n psicopedag\u00f3gica por el EOEP, concluyendo necesidades espec\u00edficas de apoyo educativo por altas capacidades intelectuales.<br><br>El objetivo principal de este programa es llevar a cabo acciones educativas que den una respuesta adaptada a las posibilidades, intereses y necesidades como garant\u00eda de una mayor calidad educativa, de modo que nuestros alumnos\/as tengan suficientes oportunidades&nbsp; para utilizar y desplegar sus capacidades y habilidades de forma eficaz contribuyendo a su desarrollo integral.<\/p>\n\n\n\n<p>Para la consecuci\u00f3n de los objetivos planteados se van a trabajar una serie de contenidos &nbsp;a trav\u00e9s de actividades que van a pretender estimular la creatividad, los valores y las relaciones sociales, adem\u00e1s de ofrecer oportunidades para desarrollar la fluidez, flexibilidad y originalidad en las diferentes actividades planteadas.<\/p>\n\n\n\n<h2 class=\"wp-block-heading has-vivid-cyan-blue-color has-text-color\"><strong>PROYECTO DE HILO MUSICAL \u201cMEN\u00daS MUSICALES\u201d<\/strong><\/h2>\n\n\n\n<p>En el C.E.I.P.&nbsp; Beethoven las entradas y salidas se indican mediante un hilo musical, en el cual se combina m\u00fasica de varios estilos y m\u00fasica para ocasiones espaciales.<br>Se ha establecido un calendario con la temporalizaci\u00f3n de los audios, llevando a cabo semanas o quincenas tem\u00e1ticas:<\/p>\n\n\n\n<figure class=\"wp-block-table\"><table class=\"has-fixed-layout\"><tbody><tr><td><strong>FECHAS<\/strong><\/td><td><strong>TEM\u00c1TICA<\/strong><strong><\/strong><\/td><td><strong>AUDIOS<\/strong><strong><\/strong><\/td><\/tr><tr><td>6-29 sep<\/td><td>M\u00daSICA ACTUAL<\/td><td>M\u00fasica actual moderna<\/td><\/tr><tr><td>2-20 oct<\/td><td>M\u00daSICA DE CINE<\/td><td>Bandas sonoras de pel\u00edculas<\/td><\/tr><tr><td>23-31 oct<\/td><td>HALLOWEEN<\/td><td>M\u00fasica de Halloween en ingl\u00e9s<\/td><\/tr><tr><td>6-17 nov<\/td><td>DISNEY Y DIBUJOS<\/td><td>Pel\u00edculas musicales de Disney y dibujos<\/td><\/tr><tr><td>20 nov-5 dic<\/td><td>M\u00daSICA AMERICANA<\/td><td>jazz, g\u00f3spel, country, blues&#8230;<\/td><\/tr><tr><td>11-22 dic<\/td><td>NAVIDAD<\/td><td>Villancicos populares<\/td><\/tr><tr><td>8-19 ene<\/td><td>MUSICALES<\/td><td>Bandas sonoras de pel\u00edculas <\/td><\/tr><tr><td>22 ene-2 feb <\/td><td>D\u00cdA DE LA PAZ<\/td><td>Canciones de paz<\/td><\/tr><tr><td>5-9 feb<\/td><td>CARNAVAL<\/td><td>Salsa, samba, m\u00fasica latina&#8230;<\/td><\/tr><tr><td>12-21 feb<\/td><td>LOS A\u00d1OS 60 <\/td><td>M\u00fasica de los a\u00f1os 60<\/td><\/tr><tr><td>26 feb-8 mar<\/td><td>LOS A\u00d1OS 70 <\/td><td>M\u00fasica de los a\u00f1os 70<\/td><\/tr><tr><td>11-21 mar<\/td><td>INTERCULTURALIDAD<\/td><td>M\u00fasicas del mundo <\/td><\/tr><tr><td>2-12abr<\/td><td>M\u00daSICA CL\u00c1SICA<\/td><td>M\u00fasica cl\u00e1sica:&nbsp; Vivaldi, Mozart, Beethoven\u2026<\/td><\/tr><tr><td>15-30 abr<\/td><td>LOS A\u00d1OS 80<\/td><td>M\u00fasica de los a\u00f1os 80<\/td><\/tr><tr><td>6-17 may<\/td><td>FERIA DE ABRIL Y SAN ISIDRO<\/td><td>M\u00fasica popular <\/td><\/tr><tr><td>20-31 may<\/td><td>LOS A\u00d1OS 90<\/td><td>M\u00fasica de los a\u00f1os 90<\/td><\/tr><tr><td>3-21 jun<\/td><td>LOS A\u00d1OS 2000<\/td><td>M\u00fasica de los a\u00f1os 2000<\/td><\/tr><\/tbody><\/table><\/figure>\n\n\n\n<h1 class=\"wp-block-heading has-vivid-cyan-blue-color has-text-color\">HUERTO ESCOLAR<\/h1>\n\n\n\n<p>Nuestro huerto escolar es un instrumento pedag\u00f3gico-did\u00e1ctico para estimular, motivar y mentalizar a las nuevas generaciones hacia el respeto y cuidado del medio ambiente. Se trata de poner en contacto a nuestros alumnos con actividades pr\u00e1cticas que aglutinen de forma globalizada o interdisciplinar todos los contenidos (de las diferentes \u00e1reas: ciencias naturales, ciencias sociales, art\u00edsticas, religi\u00f3n, lengua y literatura, ingl\u00e9s, etc.) referentes a nuestro entorno ambiental.<\/p>\n","protected":false},"excerpt":{"rendered":"<p>PROYECTO BILING\u00dcE Este Proyecto tiene como objeto formar personas que puedan utilizar la lengua inglesa para comprender, hablar, leer y escribir, por [&hellip;]<\/p>\n","protected":false},"author":2,"featured_media":0,"parent":0,"menu_order":0,"comment_status":"closed","ping_status":"closed","template":"","meta":{"footnotes":""},"folder":[],"class_list":["post-92","page","type-page","status-publish","hentry"],"rttpg_featured_image_url":null,"rttpg_author":{"display_name":"tic.cp.beethoven.torrejondeardoz","author_link":"https:\/\/site.educa.madrid.org\/cp.beethoven.torrejondeardoz\/index.php\/author\/cuenta_tic-cp-beethoven-torrejondeardoz\/"},"rttpg_comment":0,"rttpg_category":false,"rttpg_excerpt":"PROYECTO BILING\u00dcE Este Proyecto tiene como objeto formar personas que puedan utilizar la lengua inglesa para comprender, hablar, leer y escribir, por [&hellip;]","post_mailing_queue_ids":[],"_links":{"self":[{"href":"https:\/\/site.educa.madrid.org\/cp.beethoven.torrejondeardoz\/index.php\/wp-json\/wp\/v2\/pages\/92","targetHints":{"allow":["GET"]}}],"collection":[{"href":"https:\/\/site.educa.madrid.org\/cp.beethoven.torrejondeardoz\/index.php\/wp-json\/wp\/v2\/pages"}],"about":[{"href":"https:\/\/site.educa.madrid.org\/cp.beethoven.torrejondeardoz\/index.php\/wp-json\/wp\/v2\/types\/page"}],"author":[{"embeddable":true,"href":"https:\/\/site.educa.madrid.org\/cp.beethoven.torrejondeardoz\/index.php\/wp-json\/wp\/v2\/users\/2"}],"replies":[{"embeddable":true,"href":"https:\/\/site.educa.madrid.org\/cp.beethoven.torrejondeardoz\/index.php\/wp-json\/wp\/v2\/comments?post=92"}],"version-history":[{"count":15,"href":"https:\/\/site.educa.madrid.org\/cp.beethoven.torrejondeardoz\/index.php\/wp-json\/wp\/v2\/pages\/92\/revisions"}],"predecessor-version":[{"id":2141,"href":"https:\/\/site.educa.madrid.org\/cp.beethoven.torrejondeardoz\/index.php\/wp-json\/wp\/v2\/pages\/92\/revisions\/2141"}],"wp:attachment":[{"href":"https:\/\/site.educa.madrid.org\/cp.beethoven.torrejondeardoz\/index.php\/wp-json\/wp\/v2\/media?parent=92"}],"wp:term":[{"taxonomy":"folder","embeddable":true,"href":"https:\/\/site.educa.madrid.org\/cp.beethoven.torrejondeardoz\/index.php\/wp-json\/wp\/v2\/folder?post=92"}],"curies":[{"name":"wp","href":"https:\/\/api.w.org\/{rel}","templated":true}]}}