{"id":2350,"date":"2023-09-29T15:16:33","date_gmt":"2023-09-29T13:16:33","guid":{"rendered":"https:\/\/site.educa.madrid.org\/cp.blasdelezo.parla\/?page_id=2350"},"modified":"2024-02-15T14:07:31","modified_gmt":"2024-02-15T13:07:31","slug":"equipo-directivo","status":"publish","type":"page","link":"https:\/\/site.educa.madrid.org\/cp.blasdelezo.parla\/index.php\/secretaria\/equipo-directivo\/","title":{"rendered":"Equipo directivo"},"content":{"rendered":"\n<p>Estimadas familias del CEIP Blas de Lezo (Parla):<\/p>\n\n\n\n<p>Es un placer y un honor dirigirme a ustedes como Director del centro. En primer lugar, me gustar\u00eda expresar mi gratitud por la confianza que ha depositado la comisi\u00f3n de selecci\u00f3n en nuestro proyecto al elegirnos para liderar esta instituci\u00f3n educativa.<\/p>\n\n\n\n<p>Me complace informarles que, junto con mi destacado equipo directivo, estamos comprometidos con la excelencia acad\u00e9mica y el bienestar de sus hijos. Nuestro objetivo principal es crear un entorno en el que cada estudiante pueda crecer acad\u00e9mica, emocional y socialmente de manera integral.<\/p>\n\n\n\n<p>A lo largo de nuestra carrera, hemos tenido el privilegio de trabajar en diferentes roles educativos y de liderazgo en el campo de la educaci\u00f3n infantil y primaria. Estas experiencias nos han proporcionado una visi\u00f3n profunda de las necesidades de los estudiantes en esta etapa crucial de su desarrollo. Como equipo, estamos decididos a fomentar un ambiente inclusivo y diverso en el que cada ni\u00f1o se sienta valorado y apoyado.<\/p>\n\n\n\n<p>Los fundamentos de nuestro proyecto directivo quedan reflejados en el documento que se adjunta como presentaci\u00f3n del mismo y que ser\u00e1n la hoja de ruta para los pr\u00f3ximos cursos escolares.<\/p>\n\n\n\n<p>Esperamos que esta nueva etapa en la vida del CEIP Blas de Lezo sea una experiencia enriquecedora para todos. Estamos emocionados por lo que el futuro nos depara y por la oportunidad de trabajar juntos para ofrecer a sus hijos una educaci\u00f3n de calidad.<\/p>\n\n\n\n<p>Estamos abiertos a cualquier pregunta o comentario que puedan tener. Por favor, no duden en ponerse en contacto con nosotros.<\/p>\n\n\n\n<p>Agradecemos su confianza y esperamos con inter\u00e9s construir un futuro brillante para sus hijos en el CEIP Blas de Lezo.<\/p>\n\n\n\n<p>Atentamente,<\/p>\n\n\n\n<p>El Director del CEIP Blas de Lezo<\/p>\n\n\n\n<p>Alberto Oropesa Mateos<\/p>\n\n\n\n<div style=\"height:53px\" aria-hidden=\"true\" class=\"wp-block-spacer\"><\/div>\n\n\n\n<figure class=\"wp-block-image size-large\"><a href=\"https:\/\/site.educa.madrid.org\/cp.blasdelezo.parla\/\/wp-content\/uploads\/cp.blasdelezo.parla\/2023\/09\/010_EQUIPODIRECTIVO.jpg\" target=\"_blank\" rel=\"noreferrer noopener\"><img loading=\"lazy\" decoding=\"async\" width=\"1024\" height=\"576\" src=\"https:\/\/site.educa.madrid.org\/cp.blasdelezo.parla\/\/wp-content\/uploads\/cp.blasdelezo.parla\/2023\/09\/010_EQUIPODIRECTIVO-1024x576.jpg\" alt=\"\" class=\"wp-image-2356\" srcset=\"https:\/\/site.educa.madrid.org\/cp.blasdelezo.parla\/\/wp-content\/uploads\/cp.blasdelezo.parla\/2023\/09\/010_EQUIPODIRECTIVO-1024x576.jpg 1024w, https:\/\/site.educa.madrid.org\/cp.blasdelezo.parla\/\/wp-content\/uploads\/cp.blasdelezo.parla\/2023\/09\/010_EQUIPODIRECTIVO-300x169.jpg 300w, https:\/\/site.educa.madrid.org\/cp.blasdelezo.parla\/\/wp-content\/uploads\/cp.blasdelezo.parla\/2023\/09\/010_EQUIPODIRECTIVO-768x432.jpg 768w, https:\/\/site.educa.madrid.org\/cp.blasdelezo.parla\/\/wp-content\/uploads\/cp.blasdelezo.parla\/2023\/09\/010_EQUIPODIRECTIVO-1536x864.jpg 1536w, https:\/\/site.educa.madrid.org\/cp.blasdelezo.parla\/\/wp-content\/uploads\/cp.blasdelezo.parla\/2023\/09\/010_EQUIPODIRECTIVO-2048x1152.jpg 2048w, https:\/\/site.educa.madrid.org\/cp.blasdelezo.parla\/\/wp-content\/uploads\/cp.blasdelezo.parla\/2023\/09\/010_EQUIPODIRECTIVO-700x394.jpg 700w, https:\/\/site.educa.madrid.org\/cp.blasdelezo.parla\/\/wp-content\/uploads\/cp.blasdelezo.parla\/2023\/09\/010_EQUIPODIRECTIVO-520x293.jpg 520w, https:\/\/site.educa.madrid.org\/cp.blasdelezo.parla\/\/wp-content\/uploads\/cp.blasdelezo.parla\/2023\/09\/010_EQUIPODIRECTIVO-360x203.jpg 360w, https:\/\/site.educa.madrid.org\/cp.blasdelezo.parla\/\/wp-content\/uploads\/cp.blasdelezo.parla\/2023\/09\/010_EQUIPODIRECTIVO-250x141.jpg 250w, https:\/\/site.educa.madrid.org\/cp.blasdelezo.parla\/\/wp-content\/uploads\/cp.blasdelezo.parla\/2023\/09\/010_EQUIPODIRECTIVO-100x56.jpg 100w\" sizes=\"auto, (max-width: 1024px) 100vw, 1024px\" \/><\/a><\/figure>\n\n\n\n<figure class=\"wp-block-image size-large\"><a href=\"https:\/\/site.educa.madrid.org\/cp.blasdelezo.parla\/\/wp-content\/uploads\/cp.blasdelezo.parla\/2023\/09\/006_OBJETIVOS.jpg\" target=\"_blank\" rel=\"noreferrer noopener\"><img loading=\"lazy\" decoding=\"async\" width=\"1024\" height=\"576\" src=\"https:\/\/site.educa.madrid.org\/cp.blasdelezo.parla\/\/wp-content\/uploads\/cp.blasdelezo.parla\/2023\/09\/006_OBJETIVOS-1024x576.jpg\" alt=\"\" class=\"wp-image-2353\" srcset=\"https:\/\/site.educa.madrid.org\/cp.blasdelezo.parla\/\/wp-content\/uploads\/cp.blasdelezo.parla\/2023\/09\/006_OBJETIVOS-1024x576.jpg 1024w, https:\/\/site.educa.madrid.org\/cp.blasdelezo.parla\/\/wp-content\/uploads\/cp.blasdelezo.parla\/2023\/09\/006_OBJETIVOS-300x169.jpg 300w, https:\/\/site.educa.madrid.org\/cp.blasdelezo.parla\/\/wp-content\/uploads\/cp.blasdelezo.parla\/2023\/09\/006_OBJETIVOS-768x432.jpg 768w, https:\/\/site.educa.madrid.org\/cp.blasdelezo.parla\/\/wp-content\/uploads\/cp.blasdelezo.parla\/2023\/09\/006_OBJETIVOS-1536x864.jpg 1536w, https:\/\/site.educa.madrid.org\/cp.blasdelezo.parla\/\/wp-content\/uploads\/cp.blasdelezo.parla\/2023\/09\/006_OBJETIVOS-2048x1152.jpg 2048w, https:\/\/site.educa.madrid.org\/cp.blasdelezo.parla\/\/wp-content\/uploads\/cp.blasdelezo.parla\/2023\/09\/006_OBJETIVOS-700x394.jpg 700w, https:\/\/site.educa.madrid.org\/cp.blasdelezo.parla\/\/wp-content\/uploads\/cp.blasdelezo.parla\/2023\/09\/006_OBJETIVOS-520x293.jpg 520w, https:\/\/site.educa.madrid.org\/cp.blasdelezo.parla\/\/wp-content\/uploads\/cp.blasdelezo.parla\/2023\/09\/006_OBJETIVOS-360x203.jpg 360w, https:\/\/site.educa.madrid.org\/cp.blasdelezo.parla\/\/wp-content\/uploads\/cp.blasdelezo.parla\/2023\/09\/006_OBJETIVOS-250x141.jpg 250w, https:\/\/site.educa.madrid.org\/cp.blasdelezo.parla\/\/wp-content\/uploads\/cp.blasdelezo.parla\/2023\/09\/006_OBJETIVOS-100x56.jpg 100w\" sizes=\"auto, (max-width: 1024px) 100vw, 1024px\" \/><\/a><\/figure>\n\n\n\n<figure class=\"wp-block-image size-large\"><a href=\"https:\/\/site.educa.madrid.org\/cp.blasdelezo.parla\/\/wp-content\/uploads\/cp.blasdelezo.parla\/2023\/09\/007_LINEASDEACTUACION.jpg\" target=\"_blank\" rel=\"noreferrer noopener\"><img loading=\"lazy\" decoding=\"async\" width=\"1024\" height=\"576\" src=\"https:\/\/site.educa.madrid.org\/cp.blasdelezo.parla\/\/wp-content\/uploads\/cp.blasdelezo.parla\/2023\/09\/007_LINEASDEACTUACION-1024x576.jpg\" alt=\"\" class=\"wp-image-2354\" srcset=\"https:\/\/site.educa.madrid.org\/cp.blasdelezo.parla\/\/wp-content\/uploads\/cp.blasdelezo.parla\/2023\/09\/007_LINEASDEACTUACION-1024x576.jpg 1024w, https:\/\/site.educa.madrid.org\/cp.blasdelezo.parla\/\/wp-content\/uploads\/cp.blasdelezo.parla\/2023\/09\/007_LINEASDEACTUACION-300x169.jpg 300w, https:\/\/site.educa.madrid.org\/cp.blasdelezo.parla\/\/wp-content\/uploads\/cp.blasdelezo.parla\/2023\/09\/007_LINEASDEACTUACION-768x432.jpg 768w, https:\/\/site.educa.madrid.org\/cp.blasdelezo.parla\/\/wp-content\/uploads\/cp.blasdelezo.parla\/2023\/09\/007_LINEASDEACTUACION-1536x864.jpg 1536w, https:\/\/site.educa.madrid.org\/cp.blasdelezo.parla\/\/wp-content\/uploads\/cp.blasdelezo.parla\/2023\/09\/007_LINEASDEACTUACION-2048x1152.jpg 2048w, https:\/\/site.educa.madrid.org\/cp.blasdelezo.parla\/\/wp-content\/uploads\/cp.blasdelezo.parla\/2023\/09\/007_LINEASDEACTUACION-700x394.jpg 700w, https:\/\/site.educa.madrid.org\/cp.blasdelezo.parla\/\/wp-content\/uploads\/cp.blasdelezo.parla\/2023\/09\/007_LINEASDEACTUACION-520x293.jpg 520w, https:\/\/site.educa.madrid.org\/cp.blasdelezo.parla\/\/wp-content\/uploads\/cp.blasdelezo.parla\/2023\/09\/007_LINEASDEACTUACION-360x203.jpg 360w, https:\/\/site.educa.madrid.org\/cp.blasdelezo.parla\/\/wp-content\/uploads\/cp.blasdelezo.parla\/2023\/09\/007_LINEASDEACTUACION-250x141.jpg 250w, https:\/\/site.educa.madrid.org\/cp.blasdelezo.parla\/\/wp-content\/uploads\/cp.blasdelezo.parla\/2023\/09\/007_LINEASDEACTUACION-100x56.jpg 100w\" sizes=\"auto, (max-width: 1024px) 100vw, 1024px\" \/><\/a><\/figure>\n\n\n\n<figure class=\"wp-block-image size-large\"><a href=\"https:\/\/site.educa.madrid.org\/cp.blasdelezo.parla\/\/wp-content\/uploads\/cp.blasdelezo.parla\/2023\/09\/008_PLANESDETRABAJO.jpg\" target=\"_blank\" rel=\"noreferrer noopener\"><img loading=\"lazy\" decoding=\"async\" width=\"1024\" height=\"576\" src=\"https:\/\/site.educa.madrid.org\/cp.blasdelezo.parla\/\/wp-content\/uploads\/cp.blasdelezo.parla\/2023\/09\/008_PLANESDETRABAJO-1024x576.jpg\" alt=\"\" class=\"wp-image-2355\" srcset=\"https:\/\/site.educa.madrid.org\/cp.blasdelezo.parla\/\/wp-content\/uploads\/cp.blasdelezo.parla\/2023\/09\/008_PLANESDETRABAJO-1024x576.jpg 1024w, https:\/\/site.educa.madrid.org\/cp.blasdelezo.parla\/\/wp-content\/uploads\/cp.blasdelezo.parla\/2023\/09\/008_PLANESDETRABAJO-300x169.jpg 300w, https:\/\/site.educa.madrid.org\/cp.blasdelezo.parla\/\/wp-content\/uploads\/cp.blasdelezo.parla\/2023\/09\/008_PLANESDETRABAJO-768x432.jpg 768w, https:\/\/site.educa.madrid.org\/cp.blasdelezo.parla\/\/wp-content\/uploads\/cp.blasdelezo.parla\/2023\/09\/008_PLANESDETRABAJO-1536x864.jpg 1536w, https:\/\/site.educa.madrid.org\/cp.blasdelezo.parla\/\/wp-content\/uploads\/cp.blasdelezo.parla\/2023\/09\/008_PLANESDETRABAJO-2048x1152.jpg 2048w, https:\/\/site.educa.madrid.org\/cp.blasdelezo.parla\/\/wp-content\/uploads\/cp.blasdelezo.parla\/2023\/09\/008_PLANESDETRABAJO-700x394.jpg 700w, https:\/\/site.educa.madrid.org\/cp.blasdelezo.parla\/\/wp-content\/uploads\/cp.blasdelezo.parla\/2023\/09\/008_PLANESDETRABAJO-520x293.jpg 520w, https:\/\/site.educa.madrid.org\/cp.blasdelezo.parla\/\/wp-content\/uploads\/cp.blasdelezo.parla\/2023\/09\/008_PLANESDETRABAJO-360x203.jpg 360w, https:\/\/site.educa.madrid.org\/cp.blasdelezo.parla\/\/wp-content\/uploads\/cp.blasdelezo.parla\/2023\/09\/008_PLANESDETRABAJO-250x141.jpg 250w, https:\/\/site.educa.madrid.org\/cp.blasdelezo.parla\/\/wp-content\/uploads\/cp.blasdelezo.parla\/2023\/09\/008_PLANESDETRABAJO-100x56.jpg 100w\" sizes=\"auto, (max-width: 1024px) 100vw, 1024px\" \/><\/a><\/figure>\n","protected":false},"excerpt":{"rendered":"<p>Estimadas familias del CEIP Blas de Lezo (Parla): Es un placer y un honor dirigirme a ustedes como Director del centro. En primer lugar, me gustar\u00eda expresar mi gratitud por &#8230;<\/p>\n","protected":false},"author":2,"featured_media":0,"parent":829,"menu_order":1,"comment_status":"closed","ping_status":"closed","template":"","meta":{"footnotes":""},"folder":[],"class_list":["post-2350","page","type-page","status-publish","hentry"],"rttpg_featured_image_url":null,"rttpg_author":{"display_name":"Blas de Lezo","author_link":"https:\/\/site.educa.madrid.org\/cp.blasdelezo.parla\/index.php\/author\/cuenta_tic-cp-blasdelezo-parla\/"},"rttpg_comment":0,"rttpg_category":false,"rttpg_excerpt":"Estimadas familias del CEIP Blas de Lezo (Parla): Es un placer y un honor dirigirme a ustedes como Director del centro. En primer lugar, me gustar\u00eda expresar mi gratitud por ...","post_mailing_queue_ids":[],"_links":{"self":[{"href":"https:\/\/site.educa.madrid.org\/cp.blasdelezo.parla\/index.php\/wp-json\/wp\/v2\/pages\/2350","targetHints":{"allow":["GET"]}}],"collection":[{"href":"https:\/\/site.educa.madrid.org\/cp.blasdelezo.parla\/index.php\/wp-json\/wp\/v2\/pages"}],"about":[{"href":"https:\/\/site.educa.madrid.org\/cp.blasdelezo.parla\/index.php\/wp-json\/wp\/v2\/types\/page"}],"author":[{"embeddable":true,"href":"https:\/\/site.educa.madrid.org\/cp.blasdelezo.parla\/index.php\/wp-json\/wp\/v2\/users\/2"}],"replies":[{"embeddable":true,"href":"https:\/\/site.educa.madrid.org\/cp.blasdelezo.parla\/index.php\/wp-json\/wp\/v2\/comments?post=2350"}],"version-history":[{"count":3,"href":"https:\/\/site.educa.madrid.org\/cp.blasdelezo.parla\/index.php\/wp-json\/wp\/v2\/pages\/2350\/revisions"}],"predecessor-version":[{"id":2394,"href":"https:\/\/site.educa.madrid.org\/cp.blasdelezo.parla\/index.php\/wp-json\/wp\/v2\/pages\/2350\/revisions\/2394"}],"up":[{"embeddable":true,"href":"https:\/\/site.educa.madrid.org\/cp.blasdelezo.parla\/index.php\/wp-json\/wp\/v2\/pages\/829"}],"wp:attachment":[{"href":"https:\/\/site.educa.madrid.org\/cp.blasdelezo.parla\/index.php\/wp-json\/wp\/v2\/media?parent=2350"}],"wp:term":[{"taxonomy":"folder","embeddable":true,"href":"https:\/\/site.educa.madrid.org\/cp.blasdelezo.parla\/index.php\/wp-json\/wp\/v2\/folder?post=2350"}],"curies":[{"name":"wp","href":"https:\/\/api.w.org\/{rel}","templated":true}]}}