{"id":2777,"date":"2023-12-28T16:10:11","date_gmt":"2023-12-28T15:10:11","guid":{"rendered":"https:\/\/site.educa.madrid.org\/cp.blasdelezo.parla\/?page_id=2777"},"modified":"2024-05-29T09:45:41","modified_gmt":"2024-05-29T07:45:41","slug":"atualidad","status":"publish","type":"page","link":"https:\/\/site.educa.madrid.org\/cp.blasdelezo.parla\/index.php\/atualidad\/","title":{"rendered":"ACTUALIDAD"},"content":{"rendered":"\n<div style=\"height:16px\" aria-hidden=\"true\" class=\"wp-block-spacer\"><\/div>\n\n\n\n\t\t\t<!-- Flexy Breadcrumb -->\n\t\t\t<div class=\"fbc fbc-page\">\n\n\t\t\t\t<!-- Breadcrumb wrapper -->\n\t\t\t\t<div class=\"fbc-wrap\">\n\n\t\t\t\t\t<!-- Ordered list-->\n\t\t\t\t\t<ol class=\"fbc-items\" itemscope itemtype=\"https:\/\/schema.org\/BreadcrumbList\">\n\t\t\t\t\t\t            <li itemprop=\"itemListElement\" itemscope itemtype=\"https:\/\/schema.org\/ListItem\">\n                <span itemprop=\"name\">\n                    <!-- Home Link -->\n                    <a itemprop=\"item\" href=\"https:\/\/site.educa.madrid.org\/cp.blasdelezo.parla\">\n                    \n                                                    <i class=\"fa fa fa-home\" aria-hidden=\"true\"><\/i>                    <\/a>\n                <\/span>\n                <meta itemprop=\"position\" content=\"1\" \/><!-- Meta Position-->\n             <\/li><li><span class=\"fbc-separator\">\/<\/span><\/li><li class=\"active\" itemprop=\"itemListElement\" itemscope itemtype=\"https:\/\/schema.org\/ListItem\"><span itemprop=\"name\" title=\"ACTUALIDAD\">ACTUALIDAD<\/span><meta itemprop=\"position\" content=\"2\" \/><\/li>\t\t\t\t\t<\/ol>\n\t\t\t\t\t<div class=\"clearfix\"><\/div>\n\t\t\t\t<\/div>\n\t\t\t<\/div>\n\t\t\t\n\n\n\n<h1 class=\"wp-block-heading has-text-align-center\">ACTUALIDAD<\/h1>\n\n\n\n<div style=\"height:16px\" aria-hidden=\"true\" class=\"wp-block-spacer\"><\/div>\n\n\n<style type='text\/css' media='all'>#rt-tpg-container-10349327 .rt-holder .rt-woo-info .price{color:#0367bf;}body .rt-tpg-container .rt-tpg-isotope-buttons .selected,\n\t\t\t\t\t#rt-tpg-container-10349327 .layout12 .rt-holder:hover .rt-detail,\n\t\t\t\t\t#rt-tpg-container-10349327 .isotope8 .rt-holder:hover .rt-detail,\n\t\t\t\t\t#rt-tpg-container-10349327 .carousel8 .rt-holder:hover .rt-detail,\n\t\t\t\t\t#rt-tpg-container-10349327 .layout13 .rt-holder .overlay .post-info,\n\t\t\t\t\t#rt-tpg-container-10349327 .isotope9 .rt-holder .overlay .post-info,\n\t\t\t\t\t#rt-tpg-container-10349327.rt-tpg-container .layout4 .rt-holder .rt-detail,\n\t\t\t\t\t.rt-modal-10349327 .md-content,\n\t\t\t\t\t.rt-modal-10349327 .md-content > .rt-md-content-holder .rt-md-content,\n\t\t\t\t\t.rt-popup-wrap-10349327.rt-popup-wrap .rt-popup-navigation-wrap,\n\t\t\t\t\t#rt-tpg-container-10349327 .carousel9 .rt-holder .overlay .post-info{background-color:#0367bf;}#rt-tpg-container-10349327 .layout5 .rt-holder .overlay, #rt-tpg-container-10349327 .isotope2 .rt-holder .overlay, #rt-tpg-container-10349327 .carousel2 .rt-holder .overlay,#rt-tpg-container-10349327 .layout15 .rt-holder h3, #rt-tpg-container-10349327 .isotope11 .rt-holder h3, #rt-tpg-container-10349327 .carousel11 .rt-holder h3, #rt-tpg-container-10349327 .layout16 .rt-holder h3,\n\t\t\t\t\t#rt-tpg-container-10349327 .isotope12 .rt-holder h3, #rt-tpg-container-10349327 .carousel12 .rt-holder h3 {background-color:rgba(3,103,191,0.8);}#rt-tpg-container-10349327 .read-more a{border-radius:px;}#rt-tpg-container-10349327 .rt-img-holder img.rt-img-responsive,#rt-tpg-container-10349327 .rt-img-holder,\n\t\t\t\t\t#rt-tpg-container-10349327 .rt-post-overlay .post-img,\n\t\t\t\t\t#rt-tpg-container-10349327 .post-sm .post-img,\n\t\t\t\t\t#rt-tpg-container-10349327 .rt-post-grid .post-img,\n\t\t\t\t\t#rt-tpg-container-10349327 .post-img img {border-radius:px;}<\/style><div class='rt-container-fluid rt-tpg-container tpg-shortcode-main-wrapper ' id='rt-tpg-container-10349327'   data-layout='layout2' data-grid-style='even' data-desktop-col='1'  data-tab-col='2'  data-mobile-col='1' data-sc-id='2783'><div data-title='Loading ...' class='rt-row rt-content-loader   layout2 tpg-even '><div class=\"rt-col-md-12 rt-col-sm-6 rt-col-xs-12 even-grid-item rt-grid-item\" data-id=\"3808\"><div class=\"rt-holder\"><div class=\"rt-row\"><div class='rt-col-xs-12'><div class='rt-detail'><h3 class=\"entry-title\"><a data-id=\"3808\" class=\"\" href=\"https:\/\/site.educa.madrid.org\/cp.blasdelezo.parla\/index.php\/2025\/01\/09\/actualizacion-de-normas-de-organizacion-y-funcionamiento-del-centro\/\">ACTUALIZACI\u00d3N DE NORMAS DE ORGANIZACI\u00d3N Y FUNCIONAMIENTO DEL CENTRO<\/a><\/h3><div class='post-meta-user '><span class='date-meta'><i class='far fa-calendar-alt '><\/i>9 enero, 2025<\/span><span class='author'><i class='fa fa-user '><\/i><a href=\"https:\/\/site.educa.madrid.org\/cp.blasdelezo.parla\/index.php\/author\/cuenta_tic-cp-blasdelezo-parla\/\">Blas de Lezo<\/a><\/span><\/div><div class='tpg-excerpt'>Se ha actualizado la p\u00e1gina del centro relativa a las Normas de Organizaci\u00f3n y Funcionamiento del Centro en relaci\u00f3n a los siguientes aspectos: ACTUACIONES CON LAS FAMILIAS QUE ACUMULAN DEUDAS&#8230;<\/div><span class='read-more '><a data-id='3808' class='' href='https:\/\/site.educa.madrid.org\/cp.blasdelezo.parla\/index.php\/2025\/01\/09\/actualizacion-de-normas-de-organizacion-y-funcionamiento-del-centro\/'>Leer m\u00e1s<\/a><\/span><\/div><\/div><\/div><\/div><\/div><div class=\"rt-col-md-12 rt-col-sm-6 rt-col-xs-12 even-grid-item rt-grid-item\" data-id=\"4725\"><div class=\"rt-holder\"><div class=\"rt-row\"><div class='rt-col-xs-12'><div class='rt-detail'><h3 class=\"entry-title\"><a data-id=\"4725\" class=\"\" href=\"https:\/\/site.educa.madrid.org\/cp.blasdelezo.parla\/index.php\/2026\/05\/12\/video-celebracion-dia-del-autismo\/\">VIDEO CELEBRACI\u00d3N D\u00cdA DEL AUTISMO<\/a><\/h3><div class='post-meta-user '><span class='date-meta'><i class='far fa-calendar-alt '><\/i>12 mayo, 2026<\/span><span class='author'><i class='fa fa-user '><\/i><a href=\"https:\/\/site.educa.madrid.org\/cp.blasdelezo.parla\/index.php\/author\/cuenta_tic-cp-blasdelezo-parla\/\">Blas de Lezo<\/a><\/span><\/div><div class='tpg-excerpt'>Como os hab\u00edamos anticipado, con el motivo de la celebraci\u00f3n del D\u00eda del Autismo, todos\/as los alumnos\/as y docentes del Centro formamos un Infinito (S\u00edmbolo del Autismo) en el patio&#8230;<\/div><span class='read-more '><a data-id='4725' class='' href='https:\/\/site.educa.madrid.org\/cp.blasdelezo.parla\/index.php\/2026\/05\/12\/video-celebracion-dia-del-autismo\/'>Leer m\u00e1s<\/a><\/span><\/div><\/div><\/div><\/div><\/div><div class=\"rt-col-md-12 rt-col-sm-6 rt-col-xs-12 even-grid-item rt-grid-item\" data-id=\"4719\"><div class=\"rt-holder\"><div class=\"rt-row\"><div class='rt-col-xs-12'><div class='rt-detail'><h3 class=\"entry-title\"><a data-id=\"4719\" class=\"\" href=\"https:\/\/site.educa.madrid.org\/cp.blasdelezo.parla\/index.php\/2026\/04\/30\/becas-comedor-26-27\/\">ABIERTO PLAZO DE PRESENTACI\u00d3N DE SOLICITUDES DE BECAS COMEDOR CURSO 2026\/2027<\/a><\/h3><div class='post-meta-user '><span class='date-meta'><i class='far fa-calendar-alt '><\/i>30 abril, 2026<\/span><span class='author'><i class='fa fa-user '><\/i><a href=\"https:\/\/site.educa.madrid.org\/cp.blasdelezo.parla\/index.php\/author\/cuenta_tic-cp-blasdelezo-parla\/\">Blas de Lezo<\/a><\/span><\/div><div class='tpg-excerpt'>Se ha abierto el plazo de presentaci\u00f3n de solicitudes para optar por la Beca de comedor para el curso 2026\/27. Abarca desde el 29 de abril de 2026 hasta el&#8230;<\/div><span class='read-more '><a data-id='4719' class='' href='https:\/\/site.educa.madrid.org\/cp.blasdelezo.parla\/index.php\/2026\/04\/30\/becas-comedor-26-27\/'>Leer m\u00e1s<\/a><\/span><\/div><\/div><\/div><\/div><\/div><div class=\"rt-col-md-12 rt-col-sm-6 rt-col-xs-12 even-grid-item rt-grid-item\" data-id=\"4706\"><div class=\"rt-holder\"><div class=\"rt-row\"><div class='rt-col-xs-12'><div class='rt-detail'><h3 class=\"entry-title\"><a data-id=\"4706\" class=\"\" href=\"https:\/\/site.educa.madrid.org\/cp.blasdelezo.parla\/index.php\/2026\/04\/30\/menu-mayo-26\/\">MEN\u00daS MES MAYO 2026<\/a><\/h3><div class='post-meta-user '><span class='date-meta'><i class='far fa-calendar-alt '><\/i>30 abril, 2026<\/span><span class='author'><i class='fa fa-user '><\/i><a href=\"https:\/\/site.educa.madrid.org\/cp.blasdelezo.parla\/index.php\/author\/cuenta_tic-cp-blasdelezo-parla\/\">Blas de Lezo<\/a><\/span><\/div><div class='tpg-excerpt'>Toda la informaci\u00f3n en CEIP BLAS DE LEZO &gt; SERVICIOS &gt; COMEDOR&#8230;<\/div><span class='read-more '><a data-id='4706' class='' href='https:\/\/site.educa.madrid.org\/cp.blasdelezo.parla\/index.php\/2026\/04\/30\/menu-mayo-26\/'>Leer m\u00e1s<\/a><\/span><\/div><\/div><\/div><\/div><\/div><div class=\"rt-col-md-12 rt-col-sm-6 rt-col-xs-12 even-grid-item rt-grid-item\" data-id=\"4701\"><div class=\"rt-holder\"><div class=\"rt-row\"><div class='rt-col-xs-12'><div class='rt-detail'><h3 class=\"entry-title\"><a data-id=\"4701\" class=\"\" href=\"https:\/\/site.educa.madrid.org\/cp.blasdelezo.parla\/index.php\/2026\/04\/27\/4124-2\/\">INFORMACI\u00d3N MATRICULACI\u00d3N 26-27<\/a><\/h3><div class='post-meta-user '><span class='date-meta'><i class='far fa-calendar-alt '><\/i>27 abril, 2026<\/span><span class='author'><i class='fa fa-user '><\/i><a href=\"https:\/\/site.educa.madrid.org\/cp.blasdelezo.parla\/index.php\/author\/cuenta_tic-cp-blasdelezo-parla\/\">Blas de Lezo<\/a><\/span><\/div><div class='tpg-excerpt'>A partir del 27 de mayo se Publicar\u00e1 los alumnos admitidos en cada centro, a trav\u00e9s de la Secretar\u00eda Virtual, que hayan obtenido plaza en el mismo Una vez adjudicada&#8230;<\/div><span class='read-more '><a data-id='4701' class='' href='https:\/\/site.educa.madrid.org\/cp.blasdelezo.parla\/index.php\/2026\/04\/27\/4124-2\/'>Leer m\u00e1s<\/a><\/span><\/div><\/div><\/div><\/div><\/div><div class=\"rt-col-md-12 rt-col-sm-6 rt-col-xs-12 even-grid-item rt-grid-item\" data-id=\"4688\"><div class=\"rt-holder\"><div class=\"rt-row\"><div class='rt-col-sm-4 rt-col-xs-12 '><div class=\"rt-img-holder\"><a data-id='4688' class='' href='https:\/\/site.educa.madrid.org\/cp.blasdelezo.parla\/index.php\/2026\/04\/27\/dia-contra-el-acoso-escolar\/'><img loading=\"lazy\" decoding=\"async\" width=\"1080\" height=\"1350\" src=\"https:\/\/site.educa.madrid.org\/cp.blasdelezo.parla\/\/wp-content\/uploads\/cp.blasdelezo.parla\/2026\/04\/Post-Instagram-Dia-Contra-el-Bullying-Negro-y-Rojo.png\" class=\"rt-img-responsive \" alt=\"\" \/><\/a><\/div><\/div><div class='rt-col-sm-8 rt-col-xs-12 '><div class='rt-detail'><h3 class=\"entry-title\"><a data-id=\"4688\" class=\"\" href=\"https:\/\/site.educa.madrid.org\/cp.blasdelezo.parla\/index.php\/2026\/04\/27\/dia-contra-el-acoso-escolar\/\">D\u00cdA CONTRA EL ACOSO ESCOLAR<\/a><\/h3><div class='post-meta-user '><span class='date-meta'><i class='far fa-calendar-alt '><\/i>27 abril, 2026<\/span><span class='author'><i class='fa fa-user '><\/i><a href=\"https:\/\/site.educa.madrid.org\/cp.blasdelezo.parla\/index.php\/author\/cuenta_tic-cp-blasdelezo-parla\/\">Blas de Lezo<\/a><\/span><\/div><div class='tpg-excerpt'>\u00a0 El pr\u00f3ximo Lunes, dia 4 de mayo, celebraremos en el centro el d\u00eda contra el Acoso Escolar, para conmemorar el D\u00eda Internacional contra el Acoso Escolar (2 de mayo)&#8230;<\/div><span class='read-more '><a data-id='4688' class='' href='https:\/\/site.educa.madrid.org\/cp.blasdelezo.parla\/index.php\/2026\/04\/27\/dia-contra-el-acoso-escolar\/'>Leer m\u00e1s<\/a><\/span><\/div><\/div><\/div><\/div><\/div><div class=\"rt-col-md-12 rt-col-sm-6 rt-col-xs-12 even-grid-item rt-grid-item\" data-id=\"4680\"><div class=\"rt-holder\"><div class=\"rt-row\"><div class='rt-col-xs-12'><div class='rt-detail'><h3 class=\"entry-title\"><a data-id=\"4680\" class=\"\" href=\"https:\/\/site.educa.madrid.org\/cp.blasdelezo.parla\/index.php\/2026\/04\/16\/accede-adhesion-de-alumnos-de-5-anos\/\">ACCEDE &#8211; ADHESI\u00d3N DE ALUMNOS DE 5 A\u00d1OS<\/a><\/h3><div class='post-meta-user '><span class='date-meta'><i class='far fa-calendar-alt '><\/i>16 abril, 2026<\/span><span class='author'><i class='fa fa-user '><\/i><a href=\"https:\/\/site.educa.madrid.org\/cp.blasdelezo.parla\/index.php\/author\/cuenta_tic-cp-blasdelezo-parla\/\">Blas de Lezo<\/a><\/span><\/div><div class='tpg-excerpt'>BECAS DE LIBROS EN PRIMARIA: ACCEDE CURSO 2026\/27 Les informamos que todos\/as los alumnos\/as de 5 a\u00f1os de Educaci\u00f3n Infantil que quieran participar para obtener los libros de 1\u00ba de&#8230;<\/div><span class='read-more '><a data-id='4680' class='' href='https:\/\/site.educa.madrid.org\/cp.blasdelezo.parla\/index.php\/2026\/04\/16\/accede-adhesion-de-alumnos-de-5-anos\/'>Leer m\u00e1s<\/a><\/span><\/div><\/div><\/div><\/div><\/div><div class=\"rt-col-md-12 rt-col-sm-6 rt-col-xs-12 even-grid-item rt-grid-item\" data-id=\"4672\"><div class=\"rt-holder\"><div class=\"rt-row\"><div class='rt-col-xs-12'><div class='rt-detail'><h3 class=\"entry-title\"><a data-id=\"4672\" class=\"\" href=\"https:\/\/site.educa.madrid.org\/cp.blasdelezo.parla\/index.php\/2026\/04\/08\/comunicado-a-las-familias-de-4o-y-6o-evaluaciones-externas\/\">COMUNICADO A LAS FAMILIAS de 4\u00ba y 6\u00ba &#8211; evaluaciones externas<\/a><\/h3><div class='post-meta-user '><span class='date-meta'><i class='far fa-calendar-alt '><\/i>8 abril, 2026<\/span><span class='author'><i class='fa fa-user '><\/i><a href=\"https:\/\/site.educa.madrid.org\/cp.blasdelezo.parla\/index.php\/author\/cuenta_tic-cp-blasdelezo-parla\/\">Blas de Lezo<\/a><\/span><\/div><div class='tpg-excerpt'>Estimadas familias: \u00a0 La Ley Org\u00e1nica 2\/2006, de 3 de mayo, de Educaci\u00f3n, establece en su art\u00edculo 140 que la evaluaci\u00f3n del sistema educativo tendr\u00e1 como finalidad contribuir a mejorar&#8230;<\/div><span class='read-more '><a data-id='4672' class='' href='https:\/\/site.educa.madrid.org\/cp.blasdelezo.parla\/index.php\/2026\/04\/08\/comunicado-a-las-familias-de-4o-y-6o-evaluaciones-externas\/'>Leer m\u00e1s<\/a><\/span><\/div><\/div><\/div><\/div><\/div><div class=\"rt-col-md-12 rt-col-sm-6 rt-col-xs-12 even-grid-item rt-grid-item\" data-id=\"4666\"><div class=\"rt-holder\"><div class=\"rt-row\"><div class='rt-col-xs-12'><div class='rt-detail'><h3 class=\"entry-title\"><a data-id=\"4666\" class=\"\" href=\"https:\/\/site.educa.madrid.org\/cp.blasdelezo.parla\/index.php\/2026\/04\/08\/actualizacion-calendario-escolar-de-25-26\/\">ACTUALIZACI\u00d3N CALENDARIO ESCOLAR DE 25\/26<\/a><\/h3><div class='post-meta-user '><span class='date-meta'><i class='far fa-calendar-alt '><\/i>8 abril, 2026<\/span><span class='author'><i class='fa fa-user '><\/i><a href=\"https:\/\/site.educa.madrid.org\/cp.blasdelezo.parla\/index.php\/author\/cuenta_tic-cp-blasdelezo-parla\/\">Blas de Lezo<\/a><\/span><\/div><div class='tpg-excerpt'>Buenos d\u00edas: &nbsp; Se informa que se ha subido a la web la actualizaci\u00f3n del calendario escolar para este final de curso: El d\u00eda 1 de mayo es festivo nacional&#8230;<\/div><span class='read-more '><a data-id='4666' class='' href='https:\/\/site.educa.madrid.org\/cp.blasdelezo.parla\/index.php\/2026\/04\/08\/actualizacion-calendario-escolar-de-25-26\/'>Leer m\u00e1s<\/a><\/span><\/div><\/div><\/div><\/div><\/div><div class=\"rt-col-md-12 rt-col-sm-6 rt-col-xs-12 even-grid-item rt-grid-item\" data-id=\"4661\"><div class=\"rt-holder\"><div class=\"rt-row\"><div class='rt-col-xs-12'><div class='rt-detail'><h3 class=\"entry-title\"><a data-id=\"4661\" class=\"\" href=\"https:\/\/site.educa.madrid.org\/cp.blasdelezo.parla\/index.php\/2026\/04\/07\/fruta-abril-26\/\">SUMINISTRO DE FRUTAS ABRIL DE 2026<\/a><\/h3><div class='post-meta-user '><span class='date-meta'><i class='far fa-calendar-alt '><\/i>7 abril, 2026<\/span><span class='author'><i class='fa fa-user '><\/i><a href=\"https:\/\/site.educa.madrid.org\/cp.blasdelezo.parla\/index.php\/author\/cuenta_tic-cp-blasdelezo-parla\/\">Blas de Lezo<\/a><\/span><\/div><div class='tpg-excerpt'>Dentro del Programa Escolar de Consumo de fruta, hortalizas y leche de la Uni\u00f3n Europea, este mes de recibiremos el suministro de fruta. 15 de abril: manzanas 22 de abril:&#8230;<\/div><span class='read-more '><a data-id='4661' class='' href='https:\/\/site.educa.madrid.org\/cp.blasdelezo.parla\/index.php\/2026\/04\/07\/fruta-abril-26\/'>Leer m\u00e1s<\/a><\/span><\/div><\/div><\/div><\/div><\/div><\/div><div class='rt-pagination-wrap' data-total-pages='35' data-posts-per-page='9' data-type='pagination'  ><div class=\"rt-pagination\" ><ul class=\"pagination-list\"><li class=\"active\"><span>1<\/span><\/li><li><a data-paged='2' href='https:\/\/site.educa.madrid.org\/cp.blasdelezo.parla\/index.php\/wp-json\/wp\/v2\/pages\/2777\/page\/2\/'>2<\/a><\/li><li><a data-paged='3' href='https:\/\/site.educa.madrid.org\/cp.blasdelezo.parla\/index.php\/wp-json\/wp\/v2\/pages\/2777\/page\/3\/'>3<\/a><\/li><li><a data-paged='4' href='https:\/\/site.educa.madrid.org\/cp.blasdelezo.parla\/index.php\/wp-json\/wp\/v2\/pages\/2777\/page\/4\/'>4<\/a><\/li><li><a data-paged='5' href='https:\/\/site.educa.madrid.org\/cp.blasdelezo.parla\/index.php\/wp-json\/wp\/v2\/pages\/2777\/page\/5\/'>5<\/a><\/li><li><a data-paged='2' href=\"https:\/\/site.educa.madrid.org\/cp.blasdelezo.parla\/index.php\/wp-json\/wp\/v2\/pages\/2777\/page\/2\/\"  aria-label='Next'>&rsaquo;<\/a><\/li><li><a data-paged='35' href='https:\/\/site.educa.madrid.org\/cp.blasdelezo.parla\/index.php\/wp-json\/wp\/v2\/pages\/2777\/page\/35\/' aria-label='Last'>&raquo;<\/a><\/li><\/ul><\/div><\/div><\/div>","protected":false},"excerpt":{"rendered":"<p>\u00a0 ACTUALIDAD<\/p>\n","protected":false},"author":2,"featured_media":0,"parent":0,"menu_order":0,"comment_status":"closed","ping_status":"closed","template":"","meta":{"footnotes":""},"folder":[],"class_list":["post-2777","page","type-page","status-publish","hentry"],"rttpg_featured_image_url":null,"rttpg_author":{"display_name":"Blas de Lezo","author_link":"https:\/\/site.educa.madrid.org\/cp.blasdelezo.parla\/index.php\/author\/cuenta_tic-cp-blasdelezo-parla\/"},"rttpg_comment":0,"rttpg_category":false,"rttpg_excerpt":"\u00a0 ACTUALIDAD","post_mailing_queue_ids":[],"_links":{"self":[{"href":"https:\/\/site.educa.madrid.org\/cp.blasdelezo.parla\/index.php\/wp-json\/wp\/v2\/pages\/2777","targetHints":{"allow":["GET"]}}],"collection":[{"href":"https:\/\/site.educa.madrid.org\/cp.blasdelezo.parla\/index.php\/wp-json\/wp\/v2\/pages"}],"about":[{"href":"https:\/\/site.educa.madrid.org\/cp.blasdelezo.parla\/index.php\/wp-json\/wp\/v2\/types\/page"}],"author":[{"embeddable":true,"href":"https:\/\/site.educa.madrid.org\/cp.blasdelezo.parla\/index.php\/wp-json\/wp\/v2\/users\/2"}],"replies":[{"embeddable":true,"href":"https:\/\/site.educa.madrid.org\/cp.blasdelezo.parla\/index.php\/wp-json\/wp\/v2\/comments?post=2777"}],"version-history":[{"count":9,"href":"https:\/\/site.educa.madrid.org\/cp.blasdelezo.parla\/index.php\/wp-json\/wp\/v2\/pages\/2777\/revisions"}],"predecessor-version":[{"id":3445,"href":"https:\/\/site.educa.madrid.org\/cp.blasdelezo.parla\/index.php\/wp-json\/wp\/v2\/pages\/2777\/revisions\/3445"}],"wp:attachment":[{"href":"https:\/\/site.educa.madrid.org\/cp.blasdelezo.parla\/index.php\/wp-json\/wp\/v2\/media?parent=2777"}],"wp:term":[{"taxonomy":"folder","embeddable":true,"href":"https:\/\/site.educa.madrid.org\/cp.blasdelezo.parla\/index.php\/wp-json\/wp\/v2\/folder?post=2777"}],"curies":[{"name":"wp","href":"https:\/\/api.w.org\/{rel}","templated":true}]}}