{"id":3,"date":"2018-07-12T07:27:21","date_gmt":"2018-07-12T07:27:21","guid":{"rendered":"http:\/\/172.16.4.151\/WordpressCopia\/?page_id=3"},"modified":"2024-02-12T12:05:37","modified_gmt":"2024-02-12T11:05:37","slug":"politica-privacidad","status":"publish","type":"page","link":"https:\/\/site.educa.madrid.org\/cp.blasdelezo.parla\/index.php\/secretaria\/politica-privacidad\/","title":{"rendered":"Privacidad y cookies"},"content":{"rendered":"\n<p><strong>POL\u00cdTICA DE PRIVACIDAD EN CENTROS DOCENTES P\u00daBLICOS DE LA COMUNIDAD DE MADRID<\/strong><\/p>\n\n\n\n<p><strong>Informaci\u00f3n sobre protecci\u00f3n de los datos de car\u00e1cter personal recogidos en los impresos de matr\u00edcula de los alumnos, en cumplimiento de la normativa de Protecci\u00f3n de Datos Personales (Reglamento Europeo 2016\/679, de 27 de abril de 2016, de Protecci\u00f3n de Datos Personales)<\/strong><\/p>\n\n\n\n<p><strong>RESPONSABLE<\/strong>:<\/p>\n\n\n\n<p>Responsable de Escuelas p\u00fablicas infantiles de gesti\u00f3n directa, colegios p\u00fablicos de educaci\u00f3n infantil, primaria y&nbsp;especial, Institutos de educaci\u00f3n secundaria y centros de educaci\u00f3n de personas adultas:&nbsp;Direcci\u00f3n General de Educaci\u00f3n Infantil, Primaria y Secundaria, C\/ Alcal\u00e1, 30-32, 3\u00aa planta. C. P.&nbsp;28013.&nbsp;dgeips.educacion@madrid.org<\/p>\n\n\n\n<p>DELEGADO DE&nbsp;PROTECCI\u00d3N DE DATOS:&nbsp;protecciondatos.educacion@madrid.org ,&nbsp;C\/ Alcal\u00e1, 32. Planta baja, C.P. 28014, Madrid&nbsp; Tel: 917200379 \u2013 917200076 -917200486<\/p>\n\n\n\n<p><strong>FINALIDAD<\/strong>:<\/p>\n\n\n\n<p>Los datos se tratan para la gesti\u00f3n de la actividad educativa de los alumnos a lo largo de su vida acad\u00e9mica en las ense\u00f1anzas no universitarias.Los datos personales forman parte del expediente acad\u00e9mico de cada alumno y se conservar\u00e1n de&nbsp;forma indefinida con fines de archivo, sin que una vez finalizadas sus ense\u00f1anzas puedan tratarse&nbsp;con otros fines, salvo cient\u00edficos o estad\u00edsticos.<\/p>\n\n\n\n<p><strong>LEGITIMACI\u00d3N<\/strong>:<\/p>\n\n\n\n<p>El centro docente y la Administraci\u00f3n educativa est\u00e1n legitimados para recabar y tratar los datos personales, conforme a lo dispuesto en art\u00edculo 6.1, letras c) y e) del Reglamento Europeo 2016\/679 de Protecci\u00f3n de Datos Personales y a la disposici\u00f3n adicional vigesimotercera de la Ley Org\u00e1nica.2\/2006, de 3 de mayo, de Educaci\u00f3n.<br>Para la recogida y tratamiento de datos no amparados por las disposiciones citadas en el p\u00e1rrafo&nbsp;anterior, se solicitar\u00e1 la autorizaci\u00f3n previa del alumno o padres\/tutores, como, por ejemplo, en el&nbsp;caso del tratamiento de im\u00e1genes, videos o audios que utilice el centro para aquellas finalidades&nbsp;que no sean estrictamente necesarias dentro de la actividad educativa.<\/p>\n\n\n\n<p><strong>DESTINATARIOS<\/strong><\/p>\n\n\n\n<p>Los datos de car\u00e1cter personal podr\u00e1n ser comunicados, velando por que sean los m\u00ednimos&nbsp;imprescindibles, a las asociaciones de madres y padres de alumnos del centro, a las empresas&nbsp;prestadoras de servicios en el centro (comedor, extraescolares, pr\u00e1cticas en empresas, etc.) o, en su&nbsp;caso, a los Servicios Sociales, al Ministerio competente en materia de Educaci\u00f3n o a instituciones&nbsp;de la Uni\u00f3n Europea.<\/p>\n\n\n\n<p><strong>DERECHOS<\/strong><\/p>\n\n\n\n<p>El alumno o sus padres o tutores pueden ejercitar, si lo desean, los derechos de acceso y&nbsp;rectificaci\u00f3n de datos, as\u00ed como solicitar que se limite el tratamiento de sus datos personales u&nbsp;oponerse al mismo, dentro de lo dispuesto en la normativa vigente, dirigiendo una solicitud al&nbsp;centro docente, o bien a la Direcci\u00f3n General responsable del tratamiento o al Delegado de&nbsp;Protecci\u00f3n de Datos de la Consejer\u00eda de Educaci\u00f3n e Investigaci\u00f3n, bien por el registro (electr\u00f3nico&nbsp;o presencial) de la Comunidad de Madrid, bien por correo electr\u00f3nico u ordinario.<\/p>\n\n\n\n<p>Adem\u00e1s, en caso de disconformidad con el tratamiento de los datos personales, podr\u00e1n interponer&nbsp;una reclamaci\u00f3n ante la Agencia Espa\u00f1ola de Protecci\u00f3n de Datos mediante escrito (C\/ Jorge Juan,&nbsp;6, 28001-Madrid) o formulario en su Sede&nbsp;electr\u00f3nica: mailto:prensa@agpd.es.<\/p>\n\n\n\n<p><strong>M\u00c1S INFORMACI\u00d3N:<\/strong><\/p>\n\n\n\n<p>Puede consultar, adicional y detalladamente, la informaci\u00f3n y normativa aplicable en materia de&nbsp;protecci\u00f3n de datos en la web de la Agencia Espa\u00f1ola de Protecci\u00f3n de Datos&nbsp;https:\/\/www.aepd.es\/<\/p>\n\n\n\n<p>Adem\u00e1s, en la web&nbsp;www.madrid.org\/protecciondedatos&nbsp;de la Comunidad de Madrid, podr\u00e1&nbsp; consultar&nbsp;diversos aspectos sobre la protecci\u00f3n de datos personales.<\/p>\n\n\n\n<h2 class=\"wp-block-heading\">Qu\u00e9 datos personales recogemos y por qu\u00e9 los recogemos<\/h2>\n\n\n\n<h3 class=\"wp-block-heading\">Comentarios<\/h3>\n\n\n\n<p>Cuando los visitantes dejan comentarios en la web, recopilamos los datos que se muestran en el formulario de comentarios, as\u00ed como la direcci\u00f3n IP del visitante y la cadena de agentes de usuario del navegador para ayudar a la detecci\u00f3n de spam.<\/p>\n\n\n\n<p>Una cadena an\u00f3nima creada a partir de tu direcci\u00f3n de correo electr\u00f3nico (tambi\u00e9n llamada hash) puede ser proporcionada al servicio de Gravatar para ver si la est\u00e1s usando. La pol\u00edtica de privacidad del servicio Gravatar est\u00e1 disponible aqu\u00ed: https:\/\/automattic.com\/privacy\/. Despu\u00e9s de la aprobaci\u00f3n de tu comentario, la imagen de tu perfil es visible para el p\u00fablico en el contexto de su comentario.<\/p>\n\n\n\n<h3 class=\"wp-block-heading\">Medios<\/h3>\n\n\n\n<p>Si subes im\u00e1genes a la web deber\u00edas evitar subir im\u00e1genes con datos de ubicaci\u00f3n (GPS EXIF) incluidos. Los visitantes de la web pueden descargar y extraer cualquier dato de localizaci\u00f3n de las im\u00e1genes de la web.<\/p>\n\n\n\n<h3 class=\"wp-block-heading\">Formularios de contacto<\/h3>\n\n\n\n<h3 class=\"wp-block-heading\">Cookies<\/h3>\n\n\n\n<p>Si dejas un comentario en nuestro sitio puedes elegir guardar tu nombre, direcci\u00f3n de correo electr\u00f3nico y web en cookies. Esto es para tu comodidad, para que no tengas que volver a rellenar tus datos cuando dejes otro comentario. Estas cookies tendr\u00e1n una duraci\u00f3n de un a\u00f1o.<\/p>\n\n\n\n<p>Si tienes una cuenta y te conectas a este sitio, instalaremos una cookie temporal para determinar si tu navegador acepta cookies. Esta cookie no contiene datos personales y se elimina al cerrar el navegador.<\/p>\n\n\n\n<p>Cuando inicias sesi\u00f3n, tambi\u00e9n instalaremos varias cookies para guardar tu informaci\u00f3n de inicio de sesi\u00f3n y tus opciones de visualizaci\u00f3n de pantalla. Las cookies de inicio de sesi\u00f3n duran dos d\u00edas, y las cookies de opciones de pantalla duran un a\u00f1o. Si seleccionas \u00abRecordarme\u00bb, tu inicio de sesi\u00f3n perdurar\u00e1 durante dos semanas. Si sales de tu cuenta, las cookies de inicio de sesi\u00f3n se eliminar\u00e1n.<\/p>\n\n\n\n<p>Si editas o publicas un art\u00edculo se guardar\u00e1 una cookie adicional en tu navegador. Esta cookie no incluye datos personales y simplemente indica el ID del art\u00edculo que acabas de editar. Caduca despu\u00e9s de 1 d\u00eda.<\/p>\n\n\n\n<h3 class=\"wp-block-heading\">Contenido incrustado de otros sitios web<\/h3>\n\n\n\n<p>Los art\u00edculos de este sitio pueden incluir contenido incrustado (por ejemplo, v\u00eddeos, im\u00e1genes, art\u00edculos, etc.). El contenido incrustado de otras web se comporta exactamente de la misma manera que si el visitante hubiera visitado la otra web.<\/p>\n\n\n\n<p>Estas web pueden recopilar datos sobre ti, utilizar cookies, incrustar un seguimiento adicional de terceros, y supervisar tu interacci\u00f3n con ese contenido incrustado, incluido el seguimiento de tu interacci\u00f3n con el contenido incrustado si tienes una cuenta y est\u00e1s conectado a esa web.<\/p>\n\n\n\n<h3 class=\"wp-block-heading\">Anal\u00edtica<\/h3>\n\n\n\n<h2 class=\"wp-block-heading\">Con qui\u00e9n compartimos tus datos<\/h2>\n\n\n\n<h2 class=\"wp-block-heading\">Cu\u00e1nto tiempo conservamos tus datos<\/h2>\n\n\n\n<p>Si dejas un comentario, el comentario y sus metadatos se conservan indefinidamente. Esto es para que podamos reconocer y aprobar comentarios sucesivos autom\u00e1ticamente en lugar de mantenerlos en una cola de moderaci\u00f3n.<\/p>\n\n\n\n<p>De los usuarios que se registran en nuestra web (si los hay), tambi\u00e9n almacenamos la informaci\u00f3n personal que proporcionan en su perfil de usuario. Todos los usuarios pueden ver, editar o eliminar su informaci\u00f3n personal en cualquier momento (excepto que no pueden cambiar su nombre de usuario). Los administradores de la web tambi\u00e9n pueden ver y editar esa informaci\u00f3n.<\/p>\n\n\n\n<h2 class=\"wp-block-heading\">Qu\u00e9 derechos tienes sobre tus datos<\/h2>\n\n\n\n<p>Si tienes una cuenta o has dejado comentarios en esta web, puedes solicitar recibir un archivo de exportaci\u00f3n de los datos personales que tenemos sobre ti, incluyendo cualquier dato que nos hayas proporcionado. Tambi\u00e9n puedes solicitar que eliminemos cualquier dato personal que tengamos sobre ti. Esto no incluye ning\u00fan dato que estemos obligados a conservar con fines administrativos, legales o de seguridad.<\/p>\n\n\n\n<h2 class=\"wp-block-heading\">D\u00f3nde enviamos tus datos<\/h2>\n\n\n\n<p>Los comentarios de los visitantes puede que los revise un servicio de detecci\u00f3n autom\u00e1tica de spam.<\/p>\n","protected":false},"excerpt":{"rendered":"<p>POL\u00cdTICA DE PRIVACIDAD EN CENTROS DOCENTES P\u00daBLICOS DE LA COMUNIDAD DE MADRID Informaci\u00f3n sobre protecci\u00f3n de los datos de car\u00e1cter personal recogidos en los impresos de matr\u00edcula de los alumnos, &#8230;<\/p>\n","protected":false},"author":1,"featured_media":0,"parent":829,"menu_order":0,"comment_status":"closed","ping_status":"open","template":"","meta":{"footnotes":""},"folder":[],"class_list":["post-3","page","type-page","status-publish","hentry"],"rttpg_featured_image_url":null,"rttpg_author":{"display_name":"jirafa20","author_link":"https:\/\/site.educa.madrid.org\/cp.blasdelezo.parla\/index.php\/author\/educa\/"},"rttpg_comment":0,"rttpg_category":false,"rttpg_excerpt":"POL\u00cdTICA DE PRIVACIDAD EN CENTROS DOCENTES P\u00daBLICOS DE LA COMUNIDAD DE MADRID Informaci\u00f3n sobre protecci\u00f3n de los datos de car\u00e1cter personal recogidos en los impresos de matr\u00edcula de los alumnos, ...","post_mailing_queue_ids":[],"_links":{"self":[{"href":"https:\/\/site.educa.madrid.org\/cp.blasdelezo.parla\/index.php\/wp-json\/wp\/v2\/pages\/3","targetHints":{"allow":["GET"]}}],"collection":[{"href":"https:\/\/site.educa.madrid.org\/cp.blasdelezo.parla\/index.php\/wp-json\/wp\/v2\/pages"}],"about":[{"href":"https:\/\/site.educa.madrid.org\/cp.blasdelezo.parla\/index.php\/wp-json\/wp\/v2\/types\/page"}],"author":[{"embeddable":true,"href":"https:\/\/site.educa.madrid.org\/cp.blasdelezo.parla\/index.php\/wp-json\/wp\/v2\/users\/1"}],"replies":[{"embeddable":true,"href":"https:\/\/site.educa.madrid.org\/cp.blasdelezo.parla\/index.php\/wp-json\/wp\/v2\/comments?post=3"}],"version-history":[{"count":5,"href":"https:\/\/site.educa.madrid.org\/cp.blasdelezo.parla\/index.php\/wp-json\/wp\/v2\/pages\/3\/revisions"}],"predecessor-version":[{"id":2914,"href":"https:\/\/site.educa.madrid.org\/cp.blasdelezo.parla\/index.php\/wp-json\/wp\/v2\/pages\/3\/revisions\/2914"}],"up":[{"embeddable":true,"href":"https:\/\/site.educa.madrid.org\/cp.blasdelezo.parla\/index.php\/wp-json\/wp\/v2\/pages\/829"}],"wp:attachment":[{"href":"https:\/\/site.educa.madrid.org\/cp.blasdelezo.parla\/index.php\/wp-json\/wp\/v2\/media?parent=3"}],"wp:term":[{"taxonomy":"folder","embeddable":true,"href":"https:\/\/site.educa.madrid.org\/cp.blasdelezo.parla\/index.php\/wp-json\/wp\/v2\/folder?post=3"}],"curies":[{"name":"wp","href":"https:\/\/api.w.org\/{rel}","templated":true}]}}