{"id":3077,"date":"2024-02-16T09:59:09","date_gmt":"2024-02-16T08:59:09","guid":{"rendered":"https:\/\/site.educa.madrid.org\/cp.blasdelezo.parla\/?page_id=3077"},"modified":"2026-03-25T14:27:38","modified_gmt":"2026-03-25T13:27:38","slug":"documentos","status":"publish","type":"page","link":"https:\/\/site.educa.madrid.org\/cp.blasdelezo.parla\/index.php\/nuestro-cole\/documentos\/","title":{"rendered":"Documentos institucionales"},"content":{"rendered":"\n\n\n<div class=\"wp-block-group alignwide\"><div class=\"wp-block-group__inner-container is-layout-flow wp-block-group-is-layout-flow\">\n<h1 class=\"wp-block-heading has-text-align-center\"><strong>DOCUMENTOS INSTITUCIONALES<\/strong><\/h1>\n\n\n\n<div style=\"height:16px\" aria-hidden=\"true\" class=\"wp-block-spacer\"><\/div>\n<\/div><\/div>\n\n\n\n<div style=\"height:0px\" aria-hidden=\"true\" id=\"RRI\" class=\"wp-block-spacer\"><\/div>\n\n\n\n<h2 class=\"wp-block-heading has-vivid-red-color has-text-color\">Reglamento de R\u00e9gimen Interno<\/h2>\n\n\n\n<h3 class=\"wp-block-heading has-vivid-red-color has-text-color\">Modificaci\u00f3n Reglamento de R\u00e9gimen Interno<\/h3>\n\n\n\n<p>El d\u00eda 29 de septiembre, en sesi\u00f3n de Consejo Escolar se aprob\u00f3 la modificaci\u00f3n del Reglamento de r\u00e9gimen interno en relaci\u00f3n a las entradas de los alumnos al centro<\/p>\n\n\n\n<p>En sesi\u00f3n de Consejo Escolar, celebrada el 29 de septiembre a las 14:00 se aprueba la modificaci\u00f3n del Reglamento de R\u00e9gimen Interno (RRI) para incluir el siguiente apartado:<\/p>\n\n\n\n<p>Los alumnos que acudan al centro fuera del horario establecido para la entrada, ser\u00e1n destinados a Secretar\u00eda donde esperar\u00e1n con un miembro del equipo directivo, hasta que se produzca el cambio de clase en su grupo de referencia. Teniendo, en todo momento, especial consideraci\u00f3n por las caracter\u00edsticas individuales del cada alumno.<\/p>\n\n\n\n<p>Esta medida responde a la necesidad de no alterar el normal funcionamiento del alumnado, una vez que se ha iniciado la actividad docente en el aula.<\/p>\n\n\n\n<hr class=\"wp-block-separator has-alpha-channel-opacity\"\/>\n\n\n\n<div style=\"height:16px\" aria-hidden=\"true\" id=\"PGA\" class=\"wp-block-spacer\"><\/div>\n\n\n\n<h2 class=\"wp-block-heading has-vivid-red-color has-text-color\"><a href=\"https:\/\/site.educa.madrid.org\/cp.blasdelezo.parla\/\/wp-content\/uploads\/cp.blasdelezo.parla\/2026\/02\/PGA-Blas-de-Lezo-25-26-v.2.0-publicable.pdf\" target=\"_blank\" rel=\"noreferrer noopener\">Programaci\u00f3n General Anual<\/a><\/h2>\n\n\n\n<p>Documento institucional que recoge la organizaci\u00f3n y funcionamiento real del centro para un curso escolar y que vertebra las acciones que se desarrollar\u00e1n en el centro en ese curso.<\/p>\n\n\n\n<hr class=\"wp-block-separator has-alpha-channel-opacity\"\/>\n\n\n\n<div style=\"height:16px\" aria-hidden=\"true\" class=\"wp-block-spacer\"><\/div>\n\n\n\n<h2 class=\"wp-block-heading has-vivid-red-color has-text-color\" id=\"convivencia\"><a href=\"https:\/\/site.educa.madrid.org\/cp.blasdelezo.parla\/\/wp-content\/uploads\/cp.blasdelezo.parla\/2025\/09\/Plan-de-Convivencia-CEIP-Blas-de-Lezo-2023-24.pdf\">Plan de Convivencia<\/a><\/h2>\n\n\n\n<hr class=\"wp-block-separator has-alpha-channel-opacity\"\/>\n\n\n\n<div style=\"height:10px\" aria-hidden=\"true\" class=\"wp-block-spacer\"><\/div>\n\n\n\n<h2 class=\"wp-block-heading\"><a href=\"https:\/\/site.educa.madrid.org\/cp.blasdelezo.parla\/\/wp-content\/uploads\/cp.blasdelezo.parla\/2025\/09\/Plan-de-accion-tutorial-Blas-de-lezo-2024.pdf\">Plan de Acci\u00f3n Tutorial<\/a><\/h2>\n\n\n\n<hr class=\"wp-block-separator has-alpha-channel-opacity\"\/>\n\n\n\n<div style=\"height:10px\" aria-hidden=\"true\" class=\"wp-block-spacer\"><\/div>\n\n\n\n<h2 class=\"wp-block-heading\"><a href=\"https:\/\/site.educa.madrid.org\/cp.blasdelezo.parla\/\/wp-content\/uploads\/cp.blasdelezo.parla\/2025\/09\/NORMAS-DE-CONVIVENCIA-DEL-CENTRO.pdf\">Normas de convivencia del centro<\/a><\/h2>\n\n\n\n<p>Documentos en los que se recogen las normas y las actividades que se programen con el fin de fomentar un buen clima de convivencia dentro del centro escolar, la concreci\u00f3n de los derechos y deberes del alumnado y las medidas correctoras aplicables en caso de su incumplimiento con arreglo a la normativa vigente para la resoluci\u00f3n pac\u00edfica de conflictos.<\/p>\n\n\n\n<hr class=\"wp-block-separator has-alpha-channel-opacity\"\/>\n\n\n\n<div style=\"height:16px\" aria-hidden=\"true\" class=\"wp-block-spacer\"><\/div>\n\n\n\n<h2 class=\"wp-block-heading has-vivid-red-color has-text-color\" id=\"pad\"><a href=\"https:\/\/site.educa.madrid.org\/cp.blasdelezo.parla\/\/wp-content\/uploads\/cp.blasdelezo.parla\/2026\/03\/Plan-IncluYO-CEIP-Blas-de-Lezo-portada-y-sin-anexos.pdf\" target=\"_blank\" rel=\"noreferrer noopener\">Plan IncluYO: atenci\u00f3n a las diferencias individuales del alumnado<\/a><\/h2>\n\n\n\n<p>Conjunto de actuaciones, medidas organizativas, apoyos y refuerzos que el centro dise\u00f1a y pone en pr\u00e1ctica para proporcionar al alumnado la respuesta educativa m\u00e1s ajustada a sus necesidades educativas generales, espec\u00edficas y especiales.<\/p>\n\n\n\n<hr class=\"wp-block-separator has-alpha-channel-opacity\"\/>\n\n\n\n<div style=\"height:16px\" aria-hidden=\"true\" class=\"wp-block-spacer\"><\/div>\n\n\n\n<h2 class=\"wp-block-heading has-vivid-red-color has-text-color\" id=\"normas\"><a href=\"https:\/\/site.educa.madrid.org\/cp.blasdelezo.parla\/\/wp-content\/uploads\/cp.blasdelezo.parla\/2026\/03\/Normas-de-Organizacion-y-Funcionamiento-del-Centro-Blas-de-Lezo-02-26.pdf\" target=\"_blank\" rel=\"noreferrer noopener\">Normas de Organizaci\u00f3n y Funcionamiento del Centro<\/a><\/h2>\n\n\n\n<p>Conjunto de normas propias del centro para toda la comunidad educativa que regulan una adecuada organizaci\u00f3n, funcionamiento y convivencia.<\/p>\n\n\n\n<hr class=\"wp-block-separator has-alpha-channel-opacity\"\/>\n\n\n\n<div style=\"height:16px\" aria-hidden=\"true\" class=\"wp-block-spacer\"><\/div>\n\n\n\n<h2 class=\"wp-block-heading has-vivid-red-color has-text-color\" id=\"acoso\"><a href=\"https:\/\/www.educa2.madrid.org\/web\/convivencia\" target=\"_blank\" rel=\"noreferrer noopener\">Protocolo de acoso<\/a><\/h2>\n\n\n\n<p>Pautas para la prevenci\u00f3n y detecci\u00f3n de acoso escolar.<\/p>\n\n\n\n<hr class=\"wp-block-separator has-alpha-channel-opacity\"\/>\n\n\n\n<div style=\"height:16px\" aria-hidden=\"true\" class=\"wp-block-spacer\"><\/div>\n\n\n\n<h2 class=\"wp-block-heading has-vivid-red-color has-text-color\" id=\"evacuaci\u00f3n\"><a href=\"https:\/\/site.educa.madrid.org\/cp.blasdelezo.parla\/\/wp-content\/uploads\/cp.blasdelezo.parla\/2023\/03\/Plan-de-Evacuacion-2022-23.pdf\" target=\"_blank\" rel=\"noreferrer noopener\">Plan de evacuaci\u00f3n 2022\/23<\/a><\/h2>\n\n\n\n<p>Medidas de actuaci\u00f3n en casos de emergencia y\/o accidente en el centro educativo.<\/p>\n\n\n\n<hr class=\"wp-block-separator has-alpha-channel-opacity\"\/>\n\n\n\n<div style=\"height:16px\" aria-hidden=\"true\" class=\"wp-block-spacer\"><\/div>\n\n\n\n<h2 class=\"wp-block-heading has-vivid-red-color has-text-color\" id=\"ingl\u00e9s\"><a href=\"https:\/\/site.educa.madrid.org\/cp.blasdelezo.parla\/\/wp-content\/uploads\/cp.blasdelezo.parla\/2023\/03\/PROYECTO-EDUCATIVO-BILINGUE-21-22.pdf\" target=\"_blank\" rel=\"noreferrer noopener\">Proyecto Educativo Biling\u00fce<\/a><\/h2>\n\n\n\n<p>Proyecto que se desarrolla a largo de la etapa de Educaci\u00f3n Primaria y que plantea como objetivo primordial mejorar y ampliar la competencia comunicativa de nuestros alumnos en ingl\u00e9s, con el fin de ayudarles a comprender el mundo en el que viven, y a comunicarse con personas de distintas culturas.<\/p>\n\n\n\n<hr class=\"wp-block-separator has-alpha-channel-opacity\"\/>\n\n\n\n<div style=\"height:16px\" aria-hidden=\"true\" class=\"wp-block-spacer\"><\/div>\n\n\n\n<h2 class=\"wp-block-heading has-vivid-red-color has-text-color\" id=\"presupuesto\"><a href=\"https:\/\/site.educa.madrid.org\/cp.blasdelezo.parla\/\/wp-content\/uploads\/cp.blasdelezo.parla\/2026\/03\/Presupuesto-2026.pdf\" target=\"_blank\" rel=\"noreferrer noopener\">Presupuesto econ\u00f3mico<\/a><\/h2>\n\n\n\n<hr class=\"wp-block-separator has-alpha-channel-opacity\"\/>\n\n\n\n<div style=\"height:16px\" aria-hidden=\"true\" class=\"wp-block-spacer\"><\/div>\n\n\n\n<h2 class=\"wp-block-heading has-vivid-red-color has-text-color\" id=\"memoria\"><a href=\"https:\/\/site.educa.madrid.org\/cp.blasdelezo.parla\/\/wp-content\/uploads\/cp.blasdelezo.parla\/2025\/06\/Memoria-anual-CEIP-Blas-de-Lezo-24-25-publicable.pdf\" target=\"_blank\" rel=\"noreferrer noopener\">MEMORIA anual<\/a><\/h2>\n\n\n\n<p>Documento institucional que recoge la evaluaci\u00f3n final de la  organizaci\u00f3n y funcionamiento real del centro para un curso escolar.<\/p>\n\n\n\n<hr class=\"wp-block-separator has-alpha-channel-opacity\"\/>\n\n\n\n<div style=\"height:16px\" aria-hidden=\"true\" class=\"wp-block-spacer\"><\/div>\n\n\n\n<h2 class=\"wp-block-heading has-vivid-red-color has-text-color\" id=\"memoria\"><a href=\"https:\/\/site.educa.madrid.org\/cp.blasdelezo.parla\/\/wp-content\/uploads\/cp.blasdelezo.parla\/2025\/10\/Plan-Digital-de-Centro-CEIP-Blas-de-Lezo-25-26.pdf\">Plan Digital de Centro<\/a><\/h2>\n\n\n\n<p>Documento que establece la estrategia de un centro educativo para integrar las tecnolog\u00edas digitales en todos los aspectos de su funcionamiento, incluyendo la ense\u00f1anza-aprendizaje y la gesti\u00f3n interna.<\/p>\n\n\n\n<div style=\"height:16px\" aria-hidden=\"true\" class=\"wp-block-spacer\"><\/div>\n\n\n\n<h2 class=\"wp-block-heading has-vivid-red-color has-text-color\" id=\"dossier\"><a href=\"https:\/\/site.educa.madrid.org\/cp.blasdelezo.parla\/wp-content\/uploads\/cp.blasdelezo.parla\/2022\/03\/Dossier-bienvenida-a-las-familias-Blas-de-Lezo-1.pdf\" target=\"_blank\" rel=\"noreferrer noopener\">Dossier informativo familias<\/a><\/h2>\n\n\n\n<hr class=\"wp-block-separator has-alpha-channel-opacity\"\/>\n","protected":false},"excerpt":{"rendered":"<p>DOCUMENTOS INSTITUCIONALES Reglamento de R\u00e9gimen Interno Modificaci\u00f3n Reglamento de R\u00e9gimen Interno El d\u00eda 29 de septiembre, en sesi\u00f3n de Consejo Escolar se aprob\u00f3 la modificaci\u00f3n del Reglamento de r\u00e9gimen interno &#8230;<\/p>\n","protected":false},"author":2,"featured_media":0,"parent":341,"menu_order":0,"comment_status":"closed","ping_status":"closed","template":"","meta":{"footnotes":""},"folder":[],"class_list":["post-3077","page","type-page","status-publish","hentry"],"rttpg_featured_image_url":null,"rttpg_author":{"display_name":"Blas de Lezo","author_link":"https:\/\/site.educa.madrid.org\/cp.blasdelezo.parla\/index.php\/author\/cuenta_tic-cp-blasdelezo-parla\/"},"rttpg_comment":0,"rttpg_category":false,"rttpg_excerpt":"DOCUMENTOS INSTITUCIONALES Reglamento de R\u00e9gimen Interno Modificaci\u00f3n Reglamento de R\u00e9gimen Interno El d\u00eda 29 de septiembre, en sesi\u00f3n de Consejo Escolar se aprob\u00f3 la modificaci\u00f3n del Reglamento de r\u00e9gimen interno ...","post_mailing_queue_ids":[],"_links":{"self":[{"href":"https:\/\/site.educa.madrid.org\/cp.blasdelezo.parla\/index.php\/wp-json\/wp\/v2\/pages\/3077","targetHints":{"allow":["GET"]}}],"collection":[{"href":"https:\/\/site.educa.madrid.org\/cp.blasdelezo.parla\/index.php\/wp-json\/wp\/v2\/pages"}],"about":[{"href":"https:\/\/site.educa.madrid.org\/cp.blasdelezo.parla\/index.php\/wp-json\/wp\/v2\/types\/page"}],"author":[{"embeddable":true,"href":"https:\/\/site.educa.madrid.org\/cp.blasdelezo.parla\/index.php\/wp-json\/wp\/v2\/users\/2"}],"replies":[{"embeddable":true,"href":"https:\/\/site.educa.madrid.org\/cp.blasdelezo.parla\/index.php\/wp-json\/wp\/v2\/comments?post=3077"}],"version-history":[{"count":15,"href":"https:\/\/site.educa.madrid.org\/cp.blasdelezo.parla\/index.php\/wp-json\/wp\/v2\/pages\/3077\/revisions"}],"predecessor-version":[{"id":4652,"href":"https:\/\/site.educa.madrid.org\/cp.blasdelezo.parla\/index.php\/wp-json\/wp\/v2\/pages\/3077\/revisions\/4652"}],"up":[{"embeddable":true,"href":"https:\/\/site.educa.madrid.org\/cp.blasdelezo.parla\/index.php\/wp-json\/wp\/v2\/pages\/341"}],"wp:attachment":[{"href":"https:\/\/site.educa.madrid.org\/cp.blasdelezo.parla\/index.php\/wp-json\/wp\/v2\/media?parent=3077"}],"wp:term":[{"taxonomy":"folder","embeddable":true,"href":"https:\/\/site.educa.madrid.org\/cp.blasdelezo.parla\/index.php\/wp-json\/wp\/v2\/folder?post=3077"}],"curies":[{"name":"wp","href":"https:\/\/api.w.org\/{rel}","templated":true}]}}