{"id":3691,"date":"2024-09-17T13:59:19","date_gmt":"2024-09-17T11:59:19","guid":{"rendered":"https:\/\/site.educa.madrid.org\/cp.blasdelezo.parla\/?page_id=3691"},"modified":"2025-05-28T19:40:47","modified_gmt":"2025-05-28T17:40:47","slug":"ola-de-calor","status":"publish","type":"page","link":"https:\/\/site.educa.madrid.org\/cp.blasdelezo.parla\/index.php\/ola-de-calor\/","title":{"rendered":"OLA DE CALOR"},"content":{"rendered":"\n\t\t\t<!-- Flexy Breadcrumb -->\n\t\t\t<div class=\"fbc fbc-page\">\n\n\t\t\t\t<!-- Breadcrumb wrapper -->\n\t\t\t\t<div class=\"fbc-wrap\">\n\n\t\t\t\t\t<!-- Ordered list-->\n\t\t\t\t\t<ol class=\"fbc-items\" itemscope itemtype=\"https:\/\/schema.org\/BreadcrumbList\">\n\t\t\t\t\t\t            <li itemprop=\"itemListElement\" itemscope itemtype=\"https:\/\/schema.org\/ListItem\">\n                <span itemprop=\"name\">\n                    <!-- Home Link -->\n                    <a itemprop=\"item\" href=\"https:\/\/site.educa.madrid.org\/cp.blasdelezo.parla\">\n                    \n                                                    <i class=\"fa fa fa-home\" aria-hidden=\"true\"><\/i>                    <\/a>\n                <\/span>\n                <meta itemprop=\"position\" content=\"1\" \/><!-- Meta Position-->\n             <\/li><li><span class=\"fbc-separator\">\/<\/span><\/li><li class=\"active\" itemprop=\"itemListElement\" itemscope itemtype=\"https:\/\/schema.org\/ListItem\"><span itemprop=\"name\" title=\"OLA DE CALOR\">OLA DE CALOR<\/span><meta itemprop=\"position\" content=\"2\" \/><\/li>\t\t\t\t\t<\/ol>\n\t\t\t\t\t<div class=\"clearfix\"><\/div>\n\t\t\t\t<\/div>\n\t\t\t<\/div>\n\t\t\t\n\n\n\n<h1 class=\"wp-block-heading has-text-align-center\">OLA DE CALOR<\/h1>\n\n\n\n<div style=\"height:10px\" aria-hidden=\"true\" class=\"wp-block-spacer\"><\/div>\n\n\n\n<h2 class=\"wp-block-heading\">\u00cdNDICE<\/h2>\n\n\n\n<ul class=\"wp-block-list\">\n<li><a href=\"#RECOMENDACIONES-COLEGIO\">RECOMENDACIONES DEL COLEGIO<\/a><\/li>\n\n\n\n<li><a href=\"#OLA-CALOR\">INFORMACI\u00d3N OLA DE CALOR<\/a><\/li>\n<\/ul>\n\n\n\n<div style=\"height:100px\" aria-hidden=\"true\" id=\"RECOMENDACIONES-COLEGIO\" class=\"wp-block-spacer\"><\/div>\n\n\n\n<h2 class=\"wp-block-heading\">RECOMENDACIONES DEL COLEGIO<\/h2>\n\n\n\n<p>A la atenci\u00f3n de todas las familias del centro:<\/p>\n\n\n\n<p>Ante la pr\u00f3xima ola de calor que se avecina a final de curso, queremos tomar medidas antes de que nuestros alumnos se vean afectados.<\/p>\n\n\n\n<p>Por ello,ser\u00e1 obligatorio que los alumnos vengan al colegio, tanto en las clases de Educaci\u00f3n F\u00edsica como cualquier otro d\u00eda en el horario de recreo, con los siguientes enseres:<\/p>\n\n\n\n<ul class=\"wp-block-list\">\n<li>Una gorra con el nombre y apellidos del alumno.<\/li>\n\n\n\n<li>Han de venir al colegio con crema del sol echada, desde casa, en todas las zonas de piel expuestas; a ser posible de m\u00e1ximo factor de protecci\u00f3n.<\/li>\n\n\n\n<li>Botellas de agua (pl\u00e1stico o metal), con nombre y apellidos.<\/li>\n<\/ul>\n\n\n\n<p>Intentemos que, entre todos, nuestros alumnos minimicen los efectos del sol y del calor; a la par, que les concienciemos que sean responsables de su salud y de no perder sus objetos.<\/p>\n\n\n\n<p>Muchas gracias.<\/p>\n\n\n\n<div style=\"height:100px\" aria-hidden=\"true\" id=\"OLA-CALOR\" class=\"wp-block-spacer\"><\/div>\n\n\n\n<h2 class=\"wp-block-heading\">INFORMACI\u00d3N OLA DE CALOR<\/h2>\n\n\n<div class=\"wp-block-image\">\n<figure class=\"aligncenter size-large is-resized\"><img loading=\"lazy\" decoding=\"async\" width=\"723\" height=\"1024\" src=\"https:\/\/site.educa.madrid.org\/cp.blasdelezo.parla\/\/wp-content\/uploads\/cp.blasdelezo.parla\/2024\/06\/BVCM050959_page-0001-723x1024.jpg\" alt=\"\" class=\"wp-image-3476\" style=\"aspect-ratio:0.7060518731988472;width:599px;height:auto\" srcset=\"https:\/\/site.educa.madrid.org\/cp.blasdelezo.parla\/\/wp-content\/uploads\/cp.blasdelezo.parla\/2024\/06\/BVCM050959_page-0001-723x1024.jpg 723w, https:\/\/site.educa.madrid.org\/cp.blasdelezo.parla\/\/wp-content\/uploads\/cp.blasdelezo.parla\/2024\/06\/BVCM050959_page-0001-212x300.jpg 212w, https:\/\/site.educa.madrid.org\/cp.blasdelezo.parla\/\/wp-content\/uploads\/cp.blasdelezo.parla\/2024\/06\/BVCM050959_page-0001-768x1088.jpg 768w, https:\/\/site.educa.madrid.org\/cp.blasdelezo.parla\/\/wp-content\/uploads\/cp.blasdelezo.parla\/2024\/06\/BVCM050959_page-0001-1084x1536.jpg 1084w, https:\/\/site.educa.madrid.org\/cp.blasdelezo.parla\/\/wp-content\/uploads\/cp.blasdelezo.parla\/2024\/06\/BVCM050959_page-0001-1446x2048.jpg 1446w, https:\/\/site.educa.madrid.org\/cp.blasdelezo.parla\/\/wp-content\/uploads\/cp.blasdelezo.parla\/2024\/06\/BVCM050959_page-0001-scaled.jpg 1807w\" sizes=\"auto, (max-width: 723px) 100vw, 723px\" \/><\/figure>\n<\/div>\n\n\n<p class=\"has-text-align-center\"><a href=\"https:\/\/site.educa.madrid.org\/cp.blasdelezo.parla\/\/wp-content\/uploads\/cp.blasdelezo.parla\/2024\/06\/BVCM050959.pdf\" target=\"_blank\" rel=\"noreferrer noopener\">DESCARGAR RECOMENDACIONES DE PROTECCI\u00d3N CONTRA EL CALOR<\/a><\/p>\n\n\n\n<div style=\"height:16px\" aria-hidden=\"true\" class=\"wp-block-spacer\"><\/div>\n\n\n\n<h4 class=\"wp-block-heading\">ACTUACIONES ANTE UNA ALERTA POR OLA DE CALOR \u2013 NIVEL I<\/h4>\n\n\n\n<p>Ante una alerta por ola de calor (Nivel I), la Comunidad de Madrid traslada a los centros escolares se active el NIVEL DE ALERTA 1 (PRECAUCI\u00d3N) del Plan de Actuaci\u00f3n ante Episodios de Altas Temperaturas.<\/p>\n\n\n\n<p>La temperatura m\u00e1xima prevista, en estos casos, para uno de los siguientes cuatros d\u00edas es superior a 36,5 \u00baC.<\/p>\n\n\n\n<p>Ponemos a vuestra disposici\u00f3n la informaci\u00f3n que nos ha trasladado la Comunidad de Madrid en otras ocasiones y los enlaces de las diferentes p\u00e1ginas web donde pod\u00e9is informaros de los diferentes planes de alerta y prevenci\u00f3n y suscribiros al bolet\u00edn de informaci\u00f3n diaria de Ola de Calor.<\/p>\n\n\n\n<p>Por nuestra parte, tomaremos las medidas oportunas en cuanto a la organizaci\u00f3n de las actividades lectivas y de recreo en horario del centro: evitando la exposici\u00f3n de los alumnos al sol en los momentos de m\u00e1s calor y procurando que su hidrataci\u00f3n sea constante.<\/p>\n\n\n\n<p>Os queremos trasladar una serie de recomendaciones para que la teng\u00e1is en cuenta en aquellos d\u00edas de m\u00e1s sol y calor; estas no son otras que la necesidad de que los alumnos vengan al colegio con una gorra o sombrero y que vengan a primera hora de la ma\u00f1ana con crema del sol en todas las zonas de piel expuestas (cara, cuello, brazos, piernas\u2026) a ser posible de m\u00e1ximo factor de protecci\u00f3n. Tambi\u00e9n, que traigan botellas de agua debidamente identificadas, que traigan alimentos al colegio con alto contenido en agua, frutas, verduras frescas\u2026<\/p>\n\n\n\n<p>Os sugerimos que inform\u00e9is al centro a trav\u00e9s del correo electr\u00f3nico acerca de cualquier incidencia m\u00e9dica o de salud relacionada con el calor, as\u00ed como de tratamientos que se est\u00e9n administrando.<\/p>\n\n\n\n<p>P\u00e1gina de la Comunidad de Madrid en la que pod\u00e9is suscribiros al bolet\u00edn informativo diario.<\/p>\n\n\n\n<p><a href=\"https:\/\/gestiona.comunidad.madrid\/soca_web_inter\/Ciudadano.icm\">Temperaturas Extremas y Salud<\/a><\/p>\n\n\n\n<p>P\u00e1gina de la Comunidad de Madrid con recomendaciones sobre el Olas de Calor.<\/p>\n\n\n\n<p><a href=\"https:\/\/www.comunidad.madrid\/servicios\/salud\/boletin-informacion-olas-calor\">Bolet\u00edn de informaci\u00f3n de Olas de Calor<\/a><\/p>\n\n\n\n<p>Tel\u00e9fono de informaci\u00f3n: 900.102.112<\/p>\n","protected":false},"excerpt":{"rendered":"<p>\u00a0 OLA DE CALOR \u00cdNDICE RECOMENDACIONES DEL COLEGIO A la atenci\u00f3n de todas las familias del centro: Ante la pr\u00f3xima ola de calor que se avecina a final de curso, &#8230;<\/p>\n","protected":false},"author":2,"featured_media":0,"parent":0,"menu_order":0,"comment_status":"closed","ping_status":"closed","template":"","meta":{"footnotes":""},"folder":[],"class_list":["post-3691","page","type-page","status-publish","hentry"],"rttpg_featured_image_url":null,"rttpg_author":{"display_name":"Blas de Lezo","author_link":"https:\/\/site.educa.madrid.org\/cp.blasdelezo.parla\/index.php\/author\/cuenta_tic-cp-blasdelezo-parla\/"},"rttpg_comment":0,"rttpg_category":false,"rttpg_excerpt":"\u00a0 OLA DE CALOR \u00cdNDICE RECOMENDACIONES DEL COLEGIO A la atenci\u00f3n de todas las familias del centro: Ante la pr\u00f3xima ola de calor que se avecina a final de curso, ...","post_mailing_queue_ids":[],"_links":{"self":[{"href":"https:\/\/site.educa.madrid.org\/cp.blasdelezo.parla\/index.php\/wp-json\/wp\/v2\/pages\/3691","targetHints":{"allow":["GET"]}}],"collection":[{"href":"https:\/\/site.educa.madrid.org\/cp.blasdelezo.parla\/index.php\/wp-json\/wp\/v2\/pages"}],"about":[{"href":"https:\/\/site.educa.madrid.org\/cp.blasdelezo.parla\/index.php\/wp-json\/wp\/v2\/types\/page"}],"author":[{"embeddable":true,"href":"https:\/\/site.educa.madrid.org\/cp.blasdelezo.parla\/index.php\/wp-json\/wp\/v2\/users\/2"}],"replies":[{"embeddable":true,"href":"https:\/\/site.educa.madrid.org\/cp.blasdelezo.parla\/index.php\/wp-json\/wp\/v2\/comments?post=3691"}],"version-history":[{"count":5,"href":"https:\/\/site.educa.madrid.org\/cp.blasdelezo.parla\/index.php\/wp-json\/wp\/v2\/pages\/3691\/revisions"}],"predecessor-version":[{"id":4106,"href":"https:\/\/site.educa.madrid.org\/cp.blasdelezo.parla\/index.php\/wp-json\/wp\/v2\/pages\/3691\/revisions\/4106"}],"wp:attachment":[{"href":"https:\/\/site.educa.madrid.org\/cp.blasdelezo.parla\/index.php\/wp-json\/wp\/v2\/media?parent=3691"}],"wp:term":[{"taxonomy":"folder","embeddable":true,"href":"https:\/\/site.educa.madrid.org\/cp.blasdelezo.parla\/index.php\/wp-json\/wp\/v2\/folder?post=3691"}],"curies":[{"name":"wp","href":"https:\/\/api.w.org\/{rel}","templated":true}]}}